{"id":38620,"date":"2021-01-25T16:18:24","date_gmt":"2021-01-25T16:18:24","guid":{"rendered":"https:\/\/feedontario.ca\/?page_id=38620"},"modified":"2025-09-19T16:36:32","modified_gmt":"2025-09-19T16:36:32","slug":"trouver-une-banque-alimentaire","status":"publish","type":"page","link":"https:\/\/feedontario.ca\/fr\/trouver-une-banque-alimentaire\/","title":{"rendered":"Trouver une banque alimentaire"},"content":{"rendered":"\n<h1>\n\t\t\tFind a food bank in Ontario\t<\/h1>\n\t<p>You can find your nearest Feed Ontario member food bank by searching with your postal code or address.<\/p>\n\t\t\t<a href=\"#map\" target=\"_self\">\n\t\t\t\t\t\tGet Started\n\t\t\t\t\t<\/a>\n\t<div class=\"store_locator_plus bb-theme\"><div id=\"sl_div\"><div id=\"sl_top\"><div id=\"search_box\"><div id=\"search_box_header\"><span id=\"slp_option_smart_search_box_title\"><\/span><\/div><div id=\"search_box_form\"><form id=\"searchForm\" class=\"slp_search_form\" action=\"\" onsubmit='cslmap.searchLocations(); return false;'  ><div class=\"slp_search_container\"><div class=\"search_box\"><div id='addy_in_address' class='search_item'><label for='addressInput' class='text length_19'>Address \/ Post Code<\/label><input class='label_text length_19' type='text' id='addressInput' name='addressInput'  size='50' value='' \/><\/div><div id='addy_in_radius'><label for='radiusSelect' class='text length_6'>Within<\/label><select id='radiusSelect'><option value='10' >10 km<\/option><option value='25' >25 km<\/option><option value='50' >50 km<\/option><option value='100' >100 km<\/option><option value='200'  selected='selected' >200 km<\/option><option value='500' >500 km<\/option><\/select><\/div><div id='radius_in_submit'><input type=\"submit\" class=\"slp_ui_button\" value='Find Locations' id='addressSubmit'\/><\/div><\/div><\/div><\/form><\/div><\/div><\/div><div id=\"sl_bottom\"><div id=\"sl_bottom_left\" class=\"sl_leftcol\"><div id=\"results_box\"><div id=\"results_box_header\"><span id=\"slp_option_smart_results_box_title\"><\/span><\/div><div id=\"results_box_output\"><div id=\"map_sidebar\" class=\"slp_results_container\"><div class=\"text_below_map\">Enter an address or postal code.<\/div><\/div><\/div><\/div><\/div><div id=\"sl_bottom_right\" class=\"sl_rightcol\"><div id=\"map_box\"><div id=\"map\" class=\"slp_map\"><\/div><\/div><div id=\"tagalong_box\">[tagalong legend]<\/div><\/div><\/div><\/div><\/div>\n\t\t\t\t<!--  -->\n\t\t\t\t\t<a href=\"#\" id=\"fl-accordion--label-0\" tabindex=\"0\" aria-controls=\"fl-accordion--panel-0\">See a full list of Feed Ontario member food banks<\/a>\n\t\t\t\t\t\t\t\t\t\t\t<a href=\"#\" id=\"fl-accordion--icon-0\" tabindex=\"-1\"><i>Expand<\/i><\/a>\n\t\t\t\t\t<strong>Acton<\/strong> - Acton Foodshare<br \/>\n<strong>Ailsa Craig<\/strong> - Ailsa Craig &amp; Area Food Bank &amp; Thrift Store<br \/>\n<strong>Alliston<\/strong> - Alliston Food Bank<br \/>\n<strong>Aurora<\/strong> - Aurora Food Pantry<br \/>\n<strong>Bancroft<\/strong> - North Hastings Community Cupboard<br \/>\n<strong>Barrie<\/strong> - Barrie Food Bank<br \/>\n<strong>Barry's Bay<\/strong> - Madawaska Valley Food Bank<br \/>\n<strong>Beamsville<\/strong> - Community Care of West Niagara<br \/>\n<strong>Belleville<\/strong> - Gleaners Food Bank<br \/>\n<strong>Belleville<\/strong> - Quinte Region Food Sharing Shelter<br \/>\n<strong>Blenheim<\/strong> - The Salvation Army Community &amp; Family Services<br \/>\n<strong>Blind River<\/strong> - Blind River Emergency Food Bank<br \/>\n<strong>Bobcaygeon<\/strong> - Bobcaygeon Helps<br \/>\n<strong>Bolton<\/strong> - Caledon Community Services<br \/>\n<strong>Bracebridge<\/strong> - Salvation Army - Bracebridge<br \/>\n<strong>Brampton<\/strong> - Knights Table<br \/>\n<strong>Brantford<\/strong> - Brantford Food Bank<br \/>\n<strong>Brockville<\/strong> - Operation Harvest Sharing<br \/>\n<strong>Burk's<\/strong> <strong>Falls<\/strong> - Burk's Falls and District Food Bank<br \/>\n<strong>Burlington<\/strong> - Burlington Food Bank<br \/>\n<strong>Caledonia<\/strong> - The Caledonia &amp; District Food Bank<br \/>\n<strong>Cambridge<\/strong> - Cambridge Self Help Food Bank<br \/>\n<strong>Campbellford<\/strong> - Campbellford Fare Share Food Bank<br \/>\n<strong>Carleton Place<\/strong> - Lanark County Food Bank - The Hunger Stop<br \/>\n<strong>Cayuga<\/strong> - Cayuga Foodbank Inc.<br \/>\n<strong>Chatham<\/strong> - Chatham Outreach For Hunger<br \/>\n<strong>Cobalt<\/strong> - Cobalt Coleman Latchford &amp; Area Food Bank<br \/>\n<strong>Cobourg<\/strong> - Northumberland County Food 4 All<br \/>\n<strong>Cobourg<\/strong> - Northumberland Fare Share Food Bank<br \/>\n<strong>Cochrane<\/strong> - Cochrane Food Bank<br \/>\n<strong>Collingwood<\/strong> - The Salvation Army Collingwood Community Church<br \/>\n<strong>Concord<\/strong> - The Food Bank of York Region<br \/>\n<strong>Cornwall<\/strong> - The Agap\u00e8 Centre<br \/>\n<strong>Dunnville<\/strong> - The Salvation Army Dunnville<br \/>\n<strong>Eganville<\/strong> - Eganville and District Community Food Bank<br \/>\n<strong>Elliot Lake<\/strong> - Elliot Lake Emergency Food Bank Inc.<br \/>\n<strong>Erin<\/strong> - East Wellington Community Services<br \/>\n<strong>Fergus<\/strong> - Centre Wellington Food Bank<br \/>\n<strong>Fonthill<\/strong> - Pelham Cares Inc.<br \/>\n<strong>Fort Erie<\/strong> - The Salvation Army - Fort Erie<br \/>\n<strong>Gananoque<\/strong> - Gananoque Foodbank<br \/>\n<strong>Georgetown<\/strong> - Georgetown Bread Basket<br \/>\n<strong>Goderich<\/strong> - St. Vincent de Paul<br \/>\n<strong>Grimsby<\/strong> - GBF Community Services<br \/>\n<strong>Guelph<\/strong> - Guelph Food Bank<br \/>\n<strong>Hagersville<\/strong> - Hagersville Food Bank<br \/>\n<strong>Hamilton<\/strong> - Hamilton Food Share<br \/>\n<strong>Hanover<\/strong> - Hanover Food Bank<br \/>\n<strong>Hastings<\/strong> - Hastings and Roseneath Food Bank<br \/>\n<strong>Hawkesbury<\/strong> - Hawkesbury Central Food Bank<br \/>\n<strong>Huntsville<\/strong> - The Salvation Army Huntsville Food Bank &amp; Family Services<br \/>\n<strong>Ingersoll<\/strong> - The Salvation Army in Ingersoll<br \/>\n<strong>Kanata<\/strong> - Kanata Food Cupboard<br \/>\n<strong>Kapuskasing<\/strong> - Kapuskasing Food Bank<br \/>\n<strong>Kenora<\/strong> - The Salvation Army, Kenora Community Ministries Centre<br \/>\n<strong>Killaloe -\u00a0<\/strong>The Killaloe Food Bank<br \/>\n<strong>Kingston<\/strong> - Partners in Mission Food Bank<br \/>\n<strong>Kirkland<\/strong> <strong>Lake<\/strong> - The Salvation Army<br \/>\n<strong>Kitchener<\/strong> - Food Bank of Waterloo Region<br \/>\n<strong>Lanark<\/strong> - Lanark Highlands Food Pantry<br \/>\n<strong>Lindsay<\/strong> - Kawartha Lakes Food Source<br \/>\n<strong>Listowel<\/strong> - The Salvation Army Community &amp; Family Services - Foodbank<br \/>\n<strong>London<\/strong> - London Food Bank<br \/>\n<strong>L'Orignal<\/strong> - L'Orignal Food Bank<br \/>\n<strong>Markham<\/strong> - Markham Food Bank<br \/>\n<strong>Mattawa<\/strong> - Mattawa &amp; Area Food Bank<br \/>\n<strong>Meaford<\/strong> - Golden Town Outreach<br \/>\n<strong>Midland<\/strong> - Salvation Army Midland Family Services<br \/>\n<strong>Milton<\/strong> - The Salvation Army-Khi Community Milton<br \/>\n<strong>Mindemoya<\/strong> - Manitoulin Family Resources<br \/>\n<strong>Minden<\/strong> - Minden Community Food Bank<br \/>\n<strong>Mississauga<\/strong> - Foodbanks Mississauga<br \/>\n<strong>Morrisburg<\/strong> - Community Food Share<br \/>\n<strong>Mountain<\/strong> - House of Lazarus<br \/>\n<strong>Nanticoke<\/strong> - Jarvis Caring Cupboard<br \/>\n<strong>Niagara-On-The-Lake - <\/strong>Newark Neighbours Food Bank<br \/>\n<strong>Napanee<\/strong> - The Governing Council of Salvation Army in Canada<br \/>\n<strong>Newcastle<\/strong> - Clarington East Foodbank<br \/>\n<strong>Newmarket<\/strong> - Newmarket Food Pantry<br \/>\n<strong>Niagara Falls<\/strong> - Project SHARE<br \/>\n<strong>North Bay<\/strong> - North Bay Food Bank<br \/>\n<strong>Norwich<\/strong> - The Salvation Army Norwich<br \/>\n<strong>Oakville<\/strong> - Kerr Street Mission<br \/>\n<strong>Orangeville<\/strong> - Orangeville Food Bank<br \/>\n<strong>Orillia<\/strong> - The Sharing Place Food Bank<br \/>\n<strong>Oshawa<\/strong> - Feed the Need in Durham<br \/>\n<strong>Ottawa<\/strong> - Ottawa Food Bank<br \/>\n<strong>Owen Sound<\/strong> - The Salvation Army Owen Sound<br \/>\n<strong>Palmerston<\/strong> - Palmerston Community Food Bank<br \/>\n<strong>Paris<\/strong> - The Salvation Army Paris<br \/>\n<strong>Parry Sound<\/strong> - Harvest Share<br \/>\n<strong>Perth<\/strong> - The Table Community Food Centre<br \/>\n<strong>Peterborough<\/strong> - Kawartha Food Share<br \/>\n<strong>Port Colborne<\/strong> - Port Cares Reach Out Food Centre<br \/>\n<strong>Port Elgin<\/strong> - The Salvation Army Saugeen Shores Community &amp; Family Services<br \/>\n<strong>Prescott<\/strong> - South Grenville Food Bank<br \/>\n<strong>Red Lake<\/strong> - Red Lake &amp; Ear Falls Food Banks<br \/>\n<strong>Renfrew<\/strong> - Renfrew &amp; District Food Bank<br \/>\n<strong>Ridgetown<\/strong> - The Salvation Army Community &amp; Family Services<br \/>\n<strong>Sarnia<\/strong> - The Inn of the Good Shepherd<br \/>\n<strong>Sault Ste. Marie<\/strong> - The Salvation Army Sault Ste. Marie<br \/>\n<strong>Seeley's<\/strong> <strong>Bay<\/strong> - R.O.L.L. Aid Centre<br \/>\n<strong>Simcoe<\/strong> - The Salvation Army Simcoe Community Church<br \/>\n<strong>Sharbot Lake<\/strong> - North Frontenac Food Bank<br \/>\n<strong>Smiths Falls<\/strong> - Smiths Falls Community Food Bank<br \/>\n<strong>Smithville<\/strong> - West Lincoln Community Care<br \/>\n<strong>South River<\/strong> - Good Happenings Food Bank<br \/>\n<strong>St. Catharines<\/strong> - Community Care, St. Catharines &amp; Thorold<br \/>\n<strong>St. Marys<\/strong> - Salvation Army St Marys Foodbank<br \/>\n<strong>St. Thomas<\/strong> - St. Thomas Elgin Food Bank (The Caring Cupboard)<br \/>\n<strong>Stratford<\/strong> - Stratford House of Blessing<br \/>\n<strong>Strathroy<\/strong> - The Salvation Army CFS Strathroy<br \/>\n<strong>Sudbury<\/strong> - Banque d'aliments Sudbury Food Bank<br \/>\n<strong>Sunderland<\/strong> - Brock Community Food Bank<br \/>\n<strong>Sydenham<\/strong> - Southern Frontenac Community Services Corporation Food Bank<br \/>\n<strong>Thunder Bay<\/strong> - Regional Food Distribution Association of Northwestern Ontario<br \/>\n<strong>Tillsonburg<\/strong> - Helping Hand Food Bank<br \/>\n<strong>Timmins -\u00a0<\/strong>Timmins Food Bank<br \/>\n<strong>Toronto<\/strong> - Daily Bread Food Bank<br \/>\n<strong>Toronto<\/strong> - North York Harvest Food Bank<br \/>\n<strong>Trenton<\/strong> - Care Share Food Bank Trenton<br \/>\n<strong>Uxbridge<\/strong> - Uxbridge Loaves and Fishes Food Bank<br \/>\n<strong>Walkerton<\/strong> - Walkerton &amp; District Food Bank<br \/>\n<strong>Wallaceburg<\/strong> - The Salvation Army Chatham-Kent<br \/>\n<strong>Warkworth<\/strong> - 7 Hills Community Pantry<br \/>\n<strong>Wasaga Beach<\/strong> - Wasaga Beach Ministerial Food Bank<br \/>\n<strong>Waterdown<\/strong> - Food with Grace, Waterdown Food Bank<br \/>\n<strong>Waterford<\/strong> - Waterford and District Food Cupboard<br \/>\n<strong>Welland<\/strong> - The Hope Centre<br \/>\n<strong>Wiarton<\/strong> - Peninsula Food Bank<br \/>\n<strong>Wiikwemikoong -\u00a0<\/strong>Wiikwemikoong Food Bank<br \/>\n<strong>Wilberforce<\/strong> - Central Food Network<br \/>\n<strong>Winchester<\/strong> - Community Food Share<br \/>\n<strong>Windsor<\/strong> - Windsor Essex Food Bank Association<br \/>\n<strong>Wingham<\/strong> - North Huron Community Food Share<br \/>\n<strong>Woodstock<\/strong> - The Salvation Army - Woodstock Food Bank\n\t<p>If there is no Feed Ontario member food bank near you, use 211 Ontario's tool to find a local food program in your area.<\/p>\n<p>&nbsp;<\/p>\n\t\t\t<a href=\"https:\/\/211ontario.ca\/\" target=\"_blank\" rel=\"noopener\">\n\t\t\t\t\t\t\tVisit 211 Ontario     <svg class=\"acc_external_icon\" xmlns=\"http:\/\/www.w3.org\/2000\/svg\" xmlns:xlink=\"http:\/\/www.w3.org\/1999\/xlink\" aria-hidden=\"true\" focusable=\"false\" width=\"0.8rem\" height=\"0.8rem\" preserveAspectRatio=\"xMidYMid meet\" viewBox=\"0 0 512 512\"><path d=\"M432 320h-32a16 16 0 0 0-16 16v112H64V128h144a16 16 0 0 0 16-16V80a16 16 0 0 0-16-16H48a48 48 0 0 0-48 48v352a48 48 0 0 0 48 48h352a48 48 0 0 0 48-48V336a16 16 0 0 0-16-16zM488 0H360c-21.37 0-32.05 25.91-17 41l35.73 35.73L135 320.37a24 24 0 0 0 0 34L157.67 377a24 24 0 0 0 34 0l243.61-243.68L471 169c15 15 41 4.5 41-17V24a24 24 0 0 0-24-24z\" fill=\"var(--blue-light)\"\/><\/svg><span class='acc_external'>Link opens a new window<\/span>\n\t\t\t\t\t<\/a>\n<h2>\n\t\t\tWe've got a seat waiting for you!\t<\/h2>\n\t<p>Will you join us at the table to help Feed Ontario?<\/p>\n\t\t\t<a href=\"\/take-action\/donate\/\" target=\"_self\">\n\t\t\t\t\t\tDonate Now\n\t\t\t\t\t<\/a>\n\n","protected":false},"excerpt":{"rendered":"<p>Trouver une banque alimentaire en Ontario Vous pouvez trouver la banque alimentaire membre de Feed Ontario la plus proche en effectuant une recherche \u00e0 l'aide de votre code postal ou de votre adresse. D\u00e9marrer Voir la liste compl\u00e8te des banques alimentaires membres de Feed Ontario Expand Acton - Acton Foodshare Ailsa Craig - Ailsa Craig &amp; Area Food Bank &amp; Thrift Store Alliston -...<\/p>","protected":false},"author":2,"featured_media":39995,"parent":0,"menu_order":44,"comment_status":"closed","ping_status":"closed","template":"","meta":{"_acf_changed":false,"inline_featured_image":false,"footnotes":""},"class_list":["post-38620","page","type-page","status-publish","has-post-thumbnail","hentry"],"acf":[],"yoast_head":"<!-- This site is optimized with the Yoast SEO plugin v27.4 - https:\/\/yoast.com\/product\/yoast-seo-wordpress\/ -->\n<title>Find A Food Bank | Feed Ontario<\/title>\n<meta name=\"description\" content=\"Feed Ontario supports local food banks with innovative programmes. We work with food banks, industry partners, &amp; communities to end hunger in Ontario.\" \/>\n<meta name=\"robots\" content=\"index, follow, max-snippet:-1, max-image-preview:large, max-video-preview:-1\" \/>\n<link rel=\"canonical\" href=\"https:\/\/feedontario.ca\/fr\/trouver-une-banque-alimentaire\/\" \/>\n<meta property=\"og:locale\" content=\"fr_CA\" \/>\n<meta property=\"og:type\" content=\"article\" \/>\n<meta property=\"og:title\" content=\"Find A Food Bank | Feed Ontario\" \/>\n<meta property=\"og:description\" content=\"Feed Ontario supports local food banks with innovative programmes. We work with food banks, industry partners, &amp; communities to end hunger in Ontario.\" \/>\n<meta property=\"og:url\" content=\"https:\/\/feedontario.ca\/fr\/trouver-une-banque-alimentaire\/\" \/>\n<meta property=\"og:site_name\" content=\"Feed Ontario\" \/>\n<meta property=\"article:modified_time\" content=\"2025-09-19T16:36:32+00:00\" \/>\n<meta property=\"og:image\" content=\"https:\/\/feedontario.ca\/wp-content\/uploads\/2021\/03\/find-a-foodbank.jpg\" \/>\n\t<meta property=\"og:image:width\" content=\"1600\" \/>\n\t<meta property=\"og:image:height\" content=\"1000\" \/>\n\t<meta property=\"og:image:type\" content=\"image\/jpeg\" \/>\n<meta name=\"twitter:card\" content=\"summary_large_image\" \/>\n<meta name=\"twitter:label1\" content=\"Est. reading time\" \/>\n\t<meta name=\"twitter:data1\" content=\"4 minutes\" \/>\n<script type=\"application\/ld+json\" class=\"yoast-schema-graph\">{\"@context\":\"https:\\\/\\\/schema.org\",\"@graph\":[{\"@type\":\"WebPage\",\"@id\":\"https:\\\/\\\/feedontario.ca\\\/find-a-food-bank\\\/\",\"url\":\"https:\\\/\\\/feedontario.ca\\\/find-a-food-bank\\\/\",\"name\":\"Find A Food Bank | Feed Ontario\",\"isPartOf\":{\"@id\":\"https:\\\/\\\/feedontario.ca\\\/#website\"},\"primaryImageOfPage\":{\"@id\":\"https:\\\/\\\/feedontario.ca\\\/find-a-food-bank\\\/#primaryimage\"},\"image\":{\"@id\":\"https:\\\/\\\/feedontario.ca\\\/find-a-food-bank\\\/#primaryimage\"},\"thumbnailUrl\":\"https:\\\/\\\/feedontario.ca\\\/wp-content\\\/uploads\\\/2021\\\/03\\\/find-a-foodbank.jpg\",\"datePublished\":\"2021-01-25T16:18:24+00:00\",\"dateModified\":\"2025-09-19T16:36:32+00:00\",\"description\":\"Feed Ontario supports local food banks with innovative programmes. We work with food banks, industry partners, & communities to end hunger in Ontario.\",\"breadcrumb\":{\"@id\":\"https:\\\/\\\/feedontario.ca\\\/find-a-food-bank\\\/#breadcrumb\"},\"inLanguage\":\"fr-CA\",\"potentialAction\":[{\"@type\":\"ReadAction\",\"target\":[\"https:\\\/\\\/feedontario.ca\\\/find-a-food-bank\\\/\"]}]},{\"@type\":\"ImageObject\",\"inLanguage\":\"fr-CA\",\"@id\":\"https:\\\/\\\/feedontario.ca\\\/find-a-food-bank\\\/#primaryimage\",\"url\":\"https:\\\/\\\/feedontario.ca\\\/wp-content\\\/uploads\\\/2021\\\/03\\\/find-a-foodbank.jpg\",\"contentUrl\":\"https:\\\/\\\/feedontario.ca\\\/wp-content\\\/uploads\\\/2021\\\/03\\\/find-a-foodbank.jpg\",\"width\":1600,\"height\":1000,\"caption\":\"A picture of three men and two women standing in front of a table of produce\"},{\"@type\":\"BreadcrumbList\",\"@id\":\"https:\\\/\\\/feedontario.ca\\\/find-a-food-bank\\\/#breadcrumb\",\"itemListElement\":[{\"@type\":\"ListItem\",\"position\":1,\"name\":\"Home\",\"item\":\"https:\\\/\\\/feedontario.ca\\\/\"},{\"@type\":\"ListItem\",\"position\":2,\"name\":\"Find A Food Bank\"}]},{\"@type\":\"WebSite\",\"@id\":\"https:\\\/\\\/feedontario.ca\\\/#website\",\"url\":\"https:\\\/\\\/feedontario.ca\\\/\",\"name\":\"Feed Ontario\",\"description\":\"Uniting food banks, industry partners, and local communities in our work to end hunger and poverty\",\"potentialAction\":[{\"@type\":\"SearchAction\",\"target\":{\"@type\":\"EntryPoint\",\"urlTemplate\":\"https:\\\/\\\/feedontario.ca\\\/?s={search_term_string}\"},\"query-input\":{\"@type\":\"PropertyValueSpecification\",\"valueRequired\":true,\"valueName\":\"search_term_string\"}}],\"inLanguage\":\"fr-CA\"}]}<\/script>\n<!-- \/ Yoast SEO plugin. -->","yoast_head_json":{"title":"Trouver une banque alimentaire | Feed Ontario","description":"Feed Ontario soutient les banques alimentaires locales au moyen de programmes novateurs. Nous travaillons avec les banques alimentaires, les partenaires industriels et les communaut\u00e9s pour mettre fin \u00e0 la faim en Ontario.","robots":{"index":"index","follow":"follow","max-snippet":"max-snippet:-1","max-image-preview":"max-image-preview:large","max-video-preview":"max-video-preview:-1"},"canonical":"https:\/\/feedontario.ca\/fr\/trouver-une-banque-alimentaire\/","og_locale":"fr_CA","og_type":"article","og_title":"Find A Food Bank | Feed Ontario","og_description":"Feed Ontario supports local food banks with innovative programmes. We work with food banks, industry partners, & communities to end hunger in Ontario.","og_url":"https:\/\/feedontario.ca\/fr\/trouver-une-banque-alimentaire\/","og_site_name":"Feed Ontario","article_modified_time":"2025-09-19T16:36:32+00:00","og_image":[{"width":1600,"height":1000,"url":"https:\/\/feedontario.ca\/wp-content\/uploads\/2021\/03\/find-a-foodbank.jpg","type":"image\/jpeg"}],"twitter_card":"summary_large_image","twitter_misc":{"Est. reading time":"4 minutes"},"schema":{"@context":"https:\/\/schema.org","@graph":[{"@type":"WebPage","@id":"https:\/\/feedontario.ca\/find-a-food-bank\/","url":"https:\/\/feedontario.ca\/find-a-food-bank\/","name":"Trouver une banque alimentaire | Feed Ontario","isPartOf":{"@id":"https:\/\/feedontario.ca\/#website"},"primaryImageOfPage":{"@id":"https:\/\/feedontario.ca\/find-a-food-bank\/#primaryimage"},"image":{"@id":"https:\/\/feedontario.ca\/find-a-food-bank\/#primaryimage"},"thumbnailUrl":"https:\/\/feedontario.ca\/wp-content\/uploads\/2021\/03\/find-a-foodbank.jpg","datePublished":"2021-01-25T16:18:24+00:00","dateModified":"2025-09-19T16:36:32+00:00","description":"Feed Ontario soutient les banques alimentaires locales au moyen de programmes novateurs. Nous travaillons avec les banques alimentaires, les partenaires industriels et les communaut\u00e9s pour mettre fin \u00e0 la faim en Ontario.","breadcrumb":{"@id":"https:\/\/feedontario.ca\/find-a-food-bank\/#breadcrumb"},"inLanguage":"fr-CA","potentialAction":[{"@type":"ReadAction","target":["https:\/\/feedontario.ca\/find-a-food-bank\/"]}]},{"@type":"ImageObject","inLanguage":"fr-CA","@id":"https:\/\/feedontario.ca\/find-a-food-bank\/#primaryimage","url":"https:\/\/feedontario.ca\/wp-content\/uploads\/2021\/03\/find-a-foodbank.jpg","contentUrl":"https:\/\/feedontario.ca\/wp-content\/uploads\/2021\/03\/find-a-foodbank.jpg","width":1600,"height":1000,"caption":"A picture of three men and two women standing in front of a table of produce"},{"@type":"BreadcrumbList","@id":"https:\/\/feedontario.ca\/find-a-food-bank\/#breadcrumb","itemListElement":[{"@type":"ListItem","position":1,"name":"Home","item":"https:\/\/feedontario.ca\/"},{"@type":"ListItem","position":2,"name":"Find A Food Bank"}]},{"@type":"WebSite","@id":"https:\/\/feedontario.ca\/#website","url":"https:\/\/feedontario.ca\/","name":"Nourrir l'Ontario","description":"Unir les banques alimentaires, les partenaires industriels et les communaut\u00e9s locales dans notre travail pour \u00e9radiquer la faim et la pauvret\u00e9.","potentialAction":[{"@type":"SearchAction","target":{"@type":"EntryPoint","urlTemplate":"https:\/\/feedontario.ca\/?s={search_term_string}"},"query-input":{"@type":"PropertyValueSpecification","valueRequired":true,"valueName":"search_term_string"}}],"inLanguage":"fr-CA"}]}},"_links":{"self":[{"href":"https:\/\/feedontario.ca\/fr\/wp-json\/wp\/v2\/pages\/38620","targetHints":{"allow":["GET"]}}],"collection":[{"href":"https:\/\/feedontario.ca\/fr\/wp-json\/wp\/v2\/pages"}],"about":[{"href":"https:\/\/feedontario.ca\/fr\/wp-json\/wp\/v2\/types\/page"}],"author":[{"embeddable":true,"href":"https:\/\/feedontario.ca\/fr\/wp-json\/wp\/v2\/users\/2"}],"replies":[{"embeddable":true,"href":"https:\/\/feedontario.ca\/fr\/wp-json\/wp\/v2\/comments?post=38620"}],"version-history":[{"count":0,"href":"https:\/\/feedontario.ca\/fr\/wp-json\/wp\/v2\/pages\/38620\/revisions"}],"wp:featuredmedia":[{"embeddable":true,"href":"https:\/\/feedontario.ca\/fr\/wp-json\/wp\/v2\/media\/39995"}],"wp:attachment":[{"href":"https:\/\/feedontario.ca\/fr\/wp-json\/wp\/v2\/media?parent=38620"}],"curies":[{"name":"wp","href":"https:\/\/api.w.org\/{rel}","templated":true}]}}