{"id":38828,"date":"2021-02-03T17:31:18","date_gmt":"2021-02-03T17:31:18","guid":{"rendered":"https:\/\/feedontario.ca\/?page_id=38828"},"modified":"2026-03-23T18:14:11","modified_gmt":"2026-03-23T18:14:11","slug":"domicile","status":"publish","type":"page","link":"https:\/\/feedontario.ca\/fr\/","title":{"rendered":"Accueil"},"content":{"rendered":"<h1  data-animation-delay=\"0\" data-animation-duration=\"1\">\n\t\t\tEnsemble, nous nourrissons l'Ontario\t<\/h1>\n\t<p>Feed Ontario est le plus grand collectif d'organisations de lutte contre la faim de la province. Avec les banques alimentaires, les partenaires de l'industrie et les communaut\u00e9s locales, nous soulageons la faim dans les communaut\u00e9s d\u00e8s maintenant, tout en favorisant le changement par la recherche et le plaidoyer afin d'assurer un avenir o\u00f9 tout le monde sera en s\u00e9curit\u00e9 alimentaire.<\/p>\n<p>Rejoignez-nous dans notre lutte pour mettre fin \u00e0 la pauvret\u00e9 en Ontario.<\/p>\n\t\t\t<a href=\"\/fr\/prendre-des-mesures\/donner\/\"  target=\"_self\">\n\t\t\t\t\t\tDonner aujourd'hui\n\t\t\t\t\t<\/a>\n<figure data-animation-delay=\"0\" data-animation-duration=\"1\" itemscope itemtype=\"https:\/\/schema.org\/ImageObject\">\n\t\t\t\t<img decoding=\"async\" src=\"https:\/\/feedontario.ca\/wp-content\/uploads\/2021\/01\/ffa_logo.svg\" alt=\"logotype de la nourriture pour tous\" height=\"141\" width=\"135\" title=\"ffa_logo\" onerror=\"this.style.display='none'\" loading=\"lazy\" \/>\n\t<\/figure>\n<h2>\n\t\t\tNouveaut\u00e9s\t<\/h2>\n<figure data-animation-delay=\"0\" data-animation-duration=\"1\" itemscope itemtype=\"https:\/\/schema.org\/ImageObject\">\n\t\t\t\t<a href=\"https:\/\/feedontario.ca\/fr\/qui-nourrit-lontario\/\"  target=\"_blank\" rel=\"noopener\"  itemprop=\"url\">\n\t\t\t\t<img decoding=\"async\" src=\"https:\/\/feedontario.ca\/wp-content\/uploads\/2026\/03\/FEED_SpingCampaign26_WhatsNewWhiteBG.png\" alt=\"FEED_SpingCampaign26_WhatsNewWhiteBG.\" height=\"1080\" width=\"1080\" title=\"FEED_SpingCampaign26_WhatsNewWhiteBG.\" onerror=\"this.style.display='none'\" loading=\"lazy\" \/>\n\t\t\t\t<\/a>\n\t<\/figure>\n\t\t\t<a href=\"https:\/\/feedontario.ca\/fr\/qui-nourrit-lontario\/\"  target=\"_blank\" rel=\"noopener\">\n\t\t\t\t\t\t\tApprenez-en plus sur la fa\u00e7on dont vous pouvez vous impliquer et rejoindre le mouvement pour mettre fin \u00e0 la faim en Ontario.\n\t\t\t\t\t<\/a>\n\t<p>En tant que chef de file d'un r\u00e9seau de plus de 1 200 banques alimentaires et organismes de lutte contre la faim \u00e0 travers la province, nous renfor\u00e7ons les banques alimentaires, soutenons les communaut\u00e9s et travaillons \u00e0 l'\u00e9limination de la faim.<\/p>\n<p>Qu'il s'agisse de fournir des millions de livres d'aliments frais et sains, d'offrir une formation et un soutien aux banques alimentaires ou d'utiliser nos donn\u00e9es en temps r\u00e9el sur l'utilisation des banques alimentaires pour \u00e9clairer nos recommandations politiques, nous veillons \u00e0 ce que les Ontariens confront\u00e9s \u00e0 la faim disposent de la nourriture dont ils ont besoin aujourd'hui tout en \u0153uvrant pour mettre fin \u00e0 la pauvret\u00e9 \u00e0 l'avenir.<\/p>\n<p>D\u00e9couvrez comment nous aidons notre r\u00e9seau \u00e0 \u00eatre pr\u00e9sent pour les personnes et les familles qui en ont le plus besoin.<\/p>\n\t\t\t<a href=\"https:\/\/feedontario.ca\/fr\/rapport-sur-la-faim-2025\/\"  target=\"_blank\" rel=\"noopener\">\n\t\t\t\t\t\t\tEN SAVOIR PLUS\n\t\t\t\t\t<\/a>\n\t<p>CE QUE NOUS FAISONS<\/p>\n<h2>\n\t\t\tComment nous nourrissons l'Ontario\t<\/h2>\n<figure itemscope itemtype=\"https:\/\/schema.org\/ImageObject\">\n\t\t\t\t<img decoding=\"async\" src=\"https:\/\/feedontario.ca\/wp-content\/uploads\/2021\/01\/squiggle_yellow.svg\" alt=\"ligne jaune en pointill\u00e9s\" height=\"4\" width=\"38\" title=\"gribouillis_jaune\" onerror=\"this.style.display='none'\" loading=\"lazy\" \/>\n\t<\/figure>\n\t<p>Feed Ontario repr\u00e9sente un r\u00e9seau de plus de 1 200 banques alimentaires et organismes de lutte contre la faim en Ontario. Gr\u00e2ce \u00e0 notre r\u00e9seau, nous livrons des millions de livres de nourriture dans tout l'Ontario, au service de plus d'un million de personnes chaque ann\u00e9e. Tout en s'effor\u00e7ant de renforcer et d'accro\u00eetre la capacit\u00e9 du r\u00e9seau provincial de banques alimentaires, afin de r\u00e9aliser notre vision d'un Ontario o\u00f9 tout le monde jouit de la s\u00e9curit\u00e9 alimentaire, Feed Ontario continue de plaider en faveur de programmes et de solutions fond\u00e9s sur des donn\u00e9es probantes pour faire de l'\u00e9limination de la faim et de la pauvret\u00e9 une priorit\u00e9 dans notre province.<\/p>\n<p>En savoir plus sur nos piliers :<\/p>\n\t<ul role=\"tablist\">\n\t\t\t\t\t\t\t\t<li role=\"presentation\">\t\t\t\t<button type=\"button\" id=\"fl-tabs--label-0\" data-index=\"0\" role=\"tab\" aria-selected=\"true\" aria-controls=\"fl-tabs--panel-0\">\n\t\t\t\tFEEDON\t\t\t\t<\/button>\n\t\t\t\t<\/li>\t\t\t\t\t\t\t\t<li role=\"presentation\">\t\t\t\t<button type=\"button\" id=\"fl-tabs--label-1\" data-index=\"1\" role=\"tab\" aria-selected=\"false\" aria-controls=\"fl-tabs--panel-1\">\n\t\t\t\tPOSSIBILIT\u00c9 D'ALIMENTATION\t\t\t\t<\/button>\n\t\t\t\t<\/li>\t\t\t\t\t\t\t\t<li role=\"presentation\">\t\t\t\t<button type=\"button\" id=\"fl-tabs--label-2\" data-index=\"2\" role=\"tab\" aria-selected=\"false\" aria-controls=\"fl-tabs--panel-2\">\n\t\t\t\tCHANGEMENT D'ALIMENTATION\t\t\t\t<\/button>\n\t\t\t\t<\/li>\t\t\t\t\n\t<\/ul>\n\t\t\t\t\t<button type=\"button\" data-index=\"0\" role=\"tab\" aria-selected=\"true\" aria-controls=\"fl-tabs--panel-0\">\n\t\t\t\t\t\tFEEDON\n\t\t\t\t\t<\/button>\n\t<iframe loading=\"lazy\" title=\"Alimentation ON\" width=\"500\" height=\"281\" src=\"https:\/\/www.youtube.com\/embed\/fVTrQ6E9BS8?feature=oembed\"  allow=\"accelerometer; autoplay; clipboard-write; encrypted-media; gyroscope; picture-in-picture; web-share\" referrerpolicy=\"strict-origin-when-cross-origin\" allowfullscreen=\"\"><\/iframe>\n\t\t<h4>\n\t\tFeedON\n\t<\/h4>\n\t\t\t\t<img loading=\"lazy\" decoding=\"async\" src=\"https:\/\/feedontario.ca\/wp-content\/uploads\/2021\/01\/squiggle_yellow.svg\" alt=\"ligne jaune en pointill\u00e9s\" height=\"4\" width=\"38\" title=\"gribouillis_jaune\" onerror=\"this.style.display='none'\"  itemprop=\"image\" \/>\n\t<p><strong>Nous distribuons de la nourriture aux banques alimentaires de l'Ontario.<\/strong><\/p>\n<p>Les programmes alimentaires de Feed Ontario travaillent en partenariat avec les secteurs de l'agriculture, de l'alimentation et de l'\u00e9picerie de l'Ontario pour s'assurer que les banques alimentaires disposent des aliments frais et sains dont elles ont besoin pour soutenir leurs communaut\u00e9s. L'ann\u00e9e derni\u00e8re, nous avons distribu\u00e9 plus de 10 millions de livres de nourriture pour aider 1 200 organisations de lutte contre la faim \u00e0 fournir de la nourriture \u00e0 plus d'un million d'Ontariens.<\/p>\n\t\t\t<a href=\"https:\/\/feedontario.ca\/fr\/nos-programmes\/programmes-alimentaires\/\"  target=\"_self\">\n\t\t\t\t\t\t\tEn savoir plus\n\t\t\t\t\t<\/a>\n\t\t\t\t\t<button type=\"button\" data-index=\"1\" role=\"tab\" aria-selected=\"false\" aria-controls=\"fl-tabs--panel-1\">\n\t\t\t\t\t\tPOSSIBILIT\u00c9 D'ALIMENTATION\n\t\t\t\t\t<\/button>\n\t<iframe loading=\"lazy\" title=\"Possibilit\u00e9 d&#039;alimentation\" width=\"500\" height=\"281\" src=\"https:\/\/www.youtube.com\/embed\/WtAcSK80sl8?feature=oembed\"  allow=\"accelerometer; autoplay; clipboard-write; encrypted-media; gyroscope; picture-in-picture; web-share\" referrerpolicy=\"strict-origin-when-cross-origin\" allowfullscreen=\"\"><\/iframe>\n\t\t<h4>\n\t\tPossibilit\u00e9 d'alimentation\n\t<\/h4>\n\t\t\t\t<img loading=\"lazy\" decoding=\"async\" src=\"https:\/\/feedontario.ca\/wp-content\/uploads\/2021\/01\/squiggle_yellow.svg\" alt=\"ligne jaune en pointill\u00e9s\" height=\"4\" width=\"38\" title=\"gribouillis_jaune\" onerror=\"this.style.display='none'\"  itemprop=\"image\" \/>\n\t<p><strong>Nous fournissons des ressources aux banques alimentaires.<\/strong><\/p>\n<p>Feed Ontario offre aux organismes de lutte contre la faim des services suppl\u00e9mentaires, notamment des formations, des possibilit\u00e9s de subventions et des investissements dans des programmes novateurs qui aident les populations les plus vuln\u00e9rables de l'Ontario. En travaillant ensemble, en partageant des ressources et des id\u00e9es, le r\u00e9seau provincial de Feed Ontario devient plus fort, plus r\u00e9silient et mieux \u00e9quip\u00e9 pour r\u00e9pondre aux besoins des personnes confront\u00e9es \u00e0 l'ins\u00e9curit\u00e9 alimentaire.<\/p>\n\t\t\t<a href=\"https:\/\/feedontario.ca\/fr\/nos-programmes\/programmes-communautaires\/\"  target=\"_self\">\n\t\t\t\t\t\t\tEn savoir plus\n\t\t\t\t\t<\/a>\n\t\t\t\t\t<button type=\"button\" data-index=\"2\" role=\"tab\" aria-selected=\"false\" aria-controls=\"fl-tabs--panel-2\">\n\t\t\t\t\t\tCHANGEMENT D'ALIMENTATION\n\t\t\t\t\t<\/button>\n\t<iframe loading=\"lazy\" title=\"Changement d&#039;alimentation\" width=\"500\" height=\"281\" src=\"https:\/\/www.youtube.com\/embed\/4iNCozx1NLs?feature=oembed\"  allow=\"accelerometer; autoplay; clipboard-write; encrypted-media; gyroscope; picture-in-picture; web-share\" referrerpolicy=\"strict-origin-when-cross-origin\" allowfullscreen=\"\"><\/iframe>\n\t\t<h4>\n\t\tChangement d'alimentation\n\t<\/h4>\n\t\t\t\t<img loading=\"lazy\" decoding=\"async\" src=\"https:\/\/feedontario.ca\/wp-content\/uploads\/2021\/01\/squiggle_yellow.svg\" alt=\"ligne jaune en pointill\u00e9s\" height=\"4\" width=\"38\" title=\"gribouillis_jaune\" onerror=\"this.style.display='none'\"  itemprop=\"image\" \/>\n\t<p><strong>Nous nous effor\u00e7ons de nous attaquer aux causes profondes de la pauvret\u00e9.<\/strong><\/p>\n<p>L'ins\u00e9curit\u00e9 alimentaire et la pauvret\u00e9 sont des probl\u00e8mes complexes qui ne peuvent \u00eatre r\u00e9solus que par de bonnes politiques publiques et des programmes de soutien ad\u00e9quats qui garantissent \u00e0 tous les Ontariens le revenu dont ils ont besoin pour se procurer les produits de premi\u00e8re n\u00e9cessit\u00e9 chaque mois. Nous #FeedChange par le biais de la recherche, de l'action collective et en pr\u00e9conisant des solutions fond\u00e9es sur des donn\u00e9es probantes pour lutter contre l'ins\u00e9curit\u00e9 alimentaire et la pauvret\u00e9. <\/p>\n\t\t\t<a href=\"https:\/\/feedontario.ca\/fr\/changement-dans-le-domaine-du-plaidoyer\/recommandations-politiques\/\"  target=\"_self\">\n\t\t\t\t\t\t\tEn savoir plus\n\t\t\t\t\t<\/a>\n<h2>\n\t\t\tVous pouvez contribuer \u00e0 \u00e9radiquer la faim\t<\/h2>\n\t<p>Feed Ontario facilite le renforcement de notre syst\u00e8me alimentaire provincial. Gr\u00e2ce \u00e0 votre soutien, nous aidons les banques alimentaires \u00e0 devenir plus efficaces et \u00e0 atteindre les personnes qui en ont le plus besoin.<\/p>\n<p>En agissant pour Feed Ontario, vous pouvez faire pression pour que le gouvernement fasse de l'acc\u00e8s \u00e0 des aliments nutritifs un droit pour tous les Ontariens.<\/p>\n\t\t\t<a href=\"https:\/\/feedontario.ca\/fr\/prendre-des-mesures\/donner\/\"  target=\"_self\">\n\t\t\t\t\t\tDonner aujourd'hui\n\t\t\t\t\t<\/a>\n\t<p>D\u00c9MARRAGE<\/p>\n\t\t\t<a href=\"https:\/\/feedontario.ca\/fr\/a-propos-de-nous\/trouver-une-banque-alimentaire\/\"  target=\"_self\">\n\t\t\t\t\t\t\tTrouvez une banque alimentaire pr\u00e8s de chez vous\n\t\t\t\t\t<\/a>\n\t\t\t<a href=\"https:\/\/feedontario.ca\/fr\/prendre-des-mesures\/lancer-une-collecte-de-fonds\/\"  target=\"_self\">\n\t\t\t\t\t\t\tLancer une collecte de fonds\n\t\t\t\t\t<\/a>\n\t\t\t<a href=\"https:\/\/feedontario.ca\/fr\/prendre-des-mesures\/mesures-de-lutte-contre-la-faim\/\"  target=\"_self\">\n\t\t\t\t\t\t\tAgir pour \u00e9radiquer la faim\n\t\t\t\t\t<\/a>\n\t\t\t<a href=\"https:\/\/feedontario.ca\/fr\/prendre-des-mesures\/devenir-partenaire\/\"  target=\"_self\">\n\t\t\t\t\t\t\t Rejoignez-nous en tant qu'entreprise partenaire\n\t\t\t\t\t<\/a>\n<h2>\n\t\t\tLes derni\u00e8res nouvelles de notre table\t<\/h2>\n\t\t\n           <div class=\"cpt_cards\">\n                                        \n                            <div class=\"cpt_cards_item  food-banks  northern-ontario\">\n                                <a href=\"https:\/\/feedontario.ca\/fr\/histoire\/rendre-lalimentation-plus-accessible\/\">\n                                    <div class='cpt_cards_item_image'>\n                                         \n                                            <img class='img_featured bgcentercenter' src='https:\/\/feedontario.ca\/wp-content\/uploads\/2026\/03\/cochrane-photo-1-400x400.jpg' alt=\"Trois personnes tiennent des pelles sur un chantier d&#039;agrandissement de la banque alimentaire de Cochrane, un projet destin\u00e9 \u00e0 rendre la nourriture plus accessible aux habitants du nord de l&#039;Ontario.\"\/>\n                                                                                <div class='cpt_card_type'>histoire<\/div>\n                                    <\/div>\n                                    <div class=\"cpt_cards_item_title\"><h2 class=\"h5\">Rendre l'alimentation plus accessible dans tout l'Ontario<\/h2><\/div>\n                                    <div class=\"cpt_card_date\">31 mars 2026<\/div>\n                                <\/a>\n                            <\/div>\n                                                    \n                            <div class=\"cpt_cards_item\">\n                                <a href=\"https:\/\/feedontario.ca\/fr\/nouvelles\/2026-budget-de-lontario\/\">\n                                    <div class='cpt_cards_item_image'>\n                                         \n                                            <img class='img_featured bgcentercenter' src='https:\/\/feedontario.ca\/wp-content\/uploads\/2020\/02\/filler-photo-feed-ontario-400x400.jpg' alt=\"Logo de Feed Ontario\"\/>\n                                                                                <div class='cpt_card_type'>nouvelles<\/div>\n                                    <\/div>\n                                    <div class=\"cpt_cards_item_title\"><h2 class=\"h5\">D\u00e9claration sur le budget 2026 de l'Ontario<\/h2><\/div>\n                                    <div class=\"cpt_card_date\">27 mars 2026<\/div>\n                                <\/a>\n                            <\/div>\n                                                    \n                            <div class=\"cpt_cards_item  cost-of-living  work\">\n                                <a href=\"https:\/\/feedontario.ca\/fr\/histoire\/de-plus-en-plus-de-travailleurs-se-tournent-vers-les-banques-alimentaires\/\">\n                                    <div class='cpt_cards_item_image'>\n                                         \n                                            <img class='img_featured bgcentercenter' src='https:\/\/feedontario.ca\/wp-content\/uploads\/2026\/03\/iStock-1457362204-scaled-e1773068181458-400x400.jpg' alt=\"\"\/>\n                                                                                <div class='cpt_card_type'>histoire<\/div>\n                                    <\/div>\n                                    <div class=\"cpt_cards_item_title\"><h2 class=\"h5\">De plus en plus de travailleurs se tournent vers les banques alimentaires<\/h2><\/div>\n                                    <div class=\"cpt_card_date\">17 mars 2026<\/div>\n                                <\/a>\n                            <\/div>\n                                    <\/div>\n         \n<h2>\n\t\t\tNous avons un si\u00e8ge qui vous attend !\t<\/h2>\n\t<p>Vous joindrez-vous \u00e0 nous pour aider \u00e0 nourrir l'Ontario ?<\/p>\n<p>&nbsp;<\/p>\n\t\t\t<a href=\"https:\/\/feedontario.ca\/fr\/prendre-des-mesures\/donner\/\"  target=\"_self\">\n\t\t\t\t\t\tFaire un don\n\t\t\t\t\t<\/a>","protected":false},"excerpt":{"rendered":"<p>Ensemble, nous nourrissons l'Ontario Feed Ontario est le plus grand collectif d'organisations de lutte contre la faim de la province. En collaboration avec les banques alimentaires, les partenaires de l'industrie et les collectivit\u00e9s locales, nous soulageons la faim dans les collectivit\u00e9s d\u00e8s maintenant, tout en favorisant le changement par la recherche et la d\u00e9fense des int\u00e9r\u00eats, afin d'assurer un avenir o\u00f9 tout le monde jouira de la s\u00e9curit\u00e9 alimentaire. Rejoignez-nous dans notre lutte pour mettre fin \u00e0 la pauvret\u00e9...<\/p>","protected":false},"author":6,"featured_media":44405,"parent":0,"menu_order":-1,"comment_status":"closed","ping_status":"closed","template":"","meta":{"_acf_changed":false,"inline_featured_image":false,"footnotes":""},"class_list":["post-38828","page","type-page","status-publish","has-post-thumbnail","hentry"],"acf":[],"yoast_head":"<!-- This site is optimized with the Yoast SEO plugin v27.3 - https:\/\/yoast.com\/product\/yoast-seo-wordpress\/ -->\n<title>Ontario Food Banks for Ending Hunger &amp; Poverty | Feed Ontario<\/title>\n<meta name=\"description\" content=\"Feed Ontario supports local food banks with innovative programmes. We work with food banks, industry partners, &amp; communities to end hunger in Ontario.\" \/>\n<meta name=\"robots\" content=\"index, follow, max-snippet:-1, max-image-preview:large, max-video-preview:-1\" \/>\n<link rel=\"canonical\" href=\"https:\/\/feedontario.ca\/fr\/\" \/>\n<meta property=\"og:locale\" content=\"fr_CA\" \/>\n<meta property=\"og:type\" content=\"article\" \/>\n<meta property=\"og:title\" content=\"Ontario Food Banks for Ending Hunger &amp; Poverty | Feed Ontario\" \/>\n<meta property=\"og:description\" content=\"Feed Ontario supports local food banks with innovative programmes. We work with food banks, industry partners, &amp; communities to end hunger in Ontario.\" \/>\n<meta property=\"og:url\" content=\"https:\/\/feedontario.ca\/fr\/\" \/>\n<meta property=\"og:site_name\" content=\"Feed Ontario\" \/>\n<meta property=\"article:modified_time\" content=\"2026-03-23T18:14:11+00:00\" \/>\n<meta property=\"og:image\" content=\"https:\/\/feedontario.ca\/wp-content\/uploads\/2023\/08\/IMPACT_CoverImageDigital-1600x1067.png\" \/>\n\t<meta property=\"og:image:width\" content=\"1600\" \/>\n\t<meta property=\"og:image:height\" content=\"1067\" \/>\n\t<meta property=\"og:image:type\" content=\"image\/png\" \/>\n<meta name=\"twitter:card\" content=\"summary_large_image\" \/>\n<meta name=\"twitter:label1\" content=\"Est. reading time\" \/>\n\t<meta name=\"twitter:data1\" content=\"5 minutes\" \/>\n<script type=\"application\/ld+json\" class=\"yoast-schema-graph\">{\"@context\":\"https:\\\/\\\/schema.org\",\"@graph\":[{\"@type\":\"WebPage\",\"@id\":\"https:\\\/\\\/feedontario.ca\\\/\",\"url\":\"https:\\\/\\\/feedontario.ca\\\/\",\"name\":\"Ontario Food Banks for Ending Hunger & Poverty | Feed Ontario\",\"isPartOf\":{\"@id\":\"https:\\\/\\\/feedontario.ca\\\/#website\"},\"primaryImageOfPage\":{\"@id\":\"https:\\\/\\\/feedontario.ca\\\/#primaryimage\"},\"image\":{\"@id\":\"https:\\\/\\\/feedontario.ca\\\/#primaryimage\"},\"thumbnailUrl\":\"https:\\\/\\\/feedontario.ca\\\/wp-content\\\/uploads\\\/2023\\\/08\\\/IMPACT_CoverImageDigital.png\",\"datePublished\":\"2021-02-03T17:31:18+00:00\",\"dateModified\":\"2026-03-23T18:14:11+00:00\",\"description\":\"Feed Ontario supports local food banks with innovative programmes. We work with food banks, industry partners, & communities to end hunger in Ontario.\",\"breadcrumb\":{\"@id\":\"https:\\\/\\\/feedontario.ca\\\/#breadcrumb\"},\"inLanguage\":\"fr-CA\",\"potentialAction\":[{\"@type\":\"ReadAction\",\"target\":[\"https:\\\/\\\/feedontario.ca\\\/\"]}]},{\"@type\":\"ImageObject\",\"inLanguage\":\"fr-CA\",\"@id\":\"https:\\\/\\\/feedontario.ca\\\/#primaryimage\",\"url\":\"https:\\\/\\\/feedontario.ca\\\/wp-content\\\/uploads\\\/2023\\\/08\\\/IMPACT_CoverImageDigital.png\",\"contentUrl\":\"https:\\\/\\\/feedontario.ca\\\/wp-content\\\/uploads\\\/2023\\\/08\\\/IMPACT_CoverImageDigital.png\",\"width\":4901,\"height\":3267,\"caption\":\"A food banker in a Feed Ontario T-Shirt hands a box of food (pasta and canned goods) to a visitor\"},{\"@type\":\"BreadcrumbList\",\"@id\":\"https:\\\/\\\/feedontario.ca\\\/#breadcrumb\",\"itemListElement\":[{\"@type\":\"ListItem\",\"position\":1,\"name\":\"Home\",\"item\":\"https:\\\/\\\/feedontario.ca\\\/\"},{\"@type\":\"ListItem\",\"position\":2,\"name\":\"Home\"}]},{\"@type\":\"WebSite\",\"@id\":\"https:\\\/\\\/feedontario.ca\\\/#website\",\"url\":\"https:\\\/\\\/feedontario.ca\\\/\",\"name\":\"Feed Ontario\",\"description\":\"Uniting food banks, industry partners, and local communities in our work to end hunger and poverty\",\"potentialAction\":[{\"@type\":\"SearchAction\",\"target\":{\"@type\":\"EntryPoint\",\"urlTemplate\":\"https:\\\/\\\/feedontario.ca\\\/?s={search_term_string}\"},\"query-input\":{\"@type\":\"PropertyValueSpecification\",\"valueRequired\":true,\"valueName\":\"search_term_string\"}}],\"inLanguage\":\"fr-CA\"}]}<\/script>\n<!-- \/ Yoast SEO plugin. -->","yoast_head_json":{"title":"Banques alimentaires de l'Ontario pour l'\u00e9limination de la faim et de la pauvret\u00e9 | Feed Ontario","description":"Feed Ontario soutient les banques alimentaires locales au moyen de programmes novateurs. Nous travaillons avec les banques alimentaires, les partenaires industriels et les communaut\u00e9s pour mettre fin \u00e0 la faim en Ontario.","robots":{"index":"index","follow":"follow","max-snippet":"max-snippet:-1","max-image-preview":"max-image-preview:large","max-video-preview":"max-video-preview:-1"},"canonical":"https:\/\/feedontario.ca\/fr\/","og_locale":"fr_CA","og_type":"article","og_title":"Ontario Food Banks for Ending Hunger & Poverty | Feed Ontario","og_description":"Feed Ontario supports local food banks with innovative programmes. We work with food banks, industry partners, & communities to end hunger in Ontario.","og_url":"https:\/\/feedontario.ca\/fr\/","og_site_name":"Feed Ontario","article_modified_time":"2026-03-23T18:14:11+00:00","og_image":[{"width":1600,"height":1067,"url":"https:\/\/feedontario.ca\/wp-content\/uploads\/2023\/08\/IMPACT_CoverImageDigital-1600x1067.png","type":"image\/png"}],"twitter_card":"summary_large_image","twitter_misc":{"Est. reading time":"5 minutes"},"schema":{"@context":"https:\/\/schema.org","@graph":[{"@type":"WebPage","@id":"https:\/\/feedontario.ca\/","url":"https:\/\/feedontario.ca\/","name":"Banques alimentaires de l'Ontario pour l'\u00e9limination de la faim et de la pauvret\u00e9 | Feed Ontario","isPartOf":{"@id":"https:\/\/feedontario.ca\/#website"},"primaryImageOfPage":{"@id":"https:\/\/feedontario.ca\/#primaryimage"},"image":{"@id":"https:\/\/feedontario.ca\/#primaryimage"},"thumbnailUrl":"https:\/\/feedontario.ca\/wp-content\/uploads\/2023\/08\/IMPACT_CoverImageDigital.png","datePublished":"2021-02-03T17:31:18+00:00","dateModified":"2026-03-23T18:14:11+00:00","description":"Feed Ontario soutient les banques alimentaires locales au moyen de programmes novateurs. Nous travaillons avec les banques alimentaires, les partenaires industriels et les communaut\u00e9s pour mettre fin \u00e0 la faim en Ontario.","breadcrumb":{"@id":"https:\/\/feedontario.ca\/#breadcrumb"},"inLanguage":"fr-CA","potentialAction":[{"@type":"ReadAction","target":["https:\/\/feedontario.ca\/"]}]},{"@type":"ImageObject","inLanguage":"fr-CA","@id":"https:\/\/feedontario.ca\/#primaryimage","url":"https:\/\/feedontario.ca\/wp-content\/uploads\/2023\/08\/IMPACT_CoverImageDigital.png","contentUrl":"https:\/\/feedontario.ca\/wp-content\/uploads\/2023\/08\/IMPACT_CoverImageDigital.png","width":4901,"height":3267,"caption":"A food banker in a Feed Ontario T-Shirt hands a box of food (pasta and canned goods) to a visitor"},{"@type":"BreadcrumbList","@id":"https:\/\/feedontario.ca\/#breadcrumb","itemListElement":[{"@type":"ListItem","position":1,"name":"Home","item":"https:\/\/feedontario.ca\/"},{"@type":"ListItem","position":2,"name":"Home"}]},{"@type":"WebSite","@id":"https:\/\/feedontario.ca\/#website","url":"https:\/\/feedontario.ca\/","name":"Nourrir l'Ontario","description":"Unir les banques alimentaires, les partenaires industriels et les communaut\u00e9s locales dans notre travail pour \u00e9radiquer la faim et la pauvret\u00e9.","potentialAction":[{"@type":"SearchAction","target":{"@type":"EntryPoint","urlTemplate":"https:\/\/feedontario.ca\/?s={search_term_string}"},"query-input":{"@type":"PropertyValueSpecification","valueRequired":true,"valueName":"search_term_string"}}],"inLanguage":"fr-CA"}]}},"_links":{"self":[{"href":"https:\/\/feedontario.ca\/fr\/wp-json\/wp\/v2\/pages\/38828","targetHints":{"allow":["GET"]}}],"collection":[{"href":"https:\/\/feedontario.ca\/fr\/wp-json\/wp\/v2\/pages"}],"about":[{"href":"https:\/\/feedontario.ca\/fr\/wp-json\/wp\/v2\/types\/page"}],"author":[{"embeddable":true,"href":"https:\/\/feedontario.ca\/fr\/wp-json\/wp\/v2\/users\/6"}],"replies":[{"embeddable":true,"href":"https:\/\/feedontario.ca\/fr\/wp-json\/wp\/v2\/comments?post=38828"}],"version-history":[{"count":0,"href":"https:\/\/feedontario.ca\/fr\/wp-json\/wp\/v2\/pages\/38828\/revisions"}],"wp:featuredmedia":[{"embeddable":true,"href":"https:\/\/feedontario.ca\/fr\/wp-json\/wp\/v2\/media\/44405"}],"wp:attachment":[{"href":"https:\/\/feedontario.ca\/fr\/wp-json\/wp\/v2\/media?parent=38828"}],"curies":[{"name":"wp","href":"https:\/\/api.w.org\/{rel}","templated":true}]}}