{"id":38893,"date":"2021-02-08T23:42:21","date_gmt":"2021-02-08T23:42:21","guid":{"rendered":"https:\/\/feedontario.ca\/?page_id=38893"},"modified":"2025-11-05T13:24:48","modified_gmt":"2025-11-05T13:24:48","slug":"a-propos-de-nous","status":"publish","type":"page","link":"https:\/\/feedontario.ca\/fr\/a-propos-de-nous\/","title":{"rendered":"\u00c0 propos de nous"},"content":{"rendered":"<h1>\n\t\t\tEnsemble, nous nourrissons l'Ontario\t<\/h1>\n\t<p>Feed Ontario est le plus grand collectif d'organisations de lutte contre la faim de la province. En collaboration avec les banques alimentaires, les partenaires de l'industrie et les communaut\u00e9s locales, nous nous effor\u00e7ons de mettre fin \u00e0 la faim et \u00e0 la pauvret\u00e9 en fournissant des aliments frais et sains, en \u00e9laborant des programmes novateurs et en favorisant le changement par la recherche et la d\u00e9fense des int\u00e9r\u00eats.<\/p>\n\t\t\t<a href=\"\/fr\/prendre-des-mesures\/donner\/\" target=\"_self\">\n\t\t\t\t\t\tFaire un don\n\t\t\t\t\t<\/a>\n\t\t\t<a href=\"#\" target=\"_self\" rel=\"nofollow\">\n\t\t\t\t\t\t\tSAUTER\n\t\t\t<\/a>\n\t\t\t<a href=\"#vision\" target=\"_self\">\n\t\t\t\t\t\t\tVision et mission\n\t\t\t\t\t<\/a>\n\t\t\t<a href=\"#how-we-feed-ontario\" target=\"_self\">\n\t\t\t\t\t\t\tComment nous nourrissons l'Ontario\n\t\t\t\t\t<\/a>\n\t\t\t<a href=\"#team\" target=\"_self\">\n\t\t\t\t\t\t\tNotre \u00e9quipe\n\t\t\t\t\t<\/a>\n\t\t\t<a href=\"#contact\" target=\"_self\">\n\t\t\t\t\t\t\tNous contacter\n\t\t\t\t\t<\/a>\n<h2>\n\t\t\tVision et mission\t<\/h2>\n\t\t\t\t<img decoding=\"async\" src=\"https:\/\/feedontario.ca\/wp-content\/uploads\/2021\/01\/squiggle_yellow.svg\" alt=\"ligne jaune en pointill\u00e9s\" itemprop=\"image\" height=\"4\" width=\"38\" title=\"gribouillis_jaune\" onerror=\"this.style.display='none'\" loading=\"lazy\" \/>\n\t<p><strong>Notre vision :<\/strong> Un Ontario o\u00f9 chacun b\u00e9n\u00e9ficie de la s\u00e9curit\u00e9 alimentaire.<\/p>\n<p><strong>Notre mission :<\/strong> D\u00e9fendre un r\u00e9seau efficace d'organisations de lutte contre la faim et pr\u00e9coniser des solutions pour mettre fin \u00e0 l'ins\u00e9curit\u00e9 alimentaire et \u00e0 la pauvret\u00e9 en Ontario.<\/p>\n<h2  data-animation-delay=\"0\" data-animation-duration=\"1\">\n\t\t\tNos valeurs\t<\/h2>\n\t\t\t\t<img decoding=\"async\" src=\"https:\/\/feedontario.ca\/wp-content\/uploads\/2021\/01\/squiggle_yellow.svg\" alt=\"ligne jaune en pointill\u00e9s\" itemprop=\"image\" height=\"4\" width=\"38\" title=\"gribouillis_jaune\" onerror=\"this.style.display='none'\" loading=\"lazy\" \/>\n<h3>\n\t\t\tCentr\u00e9 sur les personnes\t<\/h3>\n\t<p>Les personnes sont au c\u0153ur de notre action.<\/p>\n<h3>\n\t\t\t\u00c9quitable\t<\/h3>\n\t<p>Tous les membres de notre r\u00e9seau ont une voix \u00e9gale et Feed Ontario s'efforce de cr\u00e9er l'\u00e9quit\u00e9 en mati\u00e8re d'acc\u00e8s et de ressources.<\/p>\n<h3>\n\t\t\tInclusif\t<\/h3>\n\t<p>Nous promouvons activement la diversit\u00e9, l'\u00e9quit\u00e9 et l'inclusion \u00e0 tous les niveaux de l'organisation.<\/p>\n<h3>\n\t\t\tCollaboratif\t<\/h3>\n\t<p>Nous travaillons collectivement pour nous aider \u00e0 \u00eatre plus ing\u00e9nieux, plus efficaces et plus percutants.<\/p>\n<h3>\n\t\t\tInnovante\t<\/h3>\n\t<p>Nous cr\u00e9ons un espace pour l'innovation et l'exploration afin de trouver les meilleures approches pour accomplir notre mission.<\/p>\n<h3>\n\t\t\tFond\u00e9e sur des donn\u00e9es probantes\t<\/h3>\n\t<p>Nos programmes, nos services et nos recommandations de changement s'appuient sur des donn\u00e9es probantes.<\/p>\n\n<h3>\n\t\t\tAgit avec int\u00e9grit\u00e9\t<\/h3>\n\t<p>Nous agissons avec \u00e9thique et honn\u00eatet\u00e9 et respectons nos engagements et nos responsabilit\u00e9s envers notre r\u00e9seau, nos partenaires et le public.<\/p>\n<h2>\n\t\t\tC'est ainsi que nous nourrissons l'Ontario\t<\/h2>\n\t\t\t\t<img decoding=\"async\" src=\"https:\/\/feedontario.ca\/wp-content\/uploads\/2021\/01\/squiggle_yellow.svg\" alt=\"ligne jaune en pointill\u00e9s\" itemprop=\"image\" height=\"4\" width=\"38\" title=\"gribouillis_jaune\" onerror=\"this.style.display='none'\" loading=\"lazy\" \/>\n\t<p>Feed Ontario repr\u00e9sente un r\u00e9seau de plus de 1 200 banques alimentaires et organismes de lutte contre la faim en Ontario. Gr\u00e2ce \u00e0 notre r\u00e9seau, nous livrons des millions de livres de nourriture dans tout l'Ontario, au service de plus d'un million de personnes chaque ann\u00e9e. Tout en s'effor\u00e7ant de renforcer et d'accro\u00eetre la capacit\u00e9 du r\u00e9seau provincial de banques alimentaires, afin de r\u00e9aliser notre vision d'un Ontario o\u00f9 tout le monde jouit de la s\u00e9curit\u00e9 alimentaire, Feed Ontario continue de plaider en faveur de programmes et de solutions fond\u00e9s sur des donn\u00e9es probantes pour faire de l'\u00e9limination de la faim et de la pauvret\u00e9 une priorit\u00e9 dans notre province.<\/p>\n\t\t\t<a href=\"https:\/\/feedontario.ca\/fr\/comment-nous-nourrissons-lontario\/\" target=\"_blank\" rel=\"noopener\">\n\t\t\t\t\t\t\tEn savoir plus\n\t\t\t\t\t<\/a>\n<h2>\n\t\t\tRencontrez notre \u00e9quipe\t<\/h2>\n\t<div class=\"our-team\"><div class=\"our-team--section staff\"><h3 class=\"our-team--section-title\">Personnel<\/h3><p class=\"our-team--section-desc\" >Notre \u00e9quipe de personnes talentueuses s'engage \u00e0 soutenir les banques alimentaires de l'Ontario et \u00e0 pr\u00e9coniser des solutions \u00e0 la faim et \u00e0 la pauvret\u00e9.<\/p><div class=\"our-team--list\"><div class=\"our-team--list-member\"><h4>Carolyn Stewart<\/h4><p>Directeur g\u00e9n\u00e9ral<\/p><p><a href=\"tel:416-656-4100\">416-656-4100<\/a> poste. 2935<\/p><\/div><div class=\"our-team--list-member\"><h4>Amanda King<\/h4><p>Vice-pr\u00e9sident, communication et affaires publiques<\/p><p><a href=\"tel:416-656-4100\">416-656-4100<\/a> poste. 2932<\/p><\/div><div class=\"our-team--list-member\"><h4>Stephanie Ashton-Smith<\/h4><p>Vice-pr\u00e9sident, Partenariats et d\u00e9veloppement<\/p><p><a href=\"tel:416-656-4100\">416-656-4100<\/a> ext. 2943<\/p><\/div><div class=\"our-team--list-member\"><h4>Lauren Whalen<\/h4><p>Vice-pr\u00e9sident, Services et impact du r\u00e9seau<\/p><p><a href=\"tel:416-656-4100\">416-656-4100<\/a> poste. 2936<\/p><\/div><div class=\"our-team--list-member\"><h4>Ervin So<\/h4><p>Contr\u00f4leur<\/p><p><a href=\"tel:416-656-4100\">416-656-4100<\/a> ext. 2939<\/p><\/div><div class=\"our-team--list-member\"><h4>Adelaide Wimpenny<\/h4><p>Directeur associ\u00e9, Op\u00e9rations et programmes<\/p><p><a href=\"tel:416-656-4100\">416-656-4100<\/a> poste. 2934<\/p><\/div><div class=\"our-team--list-member\"><h4>Andrea Waters<\/h4><p>Directeur principal, marketing et relations publiques<\/p><p><a href=\"tel:416-656-4100\">416-656-4100<\/a> ext. 2941<\/p><\/div><div class=\"our-team--list-member\"><h4>Ashley Quan<\/h4><p>Responsable de la recherche et du plaidoyer<\/p><p><a href=\"tel:416-656-4100\">416-656-4100<\/a> poste. 2938<\/p><\/div><div class=\"our-team--list-member\"><h4>Erin Waddington<\/h4><p>Sp\u00e9cialiste principal des services et programmes de r\u00e9seau<\/p><p><a href=\"tel:416-656-4100\">416-656-4100<\/a> poste. 2931<\/p><\/div><div class=\"our-team--list-member\"><h4>Austin Holmes<\/h4><p>Gestionnaire des partenariats avec les entreprises<\/p><p><a href=\"tel:416-656-4100\">416-656-4100<\/a> ext. 2937<\/p><\/div><div class=\"our-team--list-member\"><h4>Gargi Saripalli<\/h4><p>Gestionnaire, D\u00e9veloppement de fonds et dons individuels<\/p><p><a href=\"tel:416-656-4100\">416-656-4100<\/a> poste. 2944<\/p><\/div><div class=\"our-team--list-member\"><h4>Shanade Thomas<\/h4><p>Responsable des op\u00e9rations et des programmes<\/p><p><a href=\"tel:416-656-4100\">416-656-4100<\/a> poste. 2940<\/p><\/div><div class=\"our-team--list-member\"><h4>Wade Thompson<\/h4><p>Sp\u00e9cialiste senior du marketing num\u00e9rique et de la conception<\/p><p><a href=\"tel:416-656-4100\">416-656-4100<\/a> ext. 2933<\/p><\/div><div class=\"our-team--list-member\"><h4>Amanda Proctor<\/h4><p>Responsable du contenu et de la communication<\/p><p><a href=\"tel:416-656-4100\">416-656-4100<\/a> poste. 2946<\/p><\/div><div class=\"our-team--list-member\"><h4>Brittany Cox<\/h4><p>Coordinateur des op\u00e9rations et des programmes<\/p><p><a href=\"tel:416-656-4100\">416-656-4100<\/a> ext. 2945<\/p><\/div><div class=\"our-team--list-member\"><h4>Lara Onayak<\/h4><p>Coordinateur administratif<\/p><p><a href=\"tel:416-656-4100\">416-656-4100<\/a> poste. 2942<\/p><\/div><div class=\"our-team--list-member\"><h4>Farinaz Haddadi<\/h4><p>Administrateur CRM et donn\u00e9es (couverture des cong\u00e9s de maternit\u00e9)<\/p><p><a href=\"tel:416-656-4100\">416-656-4100<\/a> poste. 2948<\/p><\/div><\/div><\/div><div class=\"our-team--section directors\"><h3 class=\"our-team--section-title\">Conseil d'administration<\/h3><p class=\"our-team--section-desc\">Notre conseil d'administration est compos\u00e9 de dirigeants de banques alimentaires et de professionnels de l'industrie qui d\u00e9terminent l'orientation strat\u00e9gique de Feed Ontario.<\/p><div class=\"our-team--list\"><div class=\"our-team--list-member\"><h4>Wayne VanderWees<\/h4><p>Pr\u00e9sident<\/p><p>Fondateur<\/p><p>Freight Managers Inc.<\/p><\/div><div class=\"our-team--list-member\"><h4>Maureen A. Ford<\/h4><p>Vice-pr\u00e9sident<\/p><p>Manager et professionnel de la planification strat\u00e9gique<\/p><p><\/p><\/div><div class=\"our-team--list-member\"><h4>Steve Bhatti<\/h4><p>Tr\u00e9sorier<\/p><p>Vice-pr\u00e9sident, Risque op\u00e9rationnel <\/p><p>CIBC<\/p><\/div><div class=\"our-team--list-member\"><h4>Dan Irwin<\/h4><p>Secr\u00e9taire g\u00e9n\u00e9ral<\/p><p>Directeur ex\u00e9cutif<\/p><p>Banque alimentaire Partners in Mission<\/p><\/div><div class=\"our-team--list-member\"><h4>Meghan Nicholls<\/h4><p>Membre du conseil d'administration<\/p><p>PDG<\/p><p>Banques alimentaires Mississauga<\/p><\/div><div class=\"our-team--list-member\"><h4>Christine Clark Lafleur<\/h4><p>Membre du conseil d'administration<\/p><p>Directeur ex\u00e9cutif<\/p><p>Port Cares<\/p><\/div><div class=\"our-team--list-member\"><h4>Robin Bailey<\/h4><p>Membre du conseil d'administration<\/p><p>Directeur ex\u00e9cutif<\/p><p>Nourrir Halton<\/p><\/div><div class=\"our-team--list-member\"><h4>Audrie Bouwmeester<\/h4><p>Membre du conseil d'administration<\/p><p>Gestionnaire des programmes scolaires<\/p><p>Les producteurs laitiers de l'Ontario<\/p><\/div><div class=\"our-team--list-member\"><h4>Heather Hayes<\/h4><p>Membre du conseil d'administration<\/p><p>Directeur<\/p><p>Banque alimentaire d'Orangeville<\/p><\/div><div class=\"our-team--list-member\"><h4>Sean McFarling<\/h4><p>Membre du conseil d'administration<\/p><p>Conseiller g\u00e9n\u00e9ral<\/p><p>LIUNA<\/p><\/div><div class=\"our-team--list-member\"><h4>Natalie Spooner-Bourgogne<\/h4><p>Membre du conseil d'administration<\/p><p>Directeur des programmes et de la planification<\/p><p>Banque alimentaire d'Ottawa<\/p><\/div><div class=\"our-team--list-member\"><h4>Mark Kmill<\/h4><p>Membre du conseil d'administration<\/p><p>Directeur des op\u00e9rations<\/p><p>Association r\u00e9gionale de distribution alimentaire (RFDA)<\/p><\/div><div class=\"our-team--list-member\"><h4>Nicole Gourley<\/h4><p>Membre du conseil d'administration<\/p><p>Chef de l'exploitation<\/p><p>Mat\u00e9riaux circulaires<\/p><\/div><\/div><\/div><\/div>\n\t<p><em>Si vous souhaitez faire partie du conseil d'administration de Feed Ontario, veuillez envoyer votre manifestation d'int\u00e9r\u00eat \u00e0 l'adresse suivante <a href=\"mailto:info@feedontario.ca\">info@feedontario.ca<\/a>. <\/em><\/p>\n<p><em>Dans le cadre de son engagement en faveur de la justice raciale et de la r\u00e9conciliation, Feed Ontario encourage activement les Noirs, les autochtones et les personnes de couleur \u00e0 poser leur candidature \u00e0 son conseil d'administration.<\/em><\/p>\n<p><em>Nous accueillons et encourageons les candidatures de personnes handicap\u00e9es. Des am\u00e9nagements sont disponibles sur demande pour les candidats participant \u00e0 tous les aspects du processus de s\u00e9lection.<\/em><\/p>\n\t<p>Fier membre de Banques alimentaires Canada<\/p>\n\t\t\t\t<img decoding=\"async\" src=\"https:\/\/feedontario.ca\/wp-content\/uploads\/2021\/04\/Food-Banks-Canada-Billingual-2018.png\" alt=\"Un logo bilingue indiquant Banques alimentaires Canada\" itemprop=\"image\" height=\"127\" width=\"548\" title=\"Banques alimentaires Canada - Billingue - 2018\" onerror=\"this.style.display='none'\" loading=\"lazy\" \/>\n\tFier employeur partenaire de la<br \/>\nCentre canadien pour la diversit\u00e9 et l'inclusion\n\t\t\t\t<img decoding=\"async\" src=\"https:\/\/feedontario.ca\/wp-content\/uploads\/2022\/04\/CCDI-Employer-Partner-Logo-Color_EN.png\" alt=\"Un logo avec une forme abstraite color\u00e9e \u00e0 gauche et le texte &quot;CCDI Employer Partner&quot; \u00e0 droite, s\u00e9par\u00e9s par une ligne verticale.\" itemprop=\"image\" height=\"561\" width=\"1320\" title=\"Logo du partenaire employeur de la CCDI - Color_EN\" onerror=\"this.style.display='none'\" loading=\"lazy\" \/>\n<h4>\n\t\t<a href=\"https:\/\/feedontario.ca\/wp-content\/uploads\/2022\/10\/Food-Banks-Canada-The-Ethical-Foodbanking-Code_June-2017.pdf\" title=\"Lire le code \u00e9thique de la banque alimentaire\"  target=\"_blank\"  rel=\"noopener\">\n\t\t\tLire le code \u00e9thique de la banque alimentaire\t\t<\/a>\n\t<\/h4>\n<h4>\n\t\t<a href=\"https:\/\/feedontario.ca\/fr\/nouvelles\/declaration-sur-linclusion\/\" title=\"Lire notre d\u00e9claration sur l&#039;inclusivit\u00e9\"  target=\"_blank\"  rel=\"noopener\">\n\t\t\tLire notre d\u00e9claration sur l'inclusivit\u00e9\t\t<\/a>\n\t<\/h4>\n\tFi\u00e8rement reconnu<br \/>\npar Charity Intelligence Canada\n\t\t\t\t<img decoding=\"async\" src=\"https:\/\/feedontario.ca\/wp-content\/uploads\/2025\/11\/Top-10-food-bank.png\" alt=\"Top 10 des banques alimentaires\" itemprop=\"image\" height=\"628\" width=\"1200\" title=\"Top 10 des banques alimentaires\" onerror=\"this.style.display='none'\" loading=\"lazy\" \/>\n\tFeed Ontario est une<br \/>\nEmployeur certifi\u00e9 pour le salaire de subsistance\n\t\t\t\t<img decoding=\"async\" src=\"https:\/\/feedontario.ca\/wp-content\/uploads\/2024\/03\/OLWN-employer-badge-800x467-1.png\" alt=\"Un graphique vert et bleu avec le texte &quot;We are a Living Wage Employer&quot; et &quot;livingwage.ca&quot; en bas.\" itemprop=\"image\" height=\"467\" width=\"800\" title=\"OLWN-employer-badge-800x467\" onerror=\"this.style.display='none'\" loading=\"lazy\" \/>\n\t<p>Accr\u00e9ditation des normes d'excellence de Banques alimentaires Canada<\/p>\n\t\t\t\t<img decoding=\"async\" src=\"https:\/\/feedontario.ca\/wp-content\/uploads\/2023\/08\/FBC_StandardsofExcellence_Logo2023-400x400.jpg\" alt=\"Sceau des normes d&#039;excellence\" itemprop=\"image\" height=\"400\" width=\"400\" title=\"Imprimer\" onerror=\"this.style.display='none'\" loading=\"lazy\" \/>\n\t<p>Accr\u00e9dit\u00e9 par Imagine Canada pour son excellence dans le secteur \u00e0 but non lucratif<\/p>\n\t\t\t\t<img decoding=\"async\" src=\"https:\/\/feedontario.ca\/wp-content\/uploads\/2025\/06\/IC-Standards_Trustmark_Stacked_A_Colour-e1750944817177.png\" alt=\"IC-Standards_Trustmark_Stacked_A_Colour\" itemprop=\"image\" height=\"656\" width=\"800\" title=\"IC-Standards_Trustmark_Stacked_A_Colour\" onerror=\"this.style.display='none'\" loading=\"lazy\" \/>\n<h4>\n\t\t<a href=\"https:\/\/www.charityintelligence.ca\/charity-profiles\/top-10-impact-charities\" title=\"En savoir plus sur le prix Top Charity\"  target=\"_blank\"  rel=\"noopener\">\n\t\t\tEn savoir plus sur le prix Top Charity\t\t<\/a>\n\t<\/h4>\n<h4>\n\t\t<a href=\"https:\/\/www.ontariolivingwage.ca\/about\" title=\"Lire pour en savoir plus\"  target=\"_blank\"  rel=\"noopener\">\n\t\t\tLire pour en savoir plus\t\t<\/a>\n\t<\/h4>\n<h4>\n\t\t<a href=\"https:\/\/foodbankscanada.ca\/operational-excellence\/\" title=\"En savoir plus sur les normes\"  target=\"_blank\"  rel=\"noopener\">\n\t\t\tEn savoir plus sur les normes\t\t<\/a>\n\t<\/h4>\n<h4>\n\t\t<a href=\"https:\/\/www.imaginecanada.ca\/standards\" title=\"En savoir plus sur Imagine Canada\"  target=\"_blank\"  rel=\"noopener\">\n\t\t\tEn savoir plus sur Imagine Canada\t\t<\/a>\n\t<\/h4>\n<h2>\n\t\t\tContactez-nous d\u00e8s aujourd'hui\t<\/h2>\n\t<p>Vous souhaitez rejoindre notre r\u00e9seau ? Vous cherchez votre banque alimentaire locale ? Vous voulez faire un don ? Nous sommes l\u00e0 pour vous aider !<\/p>\n<p><strong>T\u00e9l\u00e9phone :<\/strong> 416-656-4100<\/p>\n<p><strong>Informations g\u00e9n\u00e9rales :<\/strong> info@feedontario.ca<\/p>\n<p><strong>Faire un don :<\/strong> donate@feedontario.ca<\/p>\n<p><strong>Demandes de renseignements des m\u00e9dias :<\/strong> andrea@feedontario.ca<\/p>\n\t<p>EN SAVOIR PLUS SUR NOUS<\/p>\n\t\t\t<a href=\"https:\/\/feedontario.ca\/fr\/a-propos-de-nous\/devenir-membre\/\" target=\"_self\">\n\t\t\t\t\t\t\tDevenir membre\n\t\t\t\t\t<\/a>\n\t\t\t<a href=\"https:\/\/feedontario.ca\/fr\/a-propos-de-nous\/trouver-une-banque-alimentaire\/\" target=\"_self\">\n\t\t\t\t\t\t\tTrouver une banque alimentaire\n\t\t\t\t\t<\/a>\n\t\t\t<a href=\"\/fr\/donner\/\" target=\"_self\">\n\t\t\t\t\t\t\tFaire un don\n\t\t\t\t\t<\/a>\n<h2>\n\t\t\tNous avons un si\u00e8ge qui vous attend !\t<\/h2>\n\t<p>Vous joindrez-vous \u00e0 nous pour aider \u00e0 nourrir l'Ontario ?<\/p>\n<p>&nbsp;<\/p>\n\t\t\t<a href=\"\/fr\/prendre-des-mesures\/donner\/\" target=\"_self\">\n\t\t\t\t\t\tFaire un don\n\t\t\t\t\t<\/a>","protected":false},"excerpt":{"rendered":"<p>Ensemble, nous nourrissons l'Ontario Feed Ontario est le plus grand collectif d'organismes de lutte contre la faim de la province. En collaboration avec les banques alimentaires, les partenaires de l'industrie et les communaut\u00e9s locales, nous travaillons \u00e0 mettre fin \u00e0 la faim et \u00e0 la pauvret\u00e9 en fournissant des aliments frais et sains, en \u00e9laborant des programmes novateurs et en suscitant le changement par la recherche et la d\u00e9fense des int\u00e9r\u00eats. Faire un don maintenant SAUTER Vision et mission Comment nous...<\/p>","protected":false},"author":6,"featured_media":39977,"parent":0,"menu_order":21,"comment_status":"closed","ping_status":"closed","template":"","meta":{"_acf_changed":false,"inline_featured_image":false,"footnotes":""},"class_list":["post-38893","page","type-page","status-publish","has-post-thumbnail","hentry"],"acf":[],"yoast_head":"<!-- This site is optimized with the Yoast SEO plugin v27.4 - https:\/\/yoast.com\/product\/yoast-seo-wordpress\/ -->\n<title>Who We Are: Vision &amp; Mission | Feed Ontario<\/title>\n<meta name=\"description\" content=\"Feed Ontario supports local food banks with innovative programmes. We work with food banks, industry partners, &amp; communities to end hunger in Ontario.\" \/>\n<meta name=\"robots\" content=\"index, follow, max-snippet:-1, max-image-preview:large, max-video-preview:-1\" \/>\n<link rel=\"canonical\" href=\"https:\/\/feedontario.ca\/fr\/a-propos-de-nous\/\" \/>\n<meta property=\"og:locale\" content=\"fr_CA\" \/>\n<meta property=\"og:type\" content=\"article\" \/>\n<meta property=\"og:title\" content=\"Who We Are: Vision &amp; Mission | Feed Ontario\" \/>\n<meta property=\"og:description\" content=\"Feed Ontario supports local food banks with innovative programmes. We work with food banks, industry partners, &amp; communities to end hunger in Ontario.\" \/>\n<meta property=\"og:url\" content=\"https:\/\/feedontario.ca\/fr\/a-propos-de-nous\/\" \/>\n<meta property=\"og:site_name\" content=\"Feed Ontario\" \/>\n<meta property=\"article:modified_time\" content=\"2025-11-05T13:24:48+00:00\" \/>\n<meta property=\"og:image\" content=\"https:\/\/feedontario.ca\/wp-content\/uploads\/2021\/03\/about-us-hero.jpg\" \/>\n\t<meta property=\"og:image:width\" content=\"1600\" \/>\n\t<meta property=\"og:image:height\" content=\"1000\" \/>\n\t<meta property=\"og:image:type\" content=\"image\/jpeg\" \/>\n<meta name=\"twitter:card\" content=\"summary_large_image\" \/>\n<meta name=\"twitter:label1\" content=\"Est. reading time\" \/>\n\t<meta name=\"twitter:data1\" content=\"2 minutes\" \/>\n<script type=\"application\/ld+json\" class=\"yoast-schema-graph\">{\"@context\":\"https:\\\/\\\/schema.org\",\"@graph\":[{\"@type\":\"WebPage\",\"@id\":\"https:\\\/\\\/feedontario.ca\\\/about-us\\\/\",\"url\":\"https:\\\/\\\/feedontario.ca\\\/about-us\\\/\",\"name\":\"Who We Are: Vision & Mission | Feed Ontario\",\"isPartOf\":{\"@id\":\"https:\\\/\\\/feedontario.ca\\\/#website\"},\"primaryImageOfPage\":{\"@id\":\"https:\\\/\\\/feedontario.ca\\\/about-us\\\/#primaryimage\"},\"image\":{\"@id\":\"https:\\\/\\\/feedontario.ca\\\/about-us\\\/#primaryimage\"},\"thumbnailUrl\":\"https:\\\/\\\/feedontario.ca\\\/wp-content\\\/uploads\\\/2021\\\/03\\\/about-us-hero.jpg\",\"datePublished\":\"2021-02-08T23:42:21+00:00\",\"dateModified\":\"2025-11-05T13:24:48+00:00\",\"description\":\"Feed Ontario supports local food banks with innovative programmes. We work with food banks, industry partners, & communities to end hunger in Ontario.\",\"breadcrumb\":{\"@id\":\"https:\\\/\\\/feedontario.ca\\\/about-us\\\/#breadcrumb\"},\"inLanguage\":\"fr-CA\",\"potentialAction\":[{\"@type\":\"ReadAction\",\"target\":[\"https:\\\/\\\/feedontario.ca\\\/about-us\\\/\"]}]},{\"@type\":\"ImageObject\",\"inLanguage\":\"fr-CA\",\"@id\":\"https:\\\/\\\/feedontario.ca\\\/about-us\\\/#primaryimage\",\"url\":\"https:\\\/\\\/feedontario.ca\\\/wp-content\\\/uploads\\\/2021\\\/03\\\/about-us-hero.jpg\",\"contentUrl\":\"https:\\\/\\\/feedontario.ca\\\/wp-content\\\/uploads\\\/2021\\\/03\\\/about-us-hero.jpg\",\"width\":1600,\"height\":1000,\"caption\":\"A picture of a woman facing away, holding a wooden crate of fresh produce and walking in a field\"},{\"@type\":\"BreadcrumbList\",\"@id\":\"https:\\\/\\\/feedontario.ca\\\/about-us\\\/#breadcrumb\",\"itemListElement\":[{\"@type\":\"ListItem\",\"position\":1,\"name\":\"Home\",\"item\":\"https:\\\/\\\/feedontario.ca\\\/\"},{\"@type\":\"ListItem\",\"position\":2,\"name\":\"About Us\"}]},{\"@type\":\"WebSite\",\"@id\":\"https:\\\/\\\/feedontario.ca\\\/#website\",\"url\":\"https:\\\/\\\/feedontario.ca\\\/\",\"name\":\"Feed Ontario\",\"description\":\"Uniting food banks, industry partners, and local communities in our work to end hunger and poverty\",\"potentialAction\":[{\"@type\":\"SearchAction\",\"target\":{\"@type\":\"EntryPoint\",\"urlTemplate\":\"https:\\\/\\\/feedontario.ca\\\/?s={search_term_string}\"},\"query-input\":{\"@type\":\"PropertyValueSpecification\",\"valueRequired\":true,\"valueName\":\"search_term_string\"}}],\"inLanguage\":\"fr-CA\"}]}<\/script>\n<!-- \/ Yoast SEO plugin. -->","yoast_head_json":{"title":"Qui sommes-nous ? Vision et mission | Feed Ontario","description":"Feed Ontario soutient les banques alimentaires locales au moyen de programmes novateurs. Nous travaillons avec les banques alimentaires, les partenaires industriels et les communaut\u00e9s pour mettre fin \u00e0 la faim en Ontario.","robots":{"index":"index","follow":"follow","max-snippet":"max-snippet:-1","max-image-preview":"max-image-preview:large","max-video-preview":"max-video-preview:-1"},"canonical":"https:\/\/feedontario.ca\/fr\/a-propos-de-nous\/","og_locale":"fr_CA","og_type":"article","og_title":"Who We Are: Vision & Mission | Feed Ontario","og_description":"Feed Ontario supports local food banks with innovative programmes. We work with food banks, industry partners, & communities to end hunger in Ontario.","og_url":"https:\/\/feedontario.ca\/fr\/a-propos-de-nous\/","og_site_name":"Feed Ontario","article_modified_time":"2025-11-05T13:24:48+00:00","og_image":[{"width":1600,"height":1000,"url":"https:\/\/feedontario.ca\/wp-content\/uploads\/2021\/03\/about-us-hero.jpg","type":"image\/jpeg"}],"twitter_card":"summary_large_image","twitter_misc":{"Est. reading time":"2 minutes"},"schema":{"@context":"https:\/\/schema.org","@graph":[{"@type":"WebPage","@id":"https:\/\/feedontario.ca\/about-us\/","url":"https:\/\/feedontario.ca\/about-us\/","name":"Qui sommes-nous ? Vision et mission | Feed Ontario","isPartOf":{"@id":"https:\/\/feedontario.ca\/#website"},"primaryImageOfPage":{"@id":"https:\/\/feedontario.ca\/about-us\/#primaryimage"},"image":{"@id":"https:\/\/feedontario.ca\/about-us\/#primaryimage"},"thumbnailUrl":"https:\/\/feedontario.ca\/wp-content\/uploads\/2021\/03\/about-us-hero.jpg","datePublished":"2021-02-08T23:42:21+00:00","dateModified":"2025-11-05T13:24:48+00:00","description":"Feed Ontario soutient les banques alimentaires locales au moyen de programmes novateurs. Nous travaillons avec les banques alimentaires, les partenaires industriels et les communaut\u00e9s pour mettre fin \u00e0 la faim en Ontario.","breadcrumb":{"@id":"https:\/\/feedontario.ca\/about-us\/#breadcrumb"},"inLanguage":"fr-CA","potentialAction":[{"@type":"ReadAction","target":["https:\/\/feedontario.ca\/about-us\/"]}]},{"@type":"ImageObject","inLanguage":"fr-CA","@id":"https:\/\/feedontario.ca\/about-us\/#primaryimage","url":"https:\/\/feedontario.ca\/wp-content\/uploads\/2021\/03\/about-us-hero.jpg","contentUrl":"https:\/\/feedontario.ca\/wp-content\/uploads\/2021\/03\/about-us-hero.jpg","width":1600,"height":1000,"caption":"A picture of a woman facing away, holding a wooden crate of fresh produce and walking in a field"},{"@type":"BreadcrumbList","@id":"https:\/\/feedontario.ca\/about-us\/#breadcrumb","itemListElement":[{"@type":"ListItem","position":1,"name":"Home","item":"https:\/\/feedontario.ca\/"},{"@type":"ListItem","position":2,"name":"About Us"}]},{"@type":"WebSite","@id":"https:\/\/feedontario.ca\/#website","url":"https:\/\/feedontario.ca\/","name":"Nourrir l'Ontario","description":"Unir les banques alimentaires, les partenaires industriels et les communaut\u00e9s locales dans notre travail pour \u00e9radiquer la faim et la pauvret\u00e9.","potentialAction":[{"@type":"SearchAction","target":{"@type":"EntryPoint","urlTemplate":"https:\/\/feedontario.ca\/?s={search_term_string}"},"query-input":{"@type":"PropertyValueSpecification","valueRequired":true,"valueName":"search_term_string"}}],"inLanguage":"fr-CA"}]}},"_links":{"self":[{"href":"https:\/\/feedontario.ca\/fr\/wp-json\/wp\/v2\/pages\/38893","targetHints":{"allow":["GET"]}}],"collection":[{"href":"https:\/\/feedontario.ca\/fr\/wp-json\/wp\/v2\/pages"}],"about":[{"href":"https:\/\/feedontario.ca\/fr\/wp-json\/wp\/v2\/types\/page"}],"author":[{"embeddable":true,"href":"https:\/\/feedontario.ca\/fr\/wp-json\/wp\/v2\/users\/6"}],"replies":[{"embeddable":true,"href":"https:\/\/feedontario.ca\/fr\/wp-json\/wp\/v2\/comments?post=38893"}],"version-history":[{"count":0,"href":"https:\/\/feedontario.ca\/fr\/wp-json\/wp\/v2\/pages\/38893\/revisions"}],"wp:featuredmedia":[{"embeddable":true,"href":"https:\/\/feedontario.ca\/fr\/wp-json\/wp\/v2\/media\/39977"}],"wp:attachment":[{"href":"https:\/\/feedontario.ca\/fr\/wp-json\/wp\/v2\/media?parent=38893"}],"curies":[{"name":"wp","href":"https:\/\/api.w.org\/{rel}","templated":true}]}}