{"id":38895,"date":"2021-02-08T23:47:54","date_gmt":"2021-02-08T23:47:54","guid":{"rendered":"https:\/\/feedontario.ca\/?page_id=38895"},"modified":"2025-09-19T16:05:03","modified_gmt":"2025-09-19T16:05:03","slug":"impact-financier","status":"publish","type":"page","link":"https:\/\/feedontario.ca\/fr\/a-propos-de-nous\/impact-financier\/","title":{"rendered":"Impact et finances"},"content":{"rendered":"\n<h3>\n\t\t\tFeed Ontario&#8217;s 2024-25 Impact Report\t<\/h3>\n\t\t\t\t<img decoding=\"async\" src=\"https:\/\/feedontario.ca\/wp-content\/uploads\/2021\/01\/squiggle_yellow.svg\" alt=\"yellow squiggly line\" itemprop=\"image\" height=\"4\" width=\"38\" title=\"squiggle_yellow\" onerror=\"this.style.display='none'\" loading=\"lazy\" \/>\n\t<p><strong>Breaking records. Building resilience in Ontario.<\/strong><\/p>\n<p>Last year, over 1 million people visited a food bank in Ontario. The generosity of people across the province has made it possible for us to rise to meet this increased demand and keep food bank shelves stocked. We distributed more food than ever before to our network, a record-breaking 16 million pounds.<\/p>\n<p>The contributions individuals and businesses provide doesn&#8217;t just help us meet the need we&#8217;re seeing in our communities today, it makes it possible to strengthen the capacity of our network to take on future challenges and for us to advocate for evidence-based policy solutions, so that one day fewer people will need to visit a food bank.<\/p>\n<p>Thanks to incredible support we&#8217;ve received, we&#8217;re not only helping make sure that people have enough to eat, we&#8217;re working to create meaningful change.<\/p>\n<p>Read the full report to see how the kindness of Ontarians has made a direct impact on our ability to respond to record-high demand and to make a difference in the lives of those facing hunger today.<\/p>\n\t\t\t<a href=\"https:\/\/feedontario.ca\/wp-content\/uploads\/2025\/06\/FEED_Ontario_ImpactReport25.pdf\" target=\"_blank\" rel=\"noopener\">\n\t\t\t\t\t\t\tread the Report    <svg class=\"acc_external_icon\" xmlns=\"http:\/\/www.w3.org\/2000\/svg\" xmlns:xlink=\"http:\/\/www.w3.org\/1999\/xlink\" aria-hidden=\"true\" focusable=\"false\" width=\"0.8rem\" height=\"0.8rem\" preserveAspectRatio=\"xMidYMid meet\" viewBox=\"0 0 512 512\"><path d=\"M432 320h-32a16 16 0 0 0-16 16v112H64V128h144a16 16 0 0 0 16-16V80a16 16 0 0 0-16-16H48a48 48 0 0 0-48 48v352a48 48 0 0 0 48 48h352a48 48 0 0 0 48-48V336a16 16 0 0 0-16-16zM488 0H360c-21.37 0-32.05 25.91-17 41l35.73 35.73L135 320.37a24 24 0 0 0 0 34L157.67 377a24 24 0 0 0 34 0l243.61-243.68L471 169c15 15 41 4.5 41-17V24a24 24 0 0 0-24-24z\" fill=\"var(--blue-light)\"\/><\/svg><span class='acc_external'>Link opens a new window<\/span>\n\t\t\t\t\t<\/a>\n<h2  data-animation-delay=\"0\" data-animation-duration=\"1\">\n\t\t\tBy the numbers\t<\/h2>\n\t\t$270,000\n\t\t\t\t<img decoding=\"async\" src=\"https:\/\/feedontario.ca\/wp-content\/uploads\/2021\/01\/squiggle_yellow.svg\" alt=\"yellow squiggly line\" itemprop=\"image\" height=\"4\" width=\"38\" title=\"squiggle_yellow\" onerror=\"this.style.display='none'\" loading=\"lazy\" \/>\n\t<p>in funding provided to support food bank infrastructure through the Feeding Possibility! Grant<\/p>\n\t\t16.1 Million\n\t\t\t\t<img decoding=\"async\" src=\"https:\/\/feedontario.ca\/wp-content\/uploads\/2021\/01\/squiggle_yellow.svg\" alt=\"yellow squiggly line\" itemprop=\"image\" height=\"4\" width=\"38\" title=\"squiggle_yellow\" onerror=\"this.style.display='none'\" loading=\"lazy\" \/>\n\t<p>pounds of fresh and non-perishable foods are distributed by Feed Ontario each year to those who need it the most<\/p>\n\t\t1,200\n\t\t\t\t<img decoding=\"async\" src=\"https:\/\/feedontario.ca\/wp-content\/uploads\/2021\/01\/squiggle_yellow.svg\" alt=\"yellow squiggly line\" itemprop=\"image\" height=\"4\" width=\"38\" title=\"squiggle_yellow\" onerror=\"this.style.display='none'\" loading=\"lazy\" \/>\n\t<p>Food banks and hunger-relief organizations are supported across the province<\/p>\n\t<blockquote><p>As a member of the Feed Ontario Board, I&#8217;m proud to contribute to an organization that not only responds to urgent needs, but also works toward a future where food banks are no longer needed-a vision I fully believe in. Supporting Feed Ontario reflects my deepest values: to nourish children, support families, and strengthen communities. Together, we are feeding hope, driving change, and unlocking possibility. Working toward a future where no child or family in Ontario goes hungry.<\/p><\/blockquote>\n\t<p>Audrie Bouwmeester, Feed Ontario Board Member<\/p>\n<h3>\n\t\t\tPast impact reports\t<\/h3>\n\t<ul>\n<li><a href=\"https:\/\/feedontario.ca\/wp-content\/uploads\/2024\/08\/FEED_Ontario_ImpactReport24.pdf\">See 2023-2024 Impact Report<\/a><\/li>\n<li><a href=\"https:\/\/feedontario.ca\/impact-report-2023\/\">See 2022-2023 Impact Report<\/a><\/li>\n<li><a href=\"https:\/\/feedontario.ca\/impact-report-2022\/\">See 2021-2022 Impact Report<\/a><\/li>\n<li><a href=\"https:\/\/www.feedontario.ca\/impact-report-2021\">See 2020-2021 Impact Report<\/a><\/li>\n<li><a href=\"https:\/\/feedontario.ca\/impact-report-2020\/\">See 2019-2020 Impact Report<\/a><\/li>\n<li><a href=\"https:\/\/feedontario.ca\/impact-report-2019\/\" target=\"_blank\" rel=\"noopener\">See 2018-2019 Impact Report<\/a><\/li>\n<li><a href=\"https:\/\/feedontario.ca\/impact-report-2018\/\" target=\"_blank\" rel=\"noopener\">See 2017-2018 Impact Report<\/a><\/li>\n<li><a href=\"\/wp-content\/uploads\/2021\/02\/Impact-Report-2017.pdf\" target=\"_blank\" rel=\"noopener\">Download 2016-2017 Impact Report (1.1MB PDF)    <svg class=\"acc_external_icon\" xmlns=\"http:\/\/www.w3.org\/2000\/svg\" xmlns:xlink=\"http:\/\/www.w3.org\/1999\/xlink\" aria-hidden=\"true\" focusable=\"false\" width=\"0.8rem\" height=\"0.8rem\" preserveAspectRatio=\"xMidYMid meet\" viewBox=\"0 0 512 512\"><path d=\"M432 320h-32a16 16 0 0 0-16 16v112H64V128h144a16 16 0 0 0 16-16V80a16 16 0 0 0-16-16H48a48 48 0 0 0-48 48v352a48 48 0 0 0 48 48h352a48 48 0 0 0 48-48V336a16 16 0 0 0-16-16zM488 0H360c-21.37 0-32.05 25.91-17 41l35.73 35.73L135 320.37a24 24 0 0 0 0 34L157.67 377a24 24 0 0 0 34 0l243.61-243.68L471 169c15 15 41 4.5 41-17V24a24 24 0 0 0-24-24z\" fill=\"var(--blue-light)\"\/><\/svg><span class='acc_external'>Link opens a new window<\/span><\/a><\/li>\n<li><a href=\"\/wp-content\/uploads\/2021\/02\/Impact-Report-2016.pdf\" target=\"_blank\" rel=\"noopener\">Download 2015-2016 Impact Report (6.18MB PDF)    <svg class=\"acc_external_icon\" xmlns=\"http:\/\/www.w3.org\/2000\/svg\" xmlns:xlink=\"http:\/\/www.w3.org\/1999\/xlink\" aria-hidden=\"true\" focusable=\"false\" width=\"0.8rem\" height=\"0.8rem\" preserveAspectRatio=\"xMidYMid meet\" viewBox=\"0 0 512 512\"><path d=\"M432 320h-32a16 16 0 0 0-16 16v112H64V128h144a16 16 0 0 0 16-16V80a16 16 0 0 0-16-16H48a48 48 0 0 0-48 48v352a48 48 0 0 0 48 48h352a48 48 0 0 0 48-48V336a16 16 0 0 0-16-16zM488 0H360c-21.37 0-32.05 25.91-17 41l35.73 35.73L135 320.37a24 24 0 0 0 0 34L157.67 377a24 24 0 0 0 34 0l243.61-243.68L471 169c15 15 41 4.5 41-17V24a24 24 0 0 0-24-24z\" fill=\"var(--blue-light)\"\/><\/svg><span class='acc_external'>Link opens a new window<\/span><\/a><\/li>\n<li><a href=\"\/wp-content\/uploads\/2021\/02\/Impact-Report-2015.pdf\" target=\"_blank\" rel=\"noopener\">Download 2014-2015 Impact Report (885.18KB PDF)    <svg class=\"acc_external_icon\" xmlns=\"http:\/\/www.w3.org\/2000\/svg\" xmlns:xlink=\"http:\/\/www.w3.org\/1999\/xlink\" aria-hidden=\"true\" focusable=\"false\" width=\"0.8rem\" height=\"0.8rem\" preserveAspectRatio=\"xMidYMid meet\" viewBox=\"0 0 512 512\"><path d=\"M432 320h-32a16 16 0 0 0-16 16v112H64V128h144a16 16 0 0 0 16-16V80a16 16 0 0 0-16-16H48a48 48 0 0 0-48 48v352a48 48 0 0 0 48 48h352a48 48 0 0 0 48-48V336a16 16 0 0 0-16-16zM488 0H360c-21.37 0-32.05 25.91-17 41l35.73 35.73L135 320.37a24 24 0 0 0 0 34L157.67 377a24 24 0 0 0 34 0l243.61-243.68L471 169c15 15 41 4.5 41-17V24a24 24 0 0 0-24-24z\" fill=\"var(--blue-light)\"\/><\/svg><span class='acc_external'>Link opens a new window<\/span><\/a><\/li>\n<\/ul>\n<h4>\n\t\t\t2025 financial statement\t<\/h4>\n\t\t\t\t<img decoding=\"async\" src=\"https:\/\/feedontario.ca\/wp-content\/uploads\/2021\/01\/squiggle_yellow.svg\" alt=\"yellow squiggly line\" itemprop=\"image\" height=\"4\" width=\"38\" title=\"squiggle_yellow\" onerror=\"this.style.display='none'\" loading=\"lazy\" \/>\n\t<p>Feed Ontario submits audited financial statements each year to ensure we are CRA-compliant and to demonstrate to supporters that gifts are used wisely.<\/p>\n<p>Our Charitable Registration Number is 885260968RR0001.<\/p>\n\t\t\t<a href=\"https:\/\/feedontario.ca\/wp-content\/uploads\/2025\/06\/OAFB2025_AuditedStatements.pdf\" target=\"_blank\" rel=\"noopener\">\n\t\t\t\t\t\t\tDownload 2024-2025 Financial Statement\n\t\t\t\t\t<\/a>\n\t<p>To access our T3010, including more information about our programs, activities, and compensation, please visit the CRA&#8217;s <a href=\"https:\/\/apps.cra-arc.gc.ca\/ebci\/hacc\/srch\/pub\/dsplyRprtngPrd?q.srchNmFltr=ontario+association+of+food+banks&amp;q.stts=0007&amp;selectedCharityBn=885260968RR0001&amp;dsrdPg=1\">website here<\/a> to learn more.<\/p>\n<h3>\n\t\t\tPast financial statements\t<\/h3>\n\t<ul>\n<li><a href=\"https:\/\/feedontario.ca\/wp-content\/uploads\/2024\/08\/2024_Feed_Ontario_OAFB_FinancialStatements.pdf\" target=\"_blank\" rel=\"noopener\">Download 2024 Financial Statement<\/a><\/li>\n<li><a href=\"https:\/\/feedontario.ca\/wp-content\/uploads\/2023\/12\/2023-Final-FS-OAFB-Ontario-Association-of-Food-Banks.pdf\">Download 2023 Financial Statement<\/a><\/li>\n<li><a href=\"https:\/\/feedontario.ca\/wp-content\/uploads\/2022\/07\/Feed-Ontario-Audited-Financial-Statements-FY22.pdf\">Download 2022 Financial Statement<\/a><\/li>\n<li><a href=\"https:\/\/feedontario.ca\/wp-content\/uploads\/2021\/07\/2021-Final-FS-OAFB-202103FS.pdf\">Download 2021 Financial Statement<\/a><\/li>\n<li><a href=\"https:\/\/feedontario.ca\/wp-content\/uploads\/2021\/03\/OAFB2020_AuditedStatements.pdf\">Download 2020 Financial Statement<\/a> <a href=\"https:\/\/feedontario.ca\/wp-content\/uploads\/2021\/03\/OAFB2020_AuditedStatements.pdf\">[external link]<\/a><\/li>\n<li><a href=\"\/wp-content\/uploads\/2021\/02\/OAFB-Signed-Audited-Financial-Statements-2018-19.pdf\" target=\"_blank\" rel=\"noopener\">Download 2018-2019 Financial Statement (277.33KB PDF)    <svg class=\"acc_external_icon\" xmlns=\"http:\/\/www.w3.org\/2000\/svg\" xmlns:xlink=\"http:\/\/www.w3.org\/1999\/xlink\" aria-hidden=\"true\" focusable=\"false\" width=\"0.8rem\" height=\"0.8rem\" preserveAspectRatio=\"xMidYMid meet\" viewBox=\"0 0 512 512\"><path d=\"M432 320h-32a16 16 0 0 0-16 16v112H64V128h144a16 16 0 0 0 16-16V80a16 16 0 0 0-16-16H48a48 48 0 0 0-48 48v352a48 48 0 0 0 48 48h352a48 48 0 0 0 48-48V336a16 16 0 0 0-16-16zM488 0H360c-21.37 0-32.05 25.91-17 41l35.73 35.73L135 320.37a24 24 0 0 0 0 34L157.67 377a24 24 0 0 0 34 0l243.61-243.68L471 169c15 15 41 4.5 41-17V24a24 24 0 0 0-24-24z\" fill=\"var(--blue-light)\"\/><\/svg><span class='acc_external'>Link opens a new window<\/span><\/a><\/li>\n<li><a href=\"\/wp-content\/uploads\/2021\/02\/2017-18-Audited-Statements-Ontario-Association-of-Food-Banks.pdf\" target=\"_blank\" rel=\"noopener\">Download 2017-2018 Financial Statement (130.2KB PDF)    <svg class=\"acc_external_icon\" xmlns=\"http:\/\/www.w3.org\/2000\/svg\" xmlns:xlink=\"http:\/\/www.w3.org\/1999\/xlink\" aria-hidden=\"true\" focusable=\"false\" width=\"0.8rem\" height=\"0.8rem\" preserveAspectRatio=\"xMidYMid meet\" viewBox=\"0 0 512 512\"><path d=\"M432 320h-32a16 16 0 0 0-16 16v112H64V128h144a16 16 0 0 0 16-16V80a16 16 0 0 0-16-16H48a48 48 0 0 0-48 48v352a48 48 0 0 0 48 48h352a48 48 0 0 0 48-48V336a16 16 0 0 0-16-16zM488 0H360c-21.37 0-32.05 25.91-17 41l35.73 35.73L135 320.37a24 24 0 0 0 0 34L157.67 377a24 24 0 0 0 34 0l243.61-243.68L471 169c15 15 41 4.5 41-17V24a24 24 0 0 0-24-24z\" fill=\"var(--blue-light)\"\/><\/svg><span class='acc_external'>Link opens a new window<\/span><\/a><\/li>\n<li><a href=\"\/wp-content\/uploads\/2021\/02\/OAFB2017_AuditedStatements.pdf\" target=\"_blank\" rel=\"noopener\">Download 2016-2017 Financial Statement (79.47KB PDF)    <svg class=\"acc_external_icon\" xmlns=\"http:\/\/www.w3.org\/2000\/svg\" xmlns:xlink=\"http:\/\/www.w3.org\/1999\/xlink\" aria-hidden=\"true\" focusable=\"false\" width=\"0.8rem\" height=\"0.8rem\" preserveAspectRatio=\"xMidYMid meet\" viewBox=\"0 0 512 512\"><path d=\"M432 320h-32a16 16 0 0 0-16 16v112H64V128h144a16 16 0 0 0 16-16V80a16 16 0 0 0-16-16H48a48 48 0 0 0-48 48v352a48 48 0 0 0 48 48h352a48 48 0 0 0 48-48V336a16 16 0 0 0-16-16zM488 0H360c-21.37 0-32.05 25.91-17 41l35.73 35.73L135 320.37a24 24 0 0 0 0 34L157.67 377a24 24 0 0 0 34 0l243.61-243.68L471 169c15 15 41 4.5 41-17V24a24 24 0 0 0-24-24z\" fill=\"var(--blue-light)\"\/><\/svg><span class='acc_external'>Link opens a new window<\/span><\/a><\/li>\n<li><a href=\"\/wp-content\/uploads\/2021\/02\/Signed-Audited-Financial-Statements-OAFB-2016.pdf\" target=\"_blank\" rel=\"noopener\">Download 2015-2016 Financial Statement (141.8KB PDF)    <svg class=\"acc_external_icon\" xmlns=\"http:\/\/www.w3.org\/2000\/svg\" xmlns:xlink=\"http:\/\/www.w3.org\/1999\/xlink\" aria-hidden=\"true\" focusable=\"false\" width=\"0.8rem\" height=\"0.8rem\" preserveAspectRatio=\"xMidYMid meet\" viewBox=\"0 0 512 512\"><path d=\"M432 320h-32a16 16 0 0 0-16 16v112H64V128h144a16 16 0 0 0 16-16V80a16 16 0 0 0-16-16H48a48 48 0 0 0-48 48v352a48 48 0 0 0 48 48h352a48 48 0 0 0 48-48V336a16 16 0 0 0-16-16zM488 0H360c-21.37 0-32.05 25.91-17 41l35.73 35.73L135 320.37a24 24 0 0 0 0 34L157.67 377a24 24 0 0 0 34 0l243.61-243.68L471 169c15 15 41 4.5 41-17V24a24 24 0 0 0-24-24z\" fill=\"var(--blue-light)\"\/><\/svg><span class='acc_external'>Link opens a new window<\/span><\/a><\/li>\n<li><a href=\"\/wp-content\/uploads\/2021\/02\/OAFB-2015_Audited_Statements.pdf\" target=\"_blank\" rel=\"noopener\">Download 2014-2015 Financial Statement (115.95KB PDF)    <svg class=\"acc_external_icon\" xmlns=\"http:\/\/www.w3.org\/2000\/svg\" xmlns:xlink=\"http:\/\/www.w3.org\/1999\/xlink\" aria-hidden=\"true\" focusable=\"false\" width=\"0.8rem\" height=\"0.8rem\" preserveAspectRatio=\"xMidYMid meet\" viewBox=\"0 0 512 512\"><path d=\"M432 320h-32a16 16 0 0 0-16 16v112H64V128h144a16 16 0 0 0 16-16V80a16 16 0 0 0-16-16H48a48 48 0 0 0-48 48v352a48 48 0 0 0 48 48h352a48 48 0 0 0 48-48V336a16 16 0 0 0-16-16zM488 0H360c-21.37 0-32.05 25.91-17 41l35.73 35.73L135 320.37a24 24 0 0 0 0 34L157.67 377a24 24 0 0 0 34 0l243.61-243.68L471 169c15 15 41 4.5 41-17V24a24 24 0 0 0-24-24z\" fill=\"var(--blue-light)\"\/><\/svg><span class='acc_external'>Link opens a new window<\/span><\/a><\/li>\n<li><a href=\"\/wp-content\/uploads\/2021\/02\/OAFB2014_AuditedStatements.pdf\" target=\"_blank\" rel=\"noopener\">Download 2013-2014 Financial Statement (238.38KB PDF)    <svg class=\"acc_external_icon\" xmlns=\"http:\/\/www.w3.org\/2000\/svg\" xmlns:xlink=\"http:\/\/www.w3.org\/1999\/xlink\" aria-hidden=\"true\" focusable=\"false\" width=\"0.8rem\" height=\"0.8rem\" preserveAspectRatio=\"xMidYMid meet\" viewBox=\"0 0 512 512\"><path d=\"M432 320h-32a16 16 0 0 0-16 16v112H64V128h144a16 16 0 0 0 16-16V80a16 16 0 0 0-16-16H48a48 48 0 0 0-48 48v352a48 48 0 0 0 48 48h352a48 48 0 0 0 48-48V336a16 16 0 0 0-16-16zM488 0H360c-21.37 0-32.05 25.91-17 41l35.73 35.73L135 320.37a24 24 0 0 0 0 34L157.67 377a24 24 0 0 0 34 0l243.61-243.68L471 169c15 15 41 4.5 41-17V24a24 24 0 0 0-24-24z\" fill=\"var(--blue-light)\"\/><\/svg><span class='acc_external'>Link opens a new window<\/span><\/a><\/li>\n<\/ul>\n<h2>\n\t\t\tWe&#8217;ve got a seat waiting for you!\t<\/h2>\n\t<p>Will you join us at the table to help Feed Ontario?<\/p>\n\t\t\t<a href=\"\/take-action\/donate\/\" target=\"_self\">\n\t\t\t\t\t\tDonate Now\n\t\t\t\t\t<\/a>\n\n","protected":false},"excerpt":{"rendered":"<p>Rapport d'impact 2024-25 de Feed Ontario Briser les records. Renforcer la r\u00e9silience en Ontario. L'ann\u00e9e derni\u00e8re, plus d'un million de personnes ont visit\u00e9 une banque alimentaire en Ontario. La g\u00e9n\u00e9rosit\u00e9 des gens \u00e0 travers la province nous a permis de r\u00e9pondre \u00e0 cette demande accrue et de garder les \u00e9tag\u00e8res des banques alimentaires bien garnies. Nous avons distribu\u00e9 plus de nourriture que jamais...<\/p>","protected":false},"author":6,"featured_media":40004,"parent":38893,"menu_order":45,"comment_status":"closed","ping_status":"closed","template":"","meta":{"_acf_changed":false,"inline_featured_image":false,"footnotes":""},"class_list":["post-38895","page","type-page","status-publish","has-post-thumbnail","hentry"],"acf":[],"yoast_head":"<!-- This site is optimized with the Yoast SEO plugin v27.4 - https:\/\/yoast.com\/product\/yoast-seo-wordpress\/ -->\n<title>Our Impact &amp; Finances | Feed Ontario<\/title>\n<meta name=\"description\" content=\"Feed Ontario supports local food banks with innovative programmes. We work with food banks, industry partners, &amp; communities to end hunger in Ontario.\" \/>\n<meta name=\"robots\" content=\"index, follow, max-snippet:-1, max-image-preview:large, max-video-preview:-1\" \/>\n<link rel=\"canonical\" href=\"https:\/\/feedontario.ca\/fr\/a-propos-de-nous\/impact-financier\/\" \/>\n<meta property=\"og:locale\" content=\"fr_CA\" \/>\n<meta property=\"og:type\" content=\"article\" \/>\n<meta property=\"og:title\" content=\"Our Impact &amp; Finances | Feed Ontario\" \/>\n<meta property=\"og:description\" content=\"Feed Ontario supports local food banks with innovative programmes. We work with food banks, industry partners, &amp; communities to end hunger in Ontario.\" \/>\n<meta property=\"og:url\" content=\"https:\/\/feedontario.ca\/fr\/a-propos-de-nous\/impact-financier\/\" \/>\n<meta property=\"og:site_name\" content=\"Feed Ontario\" \/>\n<meta property=\"article:modified_time\" content=\"2025-09-19T16:05:03+00:00\" \/>\n<meta property=\"og:image\" content=\"https:\/\/feedontario.ca\/wp-content\/uploads\/2021\/03\/impact-finances-hero.jpg\" \/>\n\t<meta property=\"og:image:width\" content=\"1600\" \/>\n\t<meta property=\"og:image:height\" content=\"1000\" \/>\n\t<meta property=\"og:image:type\" content=\"image\/jpeg\" \/>\n<meta name=\"twitter:card\" content=\"summary_large_image\" \/>\n<meta name=\"twitter:label1\" content=\"Est. reading time\" \/>\n\t<meta name=\"twitter:data1\" content=\"3 minutes\" \/>\n<script type=\"application\/ld+json\" class=\"yoast-schema-graph\">{\"@context\":\"https:\\\/\\\/schema.org\",\"@graph\":[{\"@type\":\"WebPage\",\"@id\":\"https:\\\/\\\/feedontario.ca\\\/about-us\\\/impact-finances\\\/\",\"url\":\"https:\\\/\\\/feedontario.ca\\\/about-us\\\/impact-finances\\\/\",\"name\":\"Our Impact & Finances | Feed Ontario\",\"isPartOf\":{\"@id\":\"https:\\\/\\\/feedontario.ca\\\/#website\"},\"primaryImageOfPage\":{\"@id\":\"https:\\\/\\\/feedontario.ca\\\/about-us\\\/impact-finances\\\/#primaryimage\"},\"image\":{\"@id\":\"https:\\\/\\\/feedontario.ca\\\/about-us\\\/impact-finances\\\/#primaryimage\"},\"thumbnailUrl\":\"https:\\\/\\\/feedontario.ca\\\/wp-content\\\/uploads\\\/2021\\\/03\\\/impact-finances-hero.jpg\",\"datePublished\":\"2021-02-08T23:47:54+00:00\",\"dateModified\":\"2025-09-19T16:05:03+00:00\",\"description\":\"Feed Ontario supports local food banks with innovative programmes. We work with food banks, industry partners, & communities to end hunger in Ontario.\",\"breadcrumb\":{\"@id\":\"https:\\\/\\\/feedontario.ca\\\/about-us\\\/impact-finances\\\/#breadcrumb\"},\"inLanguage\":\"fr-CA\",\"potentialAction\":[{\"@type\":\"ReadAction\",\"target\":[\"https:\\\/\\\/feedontario.ca\\\/about-us\\\/impact-finances\\\/\"]}]},{\"@type\":\"ImageObject\",\"inLanguage\":\"fr-CA\",\"@id\":\"https:\\\/\\\/feedontario.ca\\\/about-us\\\/impact-finances\\\/#primaryimage\",\"url\":\"https:\\\/\\\/feedontario.ca\\\/wp-content\\\/uploads\\\/2021\\\/03\\\/impact-finances-hero.jpg\",\"contentUrl\":\"https:\\\/\\\/feedontario.ca\\\/wp-content\\\/uploads\\\/2021\\\/03\\\/impact-finances-hero.jpg\",\"width\":1600,\"height\":1000,\"caption\":\"A picture of a woman making a salad and a boy holding a spoon to her mouth\"},{\"@type\":\"BreadcrumbList\",\"@id\":\"https:\\\/\\\/feedontario.ca\\\/about-us\\\/impact-finances\\\/#breadcrumb\",\"itemListElement\":[{\"@type\":\"ListItem\",\"position\":1,\"name\":\"Home\",\"item\":\"https:\\\/\\\/feedontario.ca\\\/\"},{\"@type\":\"ListItem\",\"position\":2,\"name\":\"About Us\",\"item\":\"https:\\\/\\\/feedontario.ca\\\/about-us\\\/\"},{\"@type\":\"ListItem\",\"position\":3,\"name\":\"Impact &#038; Finances\"}]},{\"@type\":\"WebSite\",\"@id\":\"https:\\\/\\\/feedontario.ca\\\/#website\",\"url\":\"https:\\\/\\\/feedontario.ca\\\/\",\"name\":\"Feed Ontario\",\"description\":\"Uniting food banks, industry partners, and local communities in our work to end hunger and poverty\",\"potentialAction\":[{\"@type\":\"SearchAction\",\"target\":{\"@type\":\"EntryPoint\",\"urlTemplate\":\"https:\\\/\\\/feedontario.ca\\\/?s={search_term_string}\"},\"query-input\":{\"@type\":\"PropertyValueSpecification\",\"valueRequired\":true,\"valueName\":\"search_term_string\"}}],\"inLanguage\":\"fr-CA\"}]}<\/script>\n<!-- \/ Yoast SEO plugin. -->","yoast_head_json":{"title":"Notre impact et nos finances | Feed Ontario","description":"Feed Ontario soutient les banques alimentaires locales au moyen de programmes novateurs. Nous travaillons avec les banques alimentaires, les partenaires industriels et les communaut\u00e9s pour mettre fin \u00e0 la faim en Ontario.","robots":{"index":"index","follow":"follow","max-snippet":"max-snippet:-1","max-image-preview":"max-image-preview:large","max-video-preview":"max-video-preview:-1"},"canonical":"https:\/\/feedontario.ca\/fr\/a-propos-de-nous\/impact-financier\/","og_locale":"fr_CA","og_type":"article","og_title":"Our Impact & Finances | Feed Ontario","og_description":"Feed Ontario supports local food banks with innovative programmes. We work with food banks, industry partners, & communities to end hunger in Ontario.","og_url":"https:\/\/feedontario.ca\/fr\/a-propos-de-nous\/impact-financier\/","og_site_name":"Feed Ontario","article_modified_time":"2025-09-19T16:05:03+00:00","og_image":[{"width":1600,"height":1000,"url":"https:\/\/feedontario.ca\/wp-content\/uploads\/2021\/03\/impact-finances-hero.jpg","type":"image\/jpeg"}],"twitter_card":"summary_large_image","twitter_misc":{"Est. reading time":"3 minutes"},"schema":{"@context":"https:\/\/schema.org","@graph":[{"@type":"WebPage","@id":"https:\/\/feedontario.ca\/about-us\/impact-finances\/","url":"https:\/\/feedontario.ca\/about-us\/impact-finances\/","name":"Notre impact et nos finances | Feed Ontario","isPartOf":{"@id":"https:\/\/feedontario.ca\/#website"},"primaryImageOfPage":{"@id":"https:\/\/feedontario.ca\/about-us\/impact-finances\/#primaryimage"},"image":{"@id":"https:\/\/feedontario.ca\/about-us\/impact-finances\/#primaryimage"},"thumbnailUrl":"https:\/\/feedontario.ca\/wp-content\/uploads\/2021\/03\/impact-finances-hero.jpg","datePublished":"2021-02-08T23:47:54+00:00","dateModified":"2025-09-19T16:05:03+00:00","description":"Feed Ontario soutient les banques alimentaires locales au moyen de programmes novateurs. Nous travaillons avec les banques alimentaires, les partenaires industriels et les communaut\u00e9s pour mettre fin \u00e0 la faim en Ontario.","breadcrumb":{"@id":"https:\/\/feedontario.ca\/about-us\/impact-finances\/#breadcrumb"},"inLanguage":"fr-CA","potentialAction":[{"@type":"ReadAction","target":["https:\/\/feedontario.ca\/about-us\/impact-finances\/"]}]},{"@type":"ImageObject","inLanguage":"fr-CA","@id":"https:\/\/feedontario.ca\/about-us\/impact-finances\/#primaryimage","url":"https:\/\/feedontario.ca\/wp-content\/uploads\/2021\/03\/impact-finances-hero.jpg","contentUrl":"https:\/\/feedontario.ca\/wp-content\/uploads\/2021\/03\/impact-finances-hero.jpg","width":1600,"height":1000,"caption":"A picture of a woman making a salad and a boy holding a spoon to her mouth"},{"@type":"BreadcrumbList","@id":"https:\/\/feedontario.ca\/about-us\/impact-finances\/#breadcrumb","itemListElement":[{"@type":"ListItem","position":1,"name":"Home","item":"https:\/\/feedontario.ca\/"},{"@type":"ListItem","position":2,"name":"About Us","item":"https:\/\/feedontario.ca\/about-us\/"},{"@type":"ListItem","position":3,"name":"Impact &#038; Finances"}]},{"@type":"WebSite","@id":"https:\/\/feedontario.ca\/#website","url":"https:\/\/feedontario.ca\/","name":"Nourrir l'Ontario","description":"Unir les banques alimentaires, les partenaires industriels et les communaut\u00e9s locales dans notre travail pour \u00e9radiquer la faim et la pauvret\u00e9.","potentialAction":[{"@type":"SearchAction","target":{"@type":"EntryPoint","urlTemplate":"https:\/\/feedontario.ca\/?s={search_term_string}"},"query-input":{"@type":"PropertyValueSpecification","valueRequired":true,"valueName":"search_term_string"}}],"inLanguage":"fr-CA"}]}},"_links":{"self":[{"href":"https:\/\/feedontario.ca\/fr\/wp-json\/wp\/v2\/pages\/38895","targetHints":{"allow":["GET"]}}],"collection":[{"href":"https:\/\/feedontario.ca\/fr\/wp-json\/wp\/v2\/pages"}],"about":[{"href":"https:\/\/feedontario.ca\/fr\/wp-json\/wp\/v2\/types\/page"}],"author":[{"embeddable":true,"href":"https:\/\/feedontario.ca\/fr\/wp-json\/wp\/v2\/users\/6"}],"replies":[{"embeddable":true,"href":"https:\/\/feedontario.ca\/fr\/wp-json\/wp\/v2\/comments?post=38895"}],"version-history":[{"count":0,"href":"https:\/\/feedontario.ca\/fr\/wp-json\/wp\/v2\/pages\/38895\/revisions"}],"up":[{"embeddable":true,"href":"https:\/\/feedontario.ca\/fr\/wp-json\/wp\/v2\/pages\/38893"}],"wp:featuredmedia":[{"embeddable":true,"href":"https:\/\/feedontario.ca\/fr\/wp-json\/wp\/v2\/media\/40004"}],"wp:attachment":[{"href":"https:\/\/feedontario.ca\/fr\/wp-json\/wp\/v2\/media?parent=38895"}],"curies":[{"name":"wp","href":"https:\/\/api.w.org\/{rel}","templated":true}]}}