{"id":38898,"date":"2021-02-08T23:49:33","date_gmt":"2021-02-08T23:49:33","guid":{"rendered":"https:\/\/feedontario.ca\/?page_id=38898"},"modified":"2025-09-19T16:51:41","modified_gmt":"2025-09-19T16:51:41","slug":"donner-de-la-nourriture","status":"publish","type":"page","link":"https:\/\/feedontario.ca\/fr\/prendre-des-mesures\/donner-de-la-nourriture\/","title":{"rendered":"Don de nourriture"},"content":{"rendered":"<h2>\n\t\t\tParticipez d\u00e8s aujourd'hui\t<\/h2>\n\t<p>L'industrie alimentaire de l'Ontario peut apporter son aide de plusieurs fa\u00e7ons. Faites d\u00e9filer vers le bas pour en savoir plus, ou contactez Austin Holmes, directeur des partenariats avec les entreprises et les fondations, en cliquant sur le lien suivant <a href=\"mailto:austin@feedontario.ca\">courriel<\/a> ou appeler <a href=\"tel:416-656-4100\">416-656-4100<\/a>Ext. 2937.<\/p>\n<h2>\n\t\t\tDe la banque alimentaire \u00e0 la fourchette\t<\/h2>\n\t\t\t\t<img decoding=\"async\" src=\"https:\/\/feedontario.ca\/wp-content\/uploads\/2021\/01\/squiggle_yellow.svg\" alt=\"ligne jaune en pointill\u00e9s\" itemprop=\"image\" height=\"4\" width=\"38\" title=\"gribouillis_jaune\" onerror=\"this.style.display='none'\" loading=\"lazy\" \/>\n\t<p>&nbsp;<\/p>\n<p><strong>Comment les dons alimentaires circulent-ils dans notre r\u00e9seau ?<\/strong><\/p>\n<p>Les dons \u00e0 grande \u00e9chelle d'aliments de longue conservation ou d'aliments frais et congel\u00e9s sont un moyen important par lequel Feed Ontario aide \u00e0 garder les \u00e9tag\u00e8res des banques alimentaires pleines. Renseignez-vous sur la fa\u00e7on dont les dons d'aliments circulent dans notre r\u00e9seau pour faire en sorte que tous les Ontariens aient acc\u00e8s \u00e0 des aliments sains et nutritifs.<\/p>\n\t\t\t<a href=\"https:\/\/feedontario.ca\/wp-content\/uploads\/2024\/03\/FEED_Ontario_FoodbanktoFork.pdf\" target=\"_blank\" rel=\"noopener\">\n\t\t\t\t\t\t\tEN SAVOIR PLUS\n\t\t\t\t\t<\/a>\n<h2  data-animation-delay=\"0\" data-animation-duration=\"1\">\n\t\t\tCe dont les banques alimentaires ont le plus besoin\t<\/h2>\n\t<p>Feed Ontario recommande de donner des articles que vous aimeriez voir dans votre propre maison, y compris des aliments frais et des articles de garde-manger. Voici quelques-unes de nos suggestions !<\/p>\n\t\t\t\t<img decoding=\"async\" src=\"https:\/\/feedontario.ca\/wp-content\/uploads\/2021\/01\/squiggle_yellow.svg\" alt=\"ligne jaune en pointill\u00e9s\" itemprop=\"image\" height=\"4\" width=\"38\" title=\"gribouillis_jaune\" onerror=\"this.style.display='none'\" loading=\"lazy\" \/>\n\t\t\t\t<img decoding=\"async\" src=\"https:\/\/feedontario.ca\/wp-content\/uploads\/2024\/09\/ICON_Cereal_CircleLightBlue.png\" alt=\"ICON_Cereal_CircleLightBlue\" itemprop=\"image\" height=\"352\" width=\"352\" title=\"ICON_Cereal_CircleLightBlue\" onerror=\"this.style.display='none'\" loading=\"lazy\" \/>\n<h3>\n\t\t\tC\u00e9r\u00e9ales\t<\/h3>\n\t<p>C\u00e9r\u00e9ales, riz, p\u00e2tes, avoine, barres de c\u00e9r\u00e9ales et farine<\/p>\n\t\t\t\t<img decoding=\"async\" src=\"https:\/\/feedontario.ca\/wp-content\/uploads\/2024\/09\/ICON_Protein_CircleLightBlue.png\" alt=\"ICON_Protein_CircleLightBlue\" itemprop=\"image\" height=\"353\" width=\"353\" title=\"ICON_Protein_CircleLightBlue\" onerror=\"this.style.display='none'\" loading=\"lazy\" \/>\n<h3>\n\t\t\tProt\u00e9ines\t<\/h3>\n\t<p>Poissons et viandes en conserve, viandes et volailles fra\u00eeches, \u0153ufs, haricots et l\u00e9gumineuses, beurre de cacahu\u00e8te.<\/p>\n\t\t\t\t<img decoding=\"async\" src=\"https:\/\/feedontario.ca\/wp-content\/uploads\/2024\/09\/ICON_VeggieCrate_CircleLightBlue.png\" alt=\"ICON_VeggieCrate_CircleLightBlue\" itemprop=\"image\" height=\"352\" width=\"352\" title=\"ICON_VeggieCrate_CircleLightBlue\" onerror=\"this.style.display='none'\" loading=\"lazy\" \/>\n<h3>\n\t\t\tFruits et l\u00e9gumes\t<\/h3>\n\t<p>Fruits et l\u00e9gumes frais et en conserve, et collations pour enfants<\/p>\n\t\t\t\t<img decoding=\"async\" src=\"https:\/\/feedontario.ca\/wp-content\/uploads\/2024\/09\/ICON_GlutenFree_CircleLightBlue.png\" alt=\"ICON_GlutenFree_CircleLightBlue\" itemprop=\"image\" height=\"353\" width=\"353\" title=\"ICON_GlutenFree_CircleLightBlue\" onerror=\"this.style.display='none'\" loading=\"lazy\" \/>\n<h3>\n\t\t\tAliments di\u00e9t\u00e9tiques sp\u00e9ciaux\t<\/h3>\n\t<p>Aliments sp\u00e9cifiques \u00e0 un r\u00e9gime (par exemple, \u00e0 faible teneur en sucre, sans gluten, sans produits laitiers, etc.), aliments culturellement adapt\u00e9s (par exemple, halal, casher, etc.), options v\u00e9g\u00e9taliennes et v\u00e9g\u00e9tariennes.<\/p>\n\t\t\t\t<img decoding=\"async\" src=\"https:\/\/feedontario.ca\/wp-content\/uploads\/2024\/09\/ICON_StackedCans_CircleLightBlue.png\" alt=\"ICON_Canettes empil\u00e9es_CercleBleu clair\" itemprop=\"image\" height=\"352\" width=\"352\" title=\"ICON_Canettes empil\u00e9es_CercleBleu clair\" onerror=\"this.style.display='none'\" loading=\"lazy\" \/>\n<h3>\n\t\t\t Produits de base du garde-manger\t<\/h3>\n\t<p>Soupes, sauces pour p\u00e2tes, rago\u00fbts, chilis et plats pr\u00e9par\u00e9s<\/p>\n\t\t\t\t<img decoding=\"async\" src=\"https:\/\/feedontario.ca\/wp-content\/uploads\/2024\/09\/ICON_Toiletries_CircleLightBlue.png\" alt=\"ICON_Toiletries_CircleLightBlue\" itemprop=\"image\" height=\"353\" width=\"353\" title=\"ICON_Toiletries_CircleLightBlue\" onerror=\"this.style.display='none'\" loading=\"lazy\" \/>\n<h3>\n\t\t\tArticles m\u00e9nagers et d'hygi\u00e8ne\t<\/h3>\n\t<p>Papier hygi\u00e9nique, produits d'entretien, dentifrice, d\u00e9odorant, tampons, etc.<\/p>\n<h2>\n\t\t\tProjet de loi sur le cr\u00e9dit d'imp\u00f4t pour les agriculteurs (projet de loi 36)\t<\/h2>\n\t<p>Les agriculteurs ontariens qui font des dons aux banques alimentaires locales et aux programmes de repas communautaires sont admissibles \u00e0 un cr\u00e9dit d'imp\u00f4t de 25% bas\u00e9 sur la juste valeur marchande du produit donn\u00e9 ! Feed Ontario a travaill\u00e9 avec la communaut\u00e9 agricole et le d\u00e9put\u00e9 provincial Bob Bailey (Sarnia-Lambton) pour obtenir le soutien de cette initiative, qui a \u00e9t\u00e9 adopt\u00e9e en 2013 avec l'appui de tous les partis. L'Ontario est la premi\u00e8re province canadienne \u00e0 offrir ce cr\u00e9dit d'imp\u00f4t.<\/p>\n\t\t\t<a href=\"https:\/\/feedontario.ca\/wp-content\/uploads\/2021\/09\/FEED_Ontario_TaxCreditFacts.pdf\" target=\"_blank\" rel=\"noopener\">\n\t\t\t\t\t\t\tLire la fiche d'information ici\n\t\t\t\t\t<\/a>\n<h2  data-animation-delay=\"0\" data-animation-duration=\"1\">\n\t\t\tFa\u00e7ons de s'impliquer\t<\/h2>\n\t\t\t\t<img decoding=\"async\" src=\"https:\/\/feedontario.ca\/wp-content\/uploads\/2021\/01\/squiggle_yellow.svg\" alt=\"ligne jaune en pointill\u00e9s\" itemprop=\"image\" height=\"4\" width=\"38\" title=\"gribouillis_jaune\" onerror=\"this.style.display='none'\" loading=\"lazy\" \/>\n\t\t\t\t<img decoding=\"async\" src=\"https:\/\/feedontario.ca\/wp-content\/uploads\/2024\/09\/ICON_FullShelf_CircleLightBlue.png\" alt=\"ICON_Tablette compl\u00e8te_CercleBleu clair\" itemprop=\"image\" height=\"352\" width=\"352\" title=\"ICON_Tablette compl\u00e8te_CercleBleu clair\" onerror=\"this.style.display='none'\" loading=\"lazy\" \/>\n<h3>\n\t\t\t\u00c9tag\u00e8res compl\u00e8tes\t<\/h3>\n\t<p>Le programme Tablettes pleines permet de s'assurer que les tablettes des banques alimentaires de la province sont approvisionn\u00e9es en aliments sains et en produits de base pour les Ontariens dans le besoin.<\/p>\n\t\t\t<a href=\"https:\/\/feedontario.ca\/fr\/prendre-des-mesures\/etageres-completes\/\" target=\"_self\">\n\t\t\t\t\t\t\tEn savoir plus\n\t\t\t\t\t<\/a>\n\t\t\t\t<img decoding=\"async\" src=\"https:\/\/feedontario.ca\/wp-content\/uploads\/2024\/09\/ICON_Structure_CircleLightBlue.png\" alt=\"ICON_Structure_CercleBleu clair\" itemprop=\"image\" height=\"352\" width=\"352\" title=\"ICON_Structure_CercleBleu clair\" onerror=\"this.style.display='none'\" loading=\"lazy\" \/>\n<h3>\n\t\t\tFaire un don aux banques alimentaires locales\t<\/h3>\n\t<p>Votre banque alimentaire locale accepte une vari\u00e9t\u00e9 d'aliments frais et non p\u00e9rissables pour soutenir votre communaut\u00e9. Utilisez notre outil de recherche d'une banque alimentaire pour en savoir plus.<\/p>\n\t\t\t<a href=\"https:\/\/feedontario.ca\/fr\/a-propos-de-nous\/trouver-une-banque-alimentaire\/+\/\" target=\"_self\">\n\t\t\t\t\t\t\tTrouver une banque alimentaire\n\t\t\t\t\t<\/a>\n\t\t\t\t<img decoding=\"async\" src=\"https:\/\/feedontario.ca\/wp-content\/uploads\/2024\/09\/ICON_FullBag_CircleLightBlue.png\" alt=\"ICON_FullBag_CircleLightBlue\" itemprop=\"image\" height=\"352\" width=\"352\" title=\"ICON_FullBag_CircleLightBlue\" onerror=\"this.style.display='none'\" loading=\"lazy\" \/>\n<h3>\n\t\t\tProgrammes alimentaires\t<\/h3>\n\t<p>Nos partenariats avec les secteurs de l'agriculture et de l'\u00e9picerie de l'Ontario permettent \u00e0 Feed Ontario de fournir des aliments frais et congel\u00e9s aux banques alimentaires de la province.<\/p>\n\t\t\t<a href=\"https:\/\/feedontario.ca\/fr\/nos-programmes\/programmes-alimentaires\/\" target=\"_self\">\n\t\t\t\t\t\t\tEn savoir plus\n\t\t\t\t\t<\/a>\n\t<p>L'industrie alimentaire de l'Ontario peut apporter son aide de plusieurs fa\u00e7ons. Contactez Austin Holmes, responsable des partenariats avec les entreprises et les fondations, en \u00e9crivant \u00e0 l'adresse suivante <a href=\"mailto:austin@feedontario.ca\">courriel<\/a> ou appeler <a href=\"tel:416-656-4100\">416-656-4100<\/a>Ext. 2937.<\/p>","protected":false},"excerpt":{"rendered":"<p>Participez d\u00e8s aujourd'hui L'industrie alimentaire de l'Ontario peut apporter son aide de plusieurs fa\u00e7ons. Faites d\u00e9filer l'\u00e9cran pour en savoir plus ou contactez Austin Holmes, directeur des partenariats avec les entreprises et les fondations, par courriel ou par t\u00e9l\u00e9phone au 416 656-4100, poste 2937. De la banque alimentaire \u00e0 la fourchette Comment les aliments donn\u00e9s circulent dans notre r\u00e9seau Dons \u00e0 grande \u00e9chelle de produits de longue conservation ou de produits frais et congel\u00e9s...<\/p>","protected":false},"author":6,"featured_media":39987,"parent":38896,"menu_order":56,"comment_status":"closed","ping_status":"closed","template":"","meta":{"_acf_changed":false,"inline_featured_image":false,"footnotes":""},"class_list":["post-38898","page","type-page","status-publish","has-post-thumbnail","hentry"],"acf":[],"yoast_head":"<!-- This site is optimized with the Yoast SEO plugin v27.3 - https:\/\/yoast.com\/product\/yoast-seo-wordpress\/ -->\n<title>Large scale food donations help Feed Ontario<\/title>\n<meta name=\"description\" content=\"Feed Ontario accepts large scale food donations including fresh, frozen, and non-perishable items in pallets and truckloads.\" \/>\n<meta name=\"robots\" content=\"index, follow, max-snippet:-1, max-image-preview:large, max-video-preview:-1\" \/>\n<link rel=\"canonical\" href=\"https:\/\/feedontario.ca\/fr\/prendre-des-mesures\/donner-de-la-nourriture\/\" \/>\n<meta property=\"og:locale\" content=\"fr_CA\" \/>\n<meta property=\"og:type\" content=\"article\" \/>\n<meta property=\"og:title\" content=\"Large scale food donations help Feed Ontario\" \/>\n<meta property=\"og:description\" content=\"Feed Ontario accepts large scale food donations including fresh, frozen, and non-perishable items in pallets and truckloads.\" \/>\n<meta property=\"og:url\" content=\"https:\/\/feedontario.ca\/fr\/prendre-des-mesures\/donner-de-la-nourriture\/\" \/>\n<meta property=\"og:site_name\" content=\"Feed Ontario\" \/>\n<meta property=\"article:modified_time\" content=\"2025-09-19T16:51:41+00:00\" \/>\n<meta property=\"og:image\" content=\"https:\/\/feedontario.ca\/wp-content\/uploads\/2021\/03\/donate-food-hero.jpg\" \/>\n\t<meta property=\"og:image:width\" content=\"1600\" \/>\n\t<meta property=\"og:image:height\" content=\"1000\" \/>\n\t<meta property=\"og:image:type\" content=\"image\/jpeg\" \/>\n<meta name=\"twitter:card\" content=\"summary_large_image\" \/>\n<meta name=\"twitter:label1\" content=\"Est. reading time\" \/>\n\t<meta name=\"twitter:data1\" content=\"3 minutes\" \/>\n<script type=\"application\/ld+json\" class=\"yoast-schema-graph\">{\"@context\":\"https:\\\/\\\/schema.org\",\"@graph\":[{\"@type\":\"WebPage\",\"@id\":\"https:\\\/\\\/feedontario.ca\\\/take-action\\\/donate-food\\\/\",\"url\":\"https:\\\/\\\/feedontario.ca\\\/take-action\\\/donate-food\\\/\",\"name\":\"Large scale food donations help Feed Ontario\",\"isPartOf\":{\"@id\":\"https:\\\/\\\/feedontario.ca\\\/#website\"},\"primaryImageOfPage\":{\"@id\":\"https:\\\/\\\/feedontario.ca\\\/take-action\\\/donate-food\\\/#primaryimage\"},\"image\":{\"@id\":\"https:\\\/\\\/feedontario.ca\\\/take-action\\\/donate-food\\\/#primaryimage\"},\"thumbnailUrl\":\"https:\\\/\\\/feedontario.ca\\\/wp-content\\\/uploads\\\/2021\\\/03\\\/donate-food-hero.jpg\",\"datePublished\":\"2021-02-08T23:49:33+00:00\",\"dateModified\":\"2025-09-19T16:51:41+00:00\",\"description\":\"Feed Ontario accepts large scale food donations including fresh, frozen, and non-perishable items in pallets and truckloads.\",\"breadcrumb\":{\"@id\":\"https:\\\/\\\/feedontario.ca\\\/take-action\\\/donate-food\\\/#breadcrumb\"},\"inLanguage\":\"fr-CA\",\"potentialAction\":[{\"@type\":\"ReadAction\",\"target\":[\"https:\\\/\\\/feedontario.ca\\\/take-action\\\/donate-food\\\/\"]}]},{\"@type\":\"ImageObject\",\"inLanguage\":\"fr-CA\",\"@id\":\"https:\\\/\\\/feedontario.ca\\\/take-action\\\/donate-food\\\/#primaryimage\",\"url\":\"https:\\\/\\\/feedontario.ca\\\/wp-content\\\/uploads\\\/2021\\\/03\\\/donate-food-hero.jpg\",\"contentUrl\":\"https:\\\/\\\/feedontario.ca\\\/wp-content\\\/uploads\\\/2021\\\/03\\\/donate-food-hero.jpg\",\"width\":1600,\"height\":1000,\"caption\":\"food donations: woman carrying a box\"},{\"@type\":\"BreadcrumbList\",\"@id\":\"https:\\\/\\\/feedontario.ca\\\/take-action\\\/donate-food\\\/#breadcrumb\",\"itemListElement\":[{\"@type\":\"ListItem\",\"position\":1,\"name\":\"Home\",\"item\":\"https:\\\/\\\/feedontario.ca\\\/\"},{\"@type\":\"ListItem\",\"position\":2,\"name\":\"Take Action\",\"item\":\"https:\\\/\\\/feedontario.ca\\\/take-action\\\/\"},{\"@type\":\"ListItem\",\"position\":3,\"name\":\"Donate Food\"}]},{\"@type\":\"WebSite\",\"@id\":\"https:\\\/\\\/feedontario.ca\\\/#website\",\"url\":\"https:\\\/\\\/feedontario.ca\\\/\",\"name\":\"Feed Ontario\",\"description\":\"Uniting food banks, industry partners, and local communities in our work to end hunger and poverty\",\"potentialAction\":[{\"@type\":\"SearchAction\",\"target\":{\"@type\":\"EntryPoint\",\"urlTemplate\":\"https:\\\/\\\/feedontario.ca\\\/?s={search_term_string}\"},\"query-input\":{\"@type\":\"PropertyValueSpecification\",\"valueRequired\":true,\"valueName\":\"search_term_string\"}}],\"inLanguage\":\"fr-CA\"}]}<\/script>\n<!-- \/ Yoast SEO plugin. -->","yoast_head_json":{"title":"Les dons de denr\u00e9es alimentaires \u00e0 grande \u00e9chelle aident \u00e0 nourrir l'Ontario","description":"Feed Ontario accepte les dons de nourriture \u00e0 grande \u00e9chelle, y compris les produits frais, congel\u00e9s et non p\u00e9rissables, par palettes et par camions.","robots":{"index":"index","follow":"follow","max-snippet":"max-snippet:-1","max-image-preview":"max-image-preview:large","max-video-preview":"max-video-preview:-1"},"canonical":"https:\/\/feedontario.ca\/fr\/prendre-des-mesures\/donner-de-la-nourriture\/","og_locale":"fr_CA","og_type":"article","og_title":"Large scale food donations help Feed Ontario","og_description":"Feed Ontario accepts large scale food donations including fresh, frozen, and non-perishable items in pallets and truckloads.","og_url":"https:\/\/feedontario.ca\/fr\/prendre-des-mesures\/donner-de-la-nourriture\/","og_site_name":"Feed Ontario","article_modified_time":"2025-09-19T16:51:41+00:00","og_image":[{"width":1600,"height":1000,"url":"https:\/\/feedontario.ca\/wp-content\/uploads\/2021\/03\/donate-food-hero.jpg","type":"image\/jpeg"}],"twitter_card":"summary_large_image","twitter_misc":{"Est. reading time":"3 minutes"},"schema":{"@context":"https:\/\/schema.org","@graph":[{"@type":"WebPage","@id":"https:\/\/feedontario.ca\/take-action\/donate-food\/","url":"https:\/\/feedontario.ca\/take-action\/donate-food\/","name":"Les dons de denr\u00e9es alimentaires \u00e0 grande \u00e9chelle aident \u00e0 nourrir l'Ontario","isPartOf":{"@id":"https:\/\/feedontario.ca\/#website"},"primaryImageOfPage":{"@id":"https:\/\/feedontario.ca\/take-action\/donate-food\/#primaryimage"},"image":{"@id":"https:\/\/feedontario.ca\/take-action\/donate-food\/#primaryimage"},"thumbnailUrl":"https:\/\/feedontario.ca\/wp-content\/uploads\/2021\/03\/donate-food-hero.jpg","datePublished":"2021-02-08T23:49:33+00:00","dateModified":"2025-09-19T16:51:41+00:00","description":"Feed Ontario accepte les dons de nourriture \u00e0 grande \u00e9chelle, y compris les produits frais, congel\u00e9s et non p\u00e9rissables, par palettes et par camions.","breadcrumb":{"@id":"https:\/\/feedontario.ca\/take-action\/donate-food\/#breadcrumb"},"inLanguage":"fr-CA","potentialAction":[{"@type":"ReadAction","target":["https:\/\/feedontario.ca\/take-action\/donate-food\/"]}]},{"@type":"ImageObject","inLanguage":"fr-CA","@id":"https:\/\/feedontario.ca\/take-action\/donate-food\/#primaryimage","url":"https:\/\/feedontario.ca\/wp-content\/uploads\/2021\/03\/donate-food-hero.jpg","contentUrl":"https:\/\/feedontario.ca\/wp-content\/uploads\/2021\/03\/donate-food-hero.jpg","width":1600,"height":1000,"caption":"food donations: woman carrying a box"},{"@type":"BreadcrumbList","@id":"https:\/\/feedontario.ca\/take-action\/donate-food\/#breadcrumb","itemListElement":[{"@type":"ListItem","position":1,"name":"Home","item":"https:\/\/feedontario.ca\/"},{"@type":"ListItem","position":2,"name":"Take Action","item":"https:\/\/feedontario.ca\/take-action\/"},{"@type":"ListItem","position":3,"name":"Donate Food"}]},{"@type":"WebSite","@id":"https:\/\/feedontario.ca\/#website","url":"https:\/\/feedontario.ca\/","name":"Nourrir l'Ontario","description":"Unir les banques alimentaires, les partenaires industriels et les communaut\u00e9s locales dans notre travail pour \u00e9radiquer la faim et la pauvret\u00e9.","potentialAction":[{"@type":"SearchAction","target":{"@type":"EntryPoint","urlTemplate":"https:\/\/feedontario.ca\/?s={search_term_string}"},"query-input":{"@type":"PropertyValueSpecification","valueRequired":true,"valueName":"search_term_string"}}],"inLanguage":"fr-CA"}]}},"_links":{"self":[{"href":"https:\/\/feedontario.ca\/fr\/wp-json\/wp\/v2\/pages\/38898","targetHints":{"allow":["GET"]}}],"collection":[{"href":"https:\/\/feedontario.ca\/fr\/wp-json\/wp\/v2\/pages"}],"about":[{"href":"https:\/\/feedontario.ca\/fr\/wp-json\/wp\/v2\/types\/page"}],"author":[{"embeddable":true,"href":"https:\/\/feedontario.ca\/fr\/wp-json\/wp\/v2\/users\/6"}],"replies":[{"embeddable":true,"href":"https:\/\/feedontario.ca\/fr\/wp-json\/wp\/v2\/comments?post=38898"}],"version-history":[{"count":0,"href":"https:\/\/feedontario.ca\/fr\/wp-json\/wp\/v2\/pages\/38898\/revisions"}],"up":[{"embeddable":true,"href":"https:\/\/feedontario.ca\/fr\/wp-json\/wp\/v2\/pages\/38896"}],"wp:featuredmedia":[{"embeddable":true,"href":"https:\/\/feedontario.ca\/fr\/wp-json\/wp\/v2\/media\/39987"}],"wp:attachment":[{"href":"https:\/\/feedontario.ca\/fr\/wp-json\/wp\/v2\/media?parent=38898"}],"curies":[{"name":"wp","href":"https:\/\/api.w.org\/{rel}","templated":true}]}}