{"id":38899,"date":"2021-02-08T23:49:58","date_gmt":"2021-02-08T23:49:58","guid":{"rendered":"https:\/\/feedontario.ca\/?page_id=38899"},"modified":"2025-09-19T16:49:27","modified_gmt":"2025-09-19T16:49:27","slug":"lancer-une-collecte-de-fonds","status":"publish","type":"page","link":"https:\/\/feedontario.ca\/fr\/prendre-des-mesures\/lancer-une-collecte-de-fonds\/","title":{"rendered":"Lancer une collecte de fonds"},"content":{"rendered":"<h1>\n\t\t\t Un moyen simple de faire la diff\u00e9rence\t<\/h1>\n\t<p>Toutes les cinq secondes, un habitant de l'Ontario se rend dans une banque alimentaire. Collectez des fonds pour Feed Ontario afin de vous assurer que des aliments sains les attendent.<\/p>\n\t\t\t<a href=\"https:\/\/www.canadahelps.org\/en\/charities\/feedontario\/p2p\/feedontario\/\" target=\"_blank\" rel=\"noopener\">\n\t\t\t\t\t\t\tCommencer la collecte de fonds    <svg class=\"acc_external_icon\" xmlns=\"http:\/\/www.w3.org\/2000\/svg\" xmlns:xlink=\"http:\/\/www.w3.org\/1999\/xlink\" aria-hidden=\"true\" focusable=\"false\" width=\"0.8rem\" height=\"0.8rem\" preserveaspectratio=\"xMidYMid meet\" viewbox=\"0 0 512 512\"><path d=\"M432 320h-32a16 16 0 0 0-16 16v112H64V128h144a16 16 0 0 0 16-16V80a16 16 0 0 0-16-16H48a48 48 0 0 0-48 48v352a48 48 0 0 0 48 48h352a48 48 0 0 0 48-48V336a16 16 0 0 0-16-16zM488 0H360c-21.37 0-32.05 25.91-17 41l35.73 35.73L135 320.37a24 24 0 0 0 0 34L157.67 377a24 24 0 0 0 34 0l243.61-243.68L471 169c15 15 41 4.5 41-17V24a24 24 0 0 0-24-24z\" fill=\"var(--blue-light)\"\/><\/svg><span class='acc_external'>Le lien ouvre une nouvelle fen\u00eatre<\/span>\n\t\t\t\t\t<\/a>\n<h2>\n\t\t\tS'amuser gr\u00e2ce \u00e0 la collecte de fonds\t<\/h2>\n\t\t\t\t<img decoding=\"async\" src=\"https:\/\/feedontario.ca\/wp-content\/uploads\/2021\/01\/squiggle_yellow.svg\" alt=\"ligne jaune en pointill\u00e9s\" itemprop=\"image\" height=\"4\" width=\"38\" title=\"gribouillis_jaune\" onerror=\"this.style.display='none'\" loading=\"lazy\" \/>\n\t<p>Invitez votre famille, vos amis, vos coll\u00e8gues et vos r\u00e9seaux \u00e0 contribuer \u00e0 la lutte contre la faim tout en s'amusant. Des \u00e9v\u00e9nements aux f\u00eates en passant par les d\u00e9fis et les cadeaux, il existe de nombreuses fa\u00e7ons cr\u00e9atives de soutenir la lutte contre la faim. De plus, chaque $1 collect\u00e9 permettra de fournir deux repas \u00e0 des personnes dans le besoin ! Consultez notre bo\u00eete \u00e0 outils de collecte de fonds pour obtenir des conseils et des id\u00e9es, puis commencez \u00e0 cr\u00e9er votre propre page de collecte de fonds.<\/p>\n\t\t\t<a href=\"https:\/\/www.canadahelps.org\/en\/charities\/feedontario\/p2p\/feedontario\/\" target=\"_blank\" rel=\"noopener\">\n\t\t\t\t\t\t\tCommencer la collecte de fonds    <svg class=\"acc_external_icon\" xmlns=\"http:\/\/www.w3.org\/2000\/svg\" xmlns:xlink=\"http:\/\/www.w3.org\/1999\/xlink\" aria-hidden=\"true\" focusable=\"false\" width=\"0.8rem\" height=\"0.8rem\" preserveaspectratio=\"xMidYMid meet\" viewbox=\"0 0 512 512\"><path d=\"M432 320h-32a16 16 0 0 0-16 16v112H64V128h144a16 16 0 0 0 16-16V80a16 16 0 0 0-16-16H48a48 48 0 0 0-48 48v352a48 48 0 0 0 48 48h352a48 48 0 0 0 48-48V336a16 16 0 0 0-16-16zM488 0H360c-21.37 0-32.05 25.91-17 41l35.73 35.73L135 320.37a24 24 0 0 0 0 34L157.67 377a24 24 0 0 0 34 0l243.61-243.68L471 169c15 15 41 4.5 41-17V24a24 24 0 0 0-24-24z\" fill=\"var(--blue-light)\"\/><\/svg><span class='acc_external'>Le lien ouvre une nouvelle fen\u00eatre<\/span>\n\t\t\t\t\t<\/a>\n\t\t\t<a href=\"https:\/\/feedontario.ca\/wp-content\/uploads\/2025\/07\/Feed-Ontario-Fundraising-Toolkit-2025.pdf\" target=\"_blank\" rel=\"noopener\">\n\t\t\t\t\t\t\tT\u00e9l\u00e9charger le kit de collecte de fonds    <svg class=\"acc_external_icon\" xmlns=\"http:\/\/www.w3.org\/2000\/svg\" xmlns:xlink=\"http:\/\/www.w3.org\/1999\/xlink\" aria-hidden=\"true\" focusable=\"false\" width=\"0.8rem\" height=\"0.8rem\" preserveaspectratio=\"xMidYMid meet\" viewbox=\"0 0 512 512\"><path d=\"M432 320h-32a16 16 0 0 0-16 16v112H64V128h144a16 16 0 0 0 16-16V80a16 16 0 0 0-16-16H48a48 48 0 0 0-48 48v352a48 48 0 0 0 48 48h352a48 48 0 0 0 48-48V336a16 16 0 0 0-16-16zM488 0H360c-21.37 0-32.05 25.91-17 41l35.73 35.73L135 320.37a24 24 0 0 0 0 34L157.67 377a24 24 0 0 0 34 0l243.61-243.68L471 169c15 15 41 4.5 41-17V24a24 24 0 0 0-24-24z\" fill=\"var(--blue-light)\"\/><\/svg><span class='acc_external'>Le lien ouvre une nouvelle fen\u00eatre<\/span>\n\t\t\t\t\t<\/a>\n\t<p>\"En m\u00e9moire de notre ch\u00e8re m\u00e8re, Catherine, dont la passion pour la cuisine et le rapprochement des gens nous a profond\u00e9ment touch\u00e9s. Nous honorons son h\u00e9ritage de bont\u00e9 et de g\u00e9n\u00e9rosit\u00e9, en veillant \u00e0 ce que personne dans notre communaut\u00e9 ne soit priv\u00e9 d'un repas. La bonne nourriture \u00e9tait tr\u00e8s importante pour elle, et elle serait heureuse de savoir que notre soutien a permis d'aider de nombreuses familles dans le besoin. Ensemble, nous perp\u00e9tuons son esprit d'entraide en soutenant Feed Ontario\".<\/p>\n\tSusan, Janet, Ron et Leslie,<br \/>\ncollecte de fonds au nom de leur m\u00e8re\n<h2>\n\t\t\tNous sommes l\u00e0 pour vous aider !\t<\/h2>\n\t<p>Vous avez des questions ou souhaitez obtenir de l'aide pour votre collecte de fonds ? Contactez Gargi Saripalli (responsable du d\u00e9veloppement des fonds et des dons individuels) \u00e0 l'adresse suivante <a href=\"mailto:donate@feedontario.ca\">donate@feedontario.ca<\/a> ou <a href=\"tel:4166564100\">(416) 656-4100<\/a> poste. 2944.<\/p>\n<h2>\n\t\t\tNous avons un si\u00e8ge qui vous attend !\t<\/h2>\n\t<p>Vous joindrez-vous \u00e0 nous pour aider \u00e0 nourrir l'Ontario ?<\/p>\n\t\t\t<a href=\"\/fr\/prendre-des-mesures\/donner\/\" target=\"_self\">\n\t\t\t\t\t\tFaire un don\n\t\t\t\t\t<\/a>","protected":false},"excerpt":{"rendered":"<p>Une fa\u00e7on simple de faire la diff\u00e9rence Toutes les cinq secondes, une personne en Ontario se rend dans une banque alimentaire. Collectez des fonds pour Feed Ontario afin de vous assurer que des aliments sains les attendent. Commencez la collecte de fonds Mettez du PLAISIR dans la collecte de fonds Invitez votre famille, vos amis, vos coll\u00e8gues et vos r\u00e9seaux \u00e0 aider \u00e0 lutter contre la faim et \u00e0 s'amuser en cours de route. De...<\/p>","protected":false},"author":6,"featured_media":39997,"parent":38896,"menu_order":52,"comment_status":"closed","ping_status":"closed","template":"","meta":{"_acf_changed":false,"inline_featured_image":false,"footnotes":""},"class_list":["post-38899","page","type-page","status-publish","has-post-thumbnail","hentry"],"acf":[],"yoast_head":"<!-- This site is optimized with the Yoast SEO plugin v27.4 - https:\/\/yoast.com\/product\/yoast-seo-wordpress\/ -->\n<title>Start A Fundraiser: Help Fight Hunger in Ontario | Feed Ontario<\/title>\n<meta name=\"description\" content=\"Feed Ontario supports local food banks with innovative programmes. We work with food banks, industry partners, &amp; communities to end hunger in Ontario.\" \/>\n<meta name=\"robots\" content=\"index, follow, max-snippet:-1, max-image-preview:large, max-video-preview:-1\" \/>\n<link rel=\"canonical\" href=\"https:\/\/feedontario.ca\/fr\/prendre-des-mesures\/lancer-une-collecte-de-fonds\/\" \/>\n<meta property=\"og:locale\" content=\"fr_CA\" \/>\n<meta property=\"og:type\" content=\"article\" \/>\n<meta property=\"og:title\" content=\"Start A Fundraiser: Help Fight Hunger in Ontario | Feed Ontario\" \/>\n<meta property=\"og:description\" content=\"Feed Ontario supports local food banks with innovative programmes. We work with food banks, industry partners, &amp; communities to end hunger in Ontario.\" \/>\n<meta property=\"og:url\" content=\"https:\/\/feedontario.ca\/fr\/prendre-des-mesures\/lancer-une-collecte-de-fonds\/\" \/>\n<meta property=\"og:site_name\" content=\"Feed Ontario\" \/>\n<meta property=\"article:modified_time\" content=\"2025-09-19T16:49:27+00:00\" \/>\n<meta property=\"og:image\" content=\"https:\/\/feedontario.ca\/wp-content\/uploads\/2021\/03\/fundraise-hero.jpg\" \/>\n\t<meta property=\"og:image:width\" content=\"1600\" \/>\n\t<meta property=\"og:image:height\" content=\"1000\" \/>\n\t<meta property=\"og:image:type\" content=\"image\/jpeg\" \/>\n<meta name=\"twitter:card\" content=\"summary_large_image\" \/>\n<meta name=\"twitter:label1\" content=\"Est. reading time\" \/>\n\t<meta name=\"twitter:data1\" content=\"3 minutes\" \/>\n<script type=\"application\/ld+json\" class=\"yoast-schema-graph\">{\"@context\":\"https:\\\/\\\/schema.org\",\"@graph\":[{\"@type\":\"WebPage\",\"@id\":\"https:\\\/\\\/feedontario.ca\\\/take-action\\\/start-a-fundraiser\\\/\",\"url\":\"https:\\\/\\\/feedontario.ca\\\/take-action\\\/start-a-fundraiser\\\/\",\"name\":\"Start A Fundraiser: Help Fight Hunger in Ontario | Feed Ontario\",\"isPartOf\":{\"@id\":\"https:\\\/\\\/feedontario.ca\\\/#website\"},\"primaryImageOfPage\":{\"@id\":\"https:\\\/\\\/feedontario.ca\\\/take-action\\\/start-a-fundraiser\\\/#primaryimage\"},\"image\":{\"@id\":\"https:\\\/\\\/feedontario.ca\\\/take-action\\\/start-a-fundraiser\\\/#primaryimage\"},\"thumbnailUrl\":\"https:\\\/\\\/feedontario.ca\\\/wp-content\\\/uploads\\\/2021\\\/03\\\/fundraise-hero.jpg\",\"datePublished\":\"2021-02-08T23:49:58+00:00\",\"dateModified\":\"2025-09-19T16:49:27+00:00\",\"description\":\"Feed Ontario supports local food banks with innovative programmes. We work with food banks, industry partners, & communities to end hunger in Ontario.\",\"breadcrumb\":{\"@id\":\"https:\\\/\\\/feedontario.ca\\\/take-action\\\/start-a-fundraiser\\\/#breadcrumb\"},\"inLanguage\":\"fr-CA\",\"potentialAction\":[{\"@type\":\"ReadAction\",\"target\":[\"https:\\\/\\\/feedontario.ca\\\/take-action\\\/start-a-fundraiser\\\/\"]}]},{\"@type\":\"ImageObject\",\"inLanguage\":\"fr-CA\",\"@id\":\"https:\\\/\\\/feedontario.ca\\\/take-action\\\/start-a-fundraiser\\\/#primaryimage\",\"url\":\"https:\\\/\\\/feedontario.ca\\\/wp-content\\\/uploads\\\/2021\\\/03\\\/fundraise-hero.jpg\",\"contentUrl\":\"https:\\\/\\\/feedontario.ca\\\/wp-content\\\/uploads\\\/2021\\\/03\\\/fundraise-hero.jpg\",\"width\":1600,\"height\":1000,\"caption\":\"A woman talking a man in a banana costume, next to a woman in a Peter Pan costume, standing on a street\"},{\"@type\":\"BreadcrumbList\",\"@id\":\"https:\\\/\\\/feedontario.ca\\\/take-action\\\/start-a-fundraiser\\\/#breadcrumb\",\"itemListElement\":[{\"@type\":\"ListItem\",\"position\":1,\"name\":\"Home\",\"item\":\"https:\\\/\\\/feedontario.ca\\\/\"},{\"@type\":\"ListItem\",\"position\":2,\"name\":\"Take Action\",\"item\":\"https:\\\/\\\/feedontario.ca\\\/take-action\\\/\"},{\"@type\":\"ListItem\",\"position\":3,\"name\":\"Start A Fundraiser\"}]},{\"@type\":\"WebSite\",\"@id\":\"https:\\\/\\\/feedontario.ca\\\/#website\",\"url\":\"https:\\\/\\\/feedontario.ca\\\/\",\"name\":\"Feed Ontario\",\"description\":\"Uniting food banks, industry partners, and local communities in our work to end hunger and poverty\",\"potentialAction\":[{\"@type\":\"SearchAction\",\"target\":{\"@type\":\"EntryPoint\",\"urlTemplate\":\"https:\\\/\\\/feedontario.ca\\\/?s={search_term_string}\"},\"query-input\":{\"@type\":\"PropertyValueSpecification\",\"valueRequired\":true,\"valueName\":\"search_term_string\"}}],\"inLanguage\":\"fr-CA\"}]}<\/script>\n<!-- \/ Yoast SEO plugin. -->","yoast_head_json":{"title":"Lancer une collecte de fonds : Aidez \u00e0 combattre la faim en Ontario | Feed Ontario","description":"Feed Ontario soutient les banques alimentaires locales au moyen de programmes novateurs. Nous travaillons avec les banques alimentaires, les partenaires industriels et les communaut\u00e9s pour mettre fin \u00e0 la faim en Ontario.","robots":{"index":"index","follow":"follow","max-snippet":"max-snippet:-1","max-image-preview":"max-image-preview:large","max-video-preview":"max-video-preview:-1"},"canonical":"https:\/\/feedontario.ca\/fr\/prendre-des-mesures\/lancer-une-collecte-de-fonds\/","og_locale":"fr_CA","og_type":"article","og_title":"Start A Fundraiser: Help Fight Hunger in Ontario | Feed Ontario","og_description":"Feed Ontario supports local food banks with innovative programmes. We work with food banks, industry partners, & communities to end hunger in Ontario.","og_url":"https:\/\/feedontario.ca\/fr\/prendre-des-mesures\/lancer-une-collecte-de-fonds\/","og_site_name":"Feed Ontario","article_modified_time":"2025-09-19T16:49:27+00:00","og_image":[{"width":1600,"height":1000,"url":"https:\/\/feedontario.ca\/wp-content\/uploads\/2021\/03\/fundraise-hero.jpg","type":"image\/jpeg"}],"twitter_card":"summary_large_image","twitter_misc":{"Est. reading time":"3 minutes"},"schema":{"@context":"https:\/\/schema.org","@graph":[{"@type":"WebPage","@id":"https:\/\/feedontario.ca\/take-action\/start-a-fundraiser\/","url":"https:\/\/feedontario.ca\/take-action\/start-a-fundraiser\/","name":"Lancer une collecte de fonds : Aidez \u00e0 combattre la faim en Ontario | Feed Ontario","isPartOf":{"@id":"https:\/\/feedontario.ca\/#website"},"primaryImageOfPage":{"@id":"https:\/\/feedontario.ca\/take-action\/start-a-fundraiser\/#primaryimage"},"image":{"@id":"https:\/\/feedontario.ca\/take-action\/start-a-fundraiser\/#primaryimage"},"thumbnailUrl":"https:\/\/feedontario.ca\/wp-content\/uploads\/2021\/03\/fundraise-hero.jpg","datePublished":"2021-02-08T23:49:58+00:00","dateModified":"2025-09-19T16:49:27+00:00","description":"Feed Ontario soutient les banques alimentaires locales au moyen de programmes novateurs. Nous travaillons avec les banques alimentaires, les partenaires industriels et les communaut\u00e9s pour mettre fin \u00e0 la faim en Ontario.","breadcrumb":{"@id":"https:\/\/feedontario.ca\/take-action\/start-a-fundraiser\/#breadcrumb"},"inLanguage":"fr-CA","potentialAction":[{"@type":"ReadAction","target":["https:\/\/feedontario.ca\/take-action\/start-a-fundraiser\/"]}]},{"@type":"ImageObject","inLanguage":"fr-CA","@id":"https:\/\/feedontario.ca\/take-action\/start-a-fundraiser\/#primaryimage","url":"https:\/\/feedontario.ca\/wp-content\/uploads\/2021\/03\/fundraise-hero.jpg","contentUrl":"https:\/\/feedontario.ca\/wp-content\/uploads\/2021\/03\/fundraise-hero.jpg","width":1600,"height":1000,"caption":"A woman talking a man in a banana costume, next to a woman in a Peter Pan costume, standing on a street"},{"@type":"BreadcrumbList","@id":"https:\/\/feedontario.ca\/take-action\/start-a-fundraiser\/#breadcrumb","itemListElement":[{"@type":"ListItem","position":1,"name":"Home","item":"https:\/\/feedontario.ca\/"},{"@type":"ListItem","position":2,"name":"Take Action","item":"https:\/\/feedontario.ca\/take-action\/"},{"@type":"ListItem","position":3,"name":"Start A Fundraiser"}]},{"@type":"WebSite","@id":"https:\/\/feedontario.ca\/#website","url":"https:\/\/feedontario.ca\/","name":"Nourrir l'Ontario","description":"Unir les banques alimentaires, les partenaires industriels et les communaut\u00e9s locales dans notre travail pour \u00e9radiquer la faim et la pauvret\u00e9.","potentialAction":[{"@type":"SearchAction","target":{"@type":"EntryPoint","urlTemplate":"https:\/\/feedontario.ca\/?s={search_term_string}"},"query-input":{"@type":"PropertyValueSpecification","valueRequired":true,"valueName":"search_term_string"}}],"inLanguage":"fr-CA"}]}},"_links":{"self":[{"href":"https:\/\/feedontario.ca\/fr\/wp-json\/wp\/v2\/pages\/38899","targetHints":{"allow":["GET"]}}],"collection":[{"href":"https:\/\/feedontario.ca\/fr\/wp-json\/wp\/v2\/pages"}],"about":[{"href":"https:\/\/feedontario.ca\/fr\/wp-json\/wp\/v2\/types\/page"}],"author":[{"embeddable":true,"href":"https:\/\/feedontario.ca\/fr\/wp-json\/wp\/v2\/users\/6"}],"replies":[{"embeddable":true,"href":"https:\/\/feedontario.ca\/fr\/wp-json\/wp\/v2\/comments?post=38899"}],"version-history":[{"count":0,"href":"https:\/\/feedontario.ca\/fr\/wp-json\/wp\/v2\/pages\/38899\/revisions"}],"up":[{"embeddable":true,"href":"https:\/\/feedontario.ca\/fr\/wp-json\/wp\/v2\/pages\/38896"}],"wp:featuredmedia":[{"embeddable":true,"href":"https:\/\/feedontario.ca\/fr\/wp-json\/wp\/v2\/media\/39997"}],"wp:attachment":[{"href":"https:\/\/feedontario.ca\/fr\/wp-json\/wp\/v2\/media?parent=38899"}],"curies":[{"name":"wp","href":"https:\/\/api.w.org\/{rel}","templated":true}]}}