{"id":38901,"date":"2021-02-08T23:50:42","date_gmt":"2021-02-08T23:50:42","guid":{"rendered":"https:\/\/feedontario.ca\/?page_id=38901"},"modified":"2025-10-01T12:24:38","modified_gmt":"2025-10-01T12:24:38","slug":"mesures-de-lutte-contre-la-faim","status":"publish","type":"page","link":"https:\/\/feedontario.ca\/fr\/prendre-des-mesures\/mesures-de-lutte-contre-la-faim\/","title":{"rendered":"Mesures de lutte contre la faim"},"content":{"rendered":"<h1>\n\t\t\tAgir contre la faim et la pauvret\u00e9\t<\/h1>\n\t<p>Vous pouvez participer au mouvement visant \u00e0 \u00e9liminer la faim en Ontario. Il y a de nombreuses fa\u00e7ons de s'impliquer - ensemble, nous pouvons non seulement nous assurer que les gens et les communaut\u00e9s ont assez \u00e0 manger, mais nous pouvons aussi travailler pour <a href=\"https:\/\/feedontario.ca\/fr\/changement-dans-le-domaine-du-plaidoyer\/recherche\/rapport-sur-la-faim-2024\/\">cr\u00e9er un changement significatif<\/a> dans notre province.<\/p>\n<p>&nbsp;<\/p>\n<h2>\n\t\t\tEn savoir plus sur les enjeux\t<\/h2>\n\t<p>Notre rapport annuel <a href=\"https:\/\/feedontario.ca\/fr\/changement-dans-le-domaine-du-plaidoyer\/recherche\/rapport-sur-la-faim-2024\/\">Rapport sur la faim<\/a> pr\u00e9sente les donn\u00e9es relatives \u00e0 l'utilisation des banques alimentaires de l'ann\u00e9e pr\u00e9c\u00e9dente, explore les facteurs qui conduisent \u00e0 un besoin record de services de banques alimentaires, et fournit des informations sur l'utilisation des banques alimentaires dans le monde. <a href=\"https:\/\/feedontario.ca\/fr\/changement-dans-le-domaine-du-plaidoyer\/recommandations-politiques\/\">recommandations<\/a> de veiller \u00e0 ce que l'Ontario dispose d'un solide filet de s\u00e9curit\u00e9 sociale, d'emplois de qualit\u00e9 et d'un co\u00fbt de la vie abordable.<\/p>\n<p>Feed Ontario publie \u00e9galement des travaux de recherche, dont un <a href=\"https:\/\/feedontario.ca\/fr\/recherche\/cout-de-la-pauvrete-2019\/\">Le co\u00fbt de la pauvret\u00e9<\/a> qui montre que la pauvret\u00e9 co\u00fbte \u00e0 l'Ontario des milliards de dollars chaque ann\u00e9e.<\/p>\n\t\t\t<a href=\"https:\/\/feedontario.ca\/fr\/changement-dans-le-domaine-du-plaidoyer\/recherche\/\" target=\"_self\">\n\t\t\t\t\t\t\tLire notre recherche\n\t\t\t\t\t<\/a>\n<h2>\n\t\t\tExplorer l'impact de la faim sur votre communaut\u00e9\t<\/h2>\n\t<p>Des statistiques telles que \"plus d'un million de personnes ont eu recours \u00e0 une banque alimentaire\" semblent presque trop importantes pour y penser, mais derri\u00e8re ce chiffre se cachent d'innombrables histoires de nos voisins qui luttent pour joindre les deux bouts. Visitez le site <a href=\"https:\/\/feedontario.ca\/fr\/histoires\/\">histoires<\/a> de notre site web pour en savoir plus et utiliser le site web de l <a href=\"https:\/\/feedontario.ca\/fr\/la-faim-dans-ma-circonscription\/\">La faim dans ma circonscription<\/a> pour \u00e9tudier l'impact de la faim sur votre communaut\u00e9 et g\u00e9n\u00e9rer un rapport personnalis\u00e9 pour votre r\u00e9gion, qui pourra \u00eatre communiqu\u00e9 \u00e0 vos repr\u00e9sentants locaux.<\/p>\n\t\t\t<a href=\"https:\/\/feedontario.ca\/fr\/la-faim-dans-ma-circonscription\/\" target=\"_blank\" rel=\"noopener\">\n\t\t\t\t\t\t\tLIRE LA SUITE\n\t\t\t\t\t<\/a>\n<h2>\n\t\t\tPasser un mois \u00e0 la place de quelqu'un d'autre\t<\/h2>\n\t<p>Personne ne devrait avoir \u00e0 choisir entre garder un toit au-dessus de sa t\u00eate et mettre de la nourriture sur la table, ou payer le chauffage ou acheter un nouveau manteau d'hiver \u00e0 son enfant, et pourtant des centaines de milliers de personnes se retrouvent chaque mois \u00e0 cette crois\u00e9e des chemins.<\/p>\n<p>Pour illustrer les choix d\u00e9vastateurs auxquels sont confront\u00e9s les individus et les familles de notre province, <a href=\"https:\/\/feedontario.ca\/fr\/fork-in-the-road\/\">Une fourche dans la route<\/a>une exp\u00e9rience num\u00e9rique interactive, guide les utilisateurs tout au long d'un mois de d\u00e9cisions : o\u00f9 vivre et avec qui, quel type de transport, quelles factures payer chaque mois et quels petits plaisirs, s'il y en a, peuvent \u00eatre inclus dans le budget. Pourriez-vous tenir jusqu'\u00e0 la fin du mois ?<\/p>\n\t\t\t<a href=\"https:\/\/feedontario.ca\/fr\/fork-in-the-road\/\" target=\"_blank\" rel=\"noopener\">\n\t\t\t\t\t\t\tRELEVER LE D\u00c9FI\n\t\t\t\t\t<\/a>\n<h2>\n\t\t\tPr\u00eatez votre voix pour faire la diff\u00e9rence\t<\/h2>\n\t<p>\u00c0 l'heure actuelle, plus de gens que jamais se tournent vers les banques alimentaires pour obtenir de l'aide. Lorsque nos voisins n'ont pas les moyens de manger \u00e0 leur faim, cela n'affecte pas seulement leur foyer - cela affaiblit le tissu de nos communaut\u00e9s et de notre province.<\/p>\n<p>Nous pensons qu'il est possible de cr\u00e9er un Ontario fort, dynamique et lib\u00e9r\u00e9 de la faim, et que cela d\u00e9pend de communaut\u00e9s fortes - des communaut\u00e9s o\u00f9 chacun dispose de ce dont il a besoin pour vivre, contribuer et r\u00e9ussir.<\/p>\n<p>En signant notre p\u00e9tition, vous pouvez vous joindre \u00e0 notre appel au gouvernement provincial pour qu'il prenne des mesures concr\u00e8tes afin de r\u00e9duire la faim et la pauvret\u00e9. Construisons un avenir o\u00f9 personne ne souffrira de la faim et o\u00f9 chaque Ontarien aura la possibilit\u00e9 de s'\u00e9panouir.<\/p>\n\t\t\t<a href=\"https:\/\/win.newmode.net\/feedontario\/hungerfreeontario\" target=\"_blank\" rel=\"noopener\">\n\t\t\t\t\t\t\tSIGNER LA P\u00c9TITION\n\t\t\t\t\t<\/a>\n<h2>\n\t\t\tFaire du b\u00e9n\u00e9volat dans une banque alimentaire\t<\/h2>\n\t<p>Les banques alimentaires de notre r\u00e9seau ne pourraient pas aider les communaut\u00e9s de toute la province sans les b\u00e9n\u00e9voles extraordinaires qui donnent de leur temps pour faire la diff\u00e9rence.<\/p>\n<p>Les banques alimentaires de la province comptent sur le soutien de b\u00e9n\u00e9voles d\u00e9sireux de donner un coup de main \u00e0 leurs voisins. <a href=\"https:\/\/feedontario.ca\/wp-content\/uploads\/2024\/11\/FEED_Ontario_HungerReport24.pdf#page=31\">presque 80%<\/a> de notre r\u00e9seau ne comptant que 5 personnes ou moins !<\/p>\n<p>Trouvez votre banque alimentaire locale et participez \u00e0 son travail en vous portant volontaire.<\/p>\n\t\t\t<a href=\"https:\/\/feedontario.ca\/fr\/a-propos-de-nous\/trouver-une-banque-alimentaire\/\" target=\"_self\">\n\t\t\t\t\t\t\tTrouver une banque alimentaire\n\t\t\t\t\t<\/a>\n<h2>\n\t\t\tRester connect\u00e9\t<\/h2>\n\t<p>Restez au courant des derni\u00e8res nouvelles concernant notre travail et nos activit\u00e9s. <a href=\"https:\/\/feedontario.ca\/fr\/linscription-au-flux\/\" target=\"_blank\" rel=\"noopener\">s'inscrire \u00e0 notre lettre d'information<\/a> The Feed, un condens\u00e9 mensuel dans lequel nous partagerons tout le travail important r\u00e9alis\u00e9 pour lutter contre la faim et la pauvret\u00e9 dans la province.<\/p>\n<p>Vous pouvez \u00e9galement vous engager avec Feed Ontario sur les m\u00e9dias sociaux, nous suivre et partager notre contenu pour aider \u00e0 faire conna\u00eetre la faim et la pauvret\u00e9 en Ontario.<\/p>\n<h2>\n\t\t\tNous avons un si\u00e8ge qui vous attend !\t<\/h2>\n\t<p>Vous joindrez-vous \u00e0 nous pour aider \u00e0 nourrir l'Ontario ?<\/p>\n\t\t\t<a href=\"\/fr\/prendre-des-mesures\/donner\/\" target=\"_self\">\n\t\t\t\t\t\tFaire un don\n\t\t\t\t\t<\/a>","protected":false},"excerpt":{"rendered":"<p>Agir contre la faim et la pauvret\u00e9 Vous pouvez participer au mouvement visant \u00e0 \u00e9liminer la faim en Ontario. Il y a de nombreuses fa\u00e7ons de s'impliquer - ensemble, nous pouvons non seulement nous assurer que les personnes et les communaut\u00e9s ont assez \u00e0 manger, mais nous pouvons aussi travailler \u00e0 cr\u00e9er des changements significatifs dans notre province.  ...<\/p>","protected":false},"author":6,"featured_media":45314,"parent":38896,"menu_order":54,"comment_status":"closed","ping_status":"closed","template":"","meta":{"_acf_changed":false,"inline_featured_image":false,"footnotes":""},"class_list":["post-38901","page","type-page","status-publish","has-post-thumbnail","hentry"],"acf":[],"yoast_head":"<!-- This site is optimized with the Yoast SEO plugin v27.4 - https:\/\/yoast.com\/product\/yoast-seo-wordpress\/ -->\n<title>Steps To Fight Hunger: The Many Ways You Can Help | Feed Ontario<\/title>\n<meta name=\"description\" content=\"Feed Ontario supports local food banks with innovative programmes. We work with food banks, industry partners, &amp; communities to end hunger in Ontario.\" \/>\n<meta name=\"robots\" content=\"index, follow, max-snippet:-1, max-image-preview:large, max-video-preview:-1\" \/>\n<link rel=\"canonical\" href=\"https:\/\/feedontario.ca\/fr\/prendre-des-mesures\/mesures-de-lutte-contre-la-faim\/\" \/>\n<meta property=\"og:locale\" content=\"fr_CA\" \/>\n<meta property=\"og:type\" content=\"article\" \/>\n<meta property=\"og:title\" content=\"Steps To Fight Hunger: The Many Ways You Can Help | Feed Ontario\" \/>\n<meta property=\"og:description\" content=\"Feed Ontario supports local food banks with innovative programmes. We work with food banks, industry partners, &amp; communities to end hunger in Ontario.\" \/>\n<meta property=\"og:url\" content=\"https:\/\/feedontario.ca\/fr\/prendre-des-mesures\/mesures-de-lutte-contre-la-faim\/\" \/>\n<meta property=\"og:site_name\" content=\"Feed Ontario\" \/>\n<meta property=\"article:modified_time\" content=\"2025-10-01T12:24:38+00:00\" \/>\n<meta property=\"og:image\" content=\"https:\/\/feedontario.ca\/wp-content\/uploads\/2024\/02\/wtg-take-action.jpg\" \/>\n\t<meta property=\"og:image:width\" content=\"700\" \/>\n\t<meta property=\"og:image:height\" content=\"400\" \/>\n\t<meta property=\"og:image:type\" content=\"image\/jpeg\" \/>\n<meta name=\"twitter:card\" content=\"summary_large_image\" \/>\n<meta name=\"twitter:label1\" content=\"Est. reading time\" \/>\n\t<meta name=\"twitter:data1\" content=\"3 minutes\" \/>\n<script type=\"application\/ld+json\" class=\"yoast-schema-graph\">{\"@context\":\"https:\\\/\\\/schema.org\",\"@graph\":[{\"@type\":\"WebPage\",\"@id\":\"https:\\\/\\\/feedontario.ca\\\/take-action\\\/steps-to-fight-hunger\\\/\",\"url\":\"https:\\\/\\\/feedontario.ca\\\/take-action\\\/steps-to-fight-hunger\\\/\",\"name\":\"Steps To Fight Hunger: The Many Ways You Can Help | Feed Ontario\",\"isPartOf\":{\"@id\":\"https:\\\/\\\/feedontario.ca\\\/#website\"},\"primaryImageOfPage\":{\"@id\":\"https:\\\/\\\/feedontario.ca\\\/take-action\\\/steps-to-fight-hunger\\\/#primaryimage\"},\"image\":{\"@id\":\"https:\\\/\\\/feedontario.ca\\\/take-action\\\/steps-to-fight-hunger\\\/#primaryimage\"},\"thumbnailUrl\":\"https:\\\/\\\/feedontario.ca\\\/wp-content\\\/uploads\\\/2024\\\/02\\\/wtg-take-action.jpg\",\"datePublished\":\"2021-02-08T23:50:42+00:00\",\"dateModified\":\"2025-10-01T12:24:38+00:00\",\"description\":\"Feed Ontario supports local food banks with innovative programmes. We work with food banks, industry partners, & communities to end hunger in Ontario.\",\"breadcrumb\":{\"@id\":\"https:\\\/\\\/feedontario.ca\\\/take-action\\\/steps-to-fight-hunger\\\/#breadcrumb\"},\"inLanguage\":\"fr-CA\",\"potentialAction\":[{\"@type\":\"ReadAction\",\"target\":[\"https:\\\/\\\/feedontario.ca\\\/take-action\\\/steps-to-fight-hunger\\\/\"]}]},{\"@type\":\"ImageObject\",\"inLanguage\":\"fr-CA\",\"@id\":\"https:\\\/\\\/feedontario.ca\\\/take-action\\\/steps-to-fight-hunger\\\/#primaryimage\",\"url\":\"https:\\\/\\\/feedontario.ca\\\/wp-content\\\/uploads\\\/2024\\\/02\\\/wtg-take-action.jpg\",\"contentUrl\":\"https:\\\/\\\/feedontario.ca\\\/wp-content\\\/uploads\\\/2024\\\/02\\\/wtg-take-action.jpg\",\"width\":700,\"height\":400,\"caption\":\"An assembly line of workers in blue shirts filling food boxes at a Food Bank.\"},{\"@type\":\"BreadcrumbList\",\"@id\":\"https:\\\/\\\/feedontario.ca\\\/take-action\\\/steps-to-fight-hunger\\\/#breadcrumb\",\"itemListElement\":[{\"@type\":\"ListItem\",\"position\":1,\"name\":\"Home\",\"item\":\"https:\\\/\\\/feedontario.ca\\\/\"},{\"@type\":\"ListItem\",\"position\":2,\"name\":\"Take Action\",\"item\":\"https:\\\/\\\/feedontario.ca\\\/take-action\\\/\"},{\"@type\":\"ListItem\",\"position\":3,\"name\":\"Steps To Fight Hunger\"}]},{\"@type\":\"WebSite\",\"@id\":\"https:\\\/\\\/feedontario.ca\\\/#website\",\"url\":\"https:\\\/\\\/feedontario.ca\\\/\",\"name\":\"Feed Ontario\",\"description\":\"Uniting food banks, industry partners, and local communities in our work to end hunger and poverty\",\"potentialAction\":[{\"@type\":\"SearchAction\",\"target\":{\"@type\":\"EntryPoint\",\"urlTemplate\":\"https:\\\/\\\/feedontario.ca\\\/?s={search_term_string}\"},\"query-input\":{\"@type\":\"PropertyValueSpecification\",\"valueRequired\":true,\"valueName\":\"search_term_string\"}}],\"inLanguage\":\"fr-CA\"}]}<\/script>\n<!-- \/ Yoast SEO plugin. -->","yoast_head_json":{"title":"Mesures pour lutter contre la faim : Les nombreuses fa\u00e7ons d'aider \u00e0 nourrir l'Ontario","description":"Feed Ontario soutient les banques alimentaires locales au moyen de programmes novateurs. Nous travaillons avec les banques alimentaires, les partenaires industriels et les communaut\u00e9s pour mettre fin \u00e0 la faim en Ontario.","robots":{"index":"index","follow":"follow","max-snippet":"max-snippet:-1","max-image-preview":"max-image-preview:large","max-video-preview":"max-video-preview:-1"},"canonical":"https:\/\/feedontario.ca\/fr\/prendre-des-mesures\/mesures-de-lutte-contre-la-faim\/","og_locale":"fr_CA","og_type":"article","og_title":"Steps To Fight Hunger: The Many Ways You Can Help | Feed Ontario","og_description":"Feed Ontario supports local food banks with innovative programmes. We work with food banks, industry partners, & communities to end hunger in Ontario.","og_url":"https:\/\/feedontario.ca\/fr\/prendre-des-mesures\/mesures-de-lutte-contre-la-faim\/","og_site_name":"Feed Ontario","article_modified_time":"2025-10-01T12:24:38+00:00","og_image":[{"width":700,"height":400,"url":"https:\/\/feedontario.ca\/wp-content\/uploads\/2024\/02\/wtg-take-action.jpg","type":"image\/jpeg"}],"twitter_card":"summary_large_image","twitter_misc":{"Est. reading time":"3 minutes"},"schema":{"@context":"https:\/\/schema.org","@graph":[{"@type":"WebPage","@id":"https:\/\/feedontario.ca\/take-action\/steps-to-fight-hunger\/","url":"https:\/\/feedontario.ca\/take-action\/steps-to-fight-hunger\/","name":"Mesures pour lutter contre la faim : Les nombreuses fa\u00e7ons d'aider \u00e0 nourrir l'Ontario","isPartOf":{"@id":"https:\/\/feedontario.ca\/#website"},"primaryImageOfPage":{"@id":"https:\/\/feedontario.ca\/take-action\/steps-to-fight-hunger\/#primaryimage"},"image":{"@id":"https:\/\/feedontario.ca\/take-action\/steps-to-fight-hunger\/#primaryimage"},"thumbnailUrl":"https:\/\/feedontario.ca\/wp-content\/uploads\/2024\/02\/wtg-take-action.jpg","datePublished":"2021-02-08T23:50:42+00:00","dateModified":"2025-10-01T12:24:38+00:00","description":"Feed Ontario soutient les banques alimentaires locales au moyen de programmes novateurs. Nous travaillons avec les banques alimentaires, les partenaires industriels et les communaut\u00e9s pour mettre fin \u00e0 la faim en Ontario.","breadcrumb":{"@id":"https:\/\/feedontario.ca\/take-action\/steps-to-fight-hunger\/#breadcrumb"},"inLanguage":"fr-CA","potentialAction":[{"@type":"ReadAction","target":["https:\/\/feedontario.ca\/take-action\/steps-to-fight-hunger\/"]}]},{"@type":"ImageObject","inLanguage":"fr-CA","@id":"https:\/\/feedontario.ca\/take-action\/steps-to-fight-hunger\/#primaryimage","url":"https:\/\/feedontario.ca\/wp-content\/uploads\/2024\/02\/wtg-take-action.jpg","contentUrl":"https:\/\/feedontario.ca\/wp-content\/uploads\/2024\/02\/wtg-take-action.jpg","width":700,"height":400,"caption":"An assembly line of workers in blue shirts filling food boxes at a Food Bank."},{"@type":"BreadcrumbList","@id":"https:\/\/feedontario.ca\/take-action\/steps-to-fight-hunger\/#breadcrumb","itemListElement":[{"@type":"ListItem","position":1,"name":"Home","item":"https:\/\/feedontario.ca\/"},{"@type":"ListItem","position":2,"name":"Take Action","item":"https:\/\/feedontario.ca\/take-action\/"},{"@type":"ListItem","position":3,"name":"Steps To Fight Hunger"}]},{"@type":"WebSite","@id":"https:\/\/feedontario.ca\/#website","url":"https:\/\/feedontario.ca\/","name":"Nourrir l'Ontario","description":"Unir les banques alimentaires, les partenaires industriels et les communaut\u00e9s locales dans notre travail pour \u00e9radiquer la faim et la pauvret\u00e9.","potentialAction":[{"@type":"SearchAction","target":{"@type":"EntryPoint","urlTemplate":"https:\/\/feedontario.ca\/?s={search_term_string}"},"query-input":{"@type":"PropertyValueSpecification","valueRequired":true,"valueName":"search_term_string"}}],"inLanguage":"fr-CA"}]}},"_links":{"self":[{"href":"https:\/\/feedontario.ca\/fr\/wp-json\/wp\/v2\/pages\/38901","targetHints":{"allow":["GET"]}}],"collection":[{"href":"https:\/\/feedontario.ca\/fr\/wp-json\/wp\/v2\/pages"}],"about":[{"href":"https:\/\/feedontario.ca\/fr\/wp-json\/wp\/v2\/types\/page"}],"author":[{"embeddable":true,"href":"https:\/\/feedontario.ca\/fr\/wp-json\/wp\/v2\/users\/6"}],"replies":[{"embeddable":true,"href":"https:\/\/feedontario.ca\/fr\/wp-json\/wp\/v2\/comments?post=38901"}],"version-history":[{"count":0,"href":"https:\/\/feedontario.ca\/fr\/wp-json\/wp\/v2\/pages\/38901\/revisions"}],"up":[{"embeddable":true,"href":"https:\/\/feedontario.ca\/fr\/wp-json\/wp\/v2\/pages\/38896"}],"wp:featuredmedia":[{"embeddable":true,"href":"https:\/\/feedontario.ca\/fr\/wp-json\/wp\/v2\/media\/45314"}],"wp:attachment":[{"href":"https:\/\/feedontario.ca\/fr\/wp-json\/wp\/v2\/media?parent=38901"}],"curies":[{"name":"wp","href":"https:\/\/api.w.org\/{rel}","templated":true}]}}