{"id":38902,"date":"2021-02-08T23:51:38","date_gmt":"2021-02-08T23:51:38","guid":{"rendered":"https:\/\/feedontario.ca\/?page_id=38902"},"modified":"2025-12-01T01:33:12","modified_gmt":"2025-12-01T01:33:12","slug":"donner","status":"publish","type":"page","link":"https:\/\/feedontario.ca\/fr\/prendre-des-mesures\/donner\/","title":{"rendered":"Faire un don"},"content":{"rendered":"\n\n\t<p>If you would like assistance in making your donation, please contact us at <a href=\"tel:4166564100\">(416) 656-4100<\/a> or email\u00a0<a href=\"mailto:donate@feedontario.ca\">donate@feedontario.ca<\/a>.<\/p>\n\t\t\t<a href=\"#faq\" target=\"_self\">\n\t\t\t\t\t\t\tDonation FAQ\n\t\t\t\t\t<\/a>\n\t\t\t<a href=\"https:\/\/feedontario.ca\/ways-to-give\/\" target=\"_self\">\n\t\t\t\t\t\t\tOther Ways To Give\n\t\t\t\t\t<\/a>\n\t\t\t\t<a href=\"\/\"  target=\"_self\" itemprop=\"url\">\n\t\t\t\t<img decoding=\"async\" src=\"https:\/\/feedontario.ca\/wp-content\/uploads\/2025\/06\/Frame.svg\" alt=\"Frame\" itemprop=\"image\" height=\"59\" width=\"130\" title=\"Frame\" onerror=\"this.style.display='none'\" loading=\"lazy\" \/>\n\t\t\t\t<\/a>\n\t<div class=\"trp_language_switcher_shortcode\">\n<div class=\"trp-language-switcher trp-language-switcher-container\" data-no-translation >\n    <div class=\"trp-ls-shortcode-current-language\">\n        <a href=\"#\" class=\"trp-ls-shortcode-disabled-language trp-ls-disabled-language\" title=\"Fran\u00e7ais du Canada\" onclick=\"event.preventDefault()\">\n\t\t\t FR\t\t<\/a>\n    <\/div>\n    <div class=\"trp-ls-shortcode-language\">\n                <a href=\"#\" class=\"trp-ls-shortcode-disabled-language trp-ls-disabled-language\"  title=\"Fran\u00e7ais du Canada\" onclick=\"event.preventDefault()\">\n\t\t\t FR\t\t<\/a>\n                    <a href=\"https:\/\/feedontario.ca\/fr\/wp-json\/wp\/v2\/pages\/38902#TRPLINKPROCESSED\" title=\"English\">\n             EN        <\/a>\n\n        <\/div>\n    <script type=\"application\/javascript\">\n        \/\/ need to have the same with set from JS on both divs. Otherwise it can push stuff around in HTML\n        var trp_ls_shortcodes = document.querySelectorAll('.trp_language_switcher_shortcode .trp-language-switcher');\n        if ( trp_ls_shortcodes.length > 0) {\n            \/\/ get the last language switcher added\n            var trp_el = trp_ls_shortcodes[trp_ls_shortcodes.length - 1];\n\n            var trp_shortcode_language_item = trp_el.querySelector( '.trp-ls-shortcode-language' )\n            \/\/ set width\n            var trp_ls_shortcode_width                                               = trp_shortcode_language_item.offsetWidth + 16;\n            trp_shortcode_language_item.style.width                                  = trp_ls_shortcode_width + 'px';\n            trp_el.querySelector( '.trp-ls-shortcode-current-language' ).style.width = trp_ls_shortcode_width + 'px';\n\n            \/\/ We're putting this on display: none after we have its width.\n            trp_shortcode_language_item.style.display = 'none';\n        }\n    <\/script>\n<\/div>\n<\/div>\n<h1>\n\t\t\tHelp families barely holding on\t<\/h1>\n\t<p>More Ontario families have gone from &#8220;just getting by&#8221; to &#8220;barely holding on.&#8221; You can help ensure food banks have the food and resources to safely support them in this challenging time. Make a secure donation to help Feed Ontario now. Every $1 you give will provide two meals to someone in need.<\/p>\n\t<p>Your online donation is bank-level secure. Feed Ontario is a Registered Charity in Canada #885260968RR0001.<\/p>\n\t\t\t\t<img decoding=\"async\" src=\"https:\/\/feedontario.ca\/wp-content\/uploads\/2025\/07\/ICON_TwoMeals_CircleLightBlue.png\" alt=\"ICON_TwoMeals_CircleLightBlue\" itemprop=\"image\" height=\"353\" width=\"353\" title=\"ICON_TwoMeals_CircleLightBlue\" onerror=\"this.style.display='none'\" loading=\"lazy\" \/>\n\t<p>Every $1 provides two meals and helps feed your community.<\/p>\n\t\t\t\t<img decoding=\"async\" src=\"https:\/\/feedontario.ca\/wp-content\/uploads\/2025\/07\/ICON_OntarioLocation_CircleLightBlue.png\" alt=\"ICON_OntarioLocation_CircleLightBlue\" itemprop=\"image\" height=\"352\" width=\"352\" title=\"ICON_OntarioLocation_CircleLightBlue\" onerror=\"this.style.display='none'\" loading=\"lazy\" \/>\n\t<p>1,200 hunger-relief organizations across Ontario supported.<\/p>\n\t\t\t\t<img decoding=\"async\" src=\"https:\/\/feedontario.ca\/wp-content\/uploads\/2025\/07\/ICON_BagIncrease_CircleLightBlue.png\" alt=\"ICON_BagIncrease_CircleLightBlue\" itemprop=\"image\" height=\"352\" width=\"352\" title=\"ICON_BagIncrease_CircleLightBlue\" onerror=\"this.style.display='none'\" loading=\"lazy\" \/>\n\t<p>95\u00a2 of every 1$ goes to food, training, and long-term solutions.<\/p>\n<h2>\n\t\t\tHow your donation helps Feed Ontario\t<\/h2>\n\t<p>This year, more than 1 million children, adults, and seniors will walk through the doors of their local food bank, many for the very first time. While this is both heart wrenching and concerning we do have cause for hope.<\/p>\n<p>With your support, Feed Ontario will be able to provide food, funding and opportunities to more than 1,200 food banks and hunger-relief organizations across the province.<\/p>\n\t\t\t<a href=\"https:\/\/feedontario.ca\/how-we-feed-ontario\/\" target=\"_self\">\n\t\t\t\t\t\t\tLEARN MORE\n\t\t\t\t\t<\/a>\n\t\t\t<a href=\"#form\" target=\"_self\">\n\t\t\t\t\t\tDonate Today\n\t\t\t\t\t<\/a>\n\t\t\t\t<img decoding=\"async\" src=\"https:\/\/feedontario.ca\/wp-content\/uploads\/2023\/01\/AdobeStock_671502697-scaled.jpg\" alt=\"Group of people, volunteer and checking food boxes on table for charity with care, kindness and help. Community donation, happy men and women at ngo with grocery checklist at non profit project event.\" itemprop=\"image\" height=\"1350\" width=\"2560\" title=\"Group of people, volunteer and checking food boxes on table for charity with care, kindness and help. Community donation, happy men and women at ngo with grocery checklist at non profit project event\" onerror=\"this.style.display='none'\" loading=\"lazy\" \/>\n<h2>\n\t\t\tGive With Confidence\t<\/h2>\n\t<p>When you give to Feed Ontario, <strong>you&#8217;re helping support over 1,200 food banks and hunger-relief organizations<\/strong>-including your local food bank.<\/p>\n<p><strong>95\u00a2 of every $1 goes directly to food, training, and long-term solutions<\/strong> that fight hunger across the province.<\/p>\n<p>We&#8217;re proudly accredited by Imagine Canada for achieving the highest standards of transparency and accountability.<\/p>\n\t\t\t\t<a href=\"https:\/\/imaginecanada.ca\/en\/standards\"  target=\"_blank\" rel=\"noopener\"  itemprop=\"url\">\n\t\t\t\t<img decoding=\"async\" src=\"https:\/\/feedontario.ca\/wp-content\/uploads\/2025\/06\/Group-11223.svg\" alt=\"Group 11223\" itemprop=\"image\" height=\"54\" width=\"190\" title=\"Group 11223\" onerror=\"this.style.display='none'\" loading=\"lazy\" \/>\n\t\t\t\t<\/a>\n<h2  id=\"faq\">\n\t\t\tGot questions? We have answers.\t<\/h2>\n\t\t\t\t<!--  -->\n\t\t\t\t\t<a href=\"#\" id=\"fl-accordion--label-0\" tabindex=\"0\" aria-controls=\"fl-accordion--panel-0\">How does Feed Ontario use my donation?<\/a>\n\t\t\t\t\t\t\t\t\t\t\t<a href=\"#\" id=\"fl-accordion--icon-0\" tabindex=\"-1\"><i>Expand<\/i><\/a>\n\t\t\t\t\t<p>Your donation will help send <strong>nutritious food to more than 1,200 hunger-relief organizations across the province<\/strong>, on an equitable basis, throughout the year. Your generosity also provides food banks with resources and training to build capacity and better serve their communities, and supports Ontario&#8217;s food bank network to develop lasting solutions to hunger in partnership with government, industry, and local communities.<\/p>\n<p><strong>For every $1 you donate, 95 cents goes directly to programs and services<\/strong>, and 5 cents helps Feed Ontario ensure our efficiency, effectiveness, and sustainability through fundraising and administration.<\/p>\n\t\t\t\t<!--  -->\n\t\t\t\t\t<a href=\"#\" id=\"fl-accordion--label-1\" tabindex=\"0\" aria-controls=\"fl-accordion--panel-1\">Is donating online secure?<\/a>\n\t\t\t\t\t\t\t\t\t\t\t<a href=\"#\" id=\"fl-accordion--icon-1\" tabindex=\"-1\"><i>Expand<\/i><\/a>\n\t\t\t\t\t<p>Your donation is 100% secure. We use industry-standard software to encrypt and process all your donation information. We do not share your data with any third parties.<\/p>\n\t\t\t\t<!--  -->\n\t\t\t\t\t<a href=\"#\" id=\"fl-accordion--label-2\" tabindex=\"0\" aria-controls=\"fl-accordion--panel-2\">Will I get a tax receipt for my donation?<\/a>\n\t\t\t\t\t\t\t\t\t\t\t<a href=\"#\" id=\"fl-accordion--icon-2\" tabindex=\"-1\"><i>Expand<\/i><\/a>\n\t\t\t\t\t<p>Yes! One-time donations made online will receive an automatic email with your e-receipt at the email address you provide. All monthly donations in a calendar year will be collated into one receipt and mailed to you in February of the following year. Donations received via mail will be receipted at the start of the following month and posted to the address provided.<\/p>\n<p>If you have not received your receipt, or if there is an error, please contact us at <a href=\"mailto:donate@feedontario.ca\">donate@feedontario.ca<\/a> or <a href=\"tel:4166564100\">(416) 656-4100<\/a>.<\/p>\n\t\t\t\t<!--  -->\n\t\t\t\t\t<a href=\"#\" id=\"fl-accordion--label-3\" tabindex=\"0\" aria-controls=\"fl-accordion--panel-3\">Can I direct my donation to a specific food bank?<\/a>\n\t\t\t\t\t\t\t\t\t\t\t<a href=\"#\" id=\"fl-accordion--icon-3\" tabindex=\"-1\"><i>Expand<\/i><\/a>\n\t\t\t\t\t<p>Feed Ontario supports food banks across the province on an equitable basis. Our SNAP program uses smart algorithms to allocate food based on the number of people served, food bank capacity, and recent food deliveries.<\/p>\n<p>To donate to a specific community, please contact your local food bank directly using our <a href=\"https:\/\/feedontario.ca\/about-us\/find-a-food-bank\/\">Find-a-Food Bank tool<\/a>.<\/p>\n\t\t\t\t<!--  -->\n\t\t\t\t\t<a href=\"#\" id=\"fl-accordion--label-4\" tabindex=\"0\" aria-controls=\"fl-accordion--panel-4\">How can I donate food?<\/a>\n\t\t\t\t\t\t\t\t\t\t\t<a href=\"#\" id=\"fl-accordion--icon-4\" tabindex=\"-1\"><i>Expand<\/i><\/a>\n\t\t\t\t\t<p>Individuals looking to donate food can give to their local food bank. Use our <a href=\"https:\/\/feedontario.ca\/about-us\/find-a-food-bank\/\">Find-a-Food Bank<\/a> function to find your local food bank.<\/p>\n<p>Organizations looking to donate five or more pallets of food or supplies can learn more about <a href=\"https:\/\/feedontario.ca\/take-action\/donate-food\/\">donating food here<\/a>.<\/p>\n<p>If you have less than five pallets of food, please contact your local food bank using our <a href=\"https:\/\/feedontario.ca\/about-us\/find-a-food-bank\/\">Find-a-Food Bank tool<\/a>.<\/p>\n\t\t\t\t<!--  -->\n\t\t\t\t\t<a href=\"#\" id=\"fl-accordion--label-5\" tabindex=\"0\" aria-controls=\"fl-accordion--panel-5\">How do I make a planned gift or gift of securities?<\/a>\n\t\t\t\t\t\t\t\t\t\t\t<a href=\"#\" id=\"fl-accordion--icon-5\" tabindex=\"-1\"><i>Expand<\/i><\/a>\n\t\t\t\t\t<p>Download our <a href=\"https:\/\/feedontario.ca\/wp-content\/uploads\/2025\/03\/FEED_OntarioLegacyBrochure25_Digital.pdf\">Legacy Giving Guide<\/a> and <a href=\"https:\/\/feedontario.ca\/wp-content\/uploads\/2025\/03\/Feed-Ontario-Bequest-Intent-Form.pdf\">Legacy Intent Form<\/a> for more information on how you can support Feed Ontario through planned giving. Learn more about <a href=\"https:\/\/feedontario.ca\/take-action\/gift-of-securities\/\">Gifts of Securities<\/a> and download the <a href=\"https:\/\/feedontario.ca\/wp-content\/uploads\/2024\/04\/Feed-Ontario-Gift-of-Securities-Form.pdf\">form<\/a> here.<\/p>\n\t\t\t\t<!--  -->\n\t\t\t\t\t<a href=\"#\" id=\"fl-accordion--label-6\" tabindex=\"0\" aria-controls=\"fl-accordion--panel-6\">How can my organization partner with Feed Ontario?<\/a>\n\t\t\t\t\t\t\t\t\t\t\t<a href=\"#\" id=\"fl-accordion--icon-6\" tabindex=\"-1\"><i>Expand<\/i><\/a>\n\t\t\t\t\t<p>There are lots of ways to partner with Feed Ontario. See our <a href=\"https:\/\/feedontario.ca\/take-action\/become-a-partner\/\">Partner With Us<\/a> page to learn more and get in touch. You can also visit our <a href=\"https:\/\/feedontario.ca\/take-action\/support-a-campaign\/\">Campaign<\/a> page to see our ongoing and past partnerships.<\/p>\n\t\t\t\t<!--  -->\n\t\t\t\t\t<a href=\"#\" id=\"fl-accordion--label-7\" tabindex=\"0\" aria-controls=\"fl-accordion--panel-7\">How does every dollar equal two meals?<\/a>\n\t\t\t\t\t\t\t\t\t\t\t<a href=\"#\" id=\"fl-accordion--icon-7\" tabindex=\"-1\"><i>Expand<\/i><\/a>\n\t\t\t\t\t<p>For every one dollar donated, Feed Ontario can provide the equivalent of two meals. As a province-wide organization Feed Ontario can use economies of scale and bulk purchasing to secure lower rates on our food costs. We further supplement this through the strong partnerships we have developed with Ontario&#8217;s food and transportation sectors, which provide us with discounted, at-cost, and donated services and food.<\/p>\n<p>We calculate the cost of a meal by looking at operating costs and how much food is donated to Feed Ontario. Operating expenses include costs to collect, store, and transport food to our member food banks.<\/p>\n<p>We divide the total number of pounds of food donated by the cost of operating and delivering donations to food banks across the province.<\/p>\n<p>Our partners help to provide meals to more than 1 million people each year. Learn more about <a href=\"https:\/\/feedontario.ca\/take-action\/become-a-partner\/\">becoming a partner<\/a>.<\/p>\n\t\t\t\t<!--  -->\n\t\t\t\t\t<a href=\"#\" id=\"fl-accordion--label-8\" tabindex=\"0\" aria-controls=\"fl-accordion--panel-8\">Who can I contact with donation questions?<\/a>\n\t\t\t\t\t\t\t\t\t\t\t<a href=\"#\" id=\"fl-accordion--icon-8\" tabindex=\"-1\"><i>Expand<\/i><\/a>\n\t\t\t\t\t<p>For questions about donations, you can contact: <a href=\"mailto:donate@feedontario.ca\">donate@feedontario.ca<\/a><\/p>\n\t\t\t\t<!--  -->\n\t\t\t\t\t<a href=\"#\" id=\"fl-accordion--label-9\" tabindex=\"0\" aria-controls=\"fl-accordion--panel-9\">How can I facilitate a group donation?<\/a>\n\t\t\t\t\t\t\t\t\t\t\t<a href=\"#\" id=\"fl-accordion--icon-9\" tabindex=\"-1\"><i>Expand<\/i><\/a>\n\t\t\t\t\t<p>If you are looking to make a single, consolidated donation on behalf of multiple individuals, each requiring individual tax receipts, we would request you to donate via EFT, wire transfer or cheque. Unfortunately, our system is not currently set-up to facilitate this online, but our Development Team would be happy to support you! For more information, please reach out to our team at <a href=\"mailto:donate@feedontario.ca\">donate@feedontario.ca<\/a>.<\/p>\n<p><strong>Note:<\/strong> Please do not use this donation form for group donations.<\/p>\n<h2>\n\t\t\tContact Us\t<\/h2>\n\t<p>If you have questions about your donation, or need assistance to make a donation please contact us.<\/p>\n<a href=\"tel:4166564100\">(416) 656-4100<\/a><br \/>\n<a href=\"mailto:donate@feedontario.ca\">donate@feedontario.ca<\/a>\n\t\t\t<a href=\"#form\" target=\"_self\">\n\t\t\t\t\t\tGive Today\n\t\t\t\t\t<\/a>\n<h3>\n\t\t\tMore Ways to Give\t<\/h3>\n\t\t\t<a href=\"https:\/\/feedontario.ca\/take-action\/start-a-fundraiser\/\" target=\"_self\">\n\t\t\t\t\t\t\tStart A Fundraiser\n\t\t\t\t\t<\/a>\n\t\t\t<a href=\"https:\/\/feedontario.ca\/take-action\/legacy-giving\/\" target=\"_self\">\n\t\t\t\t\t\t\tLeave A Legacy\n\t\t\t\t\t<\/a>\n\t\t\t<a href=\"https:\/\/feedontario.ca\/take-action\/workplace-giving\/\" target=\"_self\">\n\t\t\t\t\t\t\tWorkplace Giving\n\t\t\t\t\t<\/a>\n\t\t\t<a href=\"https:\/\/feedontario.ca\/take-action\/become-a-partner\/\" target=\"_self\">\n\t\t\t\t\t\t\tCorporate Partnership\n\t\t\t\t\t<\/a>\n\t\t\t\t<img decoding=\"async\" src=\"https:\/\/feedontario.ca\/wp-content\/uploads\/2025\/07\/Frame.svg\" alt=\"Frame\" itemprop=\"image\" height=\"73\" width=\"160\" title=\"Frame\" onerror=\"this.style.display='none'\" loading=\"lazy\" \/>\n\tCopyright \u00a9 Feed Ontario 2025<br \/>\nCharitable No.885260968RR0001\n\t\t\t<a href=\"#faq\" target=\"_self\">\n\t\t\t\t\t\t\tDonation FAQ\n\t\t\t\t\t<\/a>\n\t\t\t<a href=\"https:\/\/feedontario.ca\/ways-to-give\/\" target=\"_self\">\n\t\t\t\t\t\t\tOther Ways To Give\n\t\t\t\t\t<\/a>\n\n","protected":false},"excerpt":{"rendered":"<p>Si vous souhaitez obtenir de l'aide pour faire votre don, veuillez nous contacter au (416) 656-4100 ou par courriel \u00e0 donate@feedontario.ca. FAQ sur les dons Autres fa\u00e7ons de donner Aider les familles qui ont du mal \u00e0 s'en sortir Plus de familles ontariennes sont pass\u00e9es de \u201c s'en sortir \u201d \u00e0 \u201c avoir du mal \u00e0 s'en sortir \u201d. Vous pouvez contribuer \u00e0 faire en sorte que les banques alimentaires disposent des aliments et des ressources n\u00e9cessaires pour...<\/p>","protected":false},"author":6,"featured_media":39989,"parent":38896,"menu_order":51,"comment_status":"closed","ping_status":"closed","template":"tpl-no-header-footer.php","meta":{"_acf_changed":false,"inline_featured_image":false,"footnotes":""},"class_list":["post-38902","page","type-page","status-publish","has-post-thumbnail","hentry"],"acf":[],"yoast_head":"<!-- This site is optimized with the Yoast SEO plugin v27.4 - https:\/\/yoast.com\/product\/yoast-seo-wordpress\/ -->\n<title>Donate: Help End Hunger in Ontario | Feed Ontario<\/title>\n<meta name=\"description\" content=\"Feed Ontario supports local food banks with innovative programmes. We work with food banks, industry partners, &amp; communities to end hunger in Ontario.\" \/>\n<meta name=\"robots\" content=\"index, follow, max-snippet:-1, max-image-preview:large, max-video-preview:-1\" \/>\n<link rel=\"canonical\" href=\"https:\/\/feedontario.ca\/fr\/prendre-des-mesures\/donner\/\" \/>\n<meta property=\"og:locale\" content=\"fr_CA\" \/>\n<meta property=\"og:type\" content=\"article\" \/>\n<meta property=\"og:title\" content=\"Donate: Help End Hunger in Ontario | Feed Ontario\" \/>\n<meta property=\"og:description\" content=\"Feed Ontario supports local food banks with innovative programmes. We work with food banks, industry partners, &amp; communities to end hunger in Ontario.\" \/>\n<meta property=\"og:url\" content=\"https:\/\/feedontario.ca\/fr\/prendre-des-mesures\/donner\/\" \/>\n<meta property=\"og:site_name\" content=\"Feed Ontario\" \/>\n<meta property=\"article:modified_time\" content=\"2025-12-01T01:33:12+00:00\" \/>\n<meta property=\"og:image\" content=\"https:\/\/feedontario.ca\/wp-content\/uploads\/2021\/03\/donatehero.jpg\" \/>\n\t<meta property=\"og:image:width\" content=\"1000\" \/>\n\t<meta property=\"og:image:height\" content=\"1200\" \/>\n\t<meta property=\"og:image:type\" content=\"image\/jpeg\" \/>\n<meta name=\"twitter:card\" content=\"summary_large_image\" \/>\n<meta name=\"twitter:label1\" content=\"Est. reading time\" \/>\n\t<meta name=\"twitter:data1\" content=\"6 minutes\" \/>\n<script type=\"application\/ld+json\" class=\"yoast-schema-graph\">{\"@context\":\"https:\\\/\\\/schema.org\",\"@graph\":[{\"@type\":\"WebPage\",\"@id\":\"https:\\\/\\\/feedontario.ca\\\/take-action\\\/donate\\\/\",\"url\":\"https:\\\/\\\/feedontario.ca\\\/take-action\\\/donate\\\/\",\"name\":\"Donate: Help End Hunger in Ontario | Feed Ontario\",\"isPartOf\":{\"@id\":\"https:\\\/\\\/feedontario.ca\\\/#website\"},\"primaryImageOfPage\":{\"@id\":\"https:\\\/\\\/feedontario.ca\\\/take-action\\\/donate\\\/#primaryimage\"},\"image\":{\"@id\":\"https:\\\/\\\/feedontario.ca\\\/take-action\\\/donate\\\/#primaryimage\"},\"thumbnailUrl\":\"https:\\\/\\\/feedontario.ca\\\/wp-content\\\/uploads\\\/2021\\\/03\\\/donatehero.jpg\",\"datePublished\":\"2021-02-08T23:51:38+00:00\",\"dateModified\":\"2025-12-01T01:33:12+00:00\",\"description\":\"Feed Ontario supports local food banks with innovative programmes. We work with food banks, industry partners, & communities to end hunger in Ontario.\",\"breadcrumb\":{\"@id\":\"https:\\\/\\\/feedontario.ca\\\/take-action\\\/donate\\\/#breadcrumb\"},\"inLanguage\":\"fr-CA\",\"potentialAction\":[{\"@type\":\"ReadAction\",\"target\":[\"https:\\\/\\\/feedontario.ca\\\/take-action\\\/donate\\\/\"]}]},{\"@type\":\"ImageObject\",\"inLanguage\":\"fr-CA\",\"@id\":\"https:\\\/\\\/feedontario.ca\\\/take-action\\\/donate\\\/#primaryimage\",\"url\":\"https:\\\/\\\/feedontario.ca\\\/wp-content\\\/uploads\\\/2021\\\/03\\\/donatehero.jpg\",\"contentUrl\":\"https:\\\/\\\/feedontario.ca\\\/wp-content\\\/uploads\\\/2021\\\/03\\\/donatehero.jpg\",\"width\":1000,\"height\":1200,\"caption\":\"A picture of a girl with a spoon in her mouth\"},{\"@type\":\"BreadcrumbList\",\"@id\":\"https:\\\/\\\/feedontario.ca\\\/take-action\\\/donate\\\/#breadcrumb\",\"itemListElement\":[{\"@type\":\"ListItem\",\"position\":1,\"name\":\"Home\",\"item\":\"https:\\\/\\\/feedontario.ca\\\/\"},{\"@type\":\"ListItem\",\"position\":2,\"name\":\"Take Action\",\"item\":\"https:\\\/\\\/feedontario.ca\\\/take-action\\\/\"},{\"@type\":\"ListItem\",\"position\":3,\"name\":\"Donate\"}]},{\"@type\":\"WebSite\",\"@id\":\"https:\\\/\\\/feedontario.ca\\\/#website\",\"url\":\"https:\\\/\\\/feedontario.ca\\\/\",\"name\":\"Feed Ontario\",\"description\":\"Uniting food banks, industry partners, and local communities in our work to end hunger and poverty\",\"potentialAction\":[{\"@type\":\"SearchAction\",\"target\":{\"@type\":\"EntryPoint\",\"urlTemplate\":\"https:\\\/\\\/feedontario.ca\\\/?s={search_term_string}\"},\"query-input\":{\"@type\":\"PropertyValueSpecification\",\"valueRequired\":true,\"valueName\":\"search_term_string\"}}],\"inLanguage\":\"fr-CA\"}]}<\/script>\n<!-- \/ Yoast SEO plugin. -->","yoast_head_json":{"title":"Faites un don : Aidez \u00e0 mettre fin \u00e0 la faim en Ontario | Feed Ontario","description":"Feed Ontario soutient les banques alimentaires locales au moyen de programmes novateurs. Nous travaillons avec les banques alimentaires, les partenaires industriels et les communaut\u00e9s pour mettre fin \u00e0 la faim en Ontario.","robots":{"index":"index","follow":"follow","max-snippet":"max-snippet:-1","max-image-preview":"max-image-preview:large","max-video-preview":"max-video-preview:-1"},"canonical":"https:\/\/feedontario.ca\/fr\/prendre-des-mesures\/donner\/","og_locale":"fr_CA","og_type":"article","og_title":"Donate: Help End Hunger in Ontario | Feed Ontario","og_description":"Feed Ontario supports local food banks with innovative programmes. We work with food banks, industry partners, & communities to end hunger in Ontario.","og_url":"https:\/\/feedontario.ca\/fr\/prendre-des-mesures\/donner\/","og_site_name":"Feed Ontario","article_modified_time":"2025-12-01T01:33:12+00:00","og_image":[{"width":1000,"height":1200,"url":"https:\/\/feedontario.ca\/wp-content\/uploads\/2021\/03\/donatehero.jpg","type":"image\/jpeg"}],"twitter_card":"summary_large_image","twitter_misc":{"Est. reading time":"6 minutes"},"schema":{"@context":"https:\/\/schema.org","@graph":[{"@type":"WebPage","@id":"https:\/\/feedontario.ca\/take-action\/donate\/","url":"https:\/\/feedontario.ca\/take-action\/donate\/","name":"Faites un don : Aidez \u00e0 mettre fin \u00e0 la faim en Ontario | Feed Ontario","isPartOf":{"@id":"https:\/\/feedontario.ca\/#website"},"primaryImageOfPage":{"@id":"https:\/\/feedontario.ca\/take-action\/donate\/#primaryimage"},"image":{"@id":"https:\/\/feedontario.ca\/take-action\/donate\/#primaryimage"},"thumbnailUrl":"https:\/\/feedontario.ca\/wp-content\/uploads\/2021\/03\/donatehero.jpg","datePublished":"2021-02-08T23:51:38+00:00","dateModified":"2025-12-01T01:33:12+00:00","description":"Feed Ontario soutient les banques alimentaires locales au moyen de programmes novateurs. Nous travaillons avec les banques alimentaires, les partenaires industriels et les communaut\u00e9s pour mettre fin \u00e0 la faim en Ontario.","breadcrumb":{"@id":"https:\/\/feedontario.ca\/take-action\/donate\/#breadcrumb"},"inLanguage":"fr-CA","potentialAction":[{"@type":"ReadAction","target":["https:\/\/feedontario.ca\/take-action\/donate\/"]}]},{"@type":"ImageObject","inLanguage":"fr-CA","@id":"https:\/\/feedontario.ca\/take-action\/donate\/#primaryimage","url":"https:\/\/feedontario.ca\/wp-content\/uploads\/2021\/03\/donatehero.jpg","contentUrl":"https:\/\/feedontario.ca\/wp-content\/uploads\/2021\/03\/donatehero.jpg","width":1000,"height":1200,"caption":"A picture of a girl with a spoon in her mouth"},{"@type":"BreadcrumbList","@id":"https:\/\/feedontario.ca\/take-action\/donate\/#breadcrumb","itemListElement":[{"@type":"ListItem","position":1,"name":"Home","item":"https:\/\/feedontario.ca\/"},{"@type":"ListItem","position":2,"name":"Take Action","item":"https:\/\/feedontario.ca\/take-action\/"},{"@type":"ListItem","position":3,"name":"Donate"}]},{"@type":"WebSite","@id":"https:\/\/feedontario.ca\/#website","url":"https:\/\/feedontario.ca\/","name":"Nourrir l'Ontario","description":"Unir les banques alimentaires, les partenaires industriels et les communaut\u00e9s locales dans notre travail pour \u00e9radiquer la faim et la pauvret\u00e9.","potentialAction":[{"@type":"SearchAction","target":{"@type":"EntryPoint","urlTemplate":"https:\/\/feedontario.ca\/?s={search_term_string}"},"query-input":{"@type":"PropertyValueSpecification","valueRequired":true,"valueName":"search_term_string"}}],"inLanguage":"fr-CA"}]}},"_links":{"self":[{"href":"https:\/\/feedontario.ca\/fr\/wp-json\/wp\/v2\/pages\/38902","targetHints":{"allow":["GET"]}}],"collection":[{"href":"https:\/\/feedontario.ca\/fr\/wp-json\/wp\/v2\/pages"}],"about":[{"href":"https:\/\/feedontario.ca\/fr\/wp-json\/wp\/v2\/types\/page"}],"author":[{"embeddable":true,"href":"https:\/\/feedontario.ca\/fr\/wp-json\/wp\/v2\/users\/6"}],"replies":[{"embeddable":true,"href":"https:\/\/feedontario.ca\/fr\/wp-json\/wp\/v2\/comments?post=38902"}],"version-history":[{"count":0,"href":"https:\/\/feedontario.ca\/fr\/wp-json\/wp\/v2\/pages\/38902\/revisions"}],"up":[{"embeddable":true,"href":"https:\/\/feedontario.ca\/fr\/wp-json\/wp\/v2\/pages\/38896"}],"wp:featuredmedia":[{"embeddable":true,"href":"https:\/\/feedontario.ca\/fr\/wp-json\/wp\/v2\/media\/39989"}],"wp:attachment":[{"href":"https:\/\/feedontario.ca\/fr\/wp-json\/wp\/v2\/media?parent=38902"}],"curies":[{"name":"wp","href":"https:\/\/api.w.org\/{rel}","templated":true}]}}