{"id":38903,"date":"2021-02-08T23:55:00","date_gmt":"2021-02-08T23:55:00","guid":{"rendered":"https:\/\/feedontario.ca\/?page_id=38903"},"modified":"2025-09-19T16:45:23","modified_gmt":"2025-09-19T16:45:23","slug":"nous-contacter","status":"publish","type":"page","link":"https:\/\/feedontario.ca\/fr\/nous-contacter\/","title":{"rendered":"Nous contacter"},"content":{"rendered":"<h1>\n\t\t\tConnectons-nous\t<\/h1>\n\t<p>Rejoignez-nous \u00e0 la table pour Nourrir l'Ontario et aidez-nous \u00e0 b\u00e2tir une province plus saine. Contactez-nous d\u00e8s aujourd'hui pour savoir comment vous pouvez contribuer.<\/p>\n<p>&nbsp;<\/p>\n\t\t\t<a href=\"\/fr\/prendre-des-mesures\/donner\/\" target=\"_self\">\n\t\t\t\t\t\tDonner aujourd'hui\n\t\t\t\t\t<\/a>\n<h4>\n\t\t\tContactez nous\t<\/h4>\n\t<p>T\u00e9l : <a href=\"tel:4166564100\">(416) 656-4100<\/a><\/p>\n<p>Fax : <a href=\"tel:4166564104\">(416) 656-4104<\/a><\/p>\n<p><a href=\"mailto:info@feedontario.ca\">info@feedontario.ca<\/a><\/p>\n<p>101 - 320 Bay Street, Toronto, ON M5H 4A6<\/p>\n<p>Veuillez noter que nous ne servons pas les clients directement. Pour ceux qui cherchent de l'aide dans la r\u00e9gion de Toronto, veuillez contacter la Daily Bread Food Bank ou North York Harvest pour trouver la banque alimentaire la plus proche.<\/p>\n\t<p><strong>Avez-vous une pr\u00e9occupation ?<\/strong><\/p>\n<p><em>Feed Ontario s'engage \u00e0 fournir un excellent service, mais nous reconnaissons que, de temps \u00e0 autre, il peut y avoir des demandes de renseignements ou des pr\u00e9occupations. Pour nous faire part de vos commentaires, veuillez communiquer avec le service d'assistance t\u00e9l\u00e9phonique de Banques alimentaires Canada au 1-877-280-0329 ou \u00e0 l'adresse suivante <a href=\"mailto:complaints@foodbankscanada.ca\">complaints@foodbankscanada.ca<\/a>.<\/em><\/p>\n<p>Lire Feed Ontario's <a href=\"https:\/\/feedontario.ca\/wp-content\/uploads\/2023\/08\/Feed-Ontario-Complaints-Policy-FINAL-V1-Approved-July-11-2023.pdf\">Politique en mati\u00e8re de plaintes<\/a> pour plus d'informations.<\/p>\n<h4>\n\t\t\tObtenir un soutien social\t<\/h4>\n<h2>\n\t\t\tVous avez une demande sp\u00e9cifique ?\t<\/h2>\n<h2>\n\t\t\t Nous sommes l\u00e0 pour vous aider.\t<\/h2>\n\t\t\t\t<img decoding=\"async\" src=\"https:\/\/feedontario.ca\/wp-content\/uploads\/2021\/01\/squiggle_yellow.svg\" alt=\"ligne jaune en pointill\u00e9s\" itemprop=\"image\" height=\"4\" width=\"38\" title=\"gribouillis_jaune\" onerror=\"this.style.display='none'\" loading=\"lazy\" \/>\n\t\t\t\t<!--  -->\n\t\t\t\t\t<a href=\"#\" id=\"fl-accordion--label-0\" tabindex=\"0\" aria-controls=\"fl-accordion--panel-0\">J'ai une question concernant les m\u00e9dias ou la politique.<\/a>\n\t\t\t\t\t\t\t\t\t\t\t<a href=\"#\" id=\"fl-accordion--icon-0\" tabindex=\"-1\"><i>\u00c9largir<\/i><\/a>\n\t\t\t\t\tVeuillez contacter<br \/>\nAndrea Waters (Responsable du marketing et de la communication)<br \/>\n<a href=\"mailto:andrea@feedontario.ca\" target=\"_blank\" rel=\"noopener\">andrea@feedontario.ca<\/a><br \/>\n<a href=\"tel:4166564100;2932\">(416) 656-4100<\/a> ext. 2941\n<p>&nbsp;<\/p>\n\t\t\t\t<!--  -->\n\t\t\t\t\t<a href=\"#\" id=\"fl-accordion--label-1\" tabindex=\"0\" aria-controls=\"fl-accordion--panel-1\"> Je souhaite devenir une entreprise partenaire de Feed Ontario.<\/a>\n\t\t\t\t\t\t\t\t\t\t\t<a href=\"#\" id=\"fl-accordion--icon-1\" tabindex=\"-1\"><i>\u00c9largir<\/i><\/a>\n\t\t\t\t\tVeuillez contacter<br \/>\nAlison Holmes (Responsable des partenariats avec les entreprises et les fondations)<br \/>\n<a href=\"mailto:rachel@feedontario.ca\" target=\"_blank\" rel=\"noopener\">alison@feedontario.ca<br \/>\n<\/a><a href=\"tel:4166564100;2937\">(416) 656-4100<\/a> ext. 2937\n<p>&nbsp;<\/p>\n\t\t\t\t<!--  -->\n\t\t\t\t\t<a href=\"#\" id=\"fl-accordion--label-2\" tabindex=\"0\" aria-controls=\"fl-accordion--panel-2\"> J'aimerais faire don de nourriture.<\/a>\n\t\t\t\t\t\t\t\t\t\t\t<a href=\"#\" id=\"fl-accordion--icon-2\" tabindex=\"-1\"><i>\u00c9largir<\/i><\/a>\n\t\t\t\t\tSi vous \u00eates un producteur d'aliments ou un agriculteur d\u00e9sireux de faire un don d'aliments \u00e0 grande \u00e9chelle pour soutenir le r\u00e9seau de banques alimentaires de Feed Ontario, communiquez avec<br \/>\nShanade Thomas (Coordinatrice des op\u00e9rations et des programmes)<br \/>\n<a href=\"mailto:adelaide@feedontario.ca\" target=\"_blank\" rel=\"noopener\">shanade@feedontario.ca<br \/>\n<\/a><a href=\"tel:4166564100;2934\">(416) 656-4100<\/a> poste. 2934\n<br \/>\nSi vous souhaitez faire un don plus modeste, nos banques alimentaires membres accepteront volontiers votre soutien. Trouvez la banque alimentaire la plus proche de chez vous<a href=\"https:\/\/feedontario.ca\/fr\/a-propos-de-nous\/trouver-une-banque-alimentaire\/\"> Banque alimentaire membre de Feed Ontario<\/a>\n<p>&nbsp;<\/p>\n<p>&nbsp;<\/p>\n\t\t\t\t<!--  -->\n\t\t\t\t\t<a href=\"#\" id=\"fl-accordion--label-3\" tabindex=\"0\" aria-controls=\"fl-accordion--panel-3\">J'ai une question concernant un don individuel.<\/a>\n\t\t\t\t\t\t\t\t\t\t\t<a href=\"#\" id=\"fl-accordion--icon-3\" tabindex=\"-1\"><i>\u00c9largir<\/i><\/a>\n\t\t\t\t\tVeuillez contacter<br \/>\nGargi Saripalli (Responsable du d\u00e9veloppement des fonds et des dons individuels)<br \/>\n<a href=\"mailto:gargi@feedontario.ca\" target=\"_blank\" rel=\"noopener\">gargi@feedontario.ca<br \/>\n<\/a><a href=\"tel:4166564100;2937\">(416) 656-4100<\/a> poste. 2944\n<p>&nbsp;<\/p>\n\t\t\t\t<!--  -->\n\t\t\t\t\t<a href=\"#\" id=\"fl-accordion--label-4\" tabindex=\"0\" aria-controls=\"fl-accordion--panel-4\">J'ai besoin d'acc\u00e9der \u00e0 une banque alimentaire.<\/a>\n\t\t\t\t\t\t\t\t\t\t\t<a href=\"#\" id=\"fl-accordion--icon-4\" tabindex=\"-1\"><i>\u00c9largir<\/i><\/a>\n\t\t\t\t\t<p>Veuillez contacter votre <a href=\"https:\/\/feedontario.ca\/fr\/a-propos-de-nous\/trouver-une-banque-alimentaire\/\">la banque alimentaire membre de Feed Ontario la plus proche.<\/a><\/p>\n<p>&nbsp;<\/p>\n\t\t\t\t<!--  -->\n\t\t\t\t\t<a href=\"#\" id=\"fl-accordion--label-5\" tabindex=\"0\" aria-controls=\"fl-accordion--panel-5\">J'ai une question concernant une banque alimentaire sp\u00e9cifique.<\/a>\n\t\t\t\t\t\t\t\t\t\t\t<a href=\"#\" id=\"fl-accordion--icon-5\" tabindex=\"-1\"><i>\u00c9largir<\/i><\/a>\n\t\t\t\t\tVeuillez contacter<br \/>\nErin Waddington (Responsable des relations avec les membres)<br \/>\n<a href=\"mailto:erin@feedontario.ca\" target=\"_blank\" rel=\"noopener\">erin@feedontario.ca<\/a><br \/>\n<a href=\"tel:4166564100;2933\">(416) 656-4100<\/a> ext. 2933\n<p>&nbsp;<\/p>\n<h2>\n\t\t\tNous avons un si\u00e8ge qui vous attend !\t<\/h2>\n\t<p>Vous joindrez-vous \u00e0 nous pour aider \u00e0 nourrir l'Ontario ?<\/p>\n<p>&nbsp;<\/p>\n\t\t\t<a href=\"\/fr\/prendre-des-mesures\/donner\/\" target=\"_self\">\n\t\t\t\t\t\tFaire un don\n\t\t\t\t\t<\/a>","protected":false},"excerpt":{"rendered":"<p>Connectons-nous Rejoignez-nous \u00e0 la table pour Nourrir l'Ontario et aidez-nous \u00e0 b\u00e2tir une province plus saine. Contactez-nous d\u00e8s aujourd'hui pour savoir comment vous pouvez contribuer.   Donnez aujourd'hui Contactez-nous T\u00e9l : (416) 656-4100 Fax : (416) 656-4104 info@feedontario.ca 101 - 320 Bay Street, Toronto, ON M5H 4A6 Veuillez noter que nous ne servons pas les clients...<\/p>","protected":false},"author":6,"featured_media":39985,"parent":0,"menu_order":60,"comment_status":"closed","ping_status":"closed","template":"","meta":{"_acf_changed":false,"inline_featured_image":false,"footnotes":""},"class_list":["post-38903","page","type-page","status-publish","has-post-thumbnail","hentry"],"acf":[],"yoast_head":"<!-- This site is optimized with the Yoast SEO plugin v27.4 - https:\/\/yoast.com\/product\/yoast-seo-wordpress\/ -->\n<title>Contact Us | Feed Ontario<\/title>\n<meta name=\"description\" content=\"Feed Ontario supports local food banks with innovative programmes. We work with food banks, industry partners, &amp; communities to end hunger in Ontario.\" \/>\n<meta name=\"robots\" content=\"index, follow, max-snippet:-1, max-image-preview:large, max-video-preview:-1\" \/>\n<link rel=\"canonical\" href=\"https:\/\/feedontario.ca\/fr\/nous-contacter\/\" \/>\n<meta property=\"og:locale\" content=\"fr_CA\" \/>\n<meta property=\"og:type\" content=\"article\" \/>\n<meta property=\"og:title\" content=\"Contact Us | Feed Ontario\" \/>\n<meta property=\"og:description\" content=\"Feed Ontario supports local food banks with innovative programmes. We work with food banks, industry partners, &amp; communities to end hunger in Ontario.\" \/>\n<meta property=\"og:url\" content=\"https:\/\/feedontario.ca\/fr\/nous-contacter\/\" \/>\n<meta property=\"og:site_name\" content=\"Feed Ontario\" \/>\n<meta property=\"article:modified_time\" content=\"2025-09-19T16:45:23+00:00\" \/>\n<meta property=\"og:image\" content=\"https:\/\/feedontario.ca\/wp-content\/uploads\/2021\/03\/contact-us-hero.jpg\" \/>\n\t<meta property=\"og:image:width\" content=\"1600\" \/>\n\t<meta property=\"og:image:height\" content=\"1000\" \/>\n\t<meta property=\"og:image:type\" content=\"image\/jpeg\" \/>\n<meta name=\"twitter:card\" content=\"summary_large_image\" \/>\n<meta name=\"twitter:label1\" content=\"Est. reading time\" \/>\n\t<meta name=\"twitter:data1\" content=\"2 minutes\" \/>\n<script type=\"application\/ld+json\" class=\"yoast-schema-graph\">{\"@context\":\"https:\\\/\\\/schema.org\",\"@graph\":[{\"@type\":\"WebPage\",\"@id\":\"https:\\\/\\\/feedontario.ca\\\/contact-us\\\/\",\"url\":\"https:\\\/\\\/feedontario.ca\\\/contact-us\\\/\",\"name\":\"Contact Us | Feed Ontario\",\"isPartOf\":{\"@id\":\"https:\\\/\\\/feedontario.ca\\\/#website\"},\"primaryImageOfPage\":{\"@id\":\"https:\\\/\\\/feedontario.ca\\\/contact-us\\\/#primaryimage\"},\"image\":{\"@id\":\"https:\\\/\\\/feedontario.ca\\\/contact-us\\\/#primaryimage\"},\"thumbnailUrl\":\"https:\\\/\\\/feedontario.ca\\\/wp-content\\\/uploads\\\/2021\\\/03\\\/contact-us-hero.jpg\",\"datePublished\":\"2021-02-08T23:55:00+00:00\",\"dateModified\":\"2025-09-19T16:45:23+00:00\",\"description\":\"Feed Ontario supports local food banks with innovative programmes. We work with food banks, industry partners, & communities to end hunger in Ontario.\",\"breadcrumb\":{\"@id\":\"https:\\\/\\\/feedontario.ca\\\/contact-us\\\/#breadcrumb\"},\"inLanguage\":\"fr-CA\",\"potentialAction\":[{\"@type\":\"ReadAction\",\"target\":[\"https:\\\/\\\/feedontario.ca\\\/contact-us\\\/\"]}]},{\"@type\":\"ImageObject\",\"inLanguage\":\"fr-CA\",\"@id\":\"https:\\\/\\\/feedontario.ca\\\/contact-us\\\/#primaryimage\",\"url\":\"https:\\\/\\\/feedontario.ca\\\/wp-content\\\/uploads\\\/2021\\\/03\\\/contact-us-hero.jpg\",\"contentUrl\":\"https:\\\/\\\/feedontario.ca\\\/wp-content\\\/uploads\\\/2021\\\/03\\\/contact-us-hero.jpg\",\"width\":1600,\"height\":1000,\"caption\":\"A picture of a smiling man being handed a jar of peanut butter. Many people are in the background in front of boxes of produce\"},{\"@type\":\"BreadcrumbList\",\"@id\":\"https:\\\/\\\/feedontario.ca\\\/contact-us\\\/#breadcrumb\",\"itemListElement\":[{\"@type\":\"ListItem\",\"position\":1,\"name\":\"Home\",\"item\":\"https:\\\/\\\/feedontario.ca\\\/\"},{\"@type\":\"ListItem\",\"position\":2,\"name\":\"Contact Us\"}]},{\"@type\":\"WebSite\",\"@id\":\"https:\\\/\\\/feedontario.ca\\\/#website\",\"url\":\"https:\\\/\\\/feedontario.ca\\\/\",\"name\":\"Feed Ontario\",\"description\":\"Uniting food banks, industry partners, and local communities in our work to end hunger and poverty\",\"potentialAction\":[{\"@type\":\"SearchAction\",\"target\":{\"@type\":\"EntryPoint\",\"urlTemplate\":\"https:\\\/\\\/feedontario.ca\\\/?s={search_term_string}\"},\"query-input\":{\"@type\":\"PropertyValueSpecification\",\"valueRequired\":true,\"valueName\":\"search_term_string\"}}],\"inLanguage\":\"fr-CA\"}]}<\/script>\n<!-- \/ Yoast SEO plugin. -->","yoast_head_json":{"title":"Contactez-nous | Feed Ontario","description":"Feed Ontario soutient les banques alimentaires locales au moyen de programmes novateurs. Nous travaillons avec les banques alimentaires, les partenaires industriels et les communaut\u00e9s pour mettre fin \u00e0 la faim en Ontario.","robots":{"index":"index","follow":"follow","max-snippet":"max-snippet:-1","max-image-preview":"max-image-preview:large","max-video-preview":"max-video-preview:-1"},"canonical":"https:\/\/feedontario.ca\/fr\/nous-contacter\/","og_locale":"fr_CA","og_type":"article","og_title":"Contact Us | Feed Ontario","og_description":"Feed Ontario supports local food banks with innovative programmes. We work with food banks, industry partners, & communities to end hunger in Ontario.","og_url":"https:\/\/feedontario.ca\/fr\/nous-contacter\/","og_site_name":"Feed Ontario","article_modified_time":"2025-09-19T16:45:23+00:00","og_image":[{"width":1600,"height":1000,"url":"https:\/\/feedontario.ca\/wp-content\/uploads\/2021\/03\/contact-us-hero.jpg","type":"image\/jpeg"}],"twitter_card":"summary_large_image","twitter_misc":{"Est. reading time":"2 minutes"},"schema":{"@context":"https:\/\/schema.org","@graph":[{"@type":"WebPage","@id":"https:\/\/feedontario.ca\/contact-us\/","url":"https:\/\/feedontario.ca\/contact-us\/","name":"Contactez-nous | Feed Ontario","isPartOf":{"@id":"https:\/\/feedontario.ca\/#website"},"primaryImageOfPage":{"@id":"https:\/\/feedontario.ca\/contact-us\/#primaryimage"},"image":{"@id":"https:\/\/feedontario.ca\/contact-us\/#primaryimage"},"thumbnailUrl":"https:\/\/feedontario.ca\/wp-content\/uploads\/2021\/03\/contact-us-hero.jpg","datePublished":"2021-02-08T23:55:00+00:00","dateModified":"2025-09-19T16:45:23+00:00","description":"Feed Ontario soutient les banques alimentaires locales au moyen de programmes novateurs. Nous travaillons avec les banques alimentaires, les partenaires industriels et les communaut\u00e9s pour mettre fin \u00e0 la faim en Ontario.","breadcrumb":{"@id":"https:\/\/feedontario.ca\/contact-us\/#breadcrumb"},"inLanguage":"fr-CA","potentialAction":[{"@type":"ReadAction","target":["https:\/\/feedontario.ca\/contact-us\/"]}]},{"@type":"ImageObject","inLanguage":"fr-CA","@id":"https:\/\/feedontario.ca\/contact-us\/#primaryimage","url":"https:\/\/feedontario.ca\/wp-content\/uploads\/2021\/03\/contact-us-hero.jpg","contentUrl":"https:\/\/feedontario.ca\/wp-content\/uploads\/2021\/03\/contact-us-hero.jpg","width":1600,"height":1000,"caption":"A picture of a smiling man being handed a jar of peanut butter. Many people are in the background in front of boxes of produce"},{"@type":"BreadcrumbList","@id":"https:\/\/feedontario.ca\/contact-us\/#breadcrumb","itemListElement":[{"@type":"ListItem","position":1,"name":"Home","item":"https:\/\/feedontario.ca\/"},{"@type":"ListItem","position":2,"name":"Contact Us"}]},{"@type":"WebSite","@id":"https:\/\/feedontario.ca\/#website","url":"https:\/\/feedontario.ca\/","name":"Nourrir l'Ontario","description":"Unir les banques alimentaires, les partenaires industriels et les communaut\u00e9s locales dans notre travail pour \u00e9radiquer la faim et la pauvret\u00e9.","potentialAction":[{"@type":"SearchAction","target":{"@type":"EntryPoint","urlTemplate":"https:\/\/feedontario.ca\/?s={search_term_string}"},"query-input":{"@type":"PropertyValueSpecification","valueRequired":true,"valueName":"search_term_string"}}],"inLanguage":"fr-CA"}]}},"_links":{"self":[{"href":"https:\/\/feedontario.ca\/fr\/wp-json\/wp\/v2\/pages\/38903","targetHints":{"allow":["GET"]}}],"collection":[{"href":"https:\/\/feedontario.ca\/fr\/wp-json\/wp\/v2\/pages"}],"about":[{"href":"https:\/\/feedontario.ca\/fr\/wp-json\/wp\/v2\/types\/page"}],"author":[{"embeddable":true,"href":"https:\/\/feedontario.ca\/fr\/wp-json\/wp\/v2\/users\/6"}],"replies":[{"embeddable":true,"href":"https:\/\/feedontario.ca\/fr\/wp-json\/wp\/v2\/comments?post=38903"}],"version-history":[{"count":0,"href":"https:\/\/feedontario.ca\/fr\/wp-json\/wp\/v2\/pages\/38903\/revisions"}],"wp:featuredmedia":[{"embeddable":true,"href":"https:\/\/feedontario.ca\/fr\/wp-json\/wp\/v2\/media\/39985"}],"wp:attachment":[{"href":"https:\/\/feedontario.ca\/fr\/wp-json\/wp\/v2\/media?parent=38903"}],"curies":[{"name":"wp","href":"https:\/\/api.w.org\/{rel}","templated":true}]}}