{"id":40680,"date":"2021-08-10T20:54:35","date_gmt":"2021-08-10T20:54:35","guid":{"rendered":"https:\/\/feedontario.ca\/?page_id=40680"},"modified":"2021-08-23T15:51:43","modified_gmt":"2021-08-23T15:51:43","slug":"confirmation-du-lait","status":"publish","type":"page","link":"https:\/\/feedontario.ca\/fr\/prendre-des-mesures\/confirmation-du-lait\/","title":{"rendered":"Page de confirmation - Lait"},"content":{"rendered":"<h1>\n\t\tMerci de contribuer \u00e0 \u00e9liminer la faim du menu !\n\t<\/h1>\n\t\t\t\t<img decoding=\"async\" src=\"https:\/\/feedontario.ca\/wp-content\/plugins\/bb-plugin\/img\/pixel.png\" alt=\"\" itemprop=\"image\" onerror=\"this.style.display='none'\"  \/>\n\t\t\t\t<img loading=\"lazy\" decoding=\"async\" src=\"https:\/\/feedontario.ca\/wp-content\/uploads\/2021\/01\/squiggle_yellow.svg\" alt=\"ligne jaune en pointill\u00e9s\" itemprop=\"image\" height=\"400\" width=\"400\" title=\"gribouillis_jaune\" onerror=\"this.style.display='none'\"  \/>\n\t<p>&nbsp;<\/p>\n<p>Thank you for helping Feed Ontario with\u00a0nutritious\u00a0milk! You&#8217;re amazing!\u00a0<\/p>\n<p>Un re\u00e7u fiscal a \u00e9t\u00e9 envoy\u00e9 \u00e0 l'adresse \u00e9lectronique que vous avez fournie. Si vous ne recevez pas votre re\u00e7u \u00e9lectronique, veuillez v\u00e9rifier votre dossier de courrier ind\u00e9sirable et ajoutez-nous \u00e0 votre liste d'exp\u00e9diteurs s\u00fbrs.<\/p>\n<p> If you have any questions, please don&#8217;t hesitate to contact us at 416-656-4100 or <a href=\"mailto:donate@feedontario.ca\">donate@feedontario.ca<\/a>.\u00a0<\/p>\n\t\t\t<a href=\"https:\/\/feedontario.ca\/fr\/programme-alimentaire\/programme-laitier\/\" target=\"_blank\" role=\"button\" rel=\"noopener\">\n\t\t\t\t\t\t\tEn savoir plus\n\t\t\t\t\t<\/a>\n<h2>\n\t\tVous avez des questions ? \n\t<\/h2>\n<h2>\n\t\tNous avons des r\u00e9ponses !\n\t<\/h2>\n\t\t\t\t<img decoding=\"async\" src=\"https:\/\/feedontario.ca\t\/wp-content\/uploads\/2021\/01\/squiggle_yellow.svg\" alt=\"ligne jaune en pointill\u00e9s\" itemprop=\"image\" title=\"gribouillis_jaune\" onerror=\"this.style.display='none'\"  \/>\n\t\t\t<a href=\"#\" id=\"fl-accordion--label-0\" tabindex=\"0\" aria-controls=\"fl-accordion--panel-0\">Comment Feed Ontario utilise-t-elle mon don ?<\/a>\n\t\t\t\t\t\t\t<a href=\"#\" id=\"fl-accordion--icon-0\" tabindex=\"0\" aria-controls=\"fl-accordion--panel-0\"><i>\u00c9largir<\/i><\/a>\n\t\t<p>Votre don permettra d'envoyer des aliments nutritifs \u00e0 plus de 1 200 organismes de lutte contre la faim dans la province, sur une base \u00e9quitable, tout au long de l'ann\u00e9e. Votre g\u00e9n\u00e9rosit\u00e9 permet \u00e9galement aux banques alimentaires de disposer de ressources et d'une formation pour renforcer leurs capacit\u00e9s et mieux servir leurs communaut\u00e9s. Elle aide \u00e9galement le r\u00e9seau des banques alimentaires de l'Ontario \u00e0 trouver des solutions durables au probl\u00e8me de la faim, en partenariat avec le gouvernement, l'industrie et les communaut\u00e9s locales.<\/p>\n<p>Pour chaque $1 que vous donnez, 95 cents vont directement aux programmes et services, et 5 cents aident Feed Ontario \u00e0 assurer son efficience, son efficacit\u00e9 et sa viabilit\u00e9 par le biais de la collecte de fonds et de l'administration.<\/p>\n\t\t\t<a href=\"#\" id=\"fl-accordion--label-1\" tabindex=\"0\" aria-controls=\"fl-accordion--panel-1\">Les dons en ligne sont-ils s\u00e9curis\u00e9s ?<\/a>\n\t\t\t\t\t\t\t<a href=\"#\" id=\"fl-accordion--icon-1\" tabindex=\"0\" aria-controls=\"fl-accordion--panel-1\"><i>\u00c9largir<\/i><\/a>\n\t\t<p>Votre don est 100% s\u00e9curis\u00e9. Nous utilisons un logiciel standard pour crypter et traiter toutes les informations relatives \u00e0 vos dons. Nous ne partageons pas vos donn\u00e9es avec des tiers.<\/p>\n\t\t\t<a href=\"#\" id=\"fl-accordion--label-2\" tabindex=\"0\" aria-controls=\"fl-accordion--panel-2\">Recevrai-je un re\u00e7u fiscal pour mon don ?<\/a>\n\t\t\t\t\t\t\t<a href=\"#\" id=\"fl-accordion--icon-2\" tabindex=\"0\" aria-controls=\"fl-accordion--panel-2\"><i>\u00c9largir<\/i><\/a>\n\t\t<p>Oui ! Les dons uniques effectu\u00e9s en ligne recevront automatiquement un courriel contenant votre re\u00e7u \u00e9lectronique \u00e0 l'adresse \u00e9lectronique que vous aurez indiqu\u00e9e. Tous les dons mensuels effectu\u00e9s au cours d'une ann\u00e9e civile seront regroup\u00e9s en un seul re\u00e7u et vous seront envoy\u00e9s en f\u00e9vrier de l'ann\u00e9e suivante. Les dons re\u00e7us par courrier seront re\u00e7us au d\u00e9but du mois suivant et envoy\u00e9s \u00e0 l'adresse fournie.<\/p>\n<p>Si vous n'avez pas re\u00e7u votre re\u00e7u, ou s'il y a une erreur, veuillez nous contacter \u00e0 l'adresse suivante <a href=\"mailto:donate@feedontario.ca\">donate@feedontario.ca<\/a> ou <a href=\"tel:4166564100\">(416) 656-4100<\/a>.<\/p>\n\t\t\t<a href=\"#\" id=\"fl-accordion--label-3\" tabindex=\"0\" aria-controls=\"fl-accordion--panel-3\">Puis-je orienter mon don vers une banque alimentaire sp\u00e9cifique ?<\/a>\n\t\t\t\t\t\t\t<a href=\"#\" id=\"fl-accordion--icon-3\" tabindex=\"0\" aria-controls=\"fl-accordion--panel-3\"><i>\u00c9largir<\/i><\/a>\n\t\t<p>Feed Ontario soutient les banques alimentaires de la province sur une base \u00e9quitable. Notre programme SNAP utilise des algorithmes intelligents pour allouer la nourriture en fonction du nombre de personnes desservies, de la capacit\u00e9 de la banque alimentaire et des livraisons r\u00e9centes de nourriture.<\/p>\n\n\t\t\t<a href=\"#\" id=\"fl-accordion--label-4\" tabindex=\"0\" aria-controls=\"fl-accordion--panel-4\">Comment puis-je faire un don de nourriture ?<\/a>\n\t\t\t\t\t\t\t<a href=\"#\" id=\"fl-accordion--icon-4\" tabindex=\"0\" aria-controls=\"fl-accordion--panel-4\"><i>\u00c9largir<\/i><\/a>\n\t\t<p>Les personnes souhaitant faire un don de nourriture peuvent s'adresser \u00e0 leur banque alimentaire locale. Utilisez notre <a href=\"https:\/\/feedontario.ca \/about-us\/find-a-food-bank\/\">Fonction de la banque alimentaire<\/a> pour trouver votre banque alimentaire locale.<\/p>\n<p>Les organisations qui souhaitent faire don de cinq palettes ou plus de nourriture ou de fournitures peuvent en savoir plus sur les points suivants <a href=\"https:\/\/feedontario.ca \/take-action\/donate-food\/\">faire un don de nourriture ici<\/a>.<\/p>\n<p>Si vous avez moins de cinq palettes de denr\u00e9es alimentaires, veuillez contacter votre banque alimentaire locale en utilisant notre site web <a href=\"https:\/\/feedontario.ca \/about-us\/find-a-food-bank\/\">Outil de recherche d'une banque alimentaire<\/a>.<\/p>\n\t\t\t<a href=\"#\" id=\"fl-accordion--label-5\" tabindex=\"0\" aria-controls=\"fl-accordion--panel-5\">Comment mon organisation peut-elle s'associer \u00e0 Feed Ontario ?<\/a>\n\t\t\t\t\t\t\t<a href=\"#\" id=\"fl-accordion--icon-5\" tabindex=\"0\" aria-controls=\"fl-accordion--panel-5\"><i>\u00c9largir<\/i><\/a>\n\t\t<p>Il existe de nombreuses fa\u00e7ons de s'associer \u00e0 Feed Ontario. Voir notre <a href=\"https:\/\/feedontario.ca\/fr\/prendre-des-mesures\/devenir-partenaire\/\">Partenaire avec nous<\/a> pour en savoir plus et <a href=\"https:\/\/feedontario.ca\/fr\/nous-contacter\/\">prendre contact<\/a>. Vous pouvez \u00e9galement visiter notre <a href=\"https:\/\/feedontario.ca\/fr\/prendre-des-mesures\/soutenir-une-campagne\/\">Page de campagne<\/a> pour d\u00e9couvrir nos partenariats actuels et pass\u00e9s.<\/p>\n<p>&nbsp;<\/p>","protected":false},"excerpt":{"rendered":"<p>Thank you for helping take hunger off the menu! &nbsp; Thank you for helping Feed Ontario with\u00a0nutritious\u00a0milk! You&#8217;re amazing!\u00a0 A tax receipt has been sent to the email address you provided. If you do not receive your e-receipt, please check your junk folder and add us to your safe sender list. If you have any&hellip;<\/p>","protected":false},"author":25,"featured_media":39989,"parent":38896,"menu_order":51,"comment_status":"closed","ping_status":"closed","template":"","meta":{"_acf_changed":false,"inline_featured_image":false,"footnotes":""},"class_list":["post-40680","page","type-page","status-publish","has-post-thumbnail","hentry"],"acf":[],"yoast_head":"<!-- This site is optimized with the Yoast SEO plugin v27.3 - https:\/\/yoast.com\/product\/yoast-seo-wordpress\/ -->\n<title>Donate: Help End Hunger in Ontario | Feed Ontario<\/title>\n<meta name=\"description\" content=\"Feed Ontario supports local food banks with innovative programmes. We work with food banks, industry partners, &amp; communities to end hunger in Ontario.\" \/>\n<meta name=\"robots\" content=\"index, follow, max-snippet:-1, max-image-preview:large, max-video-preview:-1\" \/>\n<link rel=\"canonical\" href=\"https:\/\/feedontario.ca\/fr\/prendre-des-mesures\/confirmation-du-lait\/\" \/>\n<meta property=\"og:locale\" content=\"fr_CA\" \/>\n<meta property=\"og:type\" content=\"article\" \/>\n<meta property=\"og:title\" content=\"Donate: Help End Hunger in Ontario | Feed Ontario\" \/>\n<meta property=\"og:description\" content=\"Feed Ontario supports local food banks with innovative programmes. We work with food banks, industry partners, &amp; communities to end hunger in Ontario.\" \/>\n<meta property=\"og:url\" content=\"https:\/\/feedontario.ca\/fr\/prendre-des-mesures\/confirmation-du-lait\/\" \/>\n<meta property=\"og:site_name\" content=\"Feed Ontario\" \/>\n<meta property=\"article:modified_time\" content=\"2021-08-23T15:51:43+00:00\" \/>\n<meta property=\"og:image\" content=\"https:\/\/feedontario.ca\/wp-content\/uploads\/2021\/03\/donatehero.jpg\" \/>\n\t<meta property=\"og:image:width\" content=\"1000\" \/>\n\t<meta property=\"og:image:height\" content=\"1200\" \/>\n\t<meta property=\"og:image:type\" content=\"image\/jpeg\" \/>\n<meta name=\"twitter:card\" content=\"summary_large_image\" \/>\n<meta name=\"twitter:label1\" content=\"Est. reading time\" \/>\n\t<meta name=\"twitter:data1\" content=\"2 minutes\" \/>\n<script type=\"application\/ld+json\" class=\"yoast-schema-graph\">{\"@context\":\"https:\\\/\\\/schema.org\",\"@graph\":[{\"@type\":\"WebPage\",\"@id\":\"https:\\\/\\\/feedontario.ca\\\/take-action\\\/milk-confirmation\\\/\",\"url\":\"https:\\\/\\\/feedontario.ca\\\/take-action\\\/milk-confirmation\\\/\",\"name\":\"Donate: Help End Hunger in Ontario | Feed Ontario\",\"isPartOf\":{\"@id\":\"https:\\\/\\\/feedontario.ca\\\/#website\"},\"primaryImageOfPage\":{\"@id\":\"https:\\\/\\\/feedontario.ca\\\/take-action\\\/milk-confirmation\\\/#primaryimage\"},\"image\":{\"@id\":\"https:\\\/\\\/feedontario.ca\\\/take-action\\\/milk-confirmation\\\/#primaryimage\"},\"thumbnailUrl\":\"https:\\\/\\\/feedontario.ca\\\/wp-content\\\/uploads\\\/2021\\\/03\\\/donatehero.jpg\",\"datePublished\":\"2021-08-10T20:54:35+00:00\",\"dateModified\":\"2021-08-23T15:51:43+00:00\",\"description\":\"Feed Ontario supports local food banks with innovative programmes. We work with food banks, industry partners, & communities to end hunger in Ontario.\",\"breadcrumb\":{\"@id\":\"https:\\\/\\\/feedontario.ca\\\/take-action\\\/milk-confirmation\\\/#breadcrumb\"},\"inLanguage\":\"fr-CA\",\"potentialAction\":[{\"@type\":\"ReadAction\",\"target\":[\"https:\\\/\\\/feedontario.ca\\\/take-action\\\/milk-confirmation\\\/\"]}]},{\"@type\":\"ImageObject\",\"inLanguage\":\"fr-CA\",\"@id\":\"https:\\\/\\\/feedontario.ca\\\/take-action\\\/milk-confirmation\\\/#primaryimage\",\"url\":\"https:\\\/\\\/feedontario.ca\\\/wp-content\\\/uploads\\\/2021\\\/03\\\/donatehero.jpg\",\"contentUrl\":\"https:\\\/\\\/feedontario.ca\\\/wp-content\\\/uploads\\\/2021\\\/03\\\/donatehero.jpg\",\"width\":1000,\"height\":1200,\"caption\":\"A picture of a girl with a spoon in her mouth\"},{\"@type\":\"BreadcrumbList\",\"@id\":\"https:\\\/\\\/feedontario.ca\\\/take-action\\\/milk-confirmation\\\/#breadcrumb\",\"itemListElement\":[{\"@type\":\"ListItem\",\"position\":1,\"name\":\"Home\",\"item\":\"https:\\\/\\\/feedontario.ca\\\/\"},{\"@type\":\"ListItem\",\"position\":2,\"name\":\"Take Action\",\"item\":\"https:\\\/\\\/feedontario.ca\\\/take-action\\\/\"},{\"@type\":\"ListItem\",\"position\":3,\"name\":\"Confirmation Page &#8211; Milk\"}]},{\"@type\":\"WebSite\",\"@id\":\"https:\\\/\\\/feedontario.ca\\\/#website\",\"url\":\"https:\\\/\\\/feedontario.ca\\\/\",\"name\":\"Feed Ontario\",\"description\":\"Uniting food banks, industry partners, and local communities in our work to end hunger and poverty\",\"potentialAction\":[{\"@type\":\"SearchAction\",\"target\":{\"@type\":\"EntryPoint\",\"urlTemplate\":\"https:\\\/\\\/feedontario.ca\\\/?s={search_term_string}\"},\"query-input\":{\"@type\":\"PropertyValueSpecification\",\"valueRequired\":true,\"valueName\":\"search_term_string\"}}],\"inLanguage\":\"fr-CA\"}]}<\/script>\n<!-- \/ Yoast SEO plugin. -->","yoast_head_json":{"title":"Faites un don : Aidez \u00e0 mettre fin \u00e0 la faim en Ontario | Feed Ontario","description":"Feed Ontario soutient les banques alimentaires locales au moyen de programmes novateurs. Nous travaillons avec les banques alimentaires, les partenaires industriels et les communaut\u00e9s pour mettre fin \u00e0 la faim en Ontario.","robots":{"index":"index","follow":"follow","max-snippet":"max-snippet:-1","max-image-preview":"max-image-preview:large","max-video-preview":"max-video-preview:-1"},"canonical":"https:\/\/feedontario.ca\/fr\/prendre-des-mesures\/confirmation-du-lait\/","og_locale":"fr_CA","og_type":"article","og_title":"Donate: Help End Hunger in Ontario | Feed Ontario","og_description":"Feed Ontario supports local food banks with innovative programmes. We work with food banks, industry partners, & communities to end hunger in Ontario.","og_url":"https:\/\/feedontario.ca\/fr\/prendre-des-mesures\/confirmation-du-lait\/","og_site_name":"Feed Ontario","article_modified_time":"2021-08-23T15:51:43+00:00","og_image":[{"width":1000,"height":1200,"url":"https:\/\/feedontario.ca\/wp-content\/uploads\/2021\/03\/donatehero.jpg","type":"image\/jpeg"}],"twitter_card":"summary_large_image","twitter_misc":{"Est. reading time":"2 minutes"},"schema":{"@context":"https:\/\/schema.org","@graph":[{"@type":"WebPage","@id":"https:\/\/feedontario.ca\/take-action\/milk-confirmation\/","url":"https:\/\/feedontario.ca\/take-action\/milk-confirmation\/","name":"Faites un don : Aidez \u00e0 mettre fin \u00e0 la faim en Ontario | Feed Ontario","isPartOf":{"@id":"https:\/\/feedontario.ca\/#website"},"primaryImageOfPage":{"@id":"https:\/\/feedontario.ca\/take-action\/milk-confirmation\/#primaryimage"},"image":{"@id":"https:\/\/feedontario.ca\/take-action\/milk-confirmation\/#primaryimage"},"thumbnailUrl":"https:\/\/feedontario.ca\/wp-content\/uploads\/2021\/03\/donatehero.jpg","datePublished":"2021-08-10T20:54:35+00:00","dateModified":"2021-08-23T15:51:43+00:00","description":"Feed Ontario soutient les banques alimentaires locales au moyen de programmes novateurs. Nous travaillons avec les banques alimentaires, les partenaires industriels et les communaut\u00e9s pour mettre fin \u00e0 la faim en Ontario.","breadcrumb":{"@id":"https:\/\/feedontario.ca\/take-action\/milk-confirmation\/#breadcrumb"},"inLanguage":"fr-CA","potentialAction":[{"@type":"ReadAction","target":["https:\/\/feedontario.ca\/take-action\/milk-confirmation\/"]}]},{"@type":"ImageObject","inLanguage":"fr-CA","@id":"https:\/\/feedontario.ca\/take-action\/milk-confirmation\/#primaryimage","url":"https:\/\/feedontario.ca\/wp-content\/uploads\/2021\/03\/donatehero.jpg","contentUrl":"https:\/\/feedontario.ca\/wp-content\/uploads\/2021\/03\/donatehero.jpg","width":1000,"height":1200,"caption":"A picture of a girl with a spoon in her mouth"},{"@type":"BreadcrumbList","@id":"https:\/\/feedontario.ca\/take-action\/milk-confirmation\/#breadcrumb","itemListElement":[{"@type":"ListItem","position":1,"name":"Home","item":"https:\/\/feedontario.ca\/"},{"@type":"ListItem","position":2,"name":"Take Action","item":"https:\/\/feedontario.ca\/take-action\/"},{"@type":"ListItem","position":3,"name":"Confirmation Page &#8211; Milk"}]},{"@type":"WebSite","@id":"https:\/\/feedontario.ca\/#website","url":"https:\/\/feedontario.ca\/","name":"Nourrir l'Ontario","description":"Unir les banques alimentaires, les partenaires industriels et les communaut\u00e9s locales dans notre travail pour \u00e9radiquer la faim et la pauvret\u00e9.","potentialAction":[{"@type":"SearchAction","target":{"@type":"EntryPoint","urlTemplate":"https:\/\/feedontario.ca\/?s={search_term_string}"},"query-input":{"@type":"PropertyValueSpecification","valueRequired":true,"valueName":"search_term_string"}}],"inLanguage":"fr-CA"}]}},"_links":{"self":[{"href":"https:\/\/feedontario.ca\/fr\/wp-json\/wp\/v2\/pages\/40680","targetHints":{"allow":["GET"]}}],"collection":[{"href":"https:\/\/feedontario.ca\/fr\/wp-json\/wp\/v2\/pages"}],"about":[{"href":"https:\/\/feedontario.ca\/fr\/wp-json\/wp\/v2\/types\/page"}],"author":[{"embeddable":true,"href":"https:\/\/feedontario.ca\/fr\/wp-json\/wp\/v2\/users\/25"}],"replies":[{"embeddable":true,"href":"https:\/\/feedontario.ca\/fr\/wp-json\/wp\/v2\/comments?post=40680"}],"version-history":[{"count":0,"href":"https:\/\/feedontario.ca\/fr\/wp-json\/wp\/v2\/pages\/40680\/revisions"}],"up":[{"embeddable":true,"href":"https:\/\/feedontario.ca\/fr\/wp-json\/wp\/v2\/pages\/38896"}],"wp:featuredmedia":[{"embeddable":true,"href":"https:\/\/feedontario.ca\/fr\/wp-json\/wp\/v2\/media\/39989"}],"wp:attachment":[{"href":"https:\/\/feedontario.ca\/fr\/wp-json\/wp\/v2\/media?parent=40680"}],"curies":[{"name":"wp","href":"https:\/\/api.w.org\/{rel}","templated":true}]}}