{"id":43064,"date":"2025-08-29T14:00:01","date_gmt":"2025-08-29T14:00:01","guid":{"rendered":"https:\/\/feedontario.ca\/?page_id=43064"},"modified":"2025-08-29T14:43:23","modified_gmt":"2025-08-29T14:43:23","slug":"mois-daction-contre-la-faim","status":"publish","type":"page","link":"https:\/\/feedontario.ca\/fr\/mois-daction-contre-la-faim\/","title":{"rendered":"Mois de l'action contre la faim"},"content":{"rendered":"<h1>\n\t\t\tMois de l'action contre la faim\t<\/h1>\n\t<p>\u00c9duquer - D\u00e9fendre - Se porter volontaire - Faire un don<\/p>\n\t\t\t\t<img decoding=\"async\" src=\"https:\/\/feedontario.ca\/wp-content\/uploads\/2023\/08\/Feed-Ontario-Logo-White.png\" alt=\"Une image rectangulaire blanche compl\u00e8tement vide.\" height=\"569\" width=\"1257\" title=\"Feed Ontario Logo Blanc\" loading=\"lazy\" \/>\n\t\t\t\t<img decoding=\"async\" src=\"https:\/\/feedontario.ca\/wp-content\/uploads\/2025\/08\/HAM_Logo2025-scaled.png\" alt=\"HAM_Logo2025\" height=\"2560\" width=\"2560\" title=\"HAM_Logo2025\" loading=\"lazy\" \/>\n\t\t\t\t<img decoding=\"async\" src=\"https:\/\/feedontario.ca\/wp-content\/uploads\/2023\/08\/HAM_AlertSymbolSolo.png\" alt=\"Panneau d&#039;avertissement jaune avec un bord noir et un point d&#039;exclamation blanc au centre.\" height=\"1366\" width=\"1100\" title=\"HAM_AlertSymbolSolo\" loading=\"lazy\" \/>\n<h2>\n\t\t\tSeptembre est le mois de l'action contre la faim\t<\/h2>\n\t<p>Fi\u00e8rement sponsoris\u00e9 par :<\/p>\n\t\t\t\t<img decoding=\"async\" src=\"https:\/\/feedontario.ca\/wp-content\/uploads\/2024\/08\/CMI-financial-group.png\" alt=\"Logo de Canadian Mortgages Inc. (CMI) avec une feuille d&#039;\u00e9rable \u00e0 l&#039;int\u00e9rieur du &quot;C&quot; et le slogan &quot;Integrity - Excellence - Results&quot; (Int\u00e9grit\u00e9 - Excellence - R\u00e9sultats) sous le nom de la soci\u00e9t\u00e9.\" height=\"660\" width=\"3399\" title=\"Groupe financier CMI\" loading=\"lazy\" \/>\n\t\t\t\t<img decoding=\"async\" src=\"https:\/\/feedontario.ca\/wp-content\/uploads\/2021\/01\/squiggle_yellow.svg\" alt=\"ligne jaune en pointill\u00e9s\" height=\"4\" width=\"38\" title=\"gribouillis_jaune\" loading=\"lazy\" \/>\n\t<p>L'ins\u00e9curit\u00e9 alimentaire a atteint un niveau record en Ontario, avec plus d'un million de personnes qui doivent se tourner vers une banque alimentaire pour s'en sortir.<\/p>\n<p>Les co\u00fbts \u00e9lev\u00e9s du logement et des loyers, les emplois de mauvaise qualit\u00e9 et les programmes d'aide sociale inadapt\u00e9s sont \u00e0 l'origine de ce probl\u00e8me et placent de nombreux Ontariens devant des choix difficiles chaque mois.<\/p>\n<p>Le Mois de l'action contre la faim est une campagne nationale lanc\u00e9e ici en Ontario par Feed Ontario, en partenariat avec les banques alimentaires locales, pour sensibiliser \u00e0 la faim et \u00e0 l'ins\u00e9curit\u00e9 alimentaire.<\/p>\n<p>Au cours du mois de septembre, nous encourageons le public \u00e0 agir pour mettre fin \u00e0 la faim dans leurs communaut\u00e9s et dans tout l'Ontario de quatre fa\u00e7ons principales :<\/p>\n<p><strong>\u00c9duquer, d\u00e9fendre, faire du b\u00e9n\u00e9volat,<\/strong> et <strong>Faire un don<\/strong><\/p>\n\t\t\t<a href=\"https:\/\/feedontario.ca\/fr\/nouvelles\/les-ontariens-se-noient-dans-une-crise-de-laccessibilite-qui-saggrave\/\" target=\"_blank\" rel=\"noopener\">\n\t\t\t\t\t\t\tEn savoir plus\n\t\t\t\t\t<\/a>\n<h2>\n\t\t\tPourriez-vous tenir jusqu'\u00e0 la fin du mois ?\t<\/h2>\n\t<p>Personne ne devrait avoir \u00e0 choisir entre garder un toit au-dessus de sa t\u00eate et mettre de la nourriture sur la table, et pourtant des centaines de milliers de personnes se retrouvent chaque mois \u00e0 cette crois\u00e9e des chemins.<\/p>\n<p>Fork in The Road est un outil num\u00e9rique interactif con\u00e7u pour aider \u00e0 montrer les choix d\u00e9vastateurs auxquels sont confront\u00e9es les personnes dans tout l'Ontario. L'exp\u00e9rience guide les utilisateurs \u00e0 travers un mois de d\u00e9cisions courantes que doivent prendre les personnes qui ont besoin de recourir aux banques alimentaires, comme l'endroit o\u00f9 vivre ou le choix des factures qu'elles peuvent se permettre de payer. Pourriez-vous passer le mois ?<\/p>\n\t\t\t<a href=\"https:\/\/feedontario.ca\/fr\/fork-in-the-road\/\" target=\"_blank\" rel=\"noopener\">\n\t\t\t\t\t\t\tRelever le d\u00e9fi\n\t\t\t\t\t<\/a>\n<h2>\n\t\t\tRejoignez-nous pour aider \u00e0 construire un Ontario fort, dynamique et lib\u00e9r\u00e9 de la faim.\t<\/h2>\n\t<p>\u00c0 l'heure actuelle, plus de gens que jamais se tournent vers les banques alimentaires pour obtenir de l'aide. Lorsque nos voisins n'ont pas les moyens de manger \u00e0 leur faim, cela n'affecte pas seulement leur foyer - cela affaiblit le tissu de nos communaut\u00e9s et de notre province.<\/p>\n<p>Un Ontario fort d\u00e9pend de communaut\u00e9s fortes - des communaut\u00e9s o\u00f9 chacun dispose de ce dont il a besoin pour vivre, contribuer et r\u00e9ussir.<\/p>\n<p>Signez notre p\u00e9tition pour dire au gouvernement provincial qu'il est temps de prendre des mesures concr\u00e8tes pour r\u00e9duire la faim et la pauvret\u00e9. En ajoutant votre nom, vous vous joignez \u00e0 Feed Ontario pour r\u00e9clamer un avenir o\u00f9 personne ne souffrira de la faim et o\u00f9 chaque Ontarien aura la possibilit\u00e9 de s'\u00e9panouir.<\/p>\n\t\t\t<a href=\"https:\/\/win.newmode.net\/feedontario\/hungerfreeontario\" target=\"_blank\" rel=\"noopener\">\n\t\t\t\t\t\t\tsigner notre p\u00e9tition\n\t\t\t\t\t<\/a>\n<h2 data-animation-delay=\"0\" data-animation-duration=\"1\">\n\t\t\tAgir contre la faim\t<\/h2>\n\t\t\t\t<img decoding=\"async\" src=\"https:\/\/feedontario.ca\/wp-content\/uploads\/2021\/01\/squiggle_yellow.svg\" alt=\"ligne jaune en pointill\u00e9s\" height=\"4\" width=\"38\" title=\"gribouillis_jaune\" loading=\"lazy\" \/>\n\t\t\t\t<img decoding=\"async\" src=\"https:\/\/feedontario.ca\/wp-content\/uploads\/2024\/08\/ICON_Lightbulb_CircleCloud.png\" alt=\"Ic\u00f4ne d&#039;une ampoule avec des lignes rayonnant vers l&#039;ext\u00e9rieur, symbolisant une id\u00e9e ou une inspiration. Le dessin est simple et monochrome, sur un fond circulaire.\" height=\"352\" width=\"352\" title=\"ICON_Lightbulb_CircleCloud\" loading=\"lazy\" \/>\n<h3>\n\t\t\t\u00c9duquer\t<\/h3>\n\t<p>Passez un mois \u00e0 la place de quelqu'un d'autre pour d\u00e9couvrir les choix difficiles que les gens font chaque jour pour joindre les deux bouts.\u00a0<\/p>\n\t<p><a href=\"https:\/\/feedontario.ca\/fr\/fork-in-the-road\/\">Commencer \u00e0 apprendre<\/a><\/p>\n\t\t\t\t<img decoding=\"async\" src=\"https:\/\/feedontario.ca\/wp-content\/uploads\/2024\/08\/ICON_Megaphone_CircleCloud.png\" alt=\"Ic\u00f4ne bleue repr\u00e9sentant un m\u00e9gaphone avec des ondes sonores, entour\u00e9 d&#039;un cercle blanc.\" height=\"352\" width=\"352\" title=\"ICON_M\u00e9gaphone_CercleCloud\" loading=\"lazy\" \/>\n<h3>\n\t\t\tAvocat\t<\/h3>\n\t<p>Aidez les communaut\u00e9s de l'Ontario \u00e0 prosp\u00e9rer. Utilisez notre outil simple pour contacter vos repr\u00e9sentants \u00e9lus afin qu'ils prennent des mesures audacieuses contre la pauvret\u00e9.<\/p>\n\t<p><a href=\"https:\/\/win.newmode.net\/feedontario\/hungerfreeontario\" target=\"_blank\" rel=\"noopener\">Commencez \u00e0 d\u00e9fendre votre cause<\/a><\/p>\n\t\t\t\t<img decoding=\"async\" src=\"https:\/\/feedontario.ca\/wp-content\/uploads\/2024\/08\/ICON_Scale_CircleCloud.png\" alt=\"Ic\u00f4ne stylis\u00e9e d&#039;une pomme sur une balance avec une \u00e9tiquette de prix ou de poids indiquant &quot;0,7&quot;, sugg\u00e9rant que la pomme est en train d&#039;\u00eatre pes\u00e9e ou de faire l&#039;objet d&#039;un prix.\" height=\"352\" width=\"352\" title=\"ICON_Scale_CircleCloud\" loading=\"lazy\" \/>\n<h3>\n\t\t\tB\u00e9n\u00e9vole\t<\/h3>\n\t<p>Trouvez une banque alimentaire dans votre communaut\u00e9 et donnez de votre temps et de votre talent pour faire en sorte que personne ne souffre de la faim.<\/p>\n\t<p><a href=\"https:\/\/feedontario.ca\/fr\/a-propos-de-nous\/trouver-une-banque-alimentaire\/\">Commencer le b\u00e9n\u00e9volat<\/a><\/p>\n\t\t\t\t<img decoding=\"async\" src=\"https:\/\/feedontario.ca\/wp-content\/uploads\/2024\/08\/ICON_StackedCans_CircleCloud.png\" alt=\"Ic\u00f4ne de trois tonneaux empil\u00e9s en formation triangulaire dans un cadre circulaire.\" height=\"352\" width=\"352\" title=\"ICON_Canettes empil\u00e9es_CercleCloud\" loading=\"lazy\" \/>\n<h3>\n\t\t\tFaire un don\t<\/h3>\n\t<p>Maximisez l'impact de votre don gr\u00e2ce \u00e0 l'incroyable pouvoir d'achat de Feed Ontario, o\u00f9 chaque $1 donn\u00e9 fournit 2 repas.<\/p>\n\t<p><a href=\"https:\/\/feedontario.ca\/fr\/prendre-des-mesures\/donner\/\" target=\"_blank\" rel=\"noopener\">Commencer \u00e0 donner<\/a><\/p>\n<h2>\n\t\t\t\u00c9duquer\t<\/h2>\n\t<p>En savoir plus sur l'utilisation des banques alimentaires en Ontario et sur les causes profondes de la faim.<\/p>\n<p><strong>Participez :<\/strong><\/p>\n<ul>\n<li>Lire notre\u00a0<a href=\"https:\/\/feedontario.ca\/wp-content\/uploads\/2023\/11\/FEED_OntarioHungerReport23.pdf\" target=\"_blank\" rel=\"noopener\">Rapport sur la faim<\/a>, <a href=\"https:\/\/feedontario.ca\/fr\/recherche\/cout-de-la-pauvrete-2019\/\" target=\"_blank\" rel=\"noopener\">Rapport sur le co\u00fbt de la pauvret\u00e9,<\/a> et autres <a href=\"https:\/\/feedontario.ca\/fr\/changement-dans-le-domaine-du-plaidoyer\/recherche\/\" target=\"_blank\" rel=\"noopener\">rapports de recherche<\/a> sur les nombreuses questions qui touchent \u00e0 l'ins\u00e9curit\u00e9 alimentaire.<\/li>\n<li>D\u00e9couvrez nos <a href=\"https:\/\/feedontario.ca\/fr\/la-faim-dans-ma-circonscription\/\">La faim dans votre outil d'\u00e9quitation<\/a>\u00a0 et <a href=\"https:\/\/feedontario.ca\/fr\/recherche\/rapport-carte-de-la-faim\/\" target=\"_blank\" rel=\"noopener\">Carte de la faim<\/a> pour voir \u00e0 quoi ressemble l'utilisation des banques alimentaires dans votre communaut\u00e9.<\/li>\n<li>De plus en plus d'Ontariens ont des difficult\u00e9s \u00e0 joindre les deux bouts et les personnes vivant dans la pauvret\u00e9 doivent faire des choix difficiles tous les jours. Les <a href=\"https:\/\/www.feedonotario.ca\/fork-in-the-road\">Une fourche dans la route<\/a> L'exp\u00e9rience num\u00e9rique interactive vous permet de passer un mois dans la peau de quelqu'un d'autre et de voir o\u00f9 la route vous m\u00e8ne.<\/li>\n<li>Explorer le <a href=\"https:\/\/feedontario.ca\/fr\/histoire\/eliminer-le-besoin-de-banques-alimentaires\/\" target=\"_blank\" rel=\"noopener\">Les dures v\u00e9rit\u00e9s de la faim<\/a> et apprendre ce qui peut \u00eatre fait pour \u00e9liminer le besoin de banques alimentaires.<\/li>\n<\/ul>\n\t\t\t<a href=\"https:\/\/feedontario.ca\/fr\/changement-dans-le-domaine-du-plaidoyer\/recherche\/\" target=\"_blank\" rel=\"noopener\">\n\t\t\t\t\t\t\tEn savoir plus\n\t\t\t\t\t<\/a>\n<h2>\n\t\t\tAvocat\t<\/h2>\n\t<p>Un Ontario fort, dynamique et lib\u00e9r\u00e9 de la faim est possible.<\/p>\n<p>Agir concr\u00e8tement contre la pauvret\u00e9, c'est s'assurer que les gens disposent des revenus n\u00e9cessaires pour faire face au co\u00fbt de la vie actuel - et que le co\u00fbt de la vie lui-m\u00eame soit abordable pour tous.<\/p>\n<p><strong>Participez :\u00a0<\/strong>\u00a0<\/p>\n<ul>\n<li>Joignez-vous \u00e0 l'appel \u00e0 l'action contre la pauvret\u00e9 en <a href=\"https:\/\/win.newmode.net\/feedontario\/hungerfreeontario\" target=\"_blank\" rel=\"noopener\">informer le gouvernement provincial<\/a> nous avons besoin d'un avenir o\u00f9 personne ne souffre de la faim et o\u00f9 chaque Ontarien a la possibilit\u00e9 de s'\u00e9panouir.<\/li>\n<\/ul>\n\t\t\t<a href=\"https:\/\/feedontario.ca\/fr\/changement-dans-le-domaine-du-plaidoyer\/recommandations-politiques\/\" target=\"_blank\" rel=\"noopener\">\n\t\t\t\t\t\t\tEn savoir plus\n\t\t\t\t\t<\/a>\n<h2>\n\t\t\tB\u00e9n\u00e9vole\t<\/h2>\n\t<p>Vous pouvez consacrer votre temps et vos talents \u00e0 votre\u00a0<a href=\"https:\/\/feedontario.ca\/fr\/a-propos-de-nous\/trouver-une-banque-alimentaire\/\">banque alimentaire locale<\/a>\u00a0\u00e0 bien des \u00e9gards, notamment :<\/p>\n<ul>\n<li>R\u00e9unir un groupe de coll\u00e8gues pour une collecte de denr\u00e9es alimentaires ou une collecte de fonds.<\/li>\n<li>Utiliser vos comp\u00e9tences (ou en acqu\u00e9rir de nouvelles) pour contribuer \u00e0 la r\u00e9alisation de leur mission<\/li>\n<li>S'engager \u00e0 trier les aliments chaque semaine<\/li>\n<li>Participer \u00e0 l'un des nombreux \u00e9v\u00e9nements organis\u00e9s dans le cadre du Mois de l'action contre la faim !<\/li>\n<\/ul>\n<p>&nbsp;<\/p>\n\t\t\t<a href=\"https:\/\/feedontario.ca\/fr\/a-propos-de-nous\/trouver-une-banque-alimentaire\/\" target=\"_blank\" rel=\"noopener\">\n\t\t\t\t\t\t\tTrouver une banque alimentaire\n\t\t\t\t\t<\/a>\n\t\t\t\t<img decoding=\"async\" src=\"https:\/\/feedontario.ca\/wp-content\/plugins\/bb-plugin\/img\/pixel.png\" alt=\"\" loading=\"lazy\" \/>\n<h2>\n\t\t\tFaire un don\t<\/h2>\n\t<p>Alors que nous travaillons \u00e0 un changement \u00e0 long terme, nous voulons aussi nous assurer que les personnes dans le besoin ont acc\u00e8s \u00e0 de la nourriture aujourd'hui. D\u00e9couvrez comment Feed Ontario peut <a href=\"https:\/\/feedontario.ca\/fr\/histoire\/augmentez-limpact-de-votre-don-a-la-banque-alimentaire\/\" target=\"_blank\" rel=\"noopener\">\u00e9largissez votre don<\/a>. Chaque $1 que vous donnez permet d'offrir 2 repas \u00e0 une personne souffrant de la faim.<\/p>\n<p>Il y a tant de <a href=\"https:\/\/feedontario.ca\/fr\/les-moyens-de-donner\/\">les moyens de donner<\/a> qui contribuera \u00e0 garantir l'acc\u00e8s de tous les habitants de l'Ontario \u00e0 une alimentation saine et nutritive.<\/p>\n\t\t\t<a href=\"https:\/\/feedontario.ca\/fr\/prendre-des-mesures\/donner\/\" target=\"_blank\" rel=\"noopener\">\n\t\t\t\t\t\t\tFaire un don\n\t\t\t\t\t<\/a>","protected":false},"excerpt":{"rendered":"<p>Mois d'action contre la faim \u00c9duquer - D\u00e9fendre - Faire du b\u00e9n\u00e9volat - Faire un don Septembre est le Mois d'action contre la faim Fi\u00e8rement parrain\u00e9 par : L'ins\u00e9curit\u00e9 alimentaire a atteint un niveau record en Ontario, et plus d'un million de personnes doivent se tourner vers une banque alimentaire pour s'en sortir. Le co\u00fbt \u00e9lev\u00e9 des logements et des loyers, les emplois de pi\u00e8tre qualit\u00e9 et les programmes de soutien social inad\u00e9quats...<\/p>","protected":false},"author":25,"featured_media":44439,"parent":0,"menu_order":0,"comment_status":"closed","ping_status":"closed","template":"","meta":{"_acf_changed":false,"inline_featured_image":false,"footnotes":""},"class_list":["post-43064","page","type-page","status-publish","has-post-thumbnail","hentry"],"acf":[],"yoast_head":"<!-- This site is optimized with the Yoast SEO plugin v27.4 - https:\/\/yoast.com\/product\/yoast-seo-wordpress\/ -->\n<title>Hunger Action Month - Feed Ontario<\/title>\n<meta name=\"description\" content=\"During September, we encourage you to take action to end hunger in your communities in four ways: Educate, Advocate, Volunteer, Donate.\" \/>\n<meta name=\"robots\" content=\"noindex, follow\" \/>\n<meta property=\"og:locale\" content=\"fr_CA\" \/>\n<meta property=\"og:type\" content=\"article\" \/>\n<meta property=\"og:title\" content=\"Hunger Action Month - Feed Ontario\" \/>\n<meta property=\"og:description\" content=\"During September, we encourage you to take action to end hunger in your communities in four ways: Educate, Advocate, Volunteer, Donate.\" \/>\n<meta property=\"og:url\" content=\"https:\/\/feedontario.ca\/fr\/mois-daction-contre-la-faim\/\" \/>\n<meta property=\"og:site_name\" content=\"Feed Ontario\" \/>\n<meta property=\"article:modified_time\" content=\"2025-08-29T14:43:23+00:00\" \/>\n<meta property=\"og:image\" content=\"https:\/\/feedontario.ca\/wp-content\/uploads\/2023\/08\/HAM_Logo2023.png\" \/>\n\t<meta property=\"og:image:width\" content=\"2738\" \/>\n\t<meta property=\"og:image:height\" content=\"2738\" \/>\n\t<meta property=\"og:image:type\" content=\"image\/png\" \/>\n<meta name=\"twitter:card\" content=\"summary_large_image\" \/>\n<meta name=\"twitter:label1\" content=\"Est. reading time\" \/>\n\t<meta name=\"twitter:data1\" content=\"8 minutes\" \/>\n<script type=\"application\/ld+json\" class=\"yoast-schema-graph\">{\"@context\":\"https:\\\/\\\/schema.org\",\"@graph\":[{\"@type\":\"WebPage\",\"@id\":\"https:\\\/\\\/feedontario.ca\\\/hunger-action-month\\\/\",\"url\":\"https:\\\/\\\/feedontario.ca\\\/hunger-action-month\\\/\",\"name\":\"Hunger Action Month - Feed Ontario\",\"isPartOf\":{\"@id\":\"https:\\\/\\\/feedontario.ca\\\/#website\"},\"primaryImageOfPage\":{\"@id\":\"https:\\\/\\\/feedontario.ca\\\/hunger-action-month\\\/#primaryimage\"},\"image\":{\"@id\":\"https:\\\/\\\/feedontario.ca\\\/hunger-action-month\\\/#primaryimage\"},\"thumbnailUrl\":\"https:\\\/\\\/feedontario.ca\\\/wp-content\\\/uploads\\\/2023\\\/08\\\/HAM_Logo2023.png\",\"datePublished\":\"2025-08-29T14:00:01+00:00\",\"dateModified\":\"2025-08-29T14:43:23+00:00\",\"description\":\"During September, we encourage you to take action to end hunger in your communities in four ways: Educate, Advocate, Volunteer, Donate.\",\"breadcrumb\":{\"@id\":\"https:\\\/\\\/feedontario.ca\\\/hunger-action-month\\\/#breadcrumb\"},\"inLanguage\":\"fr-CA\",\"potentialAction\":[{\"@type\":\"ReadAction\",\"target\":[\"https:\\\/\\\/feedontario.ca\\\/hunger-action-month\\\/\"]}]},{\"@type\":\"ImageObject\",\"inLanguage\":\"fr-CA\",\"@id\":\"https:\\\/\\\/feedontario.ca\\\/hunger-action-month\\\/#primaryimage\",\"url\":\"https:\\\/\\\/feedontario.ca\\\/wp-content\\\/uploads\\\/2023\\\/08\\\/HAM_Logo2023.png\",\"contentUrl\":\"https:\\\/\\\/feedontario.ca\\\/wp-content\\\/uploads\\\/2023\\\/08\\\/HAM_Logo2023.png\",\"width\":2738,\"height\":2738,\"caption\":\"A teal round logo with a yellow warning sign at the top, reading \\\"Hunger Action Month: Sept. 2023\\\".\"},{\"@type\":\"BreadcrumbList\",\"@id\":\"https:\\\/\\\/feedontario.ca\\\/hunger-action-month\\\/#breadcrumb\",\"itemListElement\":[{\"@type\":\"ListItem\",\"position\":1,\"name\":\"Home\",\"item\":\"https:\\\/\\\/feedontario.ca\\\/\"},{\"@type\":\"ListItem\",\"position\":2,\"name\":\"Hunger Action Month\"}]},{\"@type\":\"WebSite\",\"@id\":\"https:\\\/\\\/feedontario.ca\\\/#website\",\"url\":\"https:\\\/\\\/feedontario.ca\\\/\",\"name\":\"Feed Ontario\",\"description\":\"Uniting food banks, industry partners, and local communities in our work to end hunger and poverty\",\"potentialAction\":[{\"@type\":\"SearchAction\",\"target\":{\"@type\":\"EntryPoint\",\"urlTemplate\":\"https:\\\/\\\/feedontario.ca\\\/?s={search_term_string}\"},\"query-input\":{\"@type\":\"PropertyValueSpecification\",\"valueRequired\":true,\"valueName\":\"search_term_string\"}}],\"inLanguage\":\"fr-CA\"}]}<\/script>\n<!-- \/ Yoast SEO plugin. -->","yoast_head_json":{"title":"Mois d'action contre la faim - Nourrir l'Ontario","description":"Au cours du mois de septembre, nous vous encourageons \u00e0 agir pour mettre fin \u00e0 la faim dans vos communaut\u00e9s de quatre mani\u00e8res : \u00e9duquer, d\u00e9fendre, faire du b\u00e9n\u00e9volat, faire des dons.","robots":{"index":"noindex","follow":"follow"},"og_locale":"fr_CA","og_type":"article","og_title":"Hunger Action Month - Feed Ontario","og_description":"During September, we encourage you to take action to end hunger in your communities in four ways: Educate, Advocate, Volunteer, Donate.","og_url":"https:\/\/feedontario.ca\/fr\/mois-daction-contre-la-faim\/","og_site_name":"Feed Ontario","article_modified_time":"2025-08-29T14:43:23+00:00","og_image":[{"width":2738,"height":2738,"url":"https:\/\/feedontario.ca\/wp-content\/uploads\/2023\/08\/HAM_Logo2023.png","type":"image\/png"}],"twitter_card":"summary_large_image","twitter_misc":{"Est. reading time":"8 minutes"},"schema":{"@context":"https:\/\/schema.org","@graph":[{"@type":"WebPage","@id":"https:\/\/feedontario.ca\/hunger-action-month\/","url":"https:\/\/feedontario.ca\/hunger-action-month\/","name":"Mois d'action contre la faim - Nourrir l'Ontario","isPartOf":{"@id":"https:\/\/feedontario.ca\/#website"},"primaryImageOfPage":{"@id":"https:\/\/feedontario.ca\/hunger-action-month\/#primaryimage"},"image":{"@id":"https:\/\/feedontario.ca\/hunger-action-month\/#primaryimage"},"thumbnailUrl":"https:\/\/feedontario.ca\/wp-content\/uploads\/2023\/08\/HAM_Logo2023.png","datePublished":"2025-08-29T14:00:01+00:00","dateModified":"2025-08-29T14:43:23+00:00","description":"Au cours du mois de septembre, nous vous encourageons \u00e0 agir pour mettre fin \u00e0 la faim dans vos communaut\u00e9s de quatre mani\u00e8res : \u00e9duquer, d\u00e9fendre, faire du b\u00e9n\u00e9volat, faire des dons.","breadcrumb":{"@id":"https:\/\/feedontario.ca\/hunger-action-month\/#breadcrumb"},"inLanguage":"fr-CA","potentialAction":[{"@type":"ReadAction","target":["https:\/\/feedontario.ca\/hunger-action-month\/"]}]},{"@type":"ImageObject","inLanguage":"fr-CA","@id":"https:\/\/feedontario.ca\/hunger-action-month\/#primaryimage","url":"https:\/\/feedontario.ca\/wp-content\/uploads\/2023\/08\/HAM_Logo2023.png","contentUrl":"https:\/\/feedontario.ca\/wp-content\/uploads\/2023\/08\/HAM_Logo2023.png","width":2738,"height":2738,"caption":"A teal round logo with a yellow warning sign at the top, reading \"Hunger Action Month: Sept. 2023\"."},{"@type":"BreadcrumbList","@id":"https:\/\/feedontario.ca\/hunger-action-month\/#breadcrumb","itemListElement":[{"@type":"ListItem","position":1,"name":"Home","item":"https:\/\/feedontario.ca\/"},{"@type":"ListItem","position":2,"name":"Hunger Action Month"}]},{"@type":"WebSite","@id":"https:\/\/feedontario.ca\/#website","url":"https:\/\/feedontario.ca\/","name":"Nourrir l'Ontario","description":"Unir les banques alimentaires, les partenaires industriels et les communaut\u00e9s locales dans notre travail pour \u00e9radiquer la faim et la pauvret\u00e9.","potentialAction":[{"@type":"SearchAction","target":{"@type":"EntryPoint","urlTemplate":"https:\/\/feedontario.ca\/?s={search_term_string}"},"query-input":{"@type":"PropertyValueSpecification","valueRequired":true,"valueName":"search_term_string"}}],"inLanguage":"fr-CA"}]}},"_links":{"self":[{"href":"https:\/\/feedontario.ca\/fr\/wp-json\/wp\/v2\/pages\/43064","targetHints":{"allow":["GET"]}}],"collection":[{"href":"https:\/\/feedontario.ca\/fr\/wp-json\/wp\/v2\/pages"}],"about":[{"href":"https:\/\/feedontario.ca\/fr\/wp-json\/wp\/v2\/types\/page"}],"author":[{"embeddable":true,"href":"https:\/\/feedontario.ca\/fr\/wp-json\/wp\/v2\/users\/25"}],"replies":[{"embeddable":true,"href":"https:\/\/feedontario.ca\/fr\/wp-json\/wp\/v2\/comments?post=43064"}],"version-history":[{"count":0,"href":"https:\/\/feedontario.ca\/fr\/wp-json\/wp\/v2\/pages\/43064\/revisions"}],"wp:featuredmedia":[{"embeddable":true,"href":"https:\/\/feedontario.ca\/fr\/wp-json\/wp\/v2\/media\/44439"}],"wp:attachment":[{"href":"https:\/\/feedontario.ca\/fr\/wp-json\/wp\/v2\/media?parent=43064"}],"curies":[{"name":"wp","href":"https:\/\/api.w.org\/{rel}","templated":true}]}}