{"id":44639,"date":"2023-09-26T19:42:34","date_gmt":"2023-09-26T19:42:34","guid":{"rendered":"https:\/\/feedontario.ca\/?page_id=44639"},"modified":"2023-10-02T16:21:10","modified_gmt":"2023-10-02T16:21:10","slug":"agir-contre-la-faim","status":"publish","type":"page","link":"https:\/\/feedontario.ca\/fr\/agir-contre-la-faim\/","title":{"rendered":"Agir contre la faim"},"content":{"rendered":"<h1>\n\t\tAgir contre la faim et la pauvret\u00e9\n\t<\/h1>\n\t<p>L'\u00e9limination du besoin de banques alimentaires en Ontario est directement li\u00e9e au fait de faire de l'\u00e9limination de la pauvret\u00e9 une priorit\u00e9 pour la province. Vous pouvez contribuer \u00e0 faire en sorte que les banques alimentaires soient en mesure d'aider les personnes qui en ont besoin aujourd'hui, tout en travaillant \u00e0 \u00e9liminer le besoin de banques alimentaires \u00e0 l'avenir.<\/p>\n<h2>\n\t\tQuatre fa\u00e7ons d'agir contre la faim\n\t<\/h2>\n\t\t\t\t<img loading=\"lazy\" decoding=\"async\" src=\"https:\/\/feedontario.ca\t\/wp-content\/uploads\/2021\/01\/squiggle_yellow.svg\" alt=\"ligne jaune en pointill\u00e9s\" itemprop=\"image\" height=\"4\" width=\"38\" title=\"gribouillis_jaune\" onerror=\"this.style.display='none'\"  \/>\n<h3>\n\t\tFaire un don\n\t<\/h3>\n\t<p>Aidez-nous \u00e0 #FeedON en faisant un don unique ou en devenant un donateur mensuel de Feed Ontario.<\/p>\n\t<p><a href=\"#donate\">Faire un don aujourd'hui<\/a><\/p>\n<h3>\n\t\t\u00c9duquer\n\t<\/h3>\n\t<p>Renseignez-vous sur la faim dans votre communaut\u00e9 et parlez-en avec vos amis, votre famille et vos voisins.<\/p>\n\t<p><a href=\"#educate\">Commencer \u00e0 apprendre<\/a><\/p>\n<h3>\n\t\tAvocat\n\t<\/h3>\n\t<p>Parlez \u00e0 vos repr\u00e9sentants \u00e9lus des solutions \u00e0 long terme pour lutter contre la faim et la pauvret\u00e9.<\/p>\n\t<p><a href=\"#advocate\">D\u00e9fendre ses int\u00e9r\u00eats<\/a><\/p>\n<h3>\n\t\tB\u00e9n\u00e9vole\n\t<\/h3>\n\t<p>Donnez de votre temps et de vos talents \u00e0 la banque alimentaire de votre r\u00e9gion. Utilisez notre outil Trouver une banque alimentaire pour trouver une banque alimentaire pr\u00e8s de chez vous.<\/p>\n\t<p><a href=\"#volunteer\">Comment devenir b\u00e9n\u00e9vole<\/a><\/p>\n<h2>\n\t\tFaites un don aujourd'hui\n\t<\/h2>\n\t<p>Alors que nous travaillons \u00e0 un changement \u00e0 long terme, nous voulons aussi nous assurer que les personnes dans le besoin ont acc\u00e8s \u00e0 de la nourriture aujourd'hui. D\u00e9couvrez comment Feed Ontario peut <a href=\"https:\/\/feedontario.ca\/fr\/histoire\/augmentez-limpact-de-votre-don-a-la-banque-alimentaire\/\" target=\"_blank\" rel=\"noopener\">\u00e9largissez votre don<\/a>. Chaque $1 que vous donnez permet d'offrir 2 repas \u00e0 une personne souffrant de la faim.<\/p>\n\t\t\t<a href=\"https:\/\/feedontario.ca\/fr\/prendre-des-mesures\/donner\/\" target=\"_blank\" role=\"button\" rel=\"noopener\">\n\t\t\t\t\t\t\tFaire un don\n\t\t\t\t\t<\/a>\n<h2>\n\t\tEn savoir plus sur les enjeux\n\t<\/h2>\n\t<p>En savoir plus sur l'utilisation des banques alimentaires en Ontario et sur les causes profondes de la faim.<\/p>\n<p><strong>Participez :<\/strong><\/p>\n<ul>\n<li>Lire notre\u00a0<a href=\"https:\/\/feedontario.ca\/wp-content\/uploads\/2022\/11\/Hunger-Report-2022-Final.pdf\" target=\"_blank\" rel=\"noopener\">Rapport sur la faim<\/a>, <a href=\"https:\/\/feedontario.ca\/fr\/recherche\/cout-de-la-pauvrete-2019\/\" target=\"_blank\" rel=\"noopener\">Rapport sur le co\u00fbt de la pauvret\u00e9,<\/a> et autres <a href=\"https:\/\/feedontario.ca\/fr\/changement-dans-le-domaine-du-plaidoyer\/recherche\/\" target=\"_blank\" rel=\"noopener\">rapports de recherche<\/a> sur les nombreuses questions qui touchent \u00e0 l'ins\u00e9curit\u00e9 alimentaire.<\/li>\n<li>D\u00e9couvrez nos <a href=\"https:\/\/feedontario.ca\/fr\/la-faim-dans-ma-circonscription\/\">La faim dans votre outil d'\u00e9quitation<\/a>\u00a0 et <a href=\"https:\/\/feedontario.ca\/fr\/recherche\/rapport-carte-de-la-faim\/\" target=\"_blank\" rel=\"noopener\">Carte de la faim<\/a> pour voir \u00e0 quoi ressemble l'utilisation des banques alimentaires dans votre communaut\u00e9.<\/li>\n<li>Visitez notre\u00a0<a href=\"https:\/\/feedontario.ca\/fr\/histoires\/\">page des histoires de la faim<\/a> pour lire les r\u00e9cits de premi\u00e8re main de ceux qui visitent les banques alimentaires de l'Ontario, qui y font du b\u00e9n\u00e9volat ou qui en sont les chefs de file.<\/li>\n<li>Explorer le <a href=\"https:\/\/feedontario.ca\/fr\/histoire\/eliminer-le-besoin-de-banques-alimentaires\/\" target=\"_blank\" rel=\"noopener\">Les dures v\u00e9rit\u00e9s de la faim<\/a> et apprendre ce qui peut \u00eatre fait pour \u00e9liminer le besoin de banques alimentaires.<\/li>\n<\/ul>\n\t\t\t<a href=\"https:\/\/feedontario.ca\/fr\/changement-dans-le-domaine-du-plaidoyer\/recherche\/\" target=\"_blank\" role=\"button\" rel=\"noopener\">\n\t\t\t\t\t\t\tEn savoir plus\n\t\t\t\t\t<\/a>\n<h2>\n\t\tPlaider en faveur du changement\n\t<\/h2>\n\t<p>La faim est un sympt\u00f4me de la pauvret\u00e9. Les faibles taux de prestations du programme Ontario au travail (OT) et du Programme ontarien de soutien aux personnes handicap\u00e9es (POSPH), combin\u00e9s \u00e0 une forte r\u00e9cup\u00e9ration d'autres sources de revenus, cr\u00e9ent des obstacles qui enferment les b\u00e9n\u00e9ficiaires dans un cycle de pauvret\u00e9.<\/p>\n<p><strong>Participez :<\/strong><\/p>\n<ul>\n<li>Dites \u00e0 votre d\u00e9put\u00e9(e) de mettre fin \u00e0 la r\u00e9cup\u00e9ration, par les b\u00e9n\u00e9ficiaires de l'aide sociale, des revenus gagn\u00e9s et des prestations comme l'assurance-emploi, le RPC, la CSPAAT et la future prestation d'invalidit\u00e9 du Canada. <a href=\"https:\/\/feedontario.ca\/fr\/stoptheclawbacks\/#takeaction\">ici<\/a>.<\/li>\n<\/ul>\n\t\t\t<a href=\"https:\/\/feedontario.ca\/fr\/changement-dans-le-domaine-du-plaidoyer\/recommandations-politiques\/\" target=\"_blank\" role=\"button\" rel=\"noopener\">\n\t\t\t\t\t\t\tEn savoir plus\n\t\t\t\t\t<\/a>\n<h2>\n\t\tPr\u00eater main forte\n\t<\/h2>\n\t<p>Vous pouvez consacrer votre temps et vos talents \u00e0 votre\u00a0<a href=\"https:\/\/feedontario.ca\/fr\/a-propos-de-nous\/trouver-une-banque-alimentaire\/\">banque alimentaire locale<\/a>\u00a0\u00e0 bien des \u00e9gards, notamment :<\/p>\n<ul>\n<li>R\u00e9unir un groupe de coll\u00e8gues pour une collecte de denr\u00e9es alimentaires ou une collecte de fonds.<\/li>\n<li>Utiliser vos comp\u00e9tences (ou en acqu\u00e9rir de nouvelles) pour contribuer \u00e0 la r\u00e9alisation de leur mission<\/li>\n<li>S'engager \u00e0 trier les aliments chaque semaine<\/li>\n<\/ul>\n<p>&nbsp;<\/p>\n\t\t\t<a href=\"https:\/\/feedontario.ca\/fr\/a-propos-de-nous\/trouver-une-banque-alimentaire\/\" target=\"_blank\" role=\"button\" rel=\"noopener\">\n\t\t\t\t\t\t\tTrouver une banque alimentaire\n\t\t\t\t\t<\/a>","protected":false},"excerpt":{"rendered":"<p>Agir contre la faim et la pauvret\u00e9 L'\u00e9limination du besoin de banques alimentaires en Ontario est directement li\u00e9e au fait de faire de l'\u00e9limination de la pauvret\u00e9 une priorit\u00e9 pour la province. Vous pouvez contribuer \u00e0 faire en sorte que les banques alimentaires soient en mesure d'aider les personnes qui en ont besoin aujourd'hui, tout en travaillant \u00e0 \u00e9liminer le besoin de banques alimentaires \u00e0 l'avenir....<\/p>","protected":false},"author":25,"featured_media":44451,"parent":0,"menu_order":0,"comment_status":"closed","ping_status":"closed","template":"","meta":{"_acf_changed":false,"inline_featured_image":false,"footnotes":""},"class_list":["post-44639","page","type-page","status-publish","has-post-thumbnail","hentry"],"acf":[],"yoast_head":"<!-- This site is optimized with the Yoast SEO plugin v27.4 - https:\/\/yoast.com\/product\/yoast-seo-wordpress\/ -->\n<title>Take Action Against Hunger - Feed Ontario<\/title>\n<meta name=\"description\" content=\"Take action to end hunger in your communities by getting involved. Here are four ways: Educate, Advocate, Volunteer, Donate.\" \/>\n<meta name=\"robots\" content=\"noindex, follow\" \/>\n<meta property=\"og:locale\" content=\"fr_CA\" \/>\n<meta property=\"og:type\" content=\"article\" \/>\n<meta property=\"og:title\" content=\"Take Action Against Hunger - Feed Ontario\" \/>\n<meta property=\"og:description\" content=\"Take action to end hunger in your communities by getting involved. Here are four ways: Educate, Advocate, Volunteer, Donate.\" \/>\n<meta property=\"og:url\" content=\"https:\/\/feedontario.ca\/fr\/agir-contre-la-faim\/\" \/>\n<meta property=\"og:site_name\" content=\"Feed Ontario\" \/>\n<meta property=\"article:modified_time\" content=\"2023-10-02T16:21:10+00:00\" \/>\n<meta property=\"og:image\" content=\"https:\/\/feedontario.ca\/wp-content\/uploads\/2023\/08\/iStock-1220399966.jpg\" \/>\n\t<meta property=\"og:image:width\" content=\"1600\" \/>\n\t<meta property=\"og:image:height\" content=\"1200\" \/>\n\t<meta property=\"og:image:type\" content=\"image\/jpeg\" \/>\n<meta name=\"twitter:card\" content=\"summary_large_image\" \/>\n<meta name=\"twitter:label1\" content=\"Est. reading time\" \/>\n\t<meta name=\"twitter:data1\" content=\"2 minutes\" \/>\n<script type=\"application\/ld+json\" class=\"yoast-schema-graph\">{\"@context\":\"https:\\\/\\\/schema.org\",\"@graph\":[{\"@type\":\"WebPage\",\"@id\":\"https:\\\/\\\/feedontario.ca\\\/take-action-against-hunger\\\/\",\"url\":\"https:\\\/\\\/feedontario.ca\\\/take-action-against-hunger\\\/\",\"name\":\"Take Action Against Hunger - Feed Ontario\",\"isPartOf\":{\"@id\":\"https:\\\/\\\/feedontario.ca\\\/#website\"},\"primaryImageOfPage\":{\"@id\":\"https:\\\/\\\/feedontario.ca\\\/take-action-against-hunger\\\/#primaryimage\"},\"image\":{\"@id\":\"https:\\\/\\\/feedontario.ca\\\/take-action-against-hunger\\\/#primaryimage\"},\"thumbnailUrl\":\"https:\\\/\\\/feedontario.ca\\\/wp-content\\\/uploads\\\/2023\\\/08\\\/iStock-1220399966.jpg\",\"datePublished\":\"2023-09-26T19:42:34+00:00\",\"dateModified\":\"2023-10-02T16:21:10+00:00\",\"description\":\"Take action to end hunger in your communities by getting involved. Here are four ways: Educate, Advocate, Volunteer, Donate.\",\"breadcrumb\":{\"@id\":\"https:\\\/\\\/feedontario.ca\\\/take-action-against-hunger\\\/#breadcrumb\"},\"inLanguage\":\"fr-CA\",\"potentialAction\":[{\"@type\":\"ReadAction\",\"target\":[\"https:\\\/\\\/feedontario.ca\\\/take-action-against-hunger\\\/\"]}]},{\"@type\":\"ImageObject\",\"inLanguage\":\"fr-CA\",\"@id\":\"https:\\\/\\\/feedontario.ca\\\/take-action-against-hunger\\\/#primaryimage\",\"url\":\"https:\\\/\\\/feedontario.ca\\\/wp-content\\\/uploads\\\/2023\\\/08\\\/iStock-1220399966.jpg\",\"contentUrl\":\"https:\\\/\\\/feedontario.ca\\\/wp-content\\\/uploads\\\/2023\\\/08\\\/iStock-1220399966.jpg\",\"width\":8164,\"height\":6123,\"caption\":\"COVID-19, Mature Caucasian man -social worker volunteer delivers food during pandemic lockdown. Boxes of donated perishable food or fresh produce. Urban setting of a North American city.\"},{\"@type\":\"BreadcrumbList\",\"@id\":\"https:\\\/\\\/feedontario.ca\\\/take-action-against-hunger\\\/#breadcrumb\",\"itemListElement\":[{\"@type\":\"ListItem\",\"position\":1,\"name\":\"Home\",\"item\":\"https:\\\/\\\/feedontario.ca\\\/\"},{\"@type\":\"ListItem\",\"position\":2,\"name\":\"Take Action Against Hunger\"}]},{\"@type\":\"WebSite\",\"@id\":\"https:\\\/\\\/feedontario.ca\\\/#website\",\"url\":\"https:\\\/\\\/feedontario.ca\\\/\",\"name\":\"Feed Ontario\",\"description\":\"Uniting food banks, industry partners, and local communities in our work to end hunger and poverty\",\"potentialAction\":[{\"@type\":\"SearchAction\",\"target\":{\"@type\":\"EntryPoint\",\"urlTemplate\":\"https:\\\/\\\/feedontario.ca\\\/?s={search_term_string}\"},\"query-input\":{\"@type\":\"PropertyValueSpecification\",\"valueRequired\":true,\"valueName\":\"search_term_string\"}}],\"inLanguage\":\"fr-CA\"}]}<\/script>\n<!-- \/ Yoast SEO plugin. -->","yoast_head_json":{"title":"Agir contre la faim - Feed Ontario","description":"Agissez pour mettre fin \u00e0 la faim dans vos communaut\u00e9s en vous impliquant. Voici quatre fa\u00e7ons de le faire : \u00e9duquer, d\u00e9fendre, faire du b\u00e9n\u00e9volat, faire un don.","robots":{"index":"noindex","follow":"follow"},"og_locale":"fr_CA","og_type":"article","og_title":"Take Action Against Hunger - Feed Ontario","og_description":"Take action to end hunger in your communities by getting involved. Here are four ways: Educate, Advocate, Volunteer, Donate.","og_url":"https:\/\/feedontario.ca\/fr\/agir-contre-la-faim\/","og_site_name":"Feed Ontario","article_modified_time":"2023-10-02T16:21:10+00:00","og_image":[{"url":"https:\/\/feedontario.ca\/wp-content\/uploads\/2023\/08\/iStock-1220399966.jpg","width":1600,"height":1200,"type":"image\/jpeg"}],"twitter_card":"summary_large_image","twitter_misc":{"Est. reading time":"2 minutes"},"schema":{"@context":"https:\/\/schema.org","@graph":[{"@type":"WebPage","@id":"https:\/\/feedontario.ca\/take-action-against-hunger\/","url":"https:\/\/feedontario.ca\/take-action-against-hunger\/","name":"Agir contre la faim - Feed Ontario","isPartOf":{"@id":"https:\/\/feedontario.ca\/#website"},"primaryImageOfPage":{"@id":"https:\/\/feedontario.ca\/take-action-against-hunger\/#primaryimage"},"image":{"@id":"https:\/\/feedontario.ca\/take-action-against-hunger\/#primaryimage"},"thumbnailUrl":"https:\/\/feedontario.ca\/wp-content\/uploads\/2023\/08\/iStock-1220399966.jpg","datePublished":"2023-09-26T19:42:34+00:00","dateModified":"2023-10-02T16:21:10+00:00","description":"Agissez pour mettre fin \u00e0 la faim dans vos communaut\u00e9s en vous impliquant. Voici quatre fa\u00e7ons de le faire : \u00e9duquer, d\u00e9fendre, faire du b\u00e9n\u00e9volat, faire un don.","breadcrumb":{"@id":"https:\/\/feedontario.ca\/take-action-against-hunger\/#breadcrumb"},"inLanguage":"fr-CA","potentialAction":[{"@type":"ReadAction","target":["https:\/\/feedontario.ca\/take-action-against-hunger\/"]}]},{"@type":"ImageObject","inLanguage":"fr-CA","@id":"https:\/\/feedontario.ca\/take-action-against-hunger\/#primaryimage","url":"https:\/\/feedontario.ca\/wp-content\/uploads\/2023\/08\/iStock-1220399966.jpg","contentUrl":"https:\/\/feedontario.ca\/wp-content\/uploads\/2023\/08\/iStock-1220399966.jpg","width":8164,"height":6123,"caption":"COVID-19, Mature Caucasian man -social worker volunteer delivers food during pandemic lockdown. Boxes of donated perishable food or fresh produce. Urban setting of a North American city."},{"@type":"BreadcrumbList","@id":"https:\/\/feedontario.ca\/take-action-against-hunger\/#breadcrumb","itemListElement":[{"@type":"ListItem","position":1,"name":"Home","item":"https:\/\/feedontario.ca\/"},{"@type":"ListItem","position":2,"name":"Take Action Against Hunger"}]},{"@type":"WebSite","@id":"https:\/\/feedontario.ca\/#website","url":"https:\/\/feedontario.ca\/","name":"Nourrir l'Ontario","description":"Unir les banques alimentaires, les partenaires industriels et les communaut\u00e9s locales dans notre travail pour \u00e9radiquer la faim et la pauvret\u00e9.","potentialAction":[{"@type":"SearchAction","target":{"@type":"EntryPoint","urlTemplate":"https:\/\/feedontario.ca\/?s={search_term_string}"},"query-input":{"@type":"PropertyValueSpecification","valueRequired":true,"valueName":"search_term_string"}}],"inLanguage":"fr-CA"}]}},"_links":{"self":[{"href":"https:\/\/feedontario.ca\/fr\/wp-json\/wp\/v2\/pages\/44639","targetHints":{"allow":["GET"]}}],"collection":[{"href":"https:\/\/feedontario.ca\/fr\/wp-json\/wp\/v2\/pages"}],"about":[{"href":"https:\/\/feedontario.ca\/fr\/wp-json\/wp\/v2\/types\/page"}],"author":[{"embeddable":true,"href":"https:\/\/feedontario.ca\/fr\/wp-json\/wp\/v2\/users\/25"}],"replies":[{"embeddable":true,"href":"https:\/\/feedontario.ca\/fr\/wp-json\/wp\/v2\/comments?post=44639"}],"version-history":[{"count":0,"href":"https:\/\/feedontario.ca\/fr\/wp-json\/wp\/v2\/pages\/44639\/revisions"}],"wp:featuredmedia":[{"embeddable":true,"href":"https:\/\/feedontario.ca\/fr\/wp-json\/wp\/v2\/media\/44451"}],"wp:attachment":[{"href":"https:\/\/feedontario.ca\/fr\/wp-json\/wp\/v2\/media?parent=44639"}],"curies":[{"name":"wp","href":"https:\/\/api.w.org\/{rel}","templated":true}]}}