{"id":45116,"date":"2023-11-26T10:00:56","date_gmt":"2023-11-26T10:00:56","guid":{"rendered":"https:\/\/feedontario.ca\/?page_id=45116"},"modified":"2025-09-19T15:48:02","modified_gmt":"2025-09-19T15:48:02","slug":"rapport-sur-la-faim-2023","status":"publish","type":"page","link":"https:\/\/feedontario.ca\/fr\/hunger-report-2023\/","title":{"rendered":"Rapport sur la faim 2023"},"content":{"rendered":"<h2>\r\n\t\tRAPPORT SUR LA FAIM 2023\r\n\t<\/h2>\r\n<h2>\r\n\t\tPourquoi les Ontariens ne peuvent-ils pas avancer ?\r\n\t<\/h2>\r\n\t<p>L'utilisation des banques alimentaires atteint des niveaux de crise dans notre province. Les Ontariens ont du mal \u00e0 s'en sortir et les banques alimentaires ont du mal \u00e0 r\u00e9pondre \u00e0 la demande.<\/p>\r\n\t\t\t<a href=\"https:\/\/feedontario.ca\/wp-content\/uploads\/2023\/11\/FEED_OntarioHungerReport23.pdf\" target=\"_blank\" role=\"button\" rel=\"noopener\">\r\n\t\t\t\t\t\tLire le rapport complet\r\n\t\t\t\t\t<\/a>\r\n\t\t\n        <div class=\"jumpto_wrapper\">\n            <div class=\"jumpto_item mobile_jumpto_button\">SAUTER<\/div>\n            <div class=\"jumpto_items_wrapper\">\n                <div class='jumpto_item'><a href='#overview'>Vue d'ensemble<\/a><\/div><div class='jumpto_item'><a href='#drivers'>Conducteurs<\/a><\/div><div class='jumpto_item'><a href='#recommendations'>Recommandations<\/a><\/div><div class='jumpto_item'><a href='#takeaction'>Agir<\/a><\/div>            <\/div>\n        <\/div>\n    \r\n<h2>\r\n\t\tL'utilisation des banques alimentaires en Ontario a atteint un niveau de crise.\r\n\t<\/h2>\r\n\t\t800,822\r\n\t\t\t\t<img loading=\"lazy\" decoding=\"async\" src=\"https:\/\/feedontario.ca\t\/wp-content\/uploads\/2021\/01\/squiggle_yellow.svg\" alt=\"ligne jaune en pointill\u00e9s\" height=\"4\" width=\"38\" title=\"gribouillis_jaune\" \/>\r\n\t<p>ont eu recours \u00e0 une banque alimentaire en Ontario entre le 1er avril 2022 et le 31 mars 2023.<\/p>\r\n\t\t38%\r\n\t\t\t\t<img loading=\"lazy\" decoding=\"async\" src=\"https:\/\/feedontario.ca\t\/wp-content\/uploads\/2021\/01\/squiggle_yellow.svg\" alt=\"ligne jaune en pointill\u00e9s\" height=\"4\" width=\"38\" title=\"gribouillis_jaune\" \/>\r\n\t<p>d'individus uniques par rapport \u00e0 l'ann\u00e9e derni\u00e8re, soit la plus forte augmentation jamais enregistr\u00e9e en une seule ann\u00e9e et le double de l'augmentation observ\u00e9e apr\u00e8s la r\u00e9cession de 2008.<\/p>\r\n\t\t5,888,685\r\n\t\t\t\t<img loading=\"lazy\" decoding=\"async\" src=\"https:\/\/feedontario.ca\t\/wp-content\/uploads\/2021\/01\/squiggle_yellow.svg\" alt=\"ligne jaune en pointill\u00e9s\" height=\"4\" width=\"38\" title=\"gribouillis_jaune\" \/>\r\n\t<p>ont \u00e9t\u00e9 effectu\u00e9es l'ann\u00e9e derni\u00e8re, soit une augmentation de 36% par rapport \u00e0 l'ann\u00e9e pr\u00e9c\u00e9dente et de 101% par rapport aux chiffres d'avant la pand\u00e9mie.<\/p>\r\n\t\r\n\t<p>\"\u00catre \u00e9motionnellement calme, afin de pouvoir donner \u00e0 ma fille la tranquillit\u00e9 d'esprit et ne pas ressentir la peur que j'\u00e9prouve lorsque je n'ai pas assez d'argent pour couvrir toutes les d\u00e9penses \u00e0 temps.<\/p>\r\n\t<p>- R\u00e9pondant \u00e0 l'enqu\u00eate<\/p>\r\n\t<p>(en r\u00e9pondant \u00e0 la question \"Quel est le plus grand d\u00e9fi de la vie en pauvret\u00e9 ?\")<\/p>\r\n<h2>\r\n\t\tLes Ontariens ont du mal \u00e0 avancer\r\n\t<\/h2>\r\n\t\t\t\t<img loading=\"lazy\" decoding=\"async\" src=\"https:\/\/feedontario.ca\t\/wp-content\/uploads\/2021\/01\/squiggle_yellow.svg\" alt=\"ligne jaune en pointill\u00e9s\" height=\"4\" width=\"38\" title=\"gribouillis_jaune\" \/>\r\n\t<p>La pr\u00e9carit\u00e9 de l'emploi, l'insuffisance des filets de s\u00e9curit\u00e9 sociale et des programmes de soutien, ainsi que le co\u00fbt inabordable de la vie, font qu'il est plus difficile pour les Ontariens de progresser.<\/p>\r\n\t\t\t<a href=\"https:\/\/feedontario.ca\/wp-content\/uploads\/2023\/11\/FEED_OntarioHungerReport23.pdf\" target=\"_self\" role=\"button\" rel=\"noopener\">\r\n\t\t\t\t\t\tLire le rapport complet\r\n\t\t\t\t\t<\/a>\r\n\t\r\n<h2>\r\n\t\t1 visiteur de banque alimentaire sur 6 est un travailleur\r\n\t<\/h2>\r\n\t<p>Les revenus n'ont pas augment\u00e9 aussi vite que les d\u00e9penses, ce qui fait qu'il est plus difficile pour les travailleurs de joindre les deux bouts. L'Ontario a connu une augmentation du nombre d'emplois pr\u00e9caires, tels que le travail \u00e0 la carte et les emplois contractuels.<\/p>\r\n<h2>\r\n\t\tLa majorit\u00e9 des visiteurs des banques alimentaires d\u00e9pendent de l'aide sociale\r\n\t<\/h2>\r\n\t<p>Les aides sociales se situent bien en dessous du seuil de pauvret\u00e9 et les r\u00e8gles du programme font qu'il est plus difficile d'\u00e9chapper \u00e0 la pauvret\u00e9. Le programme Ontario au travail est gel\u00e9 depuis 2018.<\/p>\r\n\t\r\n\t\r\n<h2>\r\n\t\tLe logement inabordable est un probl\u00e8me partout\r\n\t<\/h2>\r\n\t<p>Les revenus ne suivent pas le co\u00fbt de la vie. Les loyers \u00e9lev\u00e9s ont un impact sur les petites et grandes communaut\u00e9s et laissent les Ontariens avec des fonds insuffisants pour couvrir leurs autres d\u00e9penses.<\/p>\r\n<h2>\r\n\t\tLes banques alimentaires peinent \u00e0 r\u00e9pondre \u00e0 la demande\r\n\t<\/h2>\r\n\t\t\t\t<img loading=\"lazy\" decoding=\"async\" src=\"https:\/\/feedontario.ca\t\/wp-content\/uploads\/2021\/01\/squiggle_yellow.svg\" alt=\"ligne jaune en pointill\u00e9s\" height=\"4\" width=\"38\" title=\"gribouillis_jaune\" \/>\r\n\t<p>Les banques alimentaires sont financ\u00e9es en grande partie par les dons de la communaut\u00e9, et non par les aides gouvernementales. Alors que les besoins en aide alimentaire d'urgence ne cessent de cro\u00eetre, les banques alimentaires se retrouvent dans des situations de plus en plus pr\u00e9caires et non viables.<\/p>\r\n\t\t\t<a href=\"https:\/\/feedontario.ca\/wp-content\/uploads\/2023\/11\/FEED_OntarioHungerReport23.pdf\" target=\"_self\" role=\"button\" rel=\"noopener\">\r\n\t\t\t\t\t\tLire le rapport complet\r\n\t\t\t\t\t<\/a>\r\n<h2>\r\n\t\tLa capacit\u00e9 des banques alimentaires n'est pas \u00e0 la hauteur des besoins.\r\n\t<\/h2>\r\n\t<p>L'ann\u00e9e derni\u00e8re, une banque alimentaire sur quatre a connu une augmentation de 40 % ou plus du nombre de visiteurs uniques. Cette demande d'aide alimentaire caritative devient insurmontable et a commenc\u00e9 \u00e0 d\u00e9passer la capacit\u00e9 des banques alimentaires dans de nombreuses communaut\u00e9s.<\/p>\r\n\t\r\n\t\r\n<h2>\r\n\t\tLes banques alimentaires sont un service d'urgence\r\n\t<\/h2>\r\n\t<p>Les besoins, les ressources, les mod\u00e8les et la capacit\u00e9 du r\u00e9seau de banques alimentaires en Ontario sont tr\u00e8s diversifi\u00e9s.<\/p>\r\n<p>Les banques alimentaires ont \u00e9t\u00e9 cr\u00e9\u00e9es pour fournir un approvisionnement d'urgence en nourriture aux personnes en situation de d\u00e9tresse temporaire. Elles ne peuvent pas combler les lacunes cr\u00e9\u00e9es par une mauvaise politique publique.<\/p>\r\n<p>Dans l'ensemble, les banques alimentaires sont financ\u00e9es presque exclusivement par des dons de la communaut\u00e9, et non par des aides publiques.<\/p>\r\n<h2>\r\n\t\tNous avons besoin d'une action imm\u00e9diate\r\n\t<\/h2>\r\n\t\t\t\t<img loading=\"lazy\" decoding=\"async\" src=\"https:\/\/feedontario.ca\t\/wp-content\/uploads\/2021\/01\/squiggle_yellow.svg\" alt=\"ligne jaune en pointill\u00e9s\" height=\"4\" width=\"38\" title=\"gribouillis_jaune\" \/>\r\n\t<p>Nous ne pouvons pas continuer \u00e0 compter sur le secteur caritatif pour combler les lacunes laiss\u00e9es par de mauvaises d\u00e9cisions de politique publique.<\/p>\r\n\t\t\t<a href=\"https:\/\/feedontario.ca\/wp-content\/uploads\/2023\/11\/FEED_OntarioHungerReport23.pdf\" target=\"_self\" role=\"button\" rel=\"noopener\">\r\n\t\t\t\t\t\tLire le rapport complet\r\n\t\t\t\t\t<\/a>\r\n\t<p>Lorsque les gouvernements \u00e9quilibrent leurs budgets en r\u00e9duisant les services et que les entreprises augmentent leurs profits en faisant davantage appel \u00e0 des travailleurs pr\u00e9caires, les besoins fondamentaux qu'un filet de s\u00e9curit\u00e9 sociale solide et de bons emplois comblaient autrefois ne disparaissent pas comme par enchantement. Au contraire, le fardeau se d\u00e9place sur les individus et les organisations communautaires, comme les banques alimentaires, qui doivent essayer de faire plus avec moins.<\/p>\r\n<p>En fin de compte, essayer de faire plus avec moins revient \u00e0 essayer de faire sortir du sang d'une pierre. Certaines banques alimentaires ont indiqu\u00e9 qu'elles avaient \u00e9t\u00e9 contraintes de r\u00e9duire la quantit\u00e9 de nourriture qu'elles pouvaient fournir en raison de la forte demande et du manque de ressources.<\/p>\r\n<p><strong>Cette situation s'aggrave et nous demandons \u00e0 tous les niveaux de gouvernement de prendre des mesures imm\u00e9diates et urgentes.<\/strong><\/p>\r\n<p>Les recommandations suivantes sont les premi\u00e8res mesures que le gouvernement de l'Ontario peut prendre pour inverser le cours de cette crise :<\/p>\r\n\t\t\t\t<img loading=\"lazy\" decoding=\"async\" src=\"https:\/\/feedontario.ca\t\/wp-content\/uploads\/2021\/01\/squiggle_yellow.svg\" alt=\"ligne jaune en pointill\u00e9s\" height=\"4\" width=\"38\" title=\"gribouillis_jaune\" \/>\r\n\t\t\t\t\t<a href=\"#\" id=\"fl-accordion--label-0\" aria-controls=\"fl-accordion--panel-0\">Combler les lacunes du filet de s\u00e9curit\u00e9 sociale de l'Ontario<\/a>\r\n\t\t\t\t\t\t\t\t\t\t\t<a href=\"#\" id=\"fl-accordion--icon-0\" aria-controls=\"fl-accordion--panel-0\"><i>\u00c9largir<\/i><\/a>\r\n\t\t\t\t\t<ul>\r\n<li>Aligner les taux d'OT et du POS sur le co\u00fbt de la vie<\/li>\r\n<li>R\u00e9duire la r\u00e9cup\u00e9ration de l'aide sociale sur les revenus et les prestations li\u00e9s \u00e0 l'emploi<\/li>\r\n<li>Cr\u00e9er un taux forfaitaire standard qui soit coh\u00e9rent quelle que soit la situation de vie<\/li>\r\n<li>Aligner la d\u00e9finition du conjoint sur la loi sur le droit de la famille<\/li>\r\n<\/ul>\r\n\t\t\t\t\t<a href=\"#\" id=\"fl-accordion--label-1\" aria-controls=\"fl-accordion--panel-1\">Am\u00e9liorer la qualit\u00e9 des emplois<\/a>\r\n\t\t\t\t\t\t\t\t\t\t\t<a href=\"#\" id=\"fl-accordion--icon-1\" aria-controls=\"fl-accordion--panel-1\"><i>\u00c9largir<\/i><\/a>\r\n\t\t\t\t\t<ul>\r\n<li>Classer les gig workers comme des employ\u00e9s afin qu'ils b\u00e9n\u00e9ficient des protections de base en mati\u00e8re de travail.<\/li>\r\n<li>R\u00e9duire les obstacles \u00e0 la syndicalisation<\/li>\r\n<li>Prot\u00e9ger les victimes de vol de salaire<\/li>\r\n<\/ul>\r\n\t\t\t\t\t<a href=\"#\" id=\"fl-accordion--label-2\" aria-controls=\"fl-accordion--panel-2\">Cr\u00e9er davantage de logements abordables et s'attaquer au co\u00fbt de la vie<\/a>\r\n\t\t\t\t\t\t\t\t\t\t\t<a href=\"#\" id=\"fl-accordion--icon-2\" aria-controls=\"fl-accordion--panel-2\"><i>\u00c9largir<\/i><\/a>\r\n\t\t\t\t\t<ul>\r\n<li>Investir dans la cr\u00e9ation de logements plus abordables et plus solidaires<\/li>\r\n<li>Renforcer le contr\u00f4le des loyers.<\/li>\r\n<\/ul>\r\n<h2>\r\n\t\tVous pouvez agir contre la faim\r\n\t<\/h2>\r\n\t\t\t\t<img loading=\"lazy\" decoding=\"async\" src=\"https:\/\/feedontario.ca\t\/wp-content\/uploads\/2021\/01\/squiggle_yellow.svg\" alt=\"ligne jaune en pointill\u00e9s\" height=\"4\" width=\"38\" title=\"gribouillis_jaune\" \/>\r\n<h3>\r\n\t\tPasser un mois \u00e0 la place de quelqu'un d'autre\r\n\t<\/h3>\r\n\tLes plus de 800 000 personnes qui fr\u00e9quentent les banques alimentaires de l'Ontario chaque ann\u00e9e doivent faire des choix difficiles chaque jour pour essayer de joindre les deux bouts.<br \/>\r\nPassez un mois \u00e0 la place de quelqu'un d'autre et voyez o\u00f9 la route vous m\u00e8ne.\r\n\t\t\t<a href=\"https:\/\/feedontario.ca\/fr\/fork-in-the-road\/\" target=\"_self\" role=\"button\" rel=\"noopener\">\r\n\t\t\t\t\t\tBIFURCATION\r\n\t\t\t\t\t<\/a>\r\n<h3>\r\n\t\tDites au gouvernement de l'Ontario de r\u00e9duire la pauvret\u00e9\r\n\t<\/h3>\r\n\t<p>Nous ne pouvons pas continuer \u00e0 compter sur le secteur caritatif pour combler les lacunes laiss\u00e9es par de mauvaises d\u00e9cisions de politique publique. Joignez-vous \u00e0 l'appel \u00e0 l'action contre la pauvret\u00e9 en utilisant notre outil pour envoyer une lettre \u00e0 votre d\u00e9put\u00e9 provincial.<\/p>\r\n\t\t\t<a href=\"https:\/\/feedontario.ca\/fr\/contact-mpp\/\" target=\"_self\" role=\"button\" rel=\"noopener\">\r\n\t\t\t\t\t\tContactez votre d\u00e9put\u00e9\r\n\t\t\t\t\t<\/a>\r\n<h3>\r\n\t\tExplorer l'utilisation des banques alimentaires dans votre communaut\u00e9\r\n\t<\/h3>\r\n\t<p>Notre outil Hunger in My Riding (La faim dans ma circonscription) vous permet de g\u00e9n\u00e9rer des rapports personnalis\u00e9s que vous pouvez partager avec d'autres personnes sur la situation de la faim dans votre communaut\u00e9, y compris des statistiques sur l'utilisation des banques alimentaires, le logement et l'aide sociale.<\/p>\r\n\t\t\t<a href=\"https:\/\/feedontario.ca\/fr\/la-faim-dans-ma-circonscription\/\" target=\"_self\" role=\"button\" rel=\"noopener\">\r\n\t\t\t\t\t\tLa faim dans ma circonscription\r\n\t\t\t\t\t<\/a>","protected":false},"excerpt":{"rendered":"<p>RAPPORT SUR LA FAIM 2023 Pourquoi les Ontariens ne peuvent pas aller de l'avant L'utilisation des banques alimentaires atteint des niveaux de crise dans notre province. Les Ontariens ont du mal \u00e0 avancer et les banques alimentaires ont du mal \u00e0 r\u00e9pondre \u00e0 la demande. Lire le rapport complet L'utilisation des banques alimentaires en Ontario a atteint un niveau de crise. 800 822 personnes ont eu recours \u00e0 une banque alimentaire en...<\/p>","protected":false},"author":14,"featured_media":0,"parent":0,"menu_order":0,"comment_status":"closed","ping_status":"closed","template":"","meta":{"_acf_changed":false,"inline_featured_image":false,"footnotes":""},"class_list":["post-45116","page","type-page","status-publish","hentry"],"acf":[],"yoast_head":"<!-- This site is optimized with the Yoast SEO plugin v27.6 - https:\/\/yoast.com\/product\/yoast-seo-wordpress\/ -->\n<title>Hunger Report 2023 - Feed Ontario<\/title>\n<meta name=\"robots\" content=\"index, follow, max-snippet:-1, max-image-preview:large, max-video-preview:-1\" \/>\n<link rel=\"canonical\" href=\"https:\/\/feedontario.ca\/fr\/rapport-sur-la-faim-2023\/\" \/>\n<meta property=\"og:locale\" content=\"fr_CA\" \/>\n<meta property=\"og:type\" content=\"article\" \/>\n<meta property=\"og:title\" content=\"Hunger Report 2023 - Feed Ontario\" \/>\n<meta property=\"og:description\" content=\"HUNGER REPORT 2023 Why Ontarians Can&#8217;t Get Ahead Food bank use is at crisis levels in our province. Ontarians are struggling to get ahead, and food banks are struggling to keep up with demand. Read the Full Report Food bank use in Ontario has reached a crisis level. 800,822 people used a food bank in&hellip;\" \/>\n<meta property=\"og:url\" content=\"https:\/\/feedontario.ca\/fr\/rapport-sur-la-faim-2023\/\" \/>\n<meta property=\"og:site_name\" content=\"Feed Ontario\" \/>\n<meta property=\"article:modified_time\" content=\"2025-09-19T15:48:02+00:00\" \/>\n<meta name=\"twitter:card\" content=\"summary_large_image\" \/>\n<meta name=\"twitter:label1\" content=\"Est. reading time\" \/>\n\t<meta name=\"twitter:data1\" content=\"6 minutes\" \/>\n<script type=\"application\/ld+json\" class=\"yoast-schema-graph\">{\"@context\":\"https:\\\/\\\/schema.org\",\"@graph\":[{\"@type\":\"WebPage\",\"@id\":\"https:\\\/\\\/feedontario.ca\\\/hunger-report-2023\\\/\",\"url\":\"https:\\\/\\\/feedontario.ca\\\/hunger-report-2023\\\/\",\"name\":\"Hunger Report 2023 - Feed Ontario\",\"isPartOf\":{\"@id\":\"https:\\\/\\\/feedontario.ca\\\/#website\"},\"datePublished\":\"2023-11-26T10:00:56+00:00\",\"dateModified\":\"2025-09-19T15:48:02+00:00\",\"breadcrumb\":{\"@id\":\"https:\\\/\\\/feedontario.ca\\\/hunger-report-2023\\\/#breadcrumb\"},\"inLanguage\":\"fr-CA\",\"potentialAction\":[{\"@type\":\"ReadAction\",\"target\":[\"https:\\\/\\\/feedontario.ca\\\/hunger-report-2023\\\/\"]}]},{\"@type\":\"BreadcrumbList\",\"@id\":\"https:\\\/\\\/feedontario.ca\\\/hunger-report-2023\\\/#breadcrumb\",\"itemListElement\":[{\"@type\":\"ListItem\",\"position\":1,\"name\":\"Home\",\"item\":\"https:\\\/\\\/feedontario.ca\\\/\"},{\"@type\":\"ListItem\",\"position\":2,\"name\":\"Hunger Report 2023\"}]},{\"@type\":\"WebSite\",\"@id\":\"https:\\\/\\\/feedontario.ca\\\/#website\",\"url\":\"https:\\\/\\\/feedontario.ca\\\/\",\"name\":\"Feed Ontario\",\"description\":\"Uniting food banks, industry partners, and local communities in our work to end hunger and poverty\",\"potentialAction\":[{\"@type\":\"SearchAction\",\"target\":{\"@type\":\"EntryPoint\",\"urlTemplate\":\"https:\\\/\\\/feedontario.ca\\\/?s={search_term_string}\"},\"query-input\":{\"@type\":\"PropertyValueSpecification\",\"valueRequired\":true,\"valueName\":\"search_term_string\"}}],\"inLanguage\":\"fr-CA\"}]}<\/script>\n<!-- \/ Yoast SEO plugin. -->","yoast_head_json":{"title":"Rapport sur la faim 2023 - Feed Ontario","robots":{"index":"index","follow":"follow","max-snippet":"max-snippet:-1","max-image-preview":"max-image-preview:large","max-video-preview":"max-video-preview:-1"},"canonical":"https:\/\/feedontario.ca\/fr\/rapport-sur-la-faim-2023\/","og_locale":"fr_CA","og_type":"article","og_title":"Hunger Report 2023 - Feed Ontario","og_description":"HUNGER REPORT 2023 Why Ontarians Can&#8217;t Get Ahead Food bank use is at crisis levels in our province. Ontarians are struggling to get ahead, and food banks are struggling to keep up with demand. Read the Full Report Food bank use in Ontario has reached a crisis level. 800,822 people used a food bank in&hellip;","og_url":"https:\/\/feedontario.ca\/fr\/rapport-sur-la-faim-2023\/","og_site_name":"Feed Ontario","article_modified_time":"2025-09-19T15:48:02+00:00","twitter_card":"summary_large_image","twitter_misc":{"Est. reading time":"6 minutes"},"schema":{"@context":"https:\/\/schema.org","@graph":[{"@type":"WebPage","@id":"https:\/\/feedontario.ca\/hunger-report-2023\/","url":"https:\/\/feedontario.ca\/hunger-report-2023\/","name":"Rapport sur la faim 2023 - Feed Ontario","isPartOf":{"@id":"https:\/\/feedontario.ca\/#website"},"datePublished":"2023-11-26T10:00:56+00:00","dateModified":"2025-09-19T15:48:02+00:00","breadcrumb":{"@id":"https:\/\/feedontario.ca\/hunger-report-2023\/#breadcrumb"},"inLanguage":"fr-CA","potentialAction":[{"@type":"ReadAction","target":["https:\/\/feedontario.ca\/hunger-report-2023\/"]}]},{"@type":"BreadcrumbList","@id":"https:\/\/feedontario.ca\/hunger-report-2023\/#breadcrumb","itemListElement":[{"@type":"ListItem","position":1,"name":"Home","item":"https:\/\/feedontario.ca\/"},{"@type":"ListItem","position":2,"name":"Hunger Report 2023"}]},{"@type":"WebSite","@id":"https:\/\/feedontario.ca\/#website","url":"https:\/\/feedontario.ca\/","name":"Nourrir l'Ontario","description":"Unir les banques alimentaires, les partenaires industriels et les communaut\u00e9s locales dans notre travail pour \u00e9radiquer la faim et la pauvret\u00e9.","potentialAction":[{"@type":"SearchAction","target":{"@type":"EntryPoint","urlTemplate":"https:\/\/feedontario.ca\/?s={search_term_string}"},"query-input":{"@type":"PropertyValueSpecification","valueRequired":true,"valueName":"search_term_string"}}],"inLanguage":"fr-CA"}]}},"_links":{"self":[{"href":"https:\/\/feedontario.ca\/fr\/wp-json\/wp\/v2\/pages\/45116","targetHints":{"allow":["GET"]}}],"collection":[{"href":"https:\/\/feedontario.ca\/fr\/wp-json\/wp\/v2\/pages"}],"about":[{"href":"https:\/\/feedontario.ca\/fr\/wp-json\/wp\/v2\/types\/page"}],"author":[{"embeddable":true,"href":"https:\/\/feedontario.ca\/fr\/wp-json\/wp\/v2\/users\/14"}],"replies":[{"embeddable":true,"href":"https:\/\/feedontario.ca\/fr\/wp-json\/wp\/v2\/comments?post=45116"}],"version-history":[{"count":0,"href":"https:\/\/feedontario.ca\/fr\/wp-json\/wp\/v2\/pages\/45116\/revisions"}],"wp:attachment":[{"href":"https:\/\/feedontario.ca\/fr\/wp-json\/wp\/v2\/media?parent=45116"}],"curies":[{"name":"wp","href":"https:\/\/api.w.org\/{rel}","templated":true}]}}