{"id":45259,"date":"2024-02-09T15:16:09","date_gmt":"2024-02-09T15:16:09","guid":{"rendered":"https:\/\/feedontario.ca\/?page_id=45259"},"modified":"2026-03-31T19:55:32","modified_gmt":"2026-03-31T19:55:32","slug":"les-moyens-de-donner","status":"publish","type":"page","link":"https:\/\/feedontario.ca\/fr\/les-moyens-de-donner\/","title":{"rendered":"Fa\u00e7ons de donner"},"content":{"rendered":"<h1>\n\t\t\tFa\u00e7ons de donner\t<\/h1>\n\t<p>Vous pouvez aider Feed Ontario \u00e0 faire en sorte que les banques alimentaires de la province disposent des ressources et du soutien dont elles ont besoin pour que chaque Ontarien ait acc\u00e8s \u00e0 des aliments sains et nutritifs.<\/p>\n\t\t\t<a href=\"\/fr\/prendre-des-mesures\/donner\/\" target=\"_blank\" rel=\"noopener\">\n\t\t\t\t\t\tFaire un don\n\t\t\t\t\t<\/a>\n\t\t\t<a href=\"#\" target=\"_self\" rel=\"nofollow\">\n\t\t\t\t\t\t\tSAUTER\n\t\t\t<\/a>\n\t\t\t<a href=\"#campaigns\" target=\"_self\">\n\t\t\t\t\t\t\tCampagnes en vedette\n\t\t\t\t\t<\/a>\n\t\t\t<a href=\"#individuals\" target=\"_self\">\n\t\t\t\t\t\t\tLes dons individuels\n\t\t\t\t\t<\/a>\n\t\t\t<a href=\"#business\" target=\"_self\">\n\t\t\t\t\t\t\tDon d'entreprise\n\t\t\t\t\t<\/a>\n\t\t\t<a href=\"#other\" target=\"_self\">\n\t\t\t\t\t\t\tAutres fa\u00e7ons de donner\n\t\t\t\t\t<\/a>\n\t\t\t\t<img decoding=\"async\" src=\"https:\/\/feedontario.ca\/wp-content\/uploads\/2024\/02\/icon-changemaker.svg\" alt=\"cr\u00e9ateur d&#039;ic\u00f4nes\" title=\"cr\u00e9ateur d&#039;ic\u00f4nes\" \/>\n\t\t<h2>Comment les particuliers peuvent-ils aider ?<\/h2>\t\t\t\n\t<p><em><strong>\"Vous pouvez contribuer \u00e0 ce que les banques alimentaires disposent de la nourriture et des ressources n\u00e9cessaires pour soutenir leurs communaut\u00e9s. Aucune personne dans le monde ne devrait jamais avoir \u00e0 s'inqui\u00e9ter de ne pas pouvoir manger\".<\/strong> <\/em><\/p>\n<p><em>- Raj, donateur mensuel<\/em><\/p>\n<figure>\n\t\t\t\t<a href=\"https:\/\/feedontario.ca\/fr\/prendre-des-mesures\/donner\/\" target=\"_blank\" rel=\"noopener\">\n\t\t\t\t<img decoding=\"async\" src=\"https:\/\/feedontario.ca\/wp-content\/uploads\/2024\/02\/wtg-donate-card-1.jpg\" alt=\"Un petit enfant noir mangeant du yaourt avec un grand sourire.\" height=\"400\" width=\"700\" title=\"wtg-donate-card\" loading=\"lazy\" \/>\n\t\t\t\t<\/a>\n\t<\/figure>\n\t<p>Donner<\/p>\n<h3>\n\t\t<a href=\"https:\/\/feedontario.ca\/fr\/prendre-des-mesures\/donner\/\" title=\"Faire un don unique ou mensuel\" target=\"_blank\" rel=\"noopener\">\n\t\t\tFaire un don unique ou mensuel\t\t<\/a>\n\t<\/h3>\n\t<p>Soutenez Feed Ontario en faisant un don aujourd'hui. Chaque $1 donn\u00e9 permet de fournir deux repas nutritifs \u00e0 des familles dans le besoin.<\/p>\n<figure>\n\t\t\t\t<a href=\"https:\/\/feedontario.ca\/fr\/prendre-des-mesures\/devenir-un-partenaire-dappariement\/\" target=\"_blank\" rel=\"noopener\">\n\t\t\t\t<img decoding=\"async\" src=\"https:\/\/feedontario.ca\/wp-content\/uploads\/2024\/02\/AdobeStock_284575773-1600x1056.jpeg\" alt=\"Un jeune gar\u00e7on v\u00eatu d&#039;une chemise orange utilise des baguettes pour manger dans un bol \u00e0 une table en bois, avec des plantes visibles \u00e0 l&#039;arri\u00e8re-plan.\" height=\"1056\" width=\"1600\" title=\"Enfant asiatique d\u00e9jeunant au restaurant\" loading=\"lazy\" \/>\n\t\t\t\t<\/a>\n\t<\/figure>\n\t<p>Soutien<\/p>\n<h3>\n\t\t<a href=\"https:\/\/feedontario.ca\/fr\/prendre-des-mesures\/devenir-un-partenaire-dappariement\/\" title=\"Soutenez notre campagne saisonni\u00e8re\" target=\"_blank\" rel=\"noopener\">\n\t\t\tSoutenez notre campagne saisonni\u00e8re\t\t<\/a>\n\t<\/h3>\n\t<p>Doublez votre impact ! Gr\u00e2ce \u00e0 notre partenaire de contrepartie, chaque $1 donn\u00e9 permet de fournir 4 repas nutritifs \u00e0 des familles ontariennes dans le besoin.<\/p>\n<figure>\n\t\t\t\t<a href=\"https:\/\/feedontario.ca\/fr\/prendre-des-mesures\/lancer-une-collecte-de-fonds\/\" target=\"_blank\" rel=\"noopener\">\n\t\t\t\t<img decoding=\"async\" src=\"https:\/\/feedontario.ca\/wp-content\/uploads\/2024\/02\/wtg-fundraiser.jpg\" alt=\"Une famille de quatre personnes vend des marchandises lors d&#039;un vide-grenier.\" height=\"400\" width=\"700\" title=\"wtg-fundraiser\" loading=\"lazy\" \/>\n\t\t\t\t<\/a>\n\t<\/figure>\n\t<p>Agir<\/p>\n<h3>\n\t\t<a href=\"https:\/\/feedontario.ca\/fr\/prendre-des-mesures\/lancer-une-collecte-de-fonds\/\" title=\"Lancer une collecte de fonds\" target=\"_blank\" rel=\"noopener\">\n\t\t\tLancer une collecte de fonds\t\t<\/a>\n\t<\/h3>\n\t<p>C\u00e9l\u00e9brez dans un but pr\u00e9cis ! Marquez votre occasion sp\u00e9ciale en organisant une collecte de fonds pour soutenir Feed Ontario.<\/p>\n<figure>\n\t\t\t\t<a href=\"https:\/\/feedontario.ca\/fr\/prendre-des-mesures\/dons-par-heritage\/\" target=\"_self\">\n\t\t\t\t<img decoding=\"async\" src=\"https:\/\/feedontario.ca\/wp-content\/uploads\/2024\/02\/wtg-legacy.jpg\" alt=\"Un homme et une femme \u00e2g\u00e9s, assis \u00e0 la table de la cuisine, se concentrent sur l&#039;\u00e9criture de leur h\u00e9ritage.\" height=\"400\" width=\"700\" title=\"wtg-legacy\" loading=\"lazy\" \/>\n\t\t\t\t<\/a>\n\t<\/figure>\n\t<p>Partenaire<\/p>\n<h3>\n\t\t<a href=\"https:\/\/feedontario.ca\/fr\/prendre-des-mesures\/dons-par-heritage\/\" title=\"Laisser un h\u00e9ritage\" target=\"_blank\" rel=\"noopener\">\n\t\t\tLaisser un h\u00e9ritage\t\t<\/a>\n\t<\/h3>\n\t<p>Laissez un h\u00e9ritage durable en faisant don d'une partie de votre succession pour soutenir Feed Ontario.<\/p>\n<figure>\n\t\t\t\t<a href=\"https:\/\/feedontario.ca\/fr\/prendre-des-mesures\/don-de-titres\/\" target=\"_self\">\n\t\t\t\t<img decoding=\"async\" src=\"https:\/\/feedontario.ca\/wp-content\/uploads\/2024\/02\/wtg-securities.jpg\" alt=\"Une femme et un homme assis dans un caf\u00e9 avec un ordinateur portable ouvert et discutant de ce qui s&#039;affiche \u00e0 l&#039;\u00e9cran.\" height=\"400\" width=\"700\" title=\"wtg-securities\" loading=\"lazy\" \/>\n\t\t\t\t<\/a>\n\t<\/figure>\n\t<p>Partenaire<\/p>\n<h3>\n\t\t<a href=\"https:\/\/feedontario.ca\/fr\/prendre-des-mesures\/don-de-titres\/\" title=\"Don de titres\" target=\"_blank\" rel=\"noopener\">\n\t\t\tDon de titres\t\t<\/a>\n\t<\/h3>\n\t<p>Faites un impact durable sur le travail de Feed Ontario et \u00e9vitez l'imp\u00f4t sur les gains en capital en faisant un don de titres.<\/p>\n\t\t\t\t<img decoding=\"async\" src=\"https:\/\/feedontario.ca\/wp-content\/uploads\/2024\/02\/icon-partner.svg\" alt=\"ic\u00f4ne-partenaire\" title=\"ic\u00f4ne-partenaire\" \/>\n\t\t<h2>Comment les entreprises peuvent-elles aider ?<\/h2>\t\t\t\n\t<p><em><strong>\"Nous sommes fiers d'\u00eatre associ\u00e9s \u00e0 cette formidable organisation et nous soutenons le travail qu'elle accomplit pour donner acc\u00e8s \u00e0 des denr\u00e9es alimentaires indispensables et r\u00e9duire le fardeau qui p\u00e8se sur les familles de l'Ontario\". <\/strong><\/em><\/p>\n<p><em><strong>- Stacey Madge, pr\u00e9sidente et directrice nationale, Visa Canada<\/strong><\/em><\/p>\n\t\t\t<a href=\"\/fr\/prendre-des-mesures\/donner\/\" target=\"_blank\" rel=\"noopener\">\n\t\t\t\t\t\tFaire un don\n\t\t\t\t\t<\/a>\n<figure>\n\t\t\t\t<a href=\"https:\/\/feedontario.ca\/fr\/prendre-des-mesures\/devenir-partenaire\/\" target=\"_blank\" rel=\"noopener\">\n\t\t\t\t<img decoding=\"async\" src=\"https:\/\/feedontario.ca\/wp-content\/uploads\/2024\/03\/VISA_Sorting.jpg\" alt=\"Des b\u00e9n\u00e9voles v\u00eatus de chemises et de masques de la Fondation VISA organisent des bo\u00eetes de conserve et des fournitures dans un centre de distribution dot\u00e9 de bacs et de tables rouges.\" height=\"689\" width=\"854\" title=\"VISA_Sorting\" loading=\"lazy\" \/>\n\t\t\t\t<\/a>\n\t<\/figure>\n\t<p>Partenaire<\/p>\n<h3>\n\t\t<a href=\"https:\/\/feedontario.ca\/fr\/prendre-des-mesures\/devenir-partenaire\/\" title=\"Devenir une entreprise partenaire\" target=\"_blank\" rel=\"noopener\">\n\t\t\tDevenir une entreprise partenaire\t\t<\/a>\n\t<\/h3>\n\t<p>Explorer les possibilit\u00e9s de partenariat avec Feed Ontario. Collaborer pour lutter contre la faim et avoir un impact significatif sur les communaut\u00e9s de l'Ontario.<\/p>\n<figure>\n\t\t\t\t<a href=\"https:\/\/feedontario.ca\/fr\/prendre-des-mesures\/dons-sur-le-lieu-de-travail\/\" target=\"_blank\" rel=\"noopener\">\n\t\t\t\t<img decoding=\"async\" src=\"https:\/\/feedontario.ca\/wp-content\/uploads\/2024\/02\/wtg-workplace-giving.jpg\" alt=\"Une femme noire v\u00eatue d&#039;une chemise verte remet une bo\u00eete de p\u00e2tes p\u00e9rissables, de bo\u00eetes de conserve et de jus de fruits \u00e0 une autre personne.\" height=\"400\" width=\"700\" title=\"wtg-don de lieu de travail\" loading=\"lazy\" \/>\n\t\t\t\t<\/a>\n\t<\/figure>\n\t<p>Agir<\/p>\n<h3>\n\t\t<a href=\"https:\/\/feedontario.ca\/fr\/prendre-des-mesures\/dons-sur-le-lieu-de-travail\/\" title=\"Dons sur le lieu de travail\" target=\"_blank\" rel=\"noopener\">\n\t\t\tDons sur le lieu de travail\t\t<\/a>\n\t<\/h3>\n\t<p>Pensez \u00e0 organiser une campagne de collecte de fonds sur votre lieu de travail ou \u00e0 mettre en place des dons mensuels qui seront automatiquement d\u00e9duits de votre ch\u00e8que de paie. <\/p>\n<figure>\n\t\t\t\t<a href=\"https:\/\/feedontario.ca\/fr\/prendre-des-mesures\/devenir-un-partenaire-dappariement\/\" target=\"_blank\" rel=\"noopener\">\n\t\t\t\t<img decoding=\"async\" src=\"https:\/\/feedontario.ca\/wp-content\/uploads\/2024\/02\/wtg-match.jpg\" alt=\"Une femme musulmane v\u00eatue de violet tend un plat de nourriture fra\u00eeche \u00e0 une femme plus \u00e2g\u00e9e, assise \u00e0 une table de cuisine.\" height=\"400\" width=\"700\" title=\"wtg-match\" loading=\"lazy\" \/>\n\t\t\t\t<\/a>\n\t<\/figure>\n\t<p>Soutien<\/p>\n<h3>\n\t\t<a href=\"https:\/\/feedontario.ca\/fr\/prendre-des-mesures\/devenir-un-partenaire-dappariement\/\" title=\"Associer une campagne pour en doubler l&#039;impact\" target=\"_blank\" rel=\"noopener\">\n\t\t\tAssocier une campagne pour en doubler l'impact\t\t<\/a>\n\t<\/h3>\n\t<p>Associez-vous \u00e0 Feed Ontario dans le cadre de campagnes saisonni\u00e8res pour amplifier l'impact de votre don et soutenir un plus grand nombre de familles confront\u00e9es \u00e0 la faim.<\/p>\n<figure>\n\t\t\t\t<a href=\"https:\/\/feedontario.ca\/fr\/prendre-des-mesures\/donner-de-la-nourriture\/\" target=\"_blank\" rel=\"noopener\">\n\t\t\t\t<img decoding=\"async\" src=\"https:\/\/feedontario.ca\/wp-content\/uploads\/2024\/02\/wtg-donate-food.jpg\" alt=\"Une grande caisse de pommes rouges et vertes fra\u00eeches attendant d&#039;\u00eatre charg\u00e9e dans un camion.\" height=\"400\" width=\"700\" title=\"wtg-donation-alimentation\" loading=\"lazy\" \/>\n\t\t\t\t<\/a>\n\t<\/figure>\n\t<p>Donner<\/p>\n<h3>\n\t\t<a href=\"https:\/\/feedontario.ca\/fr\/prendre-des-mesures\/donner-de-la-nourriture\/\" title=\"Faire un don de nourriture\" target=\"_blank\" rel=\"noopener\">\n\t\t\tFaire un don de nourriture\t\t<\/a>\n\t<\/h3>\n\t<p>Les dons d'aliments en vrac \u00e0 Feed Ontario ont un impact consid\u00e9rable. Les contributions en grandes quantit\u00e9s peuvent aider les communaut\u00e9s de tout l'Ontario.<\/p>\n\t\t\t\t<img decoding=\"async\" src=\"https:\/\/feedontario.ca\/wp-content\/uploads\/2024\/02\/icon-otherways.svg\" alt=\"icon-otherways\" title=\"icon-otherways\" \/>\n\t\t<h2>Autres fa\u00e7ons de donner<\/h2>\t\t\t\n<figure>\n\t\t\t\t<a href=\"https:\/\/feedontario.ca\/fr\/prendre-des-mesures\/soutenir-une-campagne\/\" target=\"_blank\" rel=\"noopener\">\n\t\t\t\t<img decoding=\"async\" src=\"https:\/\/feedontario.ca\/wp-content\/uploads\/2024\/02\/wtg-shop-purpose.jpg\" alt=\"Une femme marchant dans une all\u00e9e de l&#039;\u00e9picerie, t\u00e9l\u00e9phone \u00e0 la main, regardant dans le r\u00e9frig\u00e9rateur.\" height=\"400\" width=\"700\" title=\"wtg-shop-purpose\" loading=\"lazy\" \/>\n\t\t\t\t<\/a>\n\t<\/figure>\n\t<p>Soutien<\/p>\n<h3>\n\t\t<a href=\"https:\/\/feedontario.ca\/fr\/prendre-des-mesures\/soutenir-une-campagne\/\" title=\"Magasiner dans un but pr\u00e9cis\" target=\"_blank\" rel=\"noopener\">\n\t\t\tMagasiner dans un but pr\u00e9cis\t\t<\/a>\n\t<\/h3>\n\t<p>Vos achats peuvent aider les familles qui souffrent de la faim. Soutenez nos partenaires et leurs campagnes au profit de Feed Ontario.<\/p>\n<figure>\n\t\t\t\t<a href=\"https:\/\/donatecar.ca\/org\/charitypage\/donate.php?charity=645\" target=\"_blank\" rel=\"noopener\">\n\t\t\t\t<img decoding=\"async\" src=\"https:\/\/feedontario.ca\/wp-content\/uploads\/2024\/02\/wtg-donate-car.jpg\" alt=\"La main d&#039;une personne transmet un jeu de cl\u00e9s de voiture \u00e0 une autre main.\" height=\"400\" width=\"700\" title=\"wtg-donate-car\" loading=\"lazy\" \/>\n\t\t\t\t<\/a>\n\t<\/figure>\n\t<p>Donner<\/p>\n<h3>\n\t\t<a href=\"https:\/\/donatecar.ca\/org\/charitypage\/donate.php?charity=645\" title=\"Donate-A-Car\" target=\"_blank\" rel=\"noopener\">\n\t\t\tDonate-A-Car\t\t<\/a>\n\t<\/h3>\n\t<p>Transformez votre v\u00e9hicule usag\u00e9 en soutien \u00e0 Feed Ontario. Faites un don par l'entremise de Donate-a-Car Canada et faites une diff\u00e9rence.<\/p>\n<figure>\n\t\t\t\t<a href=\"https:\/\/feedontario.ca\/fr\/prendre-des-mesures\/mesures-de-lutte-contre-la-faim\/\" target=\"_blank\" rel=\"noopener\">\n\t\t\t\t<img decoding=\"async\" src=\"https:\/\/feedontario.ca\/wp-content\/uploads\/2024\/02\/wtg-take-action.jpg\" alt=\"Une cha\u00eene de montage de travailleurs en chemise bleue remplissant des bo\u00eetes de nourriture dans une banque alimentaire.\" height=\"400\" width=\"700\" title=\"wtg-take-action\" loading=\"lazy\" \/>\n\t\t\t\t<\/a>\n\t<\/figure>\n\t<p>Agir<\/p>\n<h3>\n\t\t<a href=\"https:\/\/feedontario.ca\/fr\/prendre-des-mesures\/mesures-de-lutte-contre-la-faim\/\" title=\"Agir\" target=\"_blank\" rel=\"noopener\">\n\t\t\tAgir\t\t<\/a>\n\t<\/h3>\n\t<p>Faites de petits pas pour lutter contre la faim avec Feed Ontario. D\u00e9couvrez des moyens efficaces de r\u00e9duire la faim et la pauvret\u00e9 en Ontario.<\/p>\n<h2>\n\t\t\tSoutenir une campagne en vedette \t<\/h2>\n\t\t\t\t\t\t\t<button aria-label=\"pr\u00e9c\u00e9dent\" type=\"button\">\n<\/button>\n\t\t\t\t<button aria-label=\"suivant\" type=\"button\">\n<\/button>\n\t\t<ul>\n\t\t\t\t<li>\n\t\t\t<a href=\"https:\/\/feedontario.ca\/fr\/mois-daction-contre-la-faim\/\" target=\"_self\"><img decoding=\"async\" loading=\"false\" src=\"https:\/\/feedontario.ca\/wp-content\/uploads\/2024\/02\/feature-hunger-action-month.jpg\" alt=\"Une femme noire d&#039;\u00e2ge moyen avec une chemise lavande, debout dans la cuisine et triant une bo\u00eete de l\u00e9gumes verts frais.\" \/><\/a>\t\t\t\n\t\t\t\t<h3>Mois de l'action contre la faim<\/h3><p>Tout au long du mois de septembre, cette campagne encourage l'action contre la faim et la pauvret\u00e9. Devenez sponsor.<\/p>\n<p>Contactez Austin Holmes (responsable des partenariats avec les entreprises et les fondations) \u00e0 l'adresse suivante <a href=\"mailto:austin@feedontario.ca\">austin@feedontario.ca<\/a> ou appeler <a href=\"tel:416-656-4100\">416-656-4100<\/a>\u00a0ext. 2937<\/p>\n\t\t\t<a href=\"https:\/\/feedontario.ca\/fr\/mois-daction-contre-la-faim\/\" target=\"_self\">\n\t\t\t\t\t\t\tEN SAVOIR PLUS\n\t\t\t\t\t<\/a>\n<a href=\"https:\/\/feedontario.ca\/fr\/mois-daction-contre-la-faim\/\" target=\"_self\"><img decoding=\"async\" loading=\"false\" src=\"https:\/\/feedontario.ca\/wp-content\/uploads\/2024\/02\/feature-hunger-action-month.jpg\" alt=\"Une femme noire d&#039;\u00e2ge moyen avec une chemise lavande, debout dans la cuisine et triant une bo\u00eete de l\u00e9gumes verts frais.\" \/><\/a>\t\t\t\n\t\t<\/li>\n\t\t<\/ul>\n<h2>\n\t\t\tRejoignez-nous \u00e0 la table\t<\/h2>\n\t<p>Avez-vous une demande, une id\u00e9e ou une question concernant le soutien \u00e0 Feed Ontario ? Veuillez contacter notre \u00e9quipe de d\u00e9veloppement \u00e0 l'adresse suivante <a href=\"mailto:donate@feedontario.ca\">donate@feedontario.ca<\/a> ou au 416-656-4100.<\/p>","protected":false},"excerpt":{"rendered":"<p>Fa\u00e7ons de donner Vous pouvez aider Feed Ontario \u00e0 faire en sorte que les banques alimentaires de la province disposent des ressources et du soutien dont elles ont besoin pour que chaque Ontarien ait acc\u00e8s \u00e0 des aliments sains et nutritifs. Donate Now JUMP TO Featured Campaigns Individual Giving Corporate Giving Other Ways To Give How individuals can help \"You can help ensure...<\/p>","protected":false},"author":20,"featured_media":45406,"parent":0,"menu_order":0,"comment_status":"closed","ping_status":"closed","template":"","meta":{"_acf_changed":false,"inline_featured_image":false,"footnotes":""},"class_list":["post-45259","page","type-page","status-publish","has-post-thumbnail","hentry"],"acf":[],"yoast_head":"<!-- This site is optimized with the Yoast SEO plugin v27.5 - https:\/\/yoast.com\/product\/yoast-seo-wordpress\/ -->\n<title>Ways To Give - Feed Ontario<\/title>\n<meta name=\"description\" content=\"You can help Feed Ontario ensure that food banks across the province have the resources and support they need.\" \/>\n<meta name=\"robots\" content=\"index, follow, max-snippet:-1, max-image-preview:large, max-video-preview:-1\" \/>\n<link rel=\"canonical\" href=\"https:\/\/feedontario.ca\/fr\/les-moyens-de-donner\/\" \/>\n<meta property=\"og:locale\" content=\"fr_CA\" \/>\n<meta property=\"og:type\" content=\"article\" \/>\n<meta property=\"og:title\" content=\"Ways To Give - Feed Ontario\" \/>\n<meta property=\"og:description\" content=\"You can help Feed Ontario ensure that food banks across the province have the resources and support they need.\" \/>\n<meta property=\"og:url\" content=\"https:\/\/feedontario.ca\/fr\/les-moyens-de-donner\/\" \/>\n<meta property=\"og:site_name\" content=\"Feed Ontario\" \/>\n<meta property=\"article:modified_time\" content=\"2026-03-31T19:55:32+00:00\" \/>\n<meta property=\"og:image\" content=\"https:\/\/feedontario.ca\/wp-content\/uploads\/2024\/03\/AdobeStock_605612956-scaled.jpeg\" \/>\n\t<meta property=\"og:image:width\" content=\"2560\" \/>\n\t<meta property=\"og:image:height\" content=\"1707\" \/>\n\t<meta property=\"og:image:type\" content=\"image\/jpeg\" \/>\n<meta name=\"twitter:card\" content=\"summary_large_image\" \/>\n<meta name=\"twitter:label1\" content=\"Est. reading time\" \/>\n\t<meta name=\"twitter:data1\" content=\"3 minutes\" \/>\n<script type=\"application\/ld+json\" class=\"yoast-schema-graph\">{\"@context\":\"https:\\\/\\\/schema.org\",\"@graph\":[{\"@type\":\"WebPage\",\"@id\":\"https:\\\/\\\/feedontario.ca\\\/ways-to-give\\\/\",\"url\":\"https:\\\/\\\/feedontario.ca\\\/ways-to-give\\\/\",\"name\":\"Ways To Give - Feed Ontario\",\"isPartOf\":{\"@id\":\"https:\\\/\\\/feedontario.ca\\\/#website\"},\"primaryImageOfPage\":{\"@id\":\"https:\\\/\\\/feedontario.ca\\\/ways-to-give\\\/#primaryimage\"},\"image\":{\"@id\":\"https:\\\/\\\/feedontario.ca\\\/ways-to-give\\\/#primaryimage\"},\"thumbnailUrl\":\"https:\\\/\\\/feedontario.ca\\\/wp-content\\\/uploads\\\/2024\\\/03\\\/AdobeStock_605612956-scaled.jpeg\",\"datePublished\":\"2024-02-09T15:16:09+00:00\",\"dateModified\":\"2026-03-31T19:55:32+00:00\",\"description\":\"You can help Feed Ontario ensure that food banks across the province have the resources and support they need.\",\"breadcrumb\":{\"@id\":\"https:\\\/\\\/feedontario.ca\\\/ways-to-give\\\/#breadcrumb\"},\"inLanguage\":\"fr-CA\",\"potentialAction\":[{\"@type\":\"ReadAction\",\"target\":[\"https:\\\/\\\/feedontario.ca\\\/ways-to-give\\\/\"]}]},{\"@type\":\"ImageObject\",\"inLanguage\":\"fr-CA\",\"@id\":\"https:\\\/\\\/feedontario.ca\\\/ways-to-give\\\/#primaryimage\",\"url\":\"https:\\\/\\\/feedontario.ca\\\/wp-content\\\/uploads\\\/2024\\\/03\\\/AdobeStock_605612956-scaled.jpeg\",\"contentUrl\":\"https:\\\/\\\/feedontario.ca\\\/wp-content\\\/uploads\\\/2024\\\/03\\\/AdobeStock_605612956-scaled.jpeg\",\"width\":2560,\"height\":1707,\"caption\":\"Woman helping a young child squeeze an orange with a juicer in a kitchen. The child is focused on the task, and the woman is smiling supportively.\"},{\"@type\":\"BreadcrumbList\",\"@id\":\"https:\\\/\\\/feedontario.ca\\\/ways-to-give\\\/#breadcrumb\",\"itemListElement\":[{\"@type\":\"ListItem\",\"position\":1,\"name\":\"Home\",\"item\":\"https:\\\/\\\/feedontario.ca\\\/\"},{\"@type\":\"ListItem\",\"position\":2,\"name\":\"Ways To Give\"}]},{\"@type\":\"WebSite\",\"@id\":\"https:\\\/\\\/feedontario.ca\\\/#website\",\"url\":\"https:\\\/\\\/feedontario.ca\\\/\",\"name\":\"Feed Ontario\",\"description\":\"Uniting food banks, industry partners, and local communities in our work to end hunger and poverty\",\"potentialAction\":[{\"@type\":\"SearchAction\",\"target\":{\"@type\":\"EntryPoint\",\"urlTemplate\":\"https:\\\/\\\/feedontario.ca\\\/?s={search_term_string}\"},\"query-input\":{\"@type\":\"PropertyValueSpecification\",\"valueRequired\":true,\"valueName\":\"search_term_string\"}}],\"inLanguage\":\"fr-CA\"}]}<\/script>\n<!-- \/ Yoast SEO plugin. -->","yoast_head_json":{"title":"Fa\u00e7ons de donner - Feed Ontario","description":"Vous pouvez aider Feed Ontario \u00e0 faire en sorte que les banques alimentaires de la province disposent des ressources et du soutien dont elles ont besoin.","robots":{"index":"index","follow":"follow","max-snippet":"max-snippet:-1","max-image-preview":"max-image-preview:large","max-video-preview":"max-video-preview:-1"},"canonical":"https:\/\/feedontario.ca\/fr\/les-moyens-de-donner\/","og_locale":"fr_CA","og_type":"article","og_title":"Ways To Give - Feed Ontario","og_description":"You can help Feed Ontario ensure that food banks across the province have the resources and support they need.","og_url":"https:\/\/feedontario.ca\/fr\/les-moyens-de-donner\/","og_site_name":"Feed Ontario","article_modified_time":"2026-03-31T19:55:32+00:00","og_image":[{"width":2560,"height":1707,"url":"https:\/\/feedontario.ca\/wp-content\/uploads\/2024\/03\/AdobeStock_605612956-scaled.jpeg","type":"image\/jpeg"}],"twitter_card":"summary_large_image","twitter_misc":{"Est. reading time":"3 minutes"},"schema":{"@context":"https:\/\/schema.org","@graph":[{"@type":"WebPage","@id":"https:\/\/feedontario.ca\/ways-to-give\/","url":"https:\/\/feedontario.ca\/ways-to-give\/","name":"Fa\u00e7ons de donner - Feed Ontario","isPartOf":{"@id":"https:\/\/feedontario.ca\/#website"},"primaryImageOfPage":{"@id":"https:\/\/feedontario.ca\/ways-to-give\/#primaryimage"},"image":{"@id":"https:\/\/feedontario.ca\/ways-to-give\/#primaryimage"},"thumbnailUrl":"https:\/\/feedontario.ca\/wp-content\/uploads\/2024\/03\/AdobeStock_605612956-scaled.jpeg","datePublished":"2024-02-09T15:16:09+00:00","dateModified":"2026-03-31T19:55:32+00:00","description":"Vous pouvez aider Feed Ontario \u00e0 faire en sorte que les banques alimentaires de la province disposent des ressources et du soutien dont elles ont besoin.","breadcrumb":{"@id":"https:\/\/feedontario.ca\/ways-to-give\/#breadcrumb"},"inLanguage":"fr-CA","potentialAction":[{"@type":"ReadAction","target":["https:\/\/feedontario.ca\/ways-to-give\/"]}]},{"@type":"ImageObject","inLanguage":"fr-CA","@id":"https:\/\/feedontario.ca\/ways-to-give\/#primaryimage","url":"https:\/\/feedontario.ca\/wp-content\/uploads\/2024\/03\/AdobeStock_605612956-scaled.jpeg","contentUrl":"https:\/\/feedontario.ca\/wp-content\/uploads\/2024\/03\/AdobeStock_605612956-scaled.jpeg","width":2560,"height":1707,"caption":"Woman helping a young child squeeze an orange with a juicer in a kitchen. The child is focused on the task, and the woman is smiling supportively."},{"@type":"BreadcrumbList","@id":"https:\/\/feedontario.ca\/ways-to-give\/#breadcrumb","itemListElement":[{"@type":"ListItem","position":1,"name":"Home","item":"https:\/\/feedontario.ca\/"},{"@type":"ListItem","position":2,"name":"Ways To Give"}]},{"@type":"WebSite","@id":"https:\/\/feedontario.ca\/#website","url":"https:\/\/feedontario.ca\/","name":"Nourrir l'Ontario","description":"Unir les banques alimentaires, les partenaires industriels et les communaut\u00e9s locales dans notre travail pour \u00e9radiquer la faim et la pauvret\u00e9.","potentialAction":[{"@type":"SearchAction","target":{"@type":"EntryPoint","urlTemplate":"https:\/\/feedontario.ca\/?s={search_term_string}"},"query-input":{"@type":"PropertyValueSpecification","valueRequired":true,"valueName":"search_term_string"}}],"inLanguage":"fr-CA"}]}},"_links":{"self":[{"href":"https:\/\/feedontario.ca\/fr\/wp-json\/wp\/v2\/pages\/45259","targetHints":{"allow":["GET"]}}],"collection":[{"href":"https:\/\/feedontario.ca\/fr\/wp-json\/wp\/v2\/pages"}],"about":[{"href":"https:\/\/feedontario.ca\/fr\/wp-json\/wp\/v2\/types\/page"}],"author":[{"embeddable":true,"href":"https:\/\/feedontario.ca\/fr\/wp-json\/wp\/v2\/users\/20"}],"replies":[{"embeddable":true,"href":"https:\/\/feedontario.ca\/fr\/wp-json\/wp\/v2\/comments?post=45259"}],"version-history":[{"count":0,"href":"https:\/\/feedontario.ca\/fr\/wp-json\/wp\/v2\/pages\/45259\/revisions"}],"wp:featuredmedia":[{"embeddable":true,"href":"https:\/\/feedontario.ca\/fr\/wp-json\/wp\/v2\/media\/45406"}],"wp:attachment":[{"href":"https:\/\/feedontario.ca\/fr\/wp-json\/wp\/v2\/media?parent=45259"}],"curies":[{"name":"wp","href":"https:\/\/api.w.org\/{rel}","templated":true}]}}