{"id":45275,"date":"2024-02-27T16:11:58","date_gmt":"2024-02-27T16:11:58","guid":{"rendered":"https:\/\/feedontario.ca\/?page_id=45275"},"modified":"2025-09-19T16:41:04","modified_gmt":"2025-09-19T16:41:04","slug":"engagements-en-matiere-dallocution","status":"publish","type":"page","link":"https:\/\/feedontario.ca\/fr\/a-propos-de-nous\/engagements-en-matiere-dallocution\/","title":{"rendered":"Des opportunit\u00e9s d'intervention int\u00e9ressantes"},"content":{"rendered":"<h1>\n\t\t\tInterventions et discussions anim\u00e9es\t<\/h1>\n\t<p>En tant que leader dans le secteur des banques alimentaires, Feed Ontario tire parti de son expertise, de ses connaissances et de ses donn\u00e9es en temps r\u00e9el pour mener des conversations int\u00e9ressantes sur les meilleures pratiques op\u00e9rationnelles, les moteurs de l'ins\u00e9curit\u00e9 alimentaire et de la pauvret\u00e9, et sur la fa\u00e7on de pr\u00e9coniser des solutions qui alimentent le changement.<\/p>\n<h1>\n\t\t\tPourquoi nous inviter \u00e0 votre r\u00e9union ?\t<\/h1>\n\t\t\t\t<img decoding=\"async\" src=\"https:\/\/feedontario.ca\/wp-content\/uploads\/2021\/01\/squiggle_yellow.svg\" alt=\"ligne jaune en pointill\u00e9s\" itemprop=\"image\" height=\"4\" width=\"38\" title=\"gribouillis_jaune\" onerror=\"this.style.display='none'\" loading=\"lazy\" \/>\n\t<p>Feed Ontario est le plus grand collectif d'organisations de lutte contre la faim de la province. Notre travail avec les banques alimentaires, les partenaires de l'industrie et les communaut\u00e9s locales est motiv\u00e9 par notre vision d'un Ontario o\u00f9 tout le monde est en s\u00e9curit\u00e9 alimentaire.<\/p>\n<p><a href=\"https:\/\/feedontario.ca\/fr\/histoire\/30-ans-dimpact-sur-lalimentation-des-communautes\/\">Cr\u00e9\u00e9e en 1992<\/a>Feed Ontario fournit des aliments frais et sains, \u00e9labore des programmes novateurs et favorise le changement gr\u00e2ce \u00e0 la recherche et \u00e0 la sensibilisation.<\/p>\n<p>Envisagez de faire profiter votre prochain \u00e9v\u00e9nement du travail de recherche approfondi de Feed Ontario, de son expertise en mati\u00e8re de logistique et d'op\u00e9rations, et de ses donn\u00e9es en temps r\u00e9el sur les facteurs de fr\u00e9quentation des banques alimentaires en Ontario.<\/p>\n\t<h2>Th\u00e8mes des orateurs<\/h2>\n<p>Notre \u00e9quipe d'experts peut vous proposer des pr\u00e9sentations personnalis\u00e9es adapt\u00e9es \u00e0 votre r\u00e9union ou \u00e0 votre \u00e9v\u00e9nement. Nous commencerons par nous renseigner sur votre organisation, les participants, les objectifs de la pr\u00e9sentation et le temps dont vous disposez. Les sujets suivants sont un \u00e9chantillon des types de pr\u00e9sentations que nous pouvons offrir.<\/p>\n<p>&nbsp;<\/p>\n\t\t\t\t<img decoding=\"async\" src=\"https:\/\/feedontario.ca\/wp-content\/uploads\/2021\/01\/squiggle_yellow.svg\" alt=\"ligne jaune en pointill\u00e9s\" itemprop=\"image\" height=\"4\" width=\"38\" title=\"gribouillis_jaune\" onerror=\"this.style.display='none'\" loading=\"lazy\" \/>\n<h2>\n\t\t\tVous voulez en savoir plus ?\t<\/h2>\n\t<p>Mettez nos experts \u00e0 contribution lors de votre prochaine r\u00e9union ou activit\u00e9. Contactez-nous pour en savoir plus sur nos pr\u00e9sentations et nos discussions anim\u00e9es et pour savoir comment un expert en connaissances de l'\u00e9quipe de Feed Ontario peut prendre la parole lors de votre prochain \u00e9v\u00e9nement. Contact <a href=\"mailto:andrea@feedontario.ca\">Andrea Waters<\/a>pour en savoir plus.\u00a0\u00a0<\/p>","protected":false},"excerpt":{"rendered":"<p>En tant que chef de file dans le secteur des banques alimentaires, Feed Ontario tire parti de son expertise, de ses connaissances et de ses donn\u00e9es en temps r\u00e9el pour mener des conversations int\u00e9ressantes sur les meilleures pratiques op\u00e9rationnelles, les moteurs de l'ins\u00e9curit\u00e9 alimentaire et de la pauvret\u00e9, et sur la fa\u00e7on de pr\u00e9coniser des solutions qui favorisent le changement. Pourquoi nous inviter \u00e0 votre r\u00e9union Feed Ontario est le...<\/p>","protected":false},"author":25,"featured_media":45224,"parent":38893,"menu_order":0,"comment_status":"closed","ping_status":"closed","template":"","meta":{"_acf_changed":false,"inline_featured_image":false,"footnotes":""},"class_list":["post-45275","page","type-page","status-publish","has-post-thumbnail","hentry"],"acf":[],"yoast_head":"<!-- This site is optimized with the Yoast SEO plugin v27.4 - https:\/\/yoast.com\/product\/yoast-seo-wordpress\/ -->\n<title>Engaging speaking opportunities - Feed Ontario<\/title>\n<meta name=\"robots\" content=\"index, follow, max-snippet:-1, max-image-preview:large, max-video-preview:-1\" \/>\n<link rel=\"canonical\" href=\"https:\/\/feedontario.ca\/fr\/a-propos-de-nous\/engagements-en-matiere-dallocution\/\" \/>\n<meta property=\"og:locale\" content=\"fr_CA\" \/>\n<meta property=\"og:type\" content=\"article\" \/>\n<meta property=\"og:title\" content=\"Engaging speaking opportunities - Feed Ontario\" \/>\n<meta property=\"og:description\" content=\"Speaking engagements and faciliated discussions As a leader in food banking sector, Feed Ontario leverages expertise, knowledge, and real-time data to lead engaging conversations on operational best practices, the drivers of food insecurity and poverty, and on how to advocate for solutions that feed change. Why have us at your meeting Feed Ontario is the&hellip;\" \/>\n<meta property=\"og:url\" content=\"https:\/\/feedontario.ca\/fr\/a-propos-de-nous\/engagements-en-matiere-dallocution\/\" \/>\n<meta property=\"og:site_name\" content=\"Feed Ontario\" \/>\n<meta property=\"article:modified_time\" content=\"2025-09-19T16:41:04+00:00\" \/>\n<meta property=\"og:image\" content=\"https:\/\/feedontario.ca\/wp-content\/uploads\/2024\/01\/FEED_SiteBackground-scaled.jpg\" \/>\n\t<meta property=\"og:image:width\" content=\"2560\" \/>\n\t<meta property=\"og:image:height\" content=\"1442\" \/>\n\t<meta property=\"og:image:type\" content=\"image\/jpeg\" \/>\n<meta name=\"twitter:card\" content=\"summary_large_image\" \/>\n<meta name=\"twitter:label1\" content=\"Est. reading time\" \/>\n\t<meta name=\"twitter:data1\" content=\"2 minutes\" \/>\n<script type=\"application\/ld+json\" class=\"yoast-schema-graph\">{\"@context\":\"https:\\\/\\\/schema.org\",\"@graph\":[{\"@type\":\"WebPage\",\"@id\":\"https:\\\/\\\/feedontario.ca\\\/about-us\\\/speaking-engagements\\\/\",\"url\":\"https:\\\/\\\/feedontario.ca\\\/about-us\\\/speaking-engagements\\\/\",\"name\":\"Engaging speaking opportunities - Feed Ontario\",\"isPartOf\":{\"@id\":\"https:\\\/\\\/feedontario.ca\\\/#website\"},\"primaryImageOfPage\":{\"@id\":\"https:\\\/\\\/feedontario.ca\\\/about-us\\\/speaking-engagements\\\/#primaryimage\"},\"image\":{\"@id\":\"https:\\\/\\\/feedontario.ca\\\/about-us\\\/speaking-engagements\\\/#primaryimage\"},\"thumbnailUrl\":\"https:\\\/\\\/feedontario.ca\\\/wp-content\\\/uploads\\\/2024\\\/01\\\/FEED_SiteBackground-scaled.jpg\",\"datePublished\":\"2024-02-27T16:11:58+00:00\",\"dateModified\":\"2025-09-19T16:41:04+00:00\",\"breadcrumb\":{\"@id\":\"https:\\\/\\\/feedontario.ca\\\/about-us\\\/speaking-engagements\\\/#breadcrumb\"},\"inLanguage\":\"fr-CA\",\"potentialAction\":[{\"@type\":\"ReadAction\",\"target\":[\"https:\\\/\\\/feedontario.ca\\\/about-us\\\/speaking-engagements\\\/\"]}]},{\"@type\":\"ImageObject\",\"inLanguage\":\"fr-CA\",\"@id\":\"https:\\\/\\\/feedontario.ca\\\/about-us\\\/speaking-engagements\\\/#primaryimage\",\"url\":\"https:\\\/\\\/feedontario.ca\\\/wp-content\\\/uploads\\\/2024\\\/01\\\/FEED_SiteBackground-scaled.jpg\",\"contentUrl\":\"https:\\\/\\\/feedontario.ca\\\/wp-content\\\/uploads\\\/2024\\\/01\\\/FEED_SiteBackground-scaled.jpg\",\"width\":2560,\"height\":1442,\"caption\":\"Illustration of diverse family members, including children, adults, elderly, and one person in a wheelchair, enjoying a sunny day in a park.\"},{\"@type\":\"BreadcrumbList\",\"@id\":\"https:\\\/\\\/feedontario.ca\\\/about-us\\\/speaking-engagements\\\/#breadcrumb\",\"itemListElement\":[{\"@type\":\"ListItem\",\"position\":1,\"name\":\"Home\",\"item\":\"https:\\\/\\\/feedontario.ca\\\/\"},{\"@type\":\"ListItem\",\"position\":2,\"name\":\"About Us\",\"item\":\"https:\\\/\\\/feedontario.ca\\\/about-us\\\/\"},{\"@type\":\"ListItem\",\"position\":3,\"name\":\"Engaging speaking opportunities\"}]},{\"@type\":\"WebSite\",\"@id\":\"https:\\\/\\\/feedontario.ca\\\/#website\",\"url\":\"https:\\\/\\\/feedontario.ca\\\/\",\"name\":\"Feed Ontario\",\"description\":\"Uniting food banks, industry partners, and local communities in our work to end hunger and poverty\",\"potentialAction\":[{\"@type\":\"SearchAction\",\"target\":{\"@type\":\"EntryPoint\",\"urlTemplate\":\"https:\\\/\\\/feedontario.ca\\\/?s={search_term_string}\"},\"query-input\":{\"@type\":\"PropertyValueSpecification\",\"valueRequired\":true,\"valueName\":\"search_term_string\"}}],\"inLanguage\":\"fr-CA\"}]}<\/script>\n<!-- \/ Yoast SEO plugin. -->","yoast_head_json":{"title":"Possibilit\u00e9s d'intervention int\u00e9ressantes - Feed Ontario","robots":{"index":"index","follow":"follow","max-snippet":"max-snippet:-1","max-image-preview":"max-image-preview:large","max-video-preview":"max-video-preview:-1"},"canonical":"https:\/\/feedontario.ca\/fr\/a-propos-de-nous\/engagements-en-matiere-dallocution\/","og_locale":"fr_CA","og_type":"article","og_title":"Engaging speaking opportunities - Feed Ontario","og_description":"Speaking engagements and faciliated discussions As a leader in food banking sector, Feed Ontario leverages expertise, knowledge, and real-time data to lead engaging conversations on operational best practices, the drivers of food insecurity and poverty, and on how to advocate for solutions that feed change. Why have us at your meeting Feed Ontario is the&hellip;","og_url":"https:\/\/feedontario.ca\/fr\/a-propos-de-nous\/engagements-en-matiere-dallocution\/","og_site_name":"Feed Ontario","article_modified_time":"2025-09-19T16:41:04+00:00","og_image":[{"width":2560,"height":1442,"url":"https:\/\/feedontario.ca\/wp-content\/uploads\/2024\/01\/FEED_SiteBackground-scaled.jpg","type":"image\/jpeg"}],"twitter_card":"summary_large_image","twitter_misc":{"Est. reading time":"2 minutes"},"schema":{"@context":"https:\/\/schema.org","@graph":[{"@type":"WebPage","@id":"https:\/\/feedontario.ca\/about-us\/speaking-engagements\/","url":"https:\/\/feedontario.ca\/about-us\/speaking-engagements\/","name":"Possibilit\u00e9s d'intervention int\u00e9ressantes - Feed Ontario","isPartOf":{"@id":"https:\/\/feedontario.ca\/#website"},"primaryImageOfPage":{"@id":"https:\/\/feedontario.ca\/about-us\/speaking-engagements\/#primaryimage"},"image":{"@id":"https:\/\/feedontario.ca\/about-us\/speaking-engagements\/#primaryimage"},"thumbnailUrl":"https:\/\/feedontario.ca\/wp-content\/uploads\/2024\/01\/FEED_SiteBackground-scaled.jpg","datePublished":"2024-02-27T16:11:58+00:00","dateModified":"2025-09-19T16:41:04+00:00","breadcrumb":{"@id":"https:\/\/feedontario.ca\/about-us\/speaking-engagements\/#breadcrumb"},"inLanguage":"fr-CA","potentialAction":[{"@type":"ReadAction","target":["https:\/\/feedontario.ca\/about-us\/speaking-engagements\/"]}]},{"@type":"ImageObject","inLanguage":"fr-CA","@id":"https:\/\/feedontario.ca\/about-us\/speaking-engagements\/#primaryimage","url":"https:\/\/feedontario.ca\/wp-content\/uploads\/2024\/01\/FEED_SiteBackground-scaled.jpg","contentUrl":"https:\/\/feedontario.ca\/wp-content\/uploads\/2024\/01\/FEED_SiteBackground-scaled.jpg","width":2560,"height":1442,"caption":"Illustration of diverse family members, including children, adults, elderly, and one person in a wheelchair, enjoying a sunny day in a park."},{"@type":"BreadcrumbList","@id":"https:\/\/feedontario.ca\/about-us\/speaking-engagements\/#breadcrumb","itemListElement":[{"@type":"ListItem","position":1,"name":"Home","item":"https:\/\/feedontario.ca\/"},{"@type":"ListItem","position":2,"name":"About Us","item":"https:\/\/feedontario.ca\/about-us\/"},{"@type":"ListItem","position":3,"name":"Engaging speaking opportunities"}]},{"@type":"WebSite","@id":"https:\/\/feedontario.ca\/#website","url":"https:\/\/feedontario.ca\/","name":"Nourrir l'Ontario","description":"Unir les banques alimentaires, les partenaires industriels et les communaut\u00e9s locales dans notre travail pour \u00e9radiquer la faim et la pauvret\u00e9.","potentialAction":[{"@type":"SearchAction","target":{"@type":"EntryPoint","urlTemplate":"https:\/\/feedontario.ca\/?s={search_term_string}"},"query-input":{"@type":"PropertyValueSpecification","valueRequired":true,"valueName":"search_term_string"}}],"inLanguage":"fr-CA"}]}},"_links":{"self":[{"href":"https:\/\/feedontario.ca\/fr\/wp-json\/wp\/v2\/pages\/45275","targetHints":{"allow":["GET"]}}],"collection":[{"href":"https:\/\/feedontario.ca\/fr\/wp-json\/wp\/v2\/pages"}],"about":[{"href":"https:\/\/feedontario.ca\/fr\/wp-json\/wp\/v2\/types\/page"}],"author":[{"embeddable":true,"href":"https:\/\/feedontario.ca\/fr\/wp-json\/wp\/v2\/users\/25"}],"replies":[{"embeddable":true,"href":"https:\/\/feedontario.ca\/fr\/wp-json\/wp\/v2\/comments?post=45275"}],"version-history":[{"count":0,"href":"https:\/\/feedontario.ca\/fr\/wp-json\/wp\/v2\/pages\/45275\/revisions"}],"up":[{"embeddable":true,"href":"https:\/\/feedontario.ca\/fr\/wp-json\/wp\/v2\/pages\/38893"}],"wp:featuredmedia":[{"embeddable":true,"href":"https:\/\/feedontario.ca\/fr\/wp-json\/wp\/v2\/media\/45224"}],"wp:attachment":[{"href":"https:\/\/feedontario.ca\/fr\/wp-json\/wp\/v2\/media?parent=45275"}],"curies":[{"name":"wp","href":"https:\/\/api.w.org\/{rel}","templated":true}]}}