{"id":45381,"date":"2024-03-21T18:58:57","date_gmt":"2024-03-21T18:58:57","guid":{"rendered":"https:\/\/feedontario.ca\/?page_id=45381"},"modified":"2025-09-19T16:48:53","modified_gmt":"2025-09-19T16:48:53","slug":"devenir-un-partenaire-dappariement","status":"publish","type":"page","link":"https:\/\/feedontario.ca\/fr\/prendre-des-mesures\/devenir-un-partenaire-dappariement\/","title":{"rendered":"Devenir partenaire de jumelage"},"content":{"rendered":"<h1>\n\t\t\tDevenez un partenaire de contrepartie pour doubler l'impact !\t<\/h1>\n\t<p>Amplifiez votre produit ou votre marque avec un impact puissant et faites en sorte que chaque dollar donn\u00e9 soit encore plus utile.<\/p>\n\t\t\t<a href=\"#inquire\" target=\"_self\">\n\t\t\t\t\t\t\tEn savoir plus\n\t\t\t\t\t<\/a>\n<h2>\n\t\t\tL'impact d'un don jumel\u00e9\t<\/h2>\n\t\t\t\t<img decoding=\"async\" src=\"https:\/\/feedontario.ca\/wp-content\/uploads\/2021\/01\/squiggle_yellow.svg\" alt=\"ligne jaune en pointill\u00e9s\" itemprop=\"image\" height=\"4\" width=\"38\" title=\"gribouillis_jaune\" onerror=\"this.style.display='none'\" loading=\"lazy\" \/>\n\t<p>Lorsque des partenaires offrent une contribution financi\u00e8re \u00e9quivalente pour une campagne, les donateurs individuels savent que leur contribution a deux fois plus d'impact et sont plus enclins \u00e0 faire un don. Feed Ontario organise plusieurs campagnes saisonni\u00e8res tout au long de l'ann\u00e9e, au cours desquelles nous mettons en avant des partenaires qui offrent une contrepartie de 1 pour 1 pour les dons effectu\u00e9s au cours de la campagne.<\/p>\n<h2  data-animation-delay=\"0\" data-animation-duration=\"1\">\n\t\t\tPartenaire d'une campagne\t<\/h2>\n\t\t\t\t<img decoding=\"async\" src=\"https:\/\/feedontario.ca\/wp-content\/uploads\/2021\/01\/squiggle_yellow.svg\" alt=\"ligne jaune en pointill\u00e9s\" itemprop=\"image\" height=\"4\" width=\"38\" title=\"gribouillis_jaune\" onerror=\"this.style.display='none'\" loading=\"lazy\" \/>\n\t\t\t\t<img decoding=\"async\" src=\"https:\/\/feedontario.ca\/wp-content\/uploads\/2024\/03\/FEED_SpringIconCircle.png\" alt=\"Ic\u00f4ne de deux \u0153ufs de P\u00e2ques d\u00e9cor\u00e9s sur un fond circulaire turquoise. Un \u0153uf est devant, recouvrant partiellement le second \u0153uf derri\u00e8re lui.\" itemprop=\"image\" height=\"350\" width=\"350\" title=\"FEED_SpringIconCircle\" onerror=\"this.style.display='none'\" loading=\"lazy\" \/>\n<h3>\n\t\t\tPrintemps\t<\/h3>\n\t<p>Exploitez l'esprit de renouveau et de croissance ce printemps. Apr\u00e8s les f\u00eates de fin d'ann\u00e9e, les \u00e9tag\u00e8res des banques alimentaires locales ont besoin d'\u00eatre r\u00e9approvisionn\u00e9es, et quel meilleur moyen de le faire que de soutenir notre campagne de printemps ?<\/p>\n\t\t\t\t<img decoding=\"async\" src=\"https:\/\/feedontario.ca\/wp-content\/uploads\/2024\/03\/FEED_SummerIconCircle.png\" alt=\"Ic\u00f4ne d&#039;un hamburger sur fond de cercle turquoise, comprenant un petit pain avec des graines de s\u00e9same, une galette et de la laitue.\" itemprop=\"image\" height=\"350\" width=\"350\" title=\"FEED_SummerIconCircle\" onerror=\"this.style.display='none'\" loading=\"lazy\" \/>\n<h3>\n\t\t\tL'\u00e9t\u00e9\t<\/h3>\n\t<p>Les programmes d'alimentation scolaire qui permettent \u00e0 leurs enfants d'avoir acc\u00e8s \u00e0 des aliments nutritifs ne sont pas disponibles pendant l'\u00e9t\u00e9. Apportez chaleur et soutien aux enfants et aux familles pendant ces mois d'\u00e9t\u00e9.<\/p>\n\t\t\t\t<img decoding=\"async\" src=\"https:\/\/feedontario.ca\/wp-content\/uploads\/2024\/03\/FEED_ThanksgivingIconCircle.png\" alt=\"Dessin au trait stylis\u00e9 d&#039;une dinde sur un fond circulaire turquoise.\" itemprop=\"image\" height=\"350\" width=\"350\" title=\"FEED_Cercle d&#039;ic\u00f4nes de Thanksgiving\" onerror=\"this.style.display='none'\" loading=\"lazy\" \/>\n<h3>\n\t\t\tThanksgiving\t<\/h3>\n\t<p>Honorez la saison de la gratitude et du don en participant \u00e0 notre campagne de Thanksgiving. Associez-vous \u00e0 nous pour faire la diff\u00e9rence dans la vie des familles dans le besoin. Ensemble, cr\u00e9ons une saison de chaleur et de g\u00e9n\u00e9rosit\u00e9.<\/p>\n\t\t\t\t<img decoding=\"async\" src=\"https:\/\/feedontario.ca\/wp-content\/uploads\/2024\/03\/FEED_HolidayIconCircle.png\" alt=\"Ic\u00f4ne d&#039;une tasse fumante avec un motif floral, sur un fond circulaire bleu.\" itemprop=\"image\" height=\"350\" width=\"350\" title=\"FEED_Cercle d&#039;ic\u00f4nes de vacances\" onerror=\"this.style.display='none'\" loading=\"lazy\" \/>\n<h3>\n\t\t\tLes f\u00eates de fin d'ann\u00e9e\t<\/h3>\n\t<p>La p\u00e9riode des f\u00eates est tr\u00e8s occup\u00e9e pour les banques alimentaires locales de l'Ontario. Votre soutien pour doubler l'impact peut aider \u00e0 garantir que toutes les familles et tous les enfants qui se tournent vers les banques alimentaires re\u00e7oivent le soutien dont ils ont besoin.<\/p>\n<h2>\n\t\t\tPasser \u00e0 l'\u00e9tape suivante\t<\/h2>\n\t<p>Vous voulez en savoir plus sur les fa\u00e7ons uniques dont votre organisation peut atteindre ses objectifs tout en aidant Feed Ontario ? Communiquez avec Austin Holmes \u00e0 <a href=\"mailto:donate@feedontario.ca\">austin@feedontario.ca<\/a> ou <a href=\"tel:4166564100\">(416) 656-4100, poste 2937<\/a><\/p>\n<p>&nbsp;<\/p>\n\t<p>\"Chez Trifuno, nous sommes passionn\u00e9s par l'id\u00e9e de faire une diff\u00e9rence positive dans la vie des gens. C'est pourquoi l'un des partenaires que nous avons choisi de soutenir est Feed Ontario, par l'interm\u00e9diaire de son programme de jumelage. Ensemble, nous doublons notre impact pour faire en sorte que personne ne souffre de la faim dans notre communaut\u00e9.\"<\/p>\n\t<p>Zlatko Trifunovski, Trifuno Sales Inc.<\/p>","protected":false},"excerpt":{"rendered":"<p>Devenez un partenaire de contrepartie pour doubler l'impact ! Amplifiez votre produit ou votre marque avec un impact puissant et faites en sorte que chaque dollar donn\u00e9 soit encore plus utile. En savoir plus L'impact d'un don jumel\u00e9 Lorsque des partenaires offrent un don jumel\u00e9 pour une campagne, les donateurs individuels savent que leurs contributions ont deux fois plus d'impact et sont plus...<\/p>","protected":false},"author":30,"featured_media":39981,"parent":38896,"menu_order":55,"comment_status":"closed","ping_status":"closed","template":"","meta":{"_acf_changed":false,"inline_featured_image":false,"footnotes":""},"class_list":["post-45381","page","type-page","status-publish","has-post-thumbnail","hentry"],"acf":[],"yoast_head":"<!-- This site is optimized with the Yoast SEO plugin v27.4 - https:\/\/yoast.com\/product\/yoast-seo-wordpress\/ -->\n<title>Become a Partner: Help Fight Hunger in Ontario | Feed Ontario<\/title>\n<meta name=\"description\" content=\"Feed Ontario supports local food banks with innovative programs. We work with food banks, industry partners, &amp; communities to end hunger in Ontario.\" \/>\n<meta name=\"robots\" content=\"index, follow, max-snippet:-1, max-image-preview:large, max-video-preview:-1\" \/>\n<link rel=\"canonical\" href=\"https:\/\/feedontario.ca\/fr\/prendre-des-mesures\/devenir-un-partenaire-dappariement\/\" \/>\n<meta property=\"og:locale\" content=\"fr_CA\" \/>\n<meta property=\"og:type\" content=\"article\" \/>\n<meta property=\"og:title\" content=\"Become a Partner: Help Fight Hunger in Ontario | Feed Ontario\" \/>\n<meta property=\"og:description\" content=\"Feed Ontario supports local food banks with innovative programs. We work with food banks, industry partners, &amp; communities to end hunger in Ontario.\" \/>\n<meta property=\"og:url\" content=\"https:\/\/feedontario.ca\/fr\/prendre-des-mesures\/devenir-un-partenaire-dappariement\/\" \/>\n<meta property=\"og:site_name\" content=\"Feed Ontario\" \/>\n<meta property=\"article:modified_time\" content=\"2025-09-19T16:48:53+00:00\" \/>\n<meta property=\"og:image\" content=\"https:\/\/feedontario.ca\/wp-content\/uploads\/2021\/03\/become-a-partner-hero.jpg\" \/>\n\t<meta property=\"og:image:width\" content=\"1600\" \/>\n\t<meta property=\"og:image:height\" content=\"1000\" \/>\n\t<meta property=\"og:image:type\" content=\"image\/jpeg\" \/>\n<meta name=\"twitter:card\" content=\"summary_large_image\" \/>\n<meta name=\"twitter:label1\" content=\"Est. reading time\" \/>\n\t<meta name=\"twitter:data1\" content=\"3 minutes\" \/>\n<script type=\"application\/ld+json\" class=\"yoast-schema-graph\">{\"@context\":\"https:\\\/\\\/schema.org\",\"@graph\":[{\"@type\":\"WebPage\",\"@id\":\"https:\\\/\\\/feedontario.ca\\\/take-action\\\/become-a-matching-partner\\\/\",\"url\":\"https:\\\/\\\/feedontario.ca\\\/take-action\\\/become-a-matching-partner\\\/\",\"name\":\"Become a Partner: Help Fight Hunger in Ontario | Feed Ontario\",\"isPartOf\":{\"@id\":\"https:\\\/\\\/feedontario.ca\\\/#website\"},\"primaryImageOfPage\":{\"@id\":\"https:\\\/\\\/feedontario.ca\\\/take-action\\\/become-a-matching-partner\\\/#primaryimage\"},\"image\":{\"@id\":\"https:\\\/\\\/feedontario.ca\\\/take-action\\\/become-a-matching-partner\\\/#primaryimage\"},\"thumbnailUrl\":\"https:\\\/\\\/feedontario.ca\\\/wp-content\\\/uploads\\\/2021\\\/03\\\/become-a-partner-hero.jpg\",\"datePublished\":\"2024-03-21T18:58:57+00:00\",\"dateModified\":\"2025-09-19T16:48:53+00:00\",\"description\":\"Feed Ontario supports local food banks with innovative programs. We work with food banks, industry partners, & communities to end hunger in Ontario.\",\"breadcrumb\":{\"@id\":\"https:\\\/\\\/feedontario.ca\\\/take-action\\\/become-a-matching-partner\\\/#breadcrumb\"},\"inLanguage\":\"fr-CA\",\"potentialAction\":[{\"@type\":\"ReadAction\",\"target\":[\"https:\\\/\\\/feedontario.ca\\\/take-action\\\/become-a-matching-partner\\\/\"]}]},{\"@type\":\"ImageObject\",\"inLanguage\":\"fr-CA\",\"@id\":\"https:\\\/\\\/feedontario.ca\\\/take-action\\\/become-a-matching-partner\\\/#primaryimage\",\"url\":\"https:\\\/\\\/feedontario.ca\\\/wp-content\\\/uploads\\\/2021\\\/03\\\/become-a-partner-hero.jpg\",\"contentUrl\":\"https:\\\/\\\/feedontario.ca\\\/wp-content\\\/uploads\\\/2021\\\/03\\\/become-a-partner-hero.jpg\",\"width\":1600,\"height\":1000,\"caption\":\"A picture of a man holding a notepad talking to a man holding cabbages, surrounded by wooden crates of fresh produce\"},{\"@type\":\"BreadcrumbList\",\"@id\":\"https:\\\/\\\/feedontario.ca\\\/take-action\\\/become-a-matching-partner\\\/#breadcrumb\",\"itemListElement\":[{\"@type\":\"ListItem\",\"position\":1,\"name\":\"Home\",\"item\":\"https:\\\/\\\/feedontario.ca\\\/\"},{\"@type\":\"ListItem\",\"position\":2,\"name\":\"Take Action\",\"item\":\"https:\\\/\\\/feedontario.ca\\\/take-action\\\/\"},{\"@type\":\"ListItem\",\"position\":3,\"name\":\"Become a Matching Partner\"}]},{\"@type\":\"WebSite\",\"@id\":\"https:\\\/\\\/feedontario.ca\\\/#website\",\"url\":\"https:\\\/\\\/feedontario.ca\\\/\",\"name\":\"Feed Ontario\",\"description\":\"Uniting food banks, industry partners, and local communities in our work to end hunger and poverty\",\"potentialAction\":[{\"@type\":\"SearchAction\",\"target\":{\"@type\":\"EntryPoint\",\"urlTemplate\":\"https:\\\/\\\/feedontario.ca\\\/?s={search_term_string}\"},\"query-input\":{\"@type\":\"PropertyValueSpecification\",\"valueRequired\":true,\"valueName\":\"search_term_string\"}}],\"inLanguage\":\"fr-CA\"}]}<\/script>\n<!-- \/ Yoast SEO plugin. -->","yoast_head_json":{"title":"Devenez un partenaire : Aidez \u00e0 lutter contre la faim en Ontario | Feed Ontario","description":"Feed Ontario soutient les banques alimentaires locales au moyen de programmes novateurs. Nous travaillons avec les banques alimentaires, les partenaires de l'industrie et les communaut\u00e9s pour mettre fin \u00e0 la faim en Ontario.","robots":{"index":"index","follow":"follow","max-snippet":"max-snippet:-1","max-image-preview":"max-image-preview:large","max-video-preview":"max-video-preview:-1"},"canonical":"https:\/\/feedontario.ca\/fr\/prendre-des-mesures\/devenir-un-partenaire-dappariement\/","og_locale":"fr_CA","og_type":"article","og_title":"Become a Partner: Help Fight Hunger in Ontario | Feed Ontario","og_description":"Feed Ontario supports local food banks with innovative programs. We work with food banks, industry partners, & communities to end hunger in Ontario.","og_url":"https:\/\/feedontario.ca\/fr\/prendre-des-mesures\/devenir-un-partenaire-dappariement\/","og_site_name":"Feed Ontario","article_modified_time":"2025-09-19T16:48:53+00:00","og_image":[{"width":1600,"height":1000,"url":"https:\/\/feedontario.ca\/wp-content\/uploads\/2021\/03\/become-a-partner-hero.jpg","type":"image\/jpeg"}],"twitter_card":"summary_large_image","twitter_misc":{"Est. reading time":"3 minutes"},"schema":{"@context":"https:\/\/schema.org","@graph":[{"@type":"WebPage","@id":"https:\/\/feedontario.ca\/take-action\/become-a-matching-partner\/","url":"https:\/\/feedontario.ca\/take-action\/become-a-matching-partner\/","name":"Devenez un partenaire : Aidez \u00e0 lutter contre la faim en Ontario | Feed Ontario","isPartOf":{"@id":"https:\/\/feedontario.ca\/#website"},"primaryImageOfPage":{"@id":"https:\/\/feedontario.ca\/take-action\/become-a-matching-partner\/#primaryimage"},"image":{"@id":"https:\/\/feedontario.ca\/take-action\/become-a-matching-partner\/#primaryimage"},"thumbnailUrl":"https:\/\/feedontario.ca\/wp-content\/uploads\/2021\/03\/become-a-partner-hero.jpg","datePublished":"2024-03-21T18:58:57+00:00","dateModified":"2025-09-19T16:48:53+00:00","description":"Feed Ontario soutient les banques alimentaires locales au moyen de programmes novateurs. Nous travaillons avec les banques alimentaires, les partenaires de l'industrie et les communaut\u00e9s pour mettre fin \u00e0 la faim en Ontario.","breadcrumb":{"@id":"https:\/\/feedontario.ca\/take-action\/become-a-matching-partner\/#breadcrumb"},"inLanguage":"fr-CA","potentialAction":[{"@type":"ReadAction","target":["https:\/\/feedontario.ca\/take-action\/become-a-matching-partner\/"]}]},{"@type":"ImageObject","inLanguage":"fr-CA","@id":"https:\/\/feedontario.ca\/take-action\/become-a-matching-partner\/#primaryimage","url":"https:\/\/feedontario.ca\/wp-content\/uploads\/2021\/03\/become-a-partner-hero.jpg","contentUrl":"https:\/\/feedontario.ca\/wp-content\/uploads\/2021\/03\/become-a-partner-hero.jpg","width":1600,"height":1000,"caption":"A picture of a man holding a notepad talking to a man holding cabbages, surrounded by wooden crates of fresh produce"},{"@type":"BreadcrumbList","@id":"https:\/\/feedontario.ca\/take-action\/become-a-matching-partner\/#breadcrumb","itemListElement":[{"@type":"ListItem","position":1,"name":"Home","item":"https:\/\/feedontario.ca\/"},{"@type":"ListItem","position":2,"name":"Take Action","item":"https:\/\/feedontario.ca\/take-action\/"},{"@type":"ListItem","position":3,"name":"Become a Matching Partner"}]},{"@type":"WebSite","@id":"https:\/\/feedontario.ca\/#website","url":"https:\/\/feedontario.ca\/","name":"Nourrir l'Ontario","description":"Unir les banques alimentaires, les partenaires industriels et les communaut\u00e9s locales dans notre travail pour \u00e9radiquer la faim et la pauvret\u00e9.","potentialAction":[{"@type":"SearchAction","target":{"@type":"EntryPoint","urlTemplate":"https:\/\/feedontario.ca\/?s={search_term_string}"},"query-input":{"@type":"PropertyValueSpecification","valueRequired":true,"valueName":"search_term_string"}}],"inLanguage":"fr-CA"}]}},"_links":{"self":[{"href":"https:\/\/feedontario.ca\/fr\/wp-json\/wp\/v2\/pages\/45381","targetHints":{"allow":["GET"]}}],"collection":[{"href":"https:\/\/feedontario.ca\/fr\/wp-json\/wp\/v2\/pages"}],"about":[{"href":"https:\/\/feedontario.ca\/fr\/wp-json\/wp\/v2\/types\/page"}],"author":[{"embeddable":true,"href":"https:\/\/feedontario.ca\/fr\/wp-json\/wp\/v2\/users\/30"}],"replies":[{"embeddable":true,"href":"https:\/\/feedontario.ca\/fr\/wp-json\/wp\/v2\/comments?post=45381"}],"version-history":[{"count":0,"href":"https:\/\/feedontario.ca\/fr\/wp-json\/wp\/v2\/pages\/45381\/revisions"}],"up":[{"embeddable":true,"href":"https:\/\/feedontario.ca\/fr\/wp-json\/wp\/v2\/pages\/38896"}],"wp:featuredmedia":[{"embeddable":true,"href":"https:\/\/feedontario.ca\/fr\/wp-json\/wp\/v2\/media\/39981"}],"wp:attachment":[{"href":"https:\/\/feedontario.ca\/fr\/wp-json\/wp\/v2\/media?parent=45381"}],"curies":[{"name":"wp","href":"https:\/\/api.w.org\/{rel}","templated":true}]}}