{"id":47087,"date":"2025-07-10T17:33:28","date_gmt":"2025-07-10T17:33:28","guid":{"rendered":"https:\/\/feedontario.ca\/?page_id=47087"},"modified":"2025-09-04T15:33:51","modified_gmt":"2025-09-04T15:33:51","slug":"linscription-au-flux","status":"publish","type":"page","link":"https:\/\/feedontario.ca\/fr\/linscription-au-flux\/","title":{"rendered":"Rejoindre le flux"},"content":{"rendered":"\r\n<p><img loading=\"lazy\" decoding=\"async\" title=\"Frame\" src=\"https:\/\/feedontario.ca\/wp-content\/uploads\/2025\/06\/Frame.svg\" alt=\"Frame\" width=\"130\" height=\"59\" \/> <div class=\"trp_language_switcher_shortcode\">\n<div class=\"trp-language-switcher trp-language-switcher-container\" data-no-translation >\n    <div class=\"trp-ls-shortcode-current-language\">\n        <a href=\"#\" class=\"trp-ls-shortcode-disabled-language trp-ls-disabled-language\" title=\"Fran\u00e7ais du Canada\" onclick=\"event.preventDefault()\">\n\t\t\t FR\t\t<\/a>\n    <\/div>\n    <div class=\"trp-ls-shortcode-language\">\n                <a href=\"#\" class=\"trp-ls-shortcode-disabled-language trp-ls-disabled-language\"  title=\"Fran\u00e7ais du Canada\" onclick=\"event.preventDefault()\">\n\t\t\t FR\t\t<\/a>\n                    <a href=\"https:\/\/feedontario.ca\/fr\/wp-json\/wp\/v2\/pages\/47087#TRPLINKPROCESSED\" title=\"English\">\n             EN        <\/a>\n\n        <\/div>\n    <script type=\"application\/javascript\">\n        \/\/ need to have the same with set from JS on both divs. Otherwise it can push stuff around in HTML\n        var trp_ls_shortcodes = document.querySelectorAll('.trp_language_switcher_shortcode .trp-language-switcher');\n        if ( trp_ls_shortcodes.length > 0) {\n            \/\/ get the last language switcher added\n            var trp_el = trp_ls_shortcodes[trp_ls_shortcodes.length - 1];\n\n            var trp_shortcode_language_item = trp_el.querySelector( '.trp-ls-shortcode-language' )\n            \/\/ set width\n            var trp_ls_shortcode_width                                               = trp_shortcode_language_item.offsetWidth + 16;\n            trp_shortcode_language_item.style.width                                  = trp_ls_shortcode_width + 'px';\n            trp_el.querySelector( '.trp-ls-shortcode-current-language' ).style.width = trp_ls_shortcode_width + 'px';\n\n            \/\/ We're putting this on display: none after we have its width.\n            trp_shortcode_language_item.style.display = 'none';\n        }\n    <\/script>\n<\/div>\n<\/div> <a href=\"\/\" target=\"_self\"> Back To Home <\/a> <img loading=\"lazy\" decoding=\"async\" title=\"Frame\" src=\"https:\/\/feedontario.ca\/wp-content\/uploads\/2025\/07\/Frame-1.svg\" alt=\"Frame\" width=\"111\" height=\"114\" \/><\/p>\r\n<h1>Join The Feed<\/h1>\r\n<h2>Get Our Newsletter<\/h2>\r\n<p>Sign up to receive stories of impact, insight, and ways to take action to <strong>build a more food-secure Ontario together<\/strong>.<\/p>\r\n<p><iframe loading=\"lazy\" src=\"https:\/\/comms.feedontario.ca\/l\/930893\/2025-03-17\/jnmdl\" width=\"100%\" height=\"270\" frameborder=\"0\"><\/iframe> <img loading=\"lazy\" decoding=\"async\" title=\"feed-ontario-the-feed-newsletter\" src=\"https:\/\/feedontario.ca\/wp-content\/uploads\/2025\/07\/feed-ontario-the-feed-newsletter.jpg\" alt=\"feed-ontario-the-feed-newsletter\" width=\"1954\" height=\"1878\" \/><\/p>\r\n<h2>Here&#8217;s what you&#8217;ll get<\/h2>\r\n<p><a href=\"#signup\" target=\"_self\"> Sign Me Up <\/a> <a href=\"https:\/\/comms.feedontario.ca\/webmail\/930893\/849174540\/8d72db62e575895779dc5034c76c6e227cc9ba0f3508da5fda652bfa9a820a8c\" target=\"_blank\" rel=\"noopener\"> See A Past Issue <\/a> <a href=\"https:\/\/feedontario.ca\/\" target=\"_self\"> <img loading=\"lazy\" decoding=\"async\" title=\"Frame\" src=\"https:\/\/feedontario.ca\/wp-content\/uploads\/2025\/07\/Frame.svg\" alt=\"Frame\" width=\"160\" height=\"73\" \/> <\/a> Copyright \u00a92025 Feed Ontario<br \/>Charitable No.885260968RR0001 <a href=\"https:\/\/feedontario.ca\/privacy-policy\/\" target=\"_self\"> Privacy Policy <\/a> <a href=\"https:\/\/feedontario.ca\/ways-to-give\/\" target=\"_self\"> Other Ways To Give <\/a><\/p>\r\n","protected":false},"excerpt":{"rendered":"<p>Back To Home Join The Feed Get Our Newsletter Inscrivez-vous pour recevoir des histoires d'impact, des id\u00e9es et des moyens d'agir pour construire ensemble un Ontario plus s\u00fbr sur le plan alimentaire. Voici ce que vous recevrez Sign Me Up See A Past Issue Copyright \u00a92025 Feed OntarioCharitable No.885260968RR0001 Privacy Policy Autres fa\u00e7ons de donner<\/p>","protected":false},"author":20,"featured_media":0,"parent":0,"menu_order":0,"comment_status":"closed","ping_status":"closed","template":"tpl-no-header-footer.php","meta":{"_acf_changed":false,"inline_featured_image":false,"footnotes":""},"class_list":["post-47087","page","type-page","status-publish","hentry"],"acf":[],"yoast_head":"<!-- This site is optimized with the Yoast SEO plugin v27.4 - https:\/\/yoast.com\/product\/yoast-seo-wordpress\/ -->\n<title>Join The Feed - Feed Ontario<\/title>\n<meta name=\"robots\" content=\"index, follow, max-snippet:-1, max-image-preview:large, max-video-preview:-1\" \/>\n<link rel=\"canonical\" href=\"https:\/\/feedontario.ca\/fr\/linscription-au-flux\/\" \/>\n<meta property=\"og:locale\" content=\"fr_CA\" \/>\n<meta property=\"og:type\" content=\"article\" \/>\n<meta property=\"og:title\" content=\"Join The Feed - Feed Ontario\" \/>\n<meta property=\"og:description\" content=\"Back To Home Join The Feed Get Our Newsletter Sign up to receive stories of impact, insight, and ways to take action to build a more food-secure Ontario together. Here&#8217;s what you&#8217;ll get Sign Me Up See A Past Issue Copyright \u00a92025 Feed OntarioCharitable No.885260968RR0001 Privacy Policy Other Ways To Give\" \/>\n<meta property=\"og:url\" content=\"https:\/\/feedontario.ca\/fr\/linscription-au-flux\/\" \/>\n<meta property=\"og:site_name\" content=\"Feed Ontario\" \/>\n<meta property=\"article:modified_time\" content=\"2025-09-04T15:33:51+00:00\" \/>\n<meta property=\"og:image\" content=\"https:\/\/feedontario.ca\/wp-content\/uploads\/2025\/06\/Frame.svg\" \/>\n<meta name=\"twitter:card\" content=\"summary_large_image\" \/>\n<meta name=\"twitter:label1\" content=\"Est. reading time\" \/>\n\t<meta name=\"twitter:data1\" content=\"2 minutes\" \/>\n<script type=\"application\/ld+json\" class=\"yoast-schema-graph\">{\"@context\":\"https:\\\/\\\/schema.org\",\"@graph\":[{\"@type\":\"WebPage\",\"@id\":\"https:\\\/\\\/feedontario.ca\\\/the-feed-sign-up\\\/\",\"url\":\"https:\\\/\\\/feedontario.ca\\\/the-feed-sign-up\\\/\",\"name\":\"Join The Feed - Feed Ontario\",\"isPartOf\":{\"@id\":\"https:\\\/\\\/feedontario.ca\\\/#website\"},\"primaryImageOfPage\":{\"@id\":\"https:\\\/\\\/feedontario.ca\\\/the-feed-sign-up\\\/#primaryimage\"},\"image\":{\"@id\":\"https:\\\/\\\/feedontario.ca\\\/the-feed-sign-up\\\/#primaryimage\"},\"thumbnailUrl\":\"https:\\\/\\\/feedontario.ca\\\/wp-content\\\/uploads\\\/2025\\\/06\\\/Frame.svg\",\"datePublished\":\"2025-07-10T17:33:28+00:00\",\"dateModified\":\"2025-09-04T15:33:51+00:00\",\"breadcrumb\":{\"@id\":\"https:\\\/\\\/feedontario.ca\\\/the-feed-sign-up\\\/#breadcrumb\"},\"inLanguage\":\"fr-CA\",\"potentialAction\":[{\"@type\":\"ReadAction\",\"target\":[\"https:\\\/\\\/feedontario.ca\\\/the-feed-sign-up\\\/\"]}]},{\"@type\":\"ImageObject\",\"inLanguage\":\"fr-CA\",\"@id\":\"https:\\\/\\\/feedontario.ca\\\/the-feed-sign-up\\\/#primaryimage\",\"url\":\"https:\\\/\\\/feedontario.ca\\\/wp-content\\\/uploads\\\/2025\\\/06\\\/Frame.svg\",\"contentUrl\":\"https:\\\/\\\/feedontario.ca\\\/wp-content\\\/uploads\\\/2025\\\/06\\\/Frame.svg\"},{\"@type\":\"BreadcrumbList\",\"@id\":\"https:\\\/\\\/feedontario.ca\\\/the-feed-sign-up\\\/#breadcrumb\",\"itemListElement\":[{\"@type\":\"ListItem\",\"position\":1,\"name\":\"Home\",\"item\":\"https:\\\/\\\/feedontario.ca\\\/\"},{\"@type\":\"ListItem\",\"position\":2,\"name\":\"Join The Feed\"}]},{\"@type\":\"WebSite\",\"@id\":\"https:\\\/\\\/feedontario.ca\\\/#website\",\"url\":\"https:\\\/\\\/feedontario.ca\\\/\",\"name\":\"Feed Ontario\",\"description\":\"Uniting food banks, industry partners, and local communities in our work to end hunger and poverty\",\"potentialAction\":[{\"@type\":\"SearchAction\",\"target\":{\"@type\":\"EntryPoint\",\"urlTemplate\":\"https:\\\/\\\/feedontario.ca\\\/?s={search_term_string}\"},\"query-input\":{\"@type\":\"PropertyValueSpecification\",\"valueRequired\":true,\"valueName\":\"search_term_string\"}}],\"inLanguage\":\"fr-CA\"}]}<\/script>\n<!-- \/ Yoast SEO plugin. -->","yoast_head_json":{"title":"Rejoindre le fil - Fil Ontario","robots":{"index":"index","follow":"follow","max-snippet":"max-snippet:-1","max-image-preview":"max-image-preview:large","max-video-preview":"max-video-preview:-1"},"canonical":"https:\/\/feedontario.ca\/fr\/linscription-au-flux\/","og_locale":"fr_CA","og_type":"article","og_title":"Join The Feed - Feed Ontario","og_description":"Back To Home Join The Feed Get Our Newsletter Sign up to receive stories of impact, insight, and ways to take action to build a more food-secure Ontario together. Here&#8217;s what you&#8217;ll get Sign Me Up See A Past Issue Copyright \u00a92025 Feed OntarioCharitable No.885260968RR0001 Privacy Policy Other Ways To Give","og_url":"https:\/\/feedontario.ca\/fr\/linscription-au-flux\/","og_site_name":"Feed Ontario","article_modified_time":"2025-09-04T15:33:51+00:00","og_image":[{"url":"https:\/\/feedontario.ca\/wp-content\/uploads\/2025\/06\/Frame.svg","type":"","width":"","height":""}],"twitter_card":"summary_large_image","twitter_misc":{"Est. reading time":"2 minutes"},"schema":{"@context":"https:\/\/schema.org","@graph":[{"@type":"WebPage","@id":"https:\/\/feedontario.ca\/the-feed-sign-up\/","url":"https:\/\/feedontario.ca\/the-feed-sign-up\/","name":"Rejoindre le fil - Fil Ontario","isPartOf":{"@id":"https:\/\/feedontario.ca\/#website"},"primaryImageOfPage":{"@id":"https:\/\/feedontario.ca\/the-feed-sign-up\/#primaryimage"},"image":{"@id":"https:\/\/feedontario.ca\/the-feed-sign-up\/#primaryimage"},"thumbnailUrl":"https:\/\/feedontario.ca\/wp-content\/uploads\/2025\/06\/Frame.svg","datePublished":"2025-07-10T17:33:28+00:00","dateModified":"2025-09-04T15:33:51+00:00","breadcrumb":{"@id":"https:\/\/feedontario.ca\/the-feed-sign-up\/#breadcrumb"},"inLanguage":"fr-CA","potentialAction":[{"@type":"ReadAction","target":["https:\/\/feedontario.ca\/the-feed-sign-up\/"]}]},{"@type":"ImageObject","inLanguage":"fr-CA","@id":"https:\/\/feedontario.ca\/the-feed-sign-up\/#primaryimage","url":"https:\/\/feedontario.ca\/wp-content\/uploads\/2025\/06\/Frame.svg","contentUrl":"https:\/\/feedontario.ca\/wp-content\/uploads\/2025\/06\/Frame.svg"},{"@type":"BreadcrumbList","@id":"https:\/\/feedontario.ca\/the-feed-sign-up\/#breadcrumb","itemListElement":[{"@type":"ListItem","position":1,"name":"Home","item":"https:\/\/feedontario.ca\/"},{"@type":"ListItem","position":2,"name":"Join The Feed"}]},{"@type":"WebSite","@id":"https:\/\/feedontario.ca\/#website","url":"https:\/\/feedontario.ca\/","name":"Nourrir l'Ontario","description":"Unir les banques alimentaires, les partenaires industriels et les communaut\u00e9s locales dans notre travail pour \u00e9radiquer la faim et la pauvret\u00e9.","potentialAction":[{"@type":"SearchAction","target":{"@type":"EntryPoint","urlTemplate":"https:\/\/feedontario.ca\/?s={search_term_string}"},"query-input":{"@type":"PropertyValueSpecification","valueRequired":true,"valueName":"search_term_string"}}],"inLanguage":"fr-CA"}]}},"_links":{"self":[{"href":"https:\/\/feedontario.ca\/fr\/wp-json\/wp\/v2\/pages\/47087","targetHints":{"allow":["GET"]}}],"collection":[{"href":"https:\/\/feedontario.ca\/fr\/wp-json\/wp\/v2\/pages"}],"about":[{"href":"https:\/\/feedontario.ca\/fr\/wp-json\/wp\/v2\/types\/page"}],"author":[{"embeddable":true,"href":"https:\/\/feedontario.ca\/fr\/wp-json\/wp\/v2\/users\/20"}],"replies":[{"embeddable":true,"href":"https:\/\/feedontario.ca\/fr\/wp-json\/wp\/v2\/comments?post=47087"}],"version-history":[{"count":0,"href":"https:\/\/feedontario.ca\/fr\/wp-json\/wp\/v2\/pages\/47087\/revisions"}],"wp:attachment":[{"href":"https:\/\/feedontario.ca\/fr\/wp-json\/wp\/v2\/media?parent=47087"}],"curies":[{"name":"wp","href":"https:\/\/api.w.org\/{rel}","templated":true}]}}