{"id":47199,"date":"2025-08-10T20:18:18","date_gmt":"2025-08-10T20:18:18","guid":{"rendered":"https:\/\/feedontario.ca\/?page_id=47199"},"modified":"2026-03-11T19:41:49","modified_gmt":"2026-03-11T19:41:49","slug":"feedon","status":"publish","type":"page","link":"https:\/\/feedontario.ca\/fr\/feedon\/","title":{"rendered":"FeedON"},"content":{"rendered":"<p>LES SPONSORS PILIERS :<\/p>\r\n<p><a href=\"https:\/\/www.farmboy.ca\/\"><strong>Gar\u00e7on de ferme<\/strong><\/a><\/p>\r\n<p><a href=\"https:\/\/www.hydroone.com\/about\/sustainability\/building-safe-communities\"><strong>Programme de dons des employ\u00e9s de Hydro One et contribution de l'entreprise<\/strong><\/a><\/p>\r\n<p><a href=\"https:\/\/www.lcbo.com\/en\/\"><strong>LCBO<\/strong><\/a><\/p>\r\n<p><a href=\"#\" target=\"_self\" rel=\"nofollow\"> SAUTER <\/a> <a href=\"#about\" target=\"_self\"> \u00c0 propos de FeedON <\/a> <a href=\"#how-it-works\" target=\"_self\"> Comment \u00e7a marche <\/a> <a href=\"#wins\" target=\"_self\"> Gros gains <\/a> <a href=\"https:\/\/feedontario.ca\/fr\/feedon\/#sponsors\" target=\"_self\"> Nos sponsors piliers <\/a> <a href=\"#programs\" target=\"_self\"> Explorer les programmes alimentaires <\/a><\/p>\r\n<h2>Distribution de plus de 16 millions de livres de nourriture dans l'ensemble de l'Ontario<\/h2>\r\n<p>Travaillant en partenariat avec les secteurs de l'agriculture, de l'alimentation et de l'\u00e9picerie de l'Ontario, Feed Ontario veille \u00e0 ce que les banques alimentaires de tous les coins de la province disposent d'aliments sains sur leurs \u00e9tag\u00e8res.<\/p>\r\n<p><a href=\"https:\/\/feedontario.ca\/fr\/histoire\/agriculture-ontarienne-securite-alimentaire\/\" target=\"_blank\" rel=\"noopener\"> EN SAVOIR PLUS <\/a> <\/p>\r\n<h2>De la banque alimentaire \u00e0 la fourchette<\/h2>\r\n<figure><img loading=\"lazy\" decoding=\"async\" title=\"gribouillis_jaune\" src=\"https:\/\/feedontario.ca\/wp-content\/uploads\/2021\/01\/squiggle_yellow.svg\" alt=\"ligne jaune en pointill\u00e9s\" width=\"38\" height=\"4\" \/><\/figure>\r\n<p><strong>Comment les dons alimentaires circulent-ils dans notre r\u00e9seau ?<\/strong><\/p>\r\n<p>Les dons \u00e0 grande \u00e9chelle d'aliments de longue conservation, d'aliments frais et d'aliments congel\u00e9s sont un moyen important par lequel Feed Ontario aide \u00e0 remplir les \u00e9tag\u00e8res des banques alimentaires. Apprenez comment les dons d'aliments circulent dans notre r\u00e9seau pour faire en sorte que tous les Ontariens aient acc\u00e8s \u00e0 des aliments nutritifs.<\/p>\r\n<p><a href=\"https:\/\/feedontario.ca\/wp-content\/uploads\/2024\/03\/FEED_Ontario_FoodbanktoFork.pdf\" target=\"_blank\" rel=\"noopener\"> EN SAVOIR PLUS <\/a><\/p>\r\n<h2 data-animation-delay=\"0\" data-animation-duration=\"1\">Distribuer davantage de denr\u00e9es alimentaires aux banques alimentaires<\/h2>\r\n<p>140<\/p>\r\n<figure data-animation-delay=\"0\" data-animation-duration=\"1\"><img loading=\"lazy\" decoding=\"async\" title=\"gribouillis_jaune\" src=\"https:\/\/feedontario.ca\/wp-content\/uploads\/2021\/01\/squiggle_yellow.svg\" alt=\"ligne jaune en pointill\u00e9s\" width=\"38\" height=\"4\" \/><\/figure>\r\n<p>et 1 100 autres organisations d'aide \u00e0 la lutte contre la faim.<\/p>\r\n<p>16M+<\/p>\r\n<figure data-animation-delay=\"0\" data-animation-duration=\"1\"><img loading=\"lazy\" decoding=\"async\" title=\"gribouillis_jaune\" src=\"https:\/\/feedontario.ca\/wp-content\/uploads\/2021\/01\/squiggle_yellow.svg\" alt=\"ligne jaune en pointill\u00e9s\" width=\"38\" height=\"4\" \/><\/figure>\r\n<p>livres de nourriture distribu\u00e9es pour aider 1 200 banques alimentaires et organisations de lutte contre la faim \u00e0 soutenir leur communaut\u00e9.<\/p>\r\n<p>57 %<\/p>\r\n<figure data-animation-delay=\"0\" data-animation-duration=\"1\"><img loading=\"lazy\" decoding=\"async\" title=\"gribouillis_jaune\" src=\"https:\/\/feedontario.ca\/wp-content\/uploads\/2021\/01\/squiggle_yellow.svg\" alt=\"ligne jaune en pointill\u00e9s\" width=\"38\" height=\"4\" \/><\/figure>\r\n<p>des denr\u00e9es alimentaires que nous distribuons chaque ann\u00e9e sont fra\u00eeches ou congel\u00e9es, y compris les prot\u00e9ines, les produits laitiers, les aliments pr\u00e9par\u00e9s et les fruits et l\u00e9gumes.<\/p>\r\n<figure><img loading=\"lazy\" decoding=\"async\" title=\"gribouillis_jaune\" src=\"https:\/\/feedontario.ca\/wp-content\/uploads\/2021\/01\/squiggle_yellow.svg\" alt=\"ligne jaune en pointill\u00e9s\" width=\"38\" height=\"4\" \/><\/figure>\r\n<h2>Nos sponsors piliers<\/h2>\r\n<figure><a href=\"https:\/\/www.farmboy.ca\/\" target=\"_self\"> <img loading=\"lazy\" decoding=\"async\" title=\"FARM_Boy\" src=\"https:\/\/feedontario.ca\/wp-content\/uploads\/2023\/01\/FARM_Boy.png\" alt=\"Logo repr\u00e9sentant un gar\u00e7on souriant coiff\u00e9 d&#039;un chapeau de paille et tenant des l\u00e9gumes, avec le texte &quot;FARM BOY&quot; en grandes lettres grasses sous l&#039;illustration.\" width=\"900\" height=\"652\" \/> <\/a><\/figure>\r\n<figure><a href=\"https:\/\/www.hydroone.com\/about\/sustainability\/building-safe-communities\" target=\"_self\"> <img loading=\"lazy\" decoding=\"async\" title=\"HYDRO_OneProgramText\" src=\"https:\/\/feedontario.ca\/wp-content\/uploads\/2025\/12\/HYDRO_OneProgramText.png\" alt=\"HYDRO_OneProgramText\" width=\"449\" height=\"448\" \/> <\/a><\/figure>\r\n<figure><a href=\"https:\/\/www.lcbo.com\/en\/\" target=\"_self\"> <img loading=\"lazy\" decoding=\"async\" title=\"LCBO\" src=\"https:\/\/feedontario.ca\/wp-content\/uploads\/2021\/02\/LCBO.png\" alt=\"Logo LCBO\" width=\"200\" height=\"200\" \/> <\/a><\/figure>\r\n<h2>D\u00e9couvrez nos programmes alimentaires<\/h2>\r\n<figure><img loading=\"lazy\" decoding=\"async\" title=\"gribouillis_jaune\" src=\"https:\/\/feedontario.ca\/wp-content\/uploads\/2021\/01\/squiggle_yellow.svg\" alt=\"ligne jaune en pointill\u00e9s\" width=\"38\" height=\"4\" \/><\/figure>\r\n\t\n           <div class=\"program_cards\">\n                                        \n                            <div class=\"program_cards_item\">\n                                <a href=\"https:\/\/feedontario.ca\/fr\/feedon\/programme-laitier\/\">\n                                    <div class='program_cards_item_image'>\n                                         <img class='img_featured' src='https:\/\/feedontario.ca\/wp-content\/uploads\/2021\/02\/AdobeStock_377339704-scaled-e1708548797783-400x400.jpeg' alt=\"Un jeune gar\u00e7on aux cheveux boucl\u00e9s sourit \u00e0 une table dress\u00e9e pour un repas. Une personne \u00e0 c\u00f4t\u00e9 de lui verse du jus d&#039;orange dans un verre.\">                                         <div class='img_icon_wrapper'><img class='img_icon' src='https:\/\/feedontario.ca\/wp-content\/uploads\/2021\/03\/Feed-Ontario_Milk-Program-Alt.svg' alt=''><\/div>                                    <\/div>\n                                    <div class=\"program_cards_item_title\"><h3 class=\"h5\">Programme laitier de l'Ontario<\/h3><\/div>\n                                    <!--  -->\n                                <\/a>\n                            <\/div>\n                                                    \n                            <div class=\"program_cards_item\">\n                                <a href=\"https:\/\/feedontario.ca\/fr\/feedon\/programme-pour-les-poulets\/\">\n                                    <div class='program_cards_item_image'>\n                                         <img class='img_featured' src='https:\/\/feedontario.ca\/wp-content\/uploads\/2021\/03\/chicken-program-hero-400x400.jpg' alt=\"Photo de morceaux de poulet assaisonn\u00e9s sur un gril\">                                         <div class='img_icon_wrapper'><img class='img_icon' src='https:\/\/feedontario.ca\/wp-content\/uploads\/2021\/02\/Feed-Ontario_Chicken-Program.svg' alt=''><\/div>                                    <\/div>\n                                    <div class=\"program_cards_item_title\"><h3 class=\"h5\">Programme de poulet de l'Ontario CFO Cares<\/h3><\/div>\n                                    <!--  -->\n                                <\/a>\n                            <\/div>\n                                                    \n                            <div class=\"program_cards_item\">\n                                <a href=\"https:\/\/feedontario.ca\/fr\/feedon\/programme-doeufs\/\">\n                                    <div class='program_cards_item_image'>\n                                         <img class='img_featured' src='https:\/\/feedontario.ca\/wp-content\/uploads\/2021\/03\/egg-program-hero-400x400.jpg' alt=\"Une photo de dizaines d&#039;\u0153ufs\">                                         <div class='img_icon_wrapper'><img class='img_icon' src='https:\/\/feedontario.ca\/wp-content\/uploads\/2021\/02\/Feed-Ontario_Egg-Program.svg' alt=''><\/div>                                    <\/div>\n                                    <div class=\"program_cards_item_title\"><h3 class=\"h5\">Programme d'\u0153ufs de l'Ontario<\/h3><\/div>\n                                    <!--  -->\n                                <\/a>\n                            <\/div>\n                                                    \n                            <div class=\"program_cards_item\">\n                                <a href=\"https:\/\/feedontario.ca\/fr\/feedon\/programme-porcin\/\">\n                                    <div class='program_cards_item_image'>\n                                         <img class='img_featured' src='https:\/\/feedontario.ca\/wp-content\/uploads\/2021\/03\/pork-program-hero-400x400.jpg' alt=\"Une photo d&#039;un bol de boulettes de viande assaisonn\u00e9es\">                                         <div class='img_icon_wrapper'><img class='img_icon' src='https:\/\/feedontario.ca\/wp-content\/uploads\/2021\/02\/Feed-Ontario_Pork-Program.svg' alt=''><\/div>                                    <\/div>\n                                    <div class=\"program_cards_item_title\"><h3 class=\"h5\">Le programme des amis de la banque alimentaire d'Ontario Pork<\/h3><\/div>\n                                    <!--  -->\n                                <\/a>\n                            <\/div>\n                                                    \n                            <div class=\"program_cards_item\">\n                                <a href=\"https:\/\/feedontario.ca\/fr\/feedon\/programme-bovin\/\">\n                                    <div class='program_cards_item_image'>\n                                         <img class='img_featured' src='https:\/\/feedontario.ca\/wp-content\/uploads\/2021\/03\/beef-program-400x400.jpg' alt=\"Une photo de galettes de viande sur un gril\">                                         <div class='img_icon_wrapper'><img class='img_icon' src='https:\/\/feedontario.ca\/wp-content\/uploads\/2021\/02\/Feed-Ontario_Beef-Program.svg' alt=''><\/div>                                    <\/div>\n                                    <div class=\"program_cards_item_title\"><h3 class=\"h5\">Programme bovin de l'Ontario<\/h3><\/div>\n                                    <!--  -->\n                                <\/a>\n                            <\/div>\n                                                    \n                            <div class=\"program_cards_item\">\n                                <a href=\"https:\/\/feedontario.ca\/fr\/feedon\/programme-pour-la-dinde\/\">\n                                    <div class='program_cards_item_image'>\n                                         <img class='img_featured' src='https:\/\/feedontario.ca\/wp-content\/uploads\/2021\/03\/turkey-program-hero-400x400.jpg' alt=\"Une photo d&#039;un poulet entier effiloch\u00e9 \u00e0 c\u00f4t\u00e9 d&#039;un bol de haricots verts\">                                         <div class='img_icon_wrapper'><img class='img_icon' src='https:\/\/feedontario.ca\/wp-content\/uploads\/2021\/02\/Feed-Ontario_Turkey-Program.svg' alt=''><\/div>                                    <\/div>\n                                    <div class=\"program_cards_item_title\"><h3 class=\"h5\">Programme ontarien pour les dindes<\/h3><\/div>\n                                    <!--  -->\n                                <\/a>\n                            <\/div>\n                                                    \n                            <div class=\"program_cards_item\">\n                                <a href=\"https:\/\/feedontario.ca\/fr\/feedon\/programme-une-bouchee-de-plus\/\">\n                                    <div class='program_cards_item_image'>\n                                         <img class='img_featured' src='https:\/\/feedontario.ca\/wp-content\/uploads\/2022\/08\/iStock-462576633-400x400.jpg' alt=\"Des b\u00e9n\u00e9voles en tablier bleu distribuent des oranges et des produits alimentaires \u00e0 une femme lors de ce qui semble \u00eatre une banque alimentaire ou un \u00e9v\u00e9nement de service communautaire.\">                                         <div class='img_icon_wrapper'><img class='img_icon' src='https:\/\/feedontario.ca\/wp-content\/uploads\/2021\/02\/Feed-Ontario_One-More-Bite-Program.svg' alt=''><\/div>                                    <\/div>\n                                    <div class=\"program_cards_item_title\"><h3 class=\"h5\">Programme \"Une bouch\u00e9e de plus<\/h3><\/div>\n                                    <!--  -->\n                                <\/a>\n                            <\/div>\n                                                    \n                            <div class=\"program_cards_item\">\n                                <a href=\"https:\/\/feedontario.ca\/fr\/feedon\/etageres-completes\/\">\n                                    <div class='program_cards_item_image'>\n                                         <img class='img_featured' src='https:\/\/feedontario.ca\/wp-content\/uploads\/2023\/01\/AdobeStock_671502697-400x400.jpg' alt=\"\">                                         <div class='img_icon_wrapper'><img class='img_icon' src='https:\/\/feedontario.ca\/wp-content\/uploads\/2021\/02\/Feed-Ontario_One-More-Bite-Program.svg' alt=''><\/div>                                    <\/div>\n                                    <div class=\"program_cards_item_title\"><h3 class=\"h5\">Programme d'\u00e9tag\u00e8res pleines<\/h3><\/div>\n                                    <!--  -->\n                                <\/a>\n                            <\/div>\n                                    <\/div>\n        \r\n<h2>Nous avons un si\u00e8ge qui vous attend !<\/h2>\r\n<p>Vous joindrez-vous \u00e0 nous pour aider \u00e0 nourrir l'Ontario ?<\/p>\r\n<p><a href=\"\/fr\/prendre-des-mesures\/donner\/\" target=\"_self\"> Faire un don <\/a><\/p>","protected":false},"excerpt":{"rendered":"<p>COMMANDITAIRES PILIERS : Farm Boy Hydro One Programme de dons des employ\u00e9s et contrepartie de l'entreprise LCBO JUMP TO \u00c0 propos de FeedON Comment \u00e7a marche Les grandes victoires Nos commanditaires piliers Explorer les programmes alimentaires Distribuer plus de 16 millions de livres de nourriture dans tout l'Ontario En travaillant en partenariat avec les secteurs de l'agriculture, de l'alimentation et de l'\u00e9picerie de l'Ontario, Feed Ontario s'assure que les banques alimentaires de la...<\/p>","protected":false},"author":6,"featured_media":45327,"parent":0,"menu_order":11,"comment_status":"closed","ping_status":"closed","template":"","meta":{"_acf_changed":false,"inline_featured_image":false,"footnotes":""},"class_list":["post-47199","page","type-page","status-publish","has-post-thumbnail","hentry"],"acf":[],"yoast_head":"<!-- This site is optimized with the Yoast SEO plugin v27.4 - https:\/\/yoast.com\/product\/yoast-seo-wordpress\/ -->\n<title>FeedON - Feed Ontario<\/title>\n<meta name=\"description\" content=\"Feed Ontario connects fresh, healthy food with the people who need it most.\" \/>\n<meta name=\"robots\" content=\"index, follow, max-snippet:-1, max-image-preview:large, max-video-preview:-1\" \/>\n<link rel=\"canonical\" href=\"https:\/\/feedontario.ca\/fr\/feedon\/\" \/>\n<meta property=\"og:locale\" content=\"fr_CA\" \/>\n<meta property=\"og:type\" content=\"article\" \/>\n<meta property=\"og:title\" content=\"FeedON - Feed Ontario\" \/>\n<meta property=\"og:description\" content=\"Feed Ontario connects fresh, healthy food with the people who need it most.\" \/>\n<meta property=\"og:url\" content=\"https:\/\/feedontario.ca\/fr\/feedon\/\" \/>\n<meta property=\"og:site_name\" content=\"Feed Ontario\" \/>\n<meta property=\"article:modified_time\" content=\"2026-03-11T19:41:49+00:00\" \/>\n<meta property=\"og:image\" content=\"https:\/\/feedontario.ca\/wp-content\/uploads\/2024\/02\/AdobeStock_489005775-scaled.jpeg\" \/>\n\t<meta property=\"og:image:width\" content=\"2560\" \/>\n\t<meta property=\"og:image:height\" content=\"1709\" \/>\n\t<meta property=\"og:image:type\" content=\"image\/jpeg\" \/>\n<meta name=\"twitter:card\" content=\"summary_large_image\" \/>\n<meta name=\"twitter:label1\" content=\"Est. reading time\" \/>\n\t<meta name=\"twitter:data1\" content=\"7 minutes\" \/>\n<script type=\"application\/ld+json\" class=\"yoast-schema-graph\">{\"@context\":\"https:\\\/\\\/schema.org\",\"@graph\":[{\"@type\":\"WebPage\",\"@id\":\"https:\\\/\\\/feedontario.ca\\\/feedon\\\/\",\"url\":\"https:\\\/\\\/feedontario.ca\\\/feedon\\\/\",\"name\":\"FeedON - Feed Ontario\",\"isPartOf\":{\"@id\":\"https:\\\/\\\/feedontario.ca\\\/#website\"},\"primaryImageOfPage\":{\"@id\":\"https:\\\/\\\/feedontario.ca\\\/feedon\\\/#primaryimage\"},\"image\":{\"@id\":\"https:\\\/\\\/feedontario.ca\\\/feedon\\\/#primaryimage\"},\"thumbnailUrl\":\"https:\\\/\\\/feedontario.ca\\\/wp-content\\\/uploads\\\/2024\\\/02\\\/AdobeStock_489005775-scaled.jpeg\",\"datePublished\":\"2025-08-10T20:18:18+00:00\",\"dateModified\":\"2026-03-11T19:41:49+00:00\",\"description\":\"Feed Ontario connects fresh, healthy food with the people who need it most.\",\"breadcrumb\":{\"@id\":\"https:\\\/\\\/feedontario.ca\\\/feedon\\\/#breadcrumb\"},\"inLanguage\":\"fr-CA\",\"potentialAction\":[{\"@type\":\"ReadAction\",\"target\":[\"https:\\\/\\\/feedontario.ca\\\/feedon\\\/\"]}]},{\"@type\":\"ImageObject\",\"inLanguage\":\"fr-CA\",\"@id\":\"https:\\\/\\\/feedontario.ca\\\/feedon\\\/#primaryimage\",\"url\":\"https:\\\/\\\/feedontario.ca\\\/wp-content\\\/uploads\\\/2024\\\/02\\\/AdobeStock_489005775-scaled.jpeg\",\"contentUrl\":\"https:\\\/\\\/feedontario.ca\\\/wp-content\\\/uploads\\\/2024\\\/02\\\/AdobeStock_489005775-scaled.jpeg\",\"width\":2560,\"height\":1709,\"caption\":\"Shot of an young female farmer working the fields.\"},{\"@type\":\"BreadcrumbList\",\"@id\":\"https:\\\/\\\/feedontario.ca\\\/feedon\\\/#breadcrumb\",\"itemListElement\":[{\"@type\":\"ListItem\",\"position\":1,\"name\":\"Home\",\"item\":\"https:\\\/\\\/feedontario.ca\\\/\"},{\"@type\":\"ListItem\",\"position\":2,\"name\":\"FeedON\"}]},{\"@type\":\"WebSite\",\"@id\":\"https:\\\/\\\/feedontario.ca\\\/#website\",\"url\":\"https:\\\/\\\/feedontario.ca\\\/\",\"name\":\"Feed Ontario\",\"description\":\"Uniting food banks, industry partners, and local communities in our work to end hunger and poverty\",\"potentialAction\":[{\"@type\":\"SearchAction\",\"target\":{\"@type\":\"EntryPoint\",\"urlTemplate\":\"https:\\\/\\\/feedontario.ca\\\/?s={search_term_string}\"},\"query-input\":{\"@type\":\"PropertyValueSpecification\",\"valueRequired\":true,\"valueName\":\"search_term_string\"}}],\"inLanguage\":\"fr-CA\"}]}<\/script>\n<!-- \/ Yoast SEO plugin. -->","yoast_head_json":{"title":"FeedON - Nourrir l'Ontario","description":"Feed Ontario met des aliments frais et sains \u00e0 la disposition des personnes qui en ont le plus besoin.","robots":{"index":"index","follow":"follow","max-snippet":"max-snippet:-1","max-image-preview":"max-image-preview:large","max-video-preview":"max-video-preview:-1"},"canonical":"https:\/\/feedontario.ca\/fr\/feedon\/","og_locale":"fr_CA","og_type":"article","og_title":"FeedON - Feed Ontario","og_description":"Feed Ontario connects fresh, healthy food with the people who need it most.","og_url":"https:\/\/feedontario.ca\/fr\/feedon\/","og_site_name":"Feed Ontario","article_modified_time":"2026-03-11T19:41:49+00:00","og_image":[{"width":2560,"height":1709,"url":"https:\/\/feedontario.ca\/wp-content\/uploads\/2024\/02\/AdobeStock_489005775-scaled.jpeg","type":"image\/jpeg"}],"twitter_card":"summary_large_image","twitter_misc":{"Est. reading time":"7 minutes"},"schema":{"@context":"https:\/\/schema.org","@graph":[{"@type":"WebPage","@id":"https:\/\/feedontario.ca\/feedon\/","url":"https:\/\/feedontario.ca\/feedon\/","name":"FeedON - Nourrir l'Ontario","isPartOf":{"@id":"https:\/\/feedontario.ca\/#website"},"primaryImageOfPage":{"@id":"https:\/\/feedontario.ca\/feedon\/#primaryimage"},"image":{"@id":"https:\/\/feedontario.ca\/feedon\/#primaryimage"},"thumbnailUrl":"https:\/\/feedontario.ca\/wp-content\/uploads\/2024\/02\/AdobeStock_489005775-scaled.jpeg","datePublished":"2025-08-10T20:18:18+00:00","dateModified":"2026-03-11T19:41:49+00:00","description":"Feed Ontario met des aliments frais et sains \u00e0 la disposition des personnes qui en ont le plus besoin.","breadcrumb":{"@id":"https:\/\/feedontario.ca\/feedon\/#breadcrumb"},"inLanguage":"fr-CA","potentialAction":[{"@type":"ReadAction","target":["https:\/\/feedontario.ca\/feedon\/"]}]},{"@type":"ImageObject","inLanguage":"fr-CA","@id":"https:\/\/feedontario.ca\/feedon\/#primaryimage","url":"https:\/\/feedontario.ca\/wp-content\/uploads\/2024\/02\/AdobeStock_489005775-scaled.jpeg","contentUrl":"https:\/\/feedontario.ca\/wp-content\/uploads\/2024\/02\/AdobeStock_489005775-scaled.jpeg","width":2560,"height":1709,"caption":"Shot of an young female farmer working the fields."},{"@type":"BreadcrumbList","@id":"https:\/\/feedontario.ca\/feedon\/#breadcrumb","itemListElement":[{"@type":"ListItem","position":1,"name":"Home","item":"https:\/\/feedontario.ca\/"},{"@type":"ListItem","position":2,"name":"FeedON"}]},{"@type":"WebSite","@id":"https:\/\/feedontario.ca\/#website","url":"https:\/\/feedontario.ca\/","name":"Nourrir l'Ontario","description":"Unir les banques alimentaires, les partenaires industriels et les communaut\u00e9s locales dans notre travail pour \u00e9radiquer la faim et la pauvret\u00e9.","potentialAction":[{"@type":"SearchAction","target":{"@type":"EntryPoint","urlTemplate":"https:\/\/feedontario.ca\/?s={search_term_string}"},"query-input":{"@type":"PropertyValueSpecification","valueRequired":true,"valueName":"search_term_string"}}],"inLanguage":"fr-CA"}]}},"_links":{"self":[{"href":"https:\/\/feedontario.ca\/fr\/wp-json\/wp\/v2\/pages\/47199","targetHints":{"allow":["GET"]}}],"collection":[{"href":"https:\/\/feedontario.ca\/fr\/wp-json\/wp\/v2\/pages"}],"about":[{"href":"https:\/\/feedontario.ca\/fr\/wp-json\/wp\/v2\/types\/page"}],"author":[{"embeddable":true,"href":"https:\/\/feedontario.ca\/fr\/wp-json\/wp\/v2\/users\/6"}],"replies":[{"embeddable":true,"href":"https:\/\/feedontario.ca\/fr\/wp-json\/wp\/v2\/comments?post=47199"}],"version-history":[{"count":0,"href":"https:\/\/feedontario.ca\/fr\/wp-json\/wp\/v2\/pages\/47199\/revisions"}],"wp:featuredmedia":[{"embeddable":true,"href":"https:\/\/feedontario.ca\/fr\/wp-json\/wp\/v2\/media\/45327"}],"wp:attachment":[{"href":"https:\/\/feedontario.ca\/fr\/wp-json\/wp\/v2\/media?parent=47199"}],"curies":[{"name":"wp","href":"https:\/\/api.w.org\/{rel}","templated":true}]}}