{"id":47203,"date":"2025-08-10T20:46:54","date_gmt":"2025-08-10T20:46:54","guid":{"rendered":"https:\/\/feedontario.ca\/?page_id=47203"},"modified":"2025-12-03T20:18:05","modified_gmt":"2025-12-03T20:18:05","slug":"changement-dalimentation","status":"publish","type":"page","link":"https:\/\/feedontario.ca\/fr\/changement-dalimentation\/","title":{"rendered":"Changement d'alimentation"},"content":{"rendered":"<a href=\"#\" target=\"_self\" rel=\"nofollow\">\n\t\t\t\t\t\t\tSAUTER\n\t\t\t<\/a>\n\t\t\t<a href=\"#about\" target=\"_self\">\n\t\t\t\t\t\t\t\u00c0 propos de Feed Change\n\t\t\t\t\t<\/a>\n\t\t\t<a href=\"#campaign\" target=\"_self\">\n\t\t\t\t\t\t\tCampagne d'affichage\n\t\t\t\t\t<\/a>\n\t\t\t<a href=\"#wins\" target=\"_self\">\n\t\t\t\t\t\t\tGros gains\n\t\t\t\t\t<\/a>\n\t\t\t<a href=\"#programs\" target=\"_self\">\n\t\t\t\t\t\t\tExplorer les programmes de plaidoyer\n\t\t\t\t\t<\/a>\n<h2>\n\t\t\tS'attaquer aux causes profondes de la pauvret\u00e9\t<\/h2>\n\t<p>\u00c0 Feed Ontario, nous savons que la faim n'existe pas de fa\u00e7on isol\u00e9e - le niveau record actuel d'utilisation des banques alimentaires est caus\u00e9 par la crise de l'accessibilit\u00e9 financi\u00e8re. Les co\u00fbts croissants des besoins de base tels que le loyer et l'\u00e9picerie ont tous augment\u00e9 de mani\u00e8re significative au cours des derni\u00e8res ann\u00e9es, et les salaires et les aides au revenu n'ont tout simplement pas suivi.<\/p>\n<p>Les familles qui, autrefois, \"s'en sortaient \u00e0 peine\", sont aujourd'hui \"\u00e0 la peine\", ce qui fait que plus d'Ontariens que jamais n'ont d'autre choix que de se tourner vers les banques alimentaires pour obtenir de l'aide.<\/p>\n<p>Nous croyons qu'il est possible d'\u00e9liminer la faim dans notre province. Pour ce faire, nous travaillons dur pour nous attaquer aux probl\u00e8mes interd\u00e9pendants qui poussent de plus en plus de personnes dans la pauvret\u00e9.<\/p>\n<p>Nous rendons les donn\u00e9es sur l'ins\u00e9curit\u00e9 alimentaire accessibles \u00e0 tous, menons des recherches qui mettent en lumi\u00e8re les r\u00e9alit\u00e9s auxquelles les Ontariens sont confront\u00e9s et \u00e9laborons des recommandations politiques \u00e9clair\u00e9es qui ciblent les causes profondes de la pauvret\u00e9. En pr\u00e9conisant le changement aupr\u00e8s des d\u00e9cideurs et en renfor\u00e7ant les capacit\u00e9s au sein des communaut\u00e9s et du r\u00e9seau de banques alimentaires, nous travaillons \u00e0 l'av\u00e8nement d'un Ontario plus fort, plus r\u00e9silient et lib\u00e9r\u00e9 de la faim.<\/p>\n\t\t\t<a href=\"https:\/\/feedontario.ca\/fr\/changement-dans-le-domaine-du-plaidoyer\/recommandations-politiques\/\" target=\"_blank\" rel=\"noopener\">\n\t\t\t\t\t\t\tlire nos recommandations\n\t\t\t\t\t<\/a>\n\t<iframe loading=\"lazy\" width=\"560\" height=\"315\" src=\"https:\/\/www.youtube.com\/embed\/4iNCozx1NLs?si=HOTaWhfJgilgJLqk\" title=\"Lecteur vid\u00e9o YouTube\" frameborder=\"0\" allow=\"accelerometer; autoplay; clipboard-write; encrypted-media; gyroscope; picture-in-picture; web-share\" referrerpolicy=\"strict-origin-when-cross-origin\" allowfullscreen><\/iframe>\n<h2>\n\t\t\tRejoignez-nous pour aider \u00e0 construire un Ontario lib\u00e9r\u00e9 de la faim\t<\/h2>\n\t\t\t\t<img decoding=\"async\" src=\"https:\/\/feedontario.ca\/wp-content\/uploads\/2021\/01\/squiggle_yellow.svg\" alt=\"ligne jaune en pointill\u00e9s\" itemprop=\"image\" height=\"4\" width=\"38\" title=\"gribouillis_jaune\" onerror=\"this.style.display='none'\" loading=\"lazy\" \/>\n\t<p>Lorsque nos voisins n'ont pas les moyens de manger \u00e0 leur faim, ce n'est pas seulement une crise pour leur m\u00e9nage, c'est une crise pour nos communaut\u00e9s et notre province.<\/p>\n<p>Signez notre p\u00e9tition pour dire au gouvernement provincial qu'il est temps de prendre des mesures concr\u00e8tes pour r\u00e9duire la faim et la pauvret\u00e9. En ajoutant votre nom, vous vous joignez \u00e0 Feed Ontario pour r\u00e9clamer un avenir o\u00f9 personne ne souffrira de la faim et o\u00f9 toutes les communaut\u00e9s de l'Ontario pourront prosp\u00e9rer.<\/p>\n<p>&nbsp;<\/p>\n\t\t\t<a href=\"https:\/\/win.newmode.net\/feedontario\/hungerfreeontario\" target=\"_blank\" rel=\"noopener\">\n\t\t\t\t\t\t\tSIGNER NOTRE P\u00c9TITION\n\t\t\t\t\t<\/a>\n<h2  data-animation-delay=\"0\" data-animation-duration=\"1\">\n\t\t\tGros gains\t<\/h2>\n\t\t22,150\n\t\t\t\t<img decoding=\"async\" src=\"https:\/\/feedontario.ca\/wp-content\/uploads\/2021\/01\/squiggle_yellow.svg\" alt=\"ligne jaune en pointill\u00e9s\" itemprop=\"image\" height=\"4\" width=\"38\" title=\"gribouillis_jaune\" onerror=\"this.style.display='none'\" loading=\"lazy\" \/>\n\t<p>cartes postales distribu\u00e9es par 60 banques alimentaires participantes pendant le Mois de l'action contre la faim<\/p>\n\t\t30+\n\t\t\t\t<img decoding=\"async\" src=\"https:\/\/feedontario.ca\/wp-content\/uploads\/2021\/01\/squiggle_yellow.svg\" alt=\"ligne jaune en pointill\u00e9s\" itemprop=\"image\" height=\"4\" width=\"38\" title=\"gribouillis_jaune\" onerror=\"this.style.display='none'\" loading=\"lazy\" \/>\n\t<p>r\u00e9unions organis\u00e9es lors de deux journ\u00e9es d'action \u00e0 Queen's Park<\/p>\n\t\t2\n\t\t\t\t<img decoding=\"async\" src=\"https:\/\/feedontario.ca\/wp-content\/uploads\/2021\/01\/squiggle_yellow.svg\" alt=\"ligne jaune en pointill\u00e9s\" itemprop=\"image\" height=\"4\" width=\"38\" title=\"gribouillis_jaune\" onerror=\"this.style.display='none'\" loading=\"lazy\" \/>\n\t<p>MPP Food Sorts en partenariat avec les banques alimentaires locales<\/p>\n<h2>\n\t\t\tD\u00e9couvrez comment nous alimentons le changement\t<\/h2>\n\t\t\t\t<img decoding=\"async\" src=\"https:\/\/feedontario.ca\/wp-content\/uploads\/2021\/01\/squiggle_yellow.svg\" alt=\"ligne jaune en pointill\u00e9s\" itemprop=\"image\" height=\"4\" width=\"38\" title=\"gribouillis_jaune\" onerror=\"this.style.display='none'\" loading=\"lazy\" \/>\n\t\t\t\t<a href=\"https:\/\/feedontario.ca\/fr\/changement-dans-le-domaine-du-plaidoyer\/recherche\/\"  target=\"_blank\" rel=\"noopener\"  itemprop=\"url\">\n\t\t\t\t<img decoding=\"async\" src=\"https:\/\/feedontario.ca\/wp-content\/uploads\/2024\/02\/wtg-corporate-partners.jpg\" alt=\"Un homme aux cheveux longs et \u00e0 la moustache ajoute des caisses de mangues \u00e0 un tapis roulant.\" itemprop=\"image\" height=\"400\" width=\"700\" title=\"wtg-corporate-partners\" onerror=\"this.style.display='none'\" loading=\"lazy\" \/>\n\t\t\t\t<\/a>\n<h3>\n\t\t<a href=\"https:\/\/feedontario.ca\/fr\/changement-dans-le-domaine-du-plaidoyer\/recherche\/\" title=\"Recherche\"  target=\"_blank\"  rel=\"noopener\">\n\t\t\tRecherche\t\t<\/a>\n\t<\/h3>\n\t<p>D\u00e9couvrez nos recherches et nos donn\u00e9es r\u00e9volutionnaires qui r\u00e9v\u00e8lent les r\u00e9alit\u00e9s de la faim et les moyens d'y rem\u00e9dier.<\/p>\n\t\t\t\t<a href=\"https:\/\/feedontario.ca\/fr\/rapport-sur-la-faim-2025\/\"  target=\"_blank\" rel=\"noopener\"  itemprop=\"url\">\n\t\t\t\t<img decoding=\"async\" src=\"https:\/\/feedontario.ca\/wp-content\/uploads\/2025\/11\/HUNGER_Report25_MagazineMockUp.png\" alt=\"HUNGER_Report25_MagazineMockUp\" itemprop=\"image\" height=\"683\" width=\"1080\" title=\"HUNGER_Report25_MagazineMockUp\" onerror=\"this.style.display='none'\" loading=\"lazy\" \/>\n\t\t\t\t<\/a>\n<h3>\n\t\t<a href=\"https:\/\/feedontario.ca\/fr\/rapport-sur-la-faim-2025\/\" title=\"Le rapport sur la faim\"  target=\"_blank\"  rel=\"noopener\">\n\t\t\tLe rapport sur la faim\t\t<\/a>\n\t<\/h3>\n\t<p>Le rapport annuel sur la faim de Feed Ontario met en lumi\u00e8re les r\u00e9alit\u00e9s des banques alimentaires et du syst\u00e8me alimentaire de l'Ontario.<\/p>\n\t\t\t\t<a href=\"https:\/\/feedontario.ca\/fr\/changement-dans-le-domaine-du-plaidoyer\/recommandations-politiques\/\"  target=\"_blank\" rel=\"noopener\"  itemprop=\"url\">\n\t\t\t\t<img decoding=\"async\" src=\"https:\/\/feedontario.ca\/wp-content\/uploads\/2025\/05\/xK3PWXcs-scaled-e1748530020230.jpeg\" alt=\"Le PDG de Feed Ontario discute avec le premier ministre de l&#039;Ontario lors de notre journ\u00e9e d&#039;action.\" itemprop=\"image\" height=\"1707\" width=\"2040\" title=\"xK3PWXcs\" onerror=\"this.style.display='none'\" loading=\"lazy\" \/>\n\t\t\t\t<\/a>\n<h3>\n\t\t<a href=\"https:\/\/feedontario.ca\/fr\/changement-dans-le-domaine-du-plaidoyer\/recommandations-politiques\/\" title=\"Recommandations politiques\"  target=\"_blank\"  rel=\"noopener\">\n\t\t\tRecommandations politiques\t\t<\/a>\n\t<\/h3>\n\t<p>Voir notre feuille de route pour mettre fin \u00e0 la pauvret\u00e9 et \u00e0 l'ins\u00e9curit\u00e9 alimentaire.<\/p>\n\t\t\t\t<a href=\"https:\/\/feedontario.ca\/fr\/la-faim-dans-ma-circonscription\/\"  target=\"_blank\" rel=\"noopener\"  itemprop=\"url\">\n\t\t\t\t<img decoding=\"async\" src=\"https:\/\/feedontario.ca\/wp-content\/uploads\/2024\/03\/AdobeStock_605612956-scaled.jpeg\" alt=\"Femme aidant un jeune enfant \u00e0 presser une orange avec un presse-agrumes dans une cuisine. L&#039;enfant est concentr\u00e9 sur sa t\u00e2che et la femme lui sourit.\" itemprop=\"image\" height=\"1707\" width=\"2560\" title=\"M\u00e8re et fils afro-am\u00e9ricains enjou\u00e9s pressant une orange pour en faire du jus. Le fils aide sa m\u00e8re dans la cuisine et s&#039;amuse\" onerror=\"this.style.display='none'\" loading=\"lazy\" \/>\n\t\t\t\t<\/a>\n<h3>\n\t\t<a href=\"https:\/\/feedontario.ca\/fr\/la-faim-dans-ma-circonscription\/\" title=\"Explorez la faim l\u00e0 o\u00f9 vous vivez\"  target=\"_blank\"  rel=\"noopener\">\n\t\t\tExplorez la faim l\u00e0 o\u00f9 vous vivez\t\t<\/a>\n\t<\/h3>\n\t<p>Consultez les donn\u00e9es sur la faim et la pauvret\u00e9 dans votre circonscription et demandez \u00e0 votre d\u00e9put\u00e9 de prendre des mesures.<\/p>\n\t\t\t\t<a href=\"https:\/\/feedontario.ca\/fr\/fork-in-the-road\/\"  target=\"_blank\" rel=\"noopener\"  itemprop=\"url\">\n\t\t\t\t<img decoding=\"async\" src=\"https:\/\/feedontario.ca\/wp-content\/uploads\/2025\/01\/AdobeStock_577095596-scaled.jpeg\" alt=\"Une femme \u00e2g\u00e9e dans un supermarch\u00e9 v\u00e9rifie son ticket de caisse en s&#039;inqui\u00e9tant de la hausse des prix - femme \u00e2g\u00e9e poussant son caddie, concept de consommation, hausse des prix, inflation\" itemprop=\"image\" height=\"1770\" width=\"2560\" title=\"Une femme \u00e2g\u00e9e au supermarch\u00e9 v\u00e9rifie son ticket de caisse en regardant\" onerror=\"this.style.display='none'\" loading=\"lazy\" \/>\n\t\t\t\t<\/a>\n<h3>\n\t\t<a href=\"https:\/\/feedontario.ca\/fr\/fork-in-the-road\/\" title=\"L&#039;exp\u00e9rience de la bifurcation\"  target=\"_blank\"  rel=\"noopener\">\n\t\t\tL'exp\u00e9rience de la bifurcation\t\t<\/a>\n\t<\/h3>\n\t<p>Un jeu qui vous met \u00e0 la place de ceux qui doivent faire face \u00e0 l'augmentation du co\u00fbt de la vie.<\/p>\n<h2>\n\t\t\tNous avons un si\u00e8ge qui vous attend !\t<\/h2>\n\t<p>Vous joindrez-vous \u00e0 nous pour aider \u00e0 nourrir l'Ontario ?<\/p>\n\t\t\t<a href=\"\/fr\/prendre-des-mesures\/donner\/\" target=\"_self\">\n\t\t\t\t\t\tFaire un don\n\t\t\t\t\t<\/a>","protected":false},"excerpt":{"rendered":"<p>JUMP TO About Feed Change Feature Campaign Big Wins Explore Advocacy Programs Addressing the root causes of poverty Chez Feed Ontario, nous savons que la faim n'existe pas de fa\u00e7on isol\u00e9e - le niveau record actuel d'utilisation des banques alimentaires est caus\u00e9 par la crise de l'abordabilit\u00e9. Les co\u00fbts croissants des besoins de base comme le loyer et l'\u00e9picerie ont tous grimp\u00e9 de fa\u00e7on significative...<\/p>","protected":false},"author":6,"featured_media":46990,"parent":0,"menu_order":11,"comment_status":"closed","ping_status":"closed","template":"","meta":{"_acf_changed":false,"inline_featured_image":false,"footnotes":""},"class_list":["post-47203","page","type-page","status-publish","has-post-thumbnail","hentry"],"acf":[],"yoast_head":"<!-- This site is optimized with the Yoast SEO plugin v27.4 - https:\/\/yoast.com\/product\/yoast-seo-wordpress\/ -->\n<title>Feed Change - Feed Ontario<\/title>\n<meta name=\"description\" content=\"Feed Ontario collects real-time data to inform evidence-based solutions that address the root causes food insecurity and poverty.\" \/>\n<meta name=\"robots\" content=\"index, follow, max-snippet:-1, max-image-preview:large, max-video-preview:-1\" \/>\n<link rel=\"canonical\" href=\"https:\/\/feedontario.ca\/fr\/changement-dalimentation\/\" \/>\n<meta property=\"og:locale\" content=\"fr_CA\" \/>\n<meta property=\"og:type\" content=\"article\" \/>\n<meta property=\"og:title\" content=\"Feed Change - Feed Ontario\" \/>\n<meta property=\"og:description\" content=\"Feed Ontario collects real-time data to inform evidence-based solutions that address the root causes food insecurity and poverty.\" \/>\n<meta property=\"og:url\" content=\"https:\/\/feedontario.ca\/fr\/changement-dalimentation\/\" \/>\n<meta property=\"og:site_name\" content=\"Feed Ontario\" \/>\n<meta property=\"article:modified_time\" content=\"2025-12-03T20:18:05+00:00\" \/>\n<meta property=\"og:image\" content=\"https:\/\/feedontario.ca\/wp-content\/uploads\/2025\/06\/IMPACT25_LandingPageSupportingImage-scaled.jpg\" \/>\n\t<meta property=\"og:image:width\" content=\"2560\" \/>\n\t<meta property=\"og:image:height\" content=\"2284\" \/>\n\t<meta property=\"og:image:type\" content=\"image\/jpeg\" \/>\n<meta name=\"twitter:card\" content=\"summary_large_image\" \/>\n<meta name=\"twitter:label1\" content=\"Est. reading time\" \/>\n\t<meta name=\"twitter:data1\" content=\"4 minutes\" \/>\n<script type=\"application\/ld+json\" class=\"yoast-schema-graph\">{\"@context\":\"https:\\\/\\\/schema.org\",\"@graph\":[{\"@type\":\"WebPage\",\"@id\":\"https:\\\/\\\/feedontario.ca\\\/feedchange\\\/\",\"url\":\"https:\\\/\\\/feedontario.ca\\\/feedchange\\\/\",\"name\":\"Feed Change - Feed Ontario\",\"isPartOf\":{\"@id\":\"https:\\\/\\\/feedontario.ca\\\/#website\"},\"primaryImageOfPage\":{\"@id\":\"https:\\\/\\\/feedontario.ca\\\/feedchange\\\/#primaryimage\"},\"image\":{\"@id\":\"https:\\\/\\\/feedontario.ca\\\/feedchange\\\/#primaryimage\"},\"thumbnailUrl\":\"https:\\\/\\\/feedontario.ca\\\/wp-content\\\/uploads\\\/2025\\\/06\\\/IMPACT25_LandingPageSupportingImage-scaled.jpg\",\"datePublished\":\"2025-08-10T20:46:54+00:00\",\"dateModified\":\"2025-12-03T20:18:05+00:00\",\"description\":\"Feed Ontario collects real-time data to inform evidence-based solutions that address the root causes food insecurity and poverty.\",\"breadcrumb\":{\"@id\":\"https:\\\/\\\/feedontario.ca\\\/feedchange\\\/#breadcrumb\"},\"inLanguage\":\"fr-CA\",\"potentialAction\":[{\"@type\":\"ReadAction\",\"target\":[\"https:\\\/\\\/feedontario.ca\\\/feedchange\\\/\"]}]},{\"@type\":\"ImageObject\",\"inLanguage\":\"fr-CA\",\"@id\":\"https:\\\/\\\/feedontario.ca\\\/feedchange\\\/#primaryimage\",\"url\":\"https:\\\/\\\/feedontario.ca\\\/wp-content\\\/uploads\\\/2025\\\/06\\\/IMPACT25_LandingPageSupportingImage-scaled.jpg\",\"contentUrl\":\"https:\\\/\\\/feedontario.ca\\\/wp-content\\\/uploads\\\/2025\\\/06\\\/IMPACT25_LandingPageSupportingImage-scaled.jpg\",\"width\":2560,\"height\":2284},{\"@type\":\"BreadcrumbList\",\"@id\":\"https:\\\/\\\/feedontario.ca\\\/feedchange\\\/#breadcrumb\",\"itemListElement\":[{\"@type\":\"ListItem\",\"position\":1,\"name\":\"Home\",\"item\":\"https:\\\/\\\/feedontario.ca\\\/\"},{\"@type\":\"ListItem\",\"position\":2,\"name\":\"Feed Change\"}]},{\"@type\":\"WebSite\",\"@id\":\"https:\\\/\\\/feedontario.ca\\\/#website\",\"url\":\"https:\\\/\\\/feedontario.ca\\\/\",\"name\":\"Feed Ontario\",\"description\":\"Uniting food banks, industry partners, and local communities in our work to end hunger and poverty\",\"potentialAction\":[{\"@type\":\"SearchAction\",\"target\":{\"@type\":\"EntryPoint\",\"urlTemplate\":\"https:\\\/\\\/feedontario.ca\\\/?s={search_term_string}\"},\"query-input\":{\"@type\":\"PropertyValueSpecification\",\"valueRequired\":true,\"valueName\":\"search_term_string\"}}],\"inLanguage\":\"fr-CA\"}]}<\/script>\n<!-- \/ Yoast SEO plugin. -->","yoast_head_json":{"title":"Changement d'alimentation - Alimentation Ontario","description":"Feed Ontario recueille des donn\u00e9es en temps r\u00e9el afin d'\u00e9laborer des solutions fond\u00e9es sur des donn\u00e9es probantes qui s'attaquent aux causes profondes de l'ins\u00e9curit\u00e9 alimentaire et de la pauvret\u00e9.","robots":{"index":"index","follow":"follow","max-snippet":"max-snippet:-1","max-image-preview":"max-image-preview:large","max-video-preview":"max-video-preview:-1"},"canonical":"https:\/\/feedontario.ca\/fr\/changement-dalimentation\/","og_locale":"fr_CA","og_type":"article","og_title":"Feed Change - Feed Ontario","og_description":"Feed Ontario collects real-time data to inform evidence-based solutions that address the root causes food insecurity and poverty.","og_url":"https:\/\/feedontario.ca\/fr\/changement-dalimentation\/","og_site_name":"Feed Ontario","article_modified_time":"2025-12-03T20:18:05+00:00","og_image":[{"width":2560,"height":2284,"url":"https:\/\/feedontario.ca\/wp-content\/uploads\/2025\/06\/IMPACT25_LandingPageSupportingImage-scaled.jpg","type":"image\/jpeg"}],"twitter_card":"summary_large_image","twitter_misc":{"Est. reading time":"4 minutes"},"schema":{"@context":"https:\/\/schema.org","@graph":[{"@type":"WebPage","@id":"https:\/\/feedontario.ca\/feedchange\/","url":"https:\/\/feedontario.ca\/feedchange\/","name":"Changement d'alimentation - Alimentation Ontario","isPartOf":{"@id":"https:\/\/feedontario.ca\/#website"},"primaryImageOfPage":{"@id":"https:\/\/feedontario.ca\/feedchange\/#primaryimage"},"image":{"@id":"https:\/\/feedontario.ca\/feedchange\/#primaryimage"},"thumbnailUrl":"https:\/\/feedontario.ca\/wp-content\/uploads\/2025\/06\/IMPACT25_LandingPageSupportingImage-scaled.jpg","datePublished":"2025-08-10T20:46:54+00:00","dateModified":"2025-12-03T20:18:05+00:00","description":"Feed Ontario recueille des donn\u00e9es en temps r\u00e9el afin d'\u00e9laborer des solutions fond\u00e9es sur des donn\u00e9es probantes qui s'attaquent aux causes profondes de l'ins\u00e9curit\u00e9 alimentaire et de la pauvret\u00e9.","breadcrumb":{"@id":"https:\/\/feedontario.ca\/feedchange\/#breadcrumb"},"inLanguage":"fr-CA","potentialAction":[{"@type":"ReadAction","target":["https:\/\/feedontario.ca\/feedchange\/"]}]},{"@type":"ImageObject","inLanguage":"fr-CA","@id":"https:\/\/feedontario.ca\/feedchange\/#primaryimage","url":"https:\/\/feedontario.ca\/wp-content\/uploads\/2025\/06\/IMPACT25_LandingPageSupportingImage-scaled.jpg","contentUrl":"https:\/\/feedontario.ca\/wp-content\/uploads\/2025\/06\/IMPACT25_LandingPageSupportingImage-scaled.jpg","width":2560,"height":2284},{"@type":"BreadcrumbList","@id":"https:\/\/feedontario.ca\/feedchange\/#breadcrumb","itemListElement":[{"@type":"ListItem","position":1,"name":"Home","item":"https:\/\/feedontario.ca\/"},{"@type":"ListItem","position":2,"name":"Feed Change"}]},{"@type":"WebSite","@id":"https:\/\/feedontario.ca\/#website","url":"https:\/\/feedontario.ca\/","name":"Nourrir l'Ontario","description":"Unir les banques alimentaires, les partenaires industriels et les communaut\u00e9s locales dans notre travail pour \u00e9radiquer la faim et la pauvret\u00e9.","potentialAction":[{"@type":"SearchAction","target":{"@type":"EntryPoint","urlTemplate":"https:\/\/feedontario.ca\/?s={search_term_string}"},"query-input":{"@type":"PropertyValueSpecification","valueRequired":true,"valueName":"search_term_string"}}],"inLanguage":"fr-CA"}]}},"_links":{"self":[{"href":"https:\/\/feedontario.ca\/fr\/wp-json\/wp\/v2\/pages\/47203","targetHints":{"allow":["GET"]}}],"collection":[{"href":"https:\/\/feedontario.ca\/fr\/wp-json\/wp\/v2\/pages"}],"about":[{"href":"https:\/\/feedontario.ca\/fr\/wp-json\/wp\/v2\/types\/page"}],"author":[{"embeddable":true,"href":"https:\/\/feedontario.ca\/fr\/wp-json\/wp\/v2\/users\/6"}],"replies":[{"embeddable":true,"href":"https:\/\/feedontario.ca\/fr\/wp-json\/wp\/v2\/comments?post=47203"}],"version-history":[{"count":0,"href":"https:\/\/feedontario.ca\/fr\/wp-json\/wp\/v2\/pages\/47203\/revisions"}],"wp:featuredmedia":[{"embeddable":true,"href":"https:\/\/feedontario.ca\/fr\/wp-json\/wp\/v2\/media\/46990"}],"wp:attachment":[{"href":"https:\/\/feedontario.ca\/fr\/wp-json\/wp\/v2\/media?parent=47203"}],"curies":[{"name":"wp","href":"https:\/\/api.w.org\/{rel}","templated":true}]}}