{"id":47524,"date":"2025-09-10T15:33:31","date_gmt":"2025-09-10T15:33:31","guid":{"rendered":"https:\/\/feedontario.ca\/?page_id=47524"},"modified":"2025-12-09T20:51:55","modified_gmt":"2025-12-09T20:51:55","slug":"la-faim-en-ontario","status":"publish","type":"page","link":"https:\/\/feedontario.ca\/fr\/la-faim-en-ontario\/","title":{"rendered":"La faim en Ontario"},"content":{"rendered":"<h1>\n\t\t\tLe probl\u00e8me persistant de la faim en Ontario\t<\/h1>\n\t<p>L'utilisation des banques alimentaires a atteint un niveau record en Ontario, avec plus d'un million de personnes dans la province qui doivent se tourner vers les banques alimentaires pour obtenir de l'aide.<\/p>\n<p>Derri\u00e8re chacun de ces chiffres se cache une personne qui doit faire des choix presque impossibles pour s'en sortir. Des parents qui sautent des repas pour que leurs enfants puissent manger, des personnes \u00e2g\u00e9es qui doivent choisir entre les courses et les m\u00e9dicaments, ou des travailleurs qui font tout ce qu'ils peuvent pour joindre les deux bouts, mais qui n'y parviennent toujours pas. Les raisons d'avoir besoin d'aide peuvent \u00eatre diff\u00e9rentes, mais l'impact est toujours le m\u00eame. La faim fait du tort aux personnes et aux familles.<\/p>\n<p>En travaillant ensemble, nous pouvons construire un avenir o\u00f9 chacun disposera de la nourriture dont il a besoin pour s'\u00e9panouir. La premi\u00e8re \u00e9tape consiste \u00e0 comprendre l'ampleur du probl\u00e8me et l'impact qu'il a sur nos voisins.<\/p>\n\t\t\t<a href=\"\/fr\/donner\/\" target=\"_self\">\n\t\t\t\t\t\tFaire un don aujourd'hui\n\t\t\t\t\t<\/a>\n<h2>\n\t\t\tQui utilise les banques alimentaires ?\t<\/h2>\n\t\t\t\t<img decoding=\"async\" src=\"https:\/\/feedontario.ca\/wp-content\/uploads\/2021\/01\/squiggle_yellow.svg\" alt=\"ligne jaune en pointill\u00e9s\" itemprop=\"image\" height=\"4\" width=\"38\" title=\"gribouillis_jaune\" onerror=\"this.style.display='none'\" loading=\"lazy\" \/>\n\t<p>Pour les 9<sup>th<\/sup> ann\u00e9e cons\u00e9cutive, l'utilisation des banques alimentaires a augment\u00e9 alors que de plus en plus d'Ontariens passent de la situation de \u201c juste s'en sortir \u201d \u00e0 celle de \u201c s'en sortir \u00e0 peine \u201d. Bien que le nombre de personnes devant se tourner vers une banque alimentaire ait augment\u00e9 de 1%, la forte croissance du nombre de visites effectu\u00e9es par chaque personne nous indique que les circonstances s'aggravent pour les personnes confront\u00e9es \u00e0 la faim et que les personnes qui se tournent vers les banques alimentaires ont besoin de plus de soutien qu'auparavant pour simplement s'en sortir.<\/p>\n<p>La faim s\u00e9vit dans tous les coins de l'Ontario, chaque r\u00e9gion ayant connu une augmentation \u00e0 deux chiffres de la fr\u00e9quentation des banques alimentaires au cours de l'ann\u00e9e \u00e9coul\u00e9e. Les banques alimentaires travaillent sans rel\u00e2che pour aider leurs communaut\u00e9s, mais les besoins d\u00e9passent les ressources disponibles et les banques alimentaires sont sollicit\u00e9es au-del\u00e0 de leurs limites.<\/p>\n\t\t\t<a href=\"\" target=\"_self\">\n\t\t\t\t\t\t\tEn savoir plus\n\t\t\t\t\t<\/a>\n\t\t\t\t<img decoding=\"async\" src=\"https:\/\/feedontario.ca\/wp-content\/uploads\/2025\/05\/ICON_Visitors_CircleLightBlue.png\" alt=\"ICON_Visiteurs_CercleLightBlue\" itemprop=\"image\" height=\"352\" width=\"352\" title=\"ICON_Visiteurs_CercleLightBlue\" onerror=\"this.style.display='none'\" loading=\"lazy\" \/>\n\t\t1,007,441\n\t<p>personnes uniques ont visit\u00e9 une banque alimentaire l'ann\u00e9e derni\u00e8re.<\/p>\n\t<strong>+87%<\/strong> augmentation depuis 2019-2020<br \/>\n<strong>+1%<\/strong> augmentation par rapport \u00e0 l'ann\u00e9e derni\u00e8re\n\t\t\t\t<img decoding=\"async\" src=\"https:\/\/feedontario.ca\/wp-content\/uploads\/2025\/07\/ICON_BagIncrease_CircleLightBlue.png\" alt=\"ICON_BagIncrease_CircleLightBlue\" itemprop=\"image\" height=\"352\" width=\"352\" title=\"ICON_BagIncrease_CircleLightBlue\" onerror=\"this.style.display='none'\" loading=\"lazy\" \/>\n\t\t8,712,897\n\t<p>visites totales aux banques alimentaires de l'Ontario l'ann\u00e9e derni\u00e8re.<\/p>\n\t<strong>+165%<\/strong> augmentation depuis 2019-2020<br \/>\n<strong>+13%<\/strong> augmentation par rapport \u00e0 l'ann\u00e9e derni\u00e8re\n\t\t34%\n\t<p>nouveaux\/premiers visiteurs<\/p>\n\t\t76%\n\t<p>locataires<\/p>\n\t\t51%\n\t<p>les m\u00e9nages d'une seule personne<\/p>\n\t\t29%\n\t<p>enfants<\/p>\n\t\t23%\n\t(ou 1 sur 4)<br \/>\nsont employ\u00e9s\n\t<iframe title=\"Les gens se rendent plus souvent dans les banques alimentaires au cours d&#039;une ann\u00e9e\" aria-label=\"Graphique lin\u00e9aire\" id=\"datawrapper-chart-WSj69\" src=\"https:\/\/datawrapper.dwcdn.net\/WSj69\/3\/\" scrolling=\"no\" frameborder=\"0\" height=\"563\" data-external=\"1\"><\/iframe>\n<h2>\n\t\t\tDes augmentations \u00e0 deux chiffres dans tous les coins de la province\t<\/h2>\n\t<p>Chaque r\u00e9gion de l'Ontario a connu une augmentation \u00e0 deux chiffres de l'utilisation des banques alimentaires au cours de l'ann\u00e9e.<\/p>\n\t\t\t\t<img decoding=\"async\" src=\"https:\/\/feedontario.ca\/wp-content\/uploads\/2025\/11\/HUNGER_Report25_RegionalChange.png\" alt=\"HUNGER_Report25_RegionalChange\" itemprop=\"image\" height=\"890\" width=\"803\" title=\"HUNGER_Report25_RegionalChange\" onerror=\"this.style.display='none'\" loading=\"lazy\" \/>\n\t<iframe title=\"Changements r\u00e9gionaux \u00e0 partir de 2019-2020\" aria-label=\"Tableau\" id=\"datawrapper-chart-U0PX7\" src=\"https:\/\/datawrapper.dwcdn.net\/U0PX7\/1\/\" scrolling=\"no\" frameborder=\"0\" height=\"344\" data-external=\"1\"><\/iframe>\n\t<p><strong>Remarque :<\/strong> Changements d'une ann\u00e9e \u00e0 l'autre dans les visiteurs uniques et les visites, par r\u00e9gion. Il convient d'\u00eatre prudent lors de l'interpr\u00e9tation des diff\u00e9rences r\u00e9gionales dans les donn\u00e9es relatives aux visites, car il existe une grande vari\u00e9t\u00e9 de mod\u00e8les de services parmi les banques alimentaires qui ont un impact sur le nombre de fois qu'un m\u00e9nage peut se rendre dans une banque alimentaire par mois.<\/p>\n<h2>\n\t\t\tQuelles sont les causes de la faim ?\t<\/h2>\n\t<p>Le probl\u00e8me persistant de la faim en Ontario est caus\u00e9 par la pauvret\u00e9. Alors que la crise de l'accessibilit\u00e9 financi\u00e8re se poursuit et que le co\u00fbt des biens essentiels, comme le logement, continue d'augmenter, les revenus et les aides sociales n'ont pas suivi et de plus en plus de personnes luttent pour arriver \u00e0 la fin du mois.<\/p>\n<p>Pour de nombreuses personnes et familles, le fait de ne pas disposer d'un revenu suffisant pour se procurer les produits de premi\u00e8re n\u00e9cessit\u00e9 entra\u00eene une perte progressive de choix \u00e0 mesure que l'\u00e9cart entre les revenus et les d\u00e9penses se creuse. Les banques alimentaires sont souvent le dernier recours lorsqu'une personne a besoin d'aide. Elle peut d'abord r\u00e9duire la taille de sa maison, contracter un pr\u00eat ou demander de l'aide \u00e0 ses amis et \u00e0 sa famille avant d'avoir recours \u00e0 l'aide alimentaire d'urgence.<\/p>\n\t\t\t<a href=\"#form\" target=\"_self\">\n\t\t\t\t\t\tFaire un don aujourd'hui\n\t\t\t\t\t<\/a>\n\t<iframe title=\"Pour les Canadiens les plus modestes, les gains de revenus li\u00e9s au travail n&#039;ont pas compens\u00e9 les hausses de prix des produits de premi\u00e8re n\u00e9cessit\u00e9\" aria-label=\"Graphique en colonnes\" id=\"datawrapper-chart-goPzk\" src=\"https:\/\/datawrapper.dwcdn.net\/goPzk\/2\/\" scrolling=\"no\" frameborder=\"0\" height=\"493\" data-external=\"1\"><\/iframe>\n<h2>\n\t\t\tNotre impact\t<\/h2>\n\t<p>En tant que plus grand collectif d'organisations de lutte contre la faim en Ontario, nous travaillons avec les banques alimentaires, les partenaires de l'industrie et les communaut\u00e9s locales pour fournir des aliments sains \u00e0 ceux qui en ont besoin aujourd'hui, tout en veillant \u00e0 ce que les banques alimentaires aient les connaissances, les comp\u00e9tences et les capacit\u00e9s n\u00e9cessaires pour r\u00e9pondre \u00e0 la demande croissante.<\/p>\n<p>Mais les banques alimentaires n'ont jamais \u00e9t\u00e9 con\u00e7ues pour \u00eatre une solution \u00e0 long terme \u00e0 la faim et \u00e0 la pauvret\u00e9. C'est pourquoi nous encourageons le changement par la recherche sur la r\u00e9duction de la pauvret\u00e9 et le plaidoyer, dans l'espoir qu'un jour les banques alimentaires ne seront plus n\u00e9cessaires.<\/p>\n\t\t\t\t<img decoding=\"async\" src=\"https:\/\/feedontario.ca\/wp-content\/uploads\/2025\/02\/ICON_FullShelf_CircleCorn.png\" alt=\"ICON_FullShelf_CircleCorn\" itemprop=\"image\" height=\"352\" width=\"352\" title=\"ICON_FullShelf_CircleCorn\" onerror=\"this.style.display='none'\" loading=\"lazy\" \/>\n\t\t16 millions d'euros\n\t<p>livres d'aliments frais et non p\u00e9rissables sont distribu\u00e9s chaque ann\u00e9e par Feed Ontario aux personnes qui en ont le plus besoin.<\/p>\n\t\t\t\t<img decoding=\"async\" src=\"https:\/\/feedontario.ca\/wp-content\/uploads\/2025\/05\/ICON_Scale_CircleCloud.png\" alt=\"ICON_Scale_CircleCloud\" itemprop=\"image\" height=\"352\" width=\"352\" title=\"ICON_Scale_CircleCloud\" onerror=\"this.style.display='none'\" loading=\"lazy\" \/>\n\t\t$270,000\n\t<p>pour soutenir l'infrastructure des banques alimentaires par le biais de la subvention Feeding Possibility !<\/p>\n\t\t\t\t<img decoding=\"async\" src=\"https:\/\/feedontario.ca\/wp-content\/uploads\/2025\/01\/ICON_VeggieCrate_CircleCorn.png\" alt=\"ICON_VeggieCrate_CircleCorn\" itemprop=\"image\" height=\"352\" width=\"352\" title=\"ICON_VeggieCrate_CircleCorn\" onerror=\"this.style.display='none'\" loading=\"lazy\" \/>\n\t\t1,200\n\t<p>Les banques alimentaires et les organisations de lutte contre la faim b\u00e9n\u00e9ficient d'un soutien dans toute la province.<\/p>\n\t<p>CR\u00c9ER UN IMPACT<\/p>\n<h2>\n\t\t\tComment nous nourrissons l'Ontario\t<\/h2>\n\t\t\t\t<img decoding=\"async\" src=\"https:\/\/feedontario.ca\/wp-content\/uploads\/2021\/01\/squiggle_yellow.svg\" alt=\"ligne jaune en pointill\u00e9s\" itemprop=\"image\" height=\"4\" width=\"38\" title=\"gribouillis_jaune\" onerror=\"this.style.display='none'\" loading=\"lazy\" \/>\n\t<p>Feed Ontario repr\u00e9sente un r\u00e9seau de plus de <strong>1 200 banques alimentaires et organisations de lutte contre la faim en Ontario.<\/strong> Gr\u00e2ce \u00e0 notre r\u00e9seau, nous livrons des millions de livres de nourriture \u00e0 travers l'Ontario, desservant plus d'un million de personnes chaque ann\u00e9e. Tout en s'effor\u00e7ant de renforcer et d'accro\u00eetre la capacit\u00e9 du r\u00e9seau provincial de banques alimentaires, Feed Ontario continue de plaider en faveur de programmes et de solutions fond\u00e9s sur des donn\u00e9es probantes pour faire de l'\u00e9limination de la faim et de la pauvret\u00e9 une priorit\u00e9 dans notre province, afin de r\u00e9aliser notre vision d'un Ontario o\u00f9 tout le monde jouit de la s\u00e9curit\u00e9 alimentaire.<\/p>\n<p>Nous avons un impact de trois mani\u00e8res :<\/p>\n\t\t\t\t\t\t\t\t<a href=\"#\" id=\"fl-tabs--label-0\" data-index=\"0\" aria-selected=\"true\" aria-controls=\"fl-tabs--panel-0\" aria-expanded=\"true\" role=\"tab\" tabindex=\"0\">\t\t\t\tFEEDON\t\t\t\t<\/a>\n\t\t\t\t\t\t\t\t<a href=\"#\" id=\"fl-tabs--label-1\" data-index=\"1\" aria-selected=\"false\" aria-controls=\"fl-tabs--panel-1\" aria-expanded=\"false\" role=\"tab\" tabindex=\"0\">\t\t\t\tPOSSIBILIT\u00c9 D'ALIMENTATION\t\t\t\t<\/a>\n\t\t\t\t\t\t\t\t<a href=\"#\" id=\"fl-tabs--label-2\" data-index=\"2\" aria-selected=\"false\" aria-controls=\"fl-tabs--panel-2\" aria-expanded=\"false\" role=\"tab\" tabindex=\"0\">\t\t\t\tCHANGEMENT D'ALIMENTATION\t\t\t\t<\/a>\n\t\t\t\t\t\tFEEDON\n\t<iframe loading=\"lazy\" title=\"Alimentation ON\" width=\"500\" height=\"281\" src=\"https:\/\/www.youtube.com\/embed\/fVTrQ6E9BS8?feature=oembed\"  allow=\"accelerometer; autoplay; clipboard-write; encrypted-media; gyroscope; picture-in-picture; web-share\" referrerpolicy=\"strict-origin-when-cross-origin\" allowfullscreen=\"\"><\/iframe>\n\t\t<h4>\n\t\tFeedON\n\t<\/h4>\n\t\t\t\t<img loading=\"lazy\" decoding=\"async\" src=\"https:\/\/feedontario.ca\/wp-content\/uploads\/2021\/01\/squiggle_yellow.svg\" alt=\"ligne jaune en pointill\u00e9s\" itemprop=\"image\" height=\"4\" width=\"38\" title=\"gribouillis_jaune\" onerror=\"this.style.display='none'\"  \/>\n\t<p><strong>Nous distribuons de la nourriture aux banques alimentaires de l'Ontario.<\/strong><\/p>\n<p>Les programmes alimentaires de Feed Ontario travaillent en partenariat avec les secteurs de l'agriculture, de l'alimentation et de l'\u00e9picerie de l'Ontario pour s'assurer que les banques alimentaires disposent des aliments frais et sains dont elles ont besoin pour soutenir leurs communaut\u00e9s. L'ann\u00e9e derni\u00e8re, nous avons distribu\u00e9 plus de 10 millions de livres de nourriture pour aider 1 200 organisations de lutte contre la faim \u00e0 fournir de la nourriture \u00e0 plus d'un million d'Ontariens.<\/p>\n\t\t\t<a href=\"https:\/\/feedontario.ca\/fr\/nos-programmes\/programmes-alimentaires\/\" target=\"_self\">\n\t\t\t\t\t\t\tEn savoir plus\n\t\t\t\t\t<\/a>\n\t\t\t\t\t\tPOSSIBILIT\u00c9 D'ALIMENTATION\n\t<iframe loading=\"lazy\" title=\"Possibilit\u00e9 d&#039;alimentation\" width=\"500\" height=\"281\" src=\"https:\/\/www.youtube.com\/embed\/WtAcSK80sl8?feature=oembed\"  allow=\"accelerometer; autoplay; clipboard-write; encrypted-media; gyroscope; picture-in-picture; web-share\" referrerpolicy=\"strict-origin-when-cross-origin\" allowfullscreen=\"\"><\/iframe>\n\t\t<h4>\n\t\tPossibilit\u00e9 d'alimentation\n\t<\/h4>\n\t\t\t\t<img loading=\"lazy\" decoding=\"async\" src=\"https:\/\/feedontario.ca\/wp-content\/uploads\/2021\/01\/squiggle_yellow.svg\" alt=\"ligne jaune en pointill\u00e9s\" itemprop=\"image\" height=\"4\" width=\"38\" title=\"gribouillis_jaune\" onerror=\"this.style.display='none'\"  \/>\n\t<p><strong>Nous fournissons des ressources aux banques alimentaires.<\/strong><\/p>\n<p>Feed Ontario offre aux organismes de lutte contre la faim des services suppl\u00e9mentaires, notamment des formations, des possibilit\u00e9s de subventions et des investissements dans des programmes novateurs qui aident les populations les plus vuln\u00e9rables de l'Ontario. En travaillant ensemble, en partageant des ressources et des id\u00e9es, le r\u00e9seau provincial de Feed Ontario devient plus fort, plus r\u00e9silient et mieux \u00e9quip\u00e9 pour r\u00e9pondre aux besoins des personnes confront\u00e9es \u00e0 l'ins\u00e9curit\u00e9 alimentaire.<\/p>\n\t\t\t<a href=\"https:\/\/feedontario.ca\/fr\/nos-programmes\/programmes-communautaires\/\" target=\"_self\">\n\t\t\t\t\t\t\tEn savoir plus\n\t\t\t\t\t<\/a>\n\t\t\t\t\t\tCHANGEMENT D'ALIMENTATION\n\t<iframe loading=\"lazy\" title=\"Changement d&#039;alimentation\" width=\"500\" height=\"281\" src=\"https:\/\/www.youtube.com\/embed\/4iNCozx1NLs?feature=oembed\"  allow=\"accelerometer; autoplay; clipboard-write; encrypted-media; gyroscope; picture-in-picture; web-share\" referrerpolicy=\"strict-origin-when-cross-origin\" allowfullscreen=\"\"><\/iframe>\n\t\t<h4>\n\t\tChangement d'alimentation\n\t<\/h4>\n\t\t\t\t<img loading=\"lazy\" decoding=\"async\" src=\"https:\/\/feedontario.ca\/wp-content\/uploads\/2021\/01\/squiggle_yellow.svg\" alt=\"ligne jaune en pointill\u00e9s\" itemprop=\"image\" height=\"4\" width=\"38\" title=\"gribouillis_jaune\" onerror=\"this.style.display='none'\"  \/>\n\t<p><strong>Nous nous effor\u00e7ons de nous attaquer aux causes profondes de la pauvret\u00e9.<\/strong><\/p>\n<p>L'ins\u00e9curit\u00e9 alimentaire et la pauvret\u00e9 sont des probl\u00e8mes complexes qui ne peuvent \u00eatre r\u00e9solus que par de bonnes politiques publiques et des programmes de soutien ad\u00e9quats qui garantissent \u00e0 tous les Ontariens le revenu dont ils ont besoin pour se procurer les produits de premi\u00e8re n\u00e9cessit\u00e9 chaque mois. Nous #FeedChange par le biais de la recherche, de l'action collective et en pr\u00e9conisant des solutions fond\u00e9es sur des donn\u00e9es probantes pour lutter contre l'ins\u00e9curit\u00e9 alimentaire et la pauvret\u00e9. <\/p>\n\t\t\t<a href=\"https:\/\/feedontario.ca\/fr\/changement-dans-le-domaine-du-plaidoyer\/recommandations-politiques\/\" target=\"_self\">\n\t\t\t\t\t\t\tEn savoir plus\n\t\t\t\t\t<\/a>\n<h2>\n\t\t\tLa faim frappe l'Ontario\t<\/h2>\n\t<p>Les banques alimentaires jouent un r\u00f4le essentiel dans les communaut\u00e9s et en Ontario. Sans leurs services, davantage d'enfants, d'adultes et de personnes \u00e2g\u00e9es souffriraient de la faim, davantage de familles perdraient leur logement et davantage de personnes ne pourraient pas acc\u00e9der aux soins de sant\u00e9 dont elles ont besoin. Les banques alimentaires emp\u00eachent activement certains des plus grands d\u00e9fis de la province de s'aggraver, notamment le sans-abrisme, la pression sur le syst\u00e8me de soins de sant\u00e9 et l'instabilit\u00e9 dans nos communaut\u00e9s. Pour en savoir plus, consultez notre Rapport sur la faim en 2025.<\/p>\n\t\t\t\t<img decoding=\"async\" src=\"https:\/\/feedontario.ca\/wp-content\/uploads\/2025\/11\/HUNGER_Report25_MagazineMockUp.png\" alt=\"HUNGER_Report25_MagazineMockUp\" itemprop=\"image\" height=\"683\" width=\"1080\" title=\"HUNGER_Report25_MagazineMockUp\" onerror=\"this.style.display='none'\" loading=\"lazy\" \/>\n\t\t\t<a href=\"https:\/\/feedontario.ca\/wp-content\/uploads\/2025\/11\/FEED_HungerReport25_Digital.pdf\" target=\"_self\">\n\t\t\t\t\t\t\tLire le rapport sur la faim en 2025\n\t\t\t\t\t<\/a>\n<h2>\n\t\t\tPr\u00e9parer la table pour demain\t<\/h2>\n\t<p>Il existe des mesures que chacun peut prendre pour lutter contre la faim en Ontario, et chaque action fait une diff\u00e9rence. Vous pouvez vous impliquer d\u00e8s aujourd'hui en vous joignant \u00e0 nous pour plaider en faveur du changement, en faisant du b\u00e9n\u00e9volat dans votre banque alimentaire locale ou en faisant un don pour nous aider \u00e0 garder les \u00e9tag\u00e8res des banques alimentaires bien garnies pour les personnes qui souffrent de la faim.<\/p>\n\t\t\t<a href=\"https:\/\/feedontario.ca\/fr\/prendre-des-mesures\/donner\/\" target=\"_self\">\n\t\t\t\t\t\tFaire un don aujourd'hui\n\t\t\t\t\t<\/a>","protected":false},"excerpt":{"rendered":"<p>Le probl\u00e8me persistant de la faim en Ontario L'utilisation des banques alimentaires a atteint des niveaux record en Ontario, avec plus d'un million de personnes dans la province qui doivent se tourner vers les banques alimentaires pour obtenir de l'aide. Derri\u00e8re chacun de ces chiffres se cache une personne qui doit faire des choix presque impossibles pour s'en sortir. Les parents qui sautent...<\/p>","protected":false},"author":6,"featured_media":47080,"parent":0,"menu_order":0,"comment_status":"closed","ping_status":"closed","template":"","meta":{"_acf_changed":false,"inline_featured_image":false,"footnotes":""},"class_list":["post-47524","page","type-page","status-publish","has-post-thumbnail","hentry"],"acf":[],"yoast_head":"<!-- This site is optimized with the Yoast SEO plugin v27.4 - https:\/\/yoast.com\/product\/yoast-seo-wordpress\/ -->\n<title>Hunger In Ontario - Feed Ontario<\/title>\n<meta name=\"description\" content=\"Hunger effects over 1 million people in Ontario. Understand the scope of the problem\u2014and the impact it has on our neighbours.\" \/>\n<meta name=\"robots\" content=\"index, follow, max-snippet:-1, max-image-preview:large, max-video-preview:-1\" \/>\n<link rel=\"canonical\" href=\"https:\/\/feedontario.ca\/fr\/la-faim-en-ontario\/\" \/>\n<meta property=\"og:locale\" content=\"fr_CA\" \/>\n<meta property=\"og:type\" content=\"article\" \/>\n<meta property=\"og:title\" content=\"Hunger In Ontario - Feed Ontario\" \/>\n<meta property=\"og:description\" content=\"Hunger effects over 1 million people in Ontario. Understand the scope of the problem\u2014and the impact it has on our neighbours.\" \/>\n<meta property=\"og:url\" content=\"https:\/\/feedontario.ca\/fr\/la-faim-en-ontario\/\" \/>\n<meta property=\"og:site_name\" content=\"Feed Ontario\" \/>\n<meta property=\"article:modified_time\" content=\"2025-12-09T20:51:55+00:00\" \/>\n<meta property=\"og:image\" content=\"https:\/\/feedontario.ca\/wp-content\/uploads\/2025\/07\/AdobeStock_456805554-scaled.jpeg\" \/>\n\t<meta property=\"og:image:width\" content=\"2560\" \/>\n\t<meta property=\"og:image:height\" content=\"1709\" \/>\n\t<meta property=\"og:image:type\" content=\"image\/jpeg\" \/>\n<meta name=\"twitter:card\" content=\"summary_large_image\" \/>\n<meta name=\"twitter:label1\" content=\"Est. reading time\" \/>\n\t<meta name=\"twitter:data1\" content=\"6 minutes\" \/>\n<script type=\"application\/ld+json\" class=\"yoast-schema-graph\">{\"@context\":\"https:\\\/\\\/schema.org\",\"@graph\":[{\"@type\":\"WebPage\",\"@id\":\"https:\\\/\\\/feedontario.ca\\\/hunger-in-ontario\\\/\",\"url\":\"https:\\\/\\\/feedontario.ca\\\/hunger-in-ontario\\\/\",\"name\":\"Hunger In Ontario - Feed Ontario\",\"isPartOf\":{\"@id\":\"https:\\\/\\\/feedontario.ca\\\/#website\"},\"primaryImageOfPage\":{\"@id\":\"https:\\\/\\\/feedontario.ca\\\/hunger-in-ontario\\\/#primaryimage\"},\"image\":{\"@id\":\"https:\\\/\\\/feedontario.ca\\\/hunger-in-ontario\\\/#primaryimage\"},\"thumbnailUrl\":\"https:\\\/\\\/feedontario.ca\\\/wp-content\\\/uploads\\\/2025\\\/07\\\/AdobeStock_456805554-scaled.jpeg\",\"datePublished\":\"2025-09-10T15:33:31+00:00\",\"dateModified\":\"2025-12-09T20:51:55+00:00\",\"description\":\"Hunger effects over 1 million people in Ontario. Understand the scope of the problem\u2014and the impact it has on our neighbours.\",\"breadcrumb\":{\"@id\":\"https:\\\/\\\/feedontario.ca\\\/hunger-in-ontario\\\/#breadcrumb\"},\"inLanguage\":\"fr-CA\",\"potentialAction\":[{\"@type\":\"ReadAction\",\"target\":[\"https:\\\/\\\/feedontario.ca\\\/hunger-in-ontario\\\/\"]}]},{\"@type\":\"ImageObject\",\"inLanguage\":\"fr-CA\",\"@id\":\"https:\\\/\\\/feedontario.ca\\\/hunger-in-ontario\\\/#primaryimage\",\"url\":\"https:\\\/\\\/feedontario.ca\\\/wp-content\\\/uploads\\\/2025\\\/07\\\/AdobeStock_456805554-scaled.jpeg\",\"contentUrl\":\"https:\\\/\\\/feedontario.ca\\\/wp-content\\\/uploads\\\/2025\\\/07\\\/AdobeStock_456805554-scaled.jpeg\",\"width\":2560,\"height\":1709,\"caption\":\"Two little girls on a school lunch break eat bananas and apples. Selective focus . High quality photo\"},{\"@type\":\"BreadcrumbList\",\"@id\":\"https:\\\/\\\/feedontario.ca\\\/hunger-in-ontario\\\/#breadcrumb\",\"itemListElement\":[{\"@type\":\"ListItem\",\"position\":1,\"name\":\"Home\",\"item\":\"https:\\\/\\\/feedontario.ca\\\/\"},{\"@type\":\"ListItem\",\"position\":2,\"name\":\"Hunger In Ontario\"}]},{\"@type\":\"WebSite\",\"@id\":\"https:\\\/\\\/feedontario.ca\\\/#website\",\"url\":\"https:\\\/\\\/feedontario.ca\\\/\",\"name\":\"Feed Ontario\",\"description\":\"Uniting food banks, industry partners, and local communities in our work to end hunger and poverty\",\"potentialAction\":[{\"@type\":\"SearchAction\",\"target\":{\"@type\":\"EntryPoint\",\"urlTemplate\":\"https:\\\/\\\/feedontario.ca\\\/?s={search_term_string}\"},\"query-input\":{\"@type\":\"PropertyValueSpecification\",\"valueRequired\":true,\"valueName\":\"search_term_string\"}}],\"inLanguage\":\"fr-CA\"}]}<\/script>\n<!-- \/ Yoast SEO plugin. -->","yoast_head_json":{"title":"La faim en Ontario - Feed Ontario","description":"La faim touche plus d'un million de personnes en Ontario. Comprendre l'ampleur du probl\u00e8me et l'impact qu'il a sur nos voisins.","robots":{"index":"index","follow":"follow","max-snippet":"max-snippet:-1","max-image-preview":"max-image-preview:large","max-video-preview":"max-video-preview:-1"},"canonical":"https:\/\/feedontario.ca\/fr\/la-faim-en-ontario\/","og_locale":"fr_CA","og_type":"article","og_title":"Hunger In Ontario - Feed Ontario","og_description":"Hunger effects over 1 million people in Ontario. Understand the scope of the problem\u2014and the impact it has on our neighbours.","og_url":"https:\/\/feedontario.ca\/fr\/la-faim-en-ontario\/","og_site_name":"Feed Ontario","article_modified_time":"2025-12-09T20:51:55+00:00","og_image":[{"width":2560,"height":1709,"url":"https:\/\/feedontario.ca\/wp-content\/uploads\/2025\/07\/AdobeStock_456805554-scaled.jpeg","type":"image\/jpeg"}],"twitter_card":"summary_large_image","twitter_misc":{"Est. reading time":"6 minutes"},"schema":{"@context":"https:\/\/schema.org","@graph":[{"@type":"WebPage","@id":"https:\/\/feedontario.ca\/hunger-in-ontario\/","url":"https:\/\/feedontario.ca\/hunger-in-ontario\/","name":"La faim en Ontario - Feed Ontario","isPartOf":{"@id":"https:\/\/feedontario.ca\/#website"},"primaryImageOfPage":{"@id":"https:\/\/feedontario.ca\/hunger-in-ontario\/#primaryimage"},"image":{"@id":"https:\/\/feedontario.ca\/hunger-in-ontario\/#primaryimage"},"thumbnailUrl":"https:\/\/feedontario.ca\/wp-content\/uploads\/2025\/07\/AdobeStock_456805554-scaled.jpeg","datePublished":"2025-09-10T15:33:31+00:00","dateModified":"2025-12-09T20:51:55+00:00","description":"La faim touche plus d'un million de personnes en Ontario. Comprendre l'ampleur du probl\u00e8me et l'impact qu'il a sur nos voisins.","breadcrumb":{"@id":"https:\/\/feedontario.ca\/hunger-in-ontario\/#breadcrumb"},"inLanguage":"fr-CA","potentialAction":[{"@type":"ReadAction","target":["https:\/\/feedontario.ca\/hunger-in-ontario\/"]}]},{"@type":"ImageObject","inLanguage":"fr-CA","@id":"https:\/\/feedontario.ca\/hunger-in-ontario\/#primaryimage","url":"https:\/\/feedontario.ca\/wp-content\/uploads\/2025\/07\/AdobeStock_456805554-scaled.jpeg","contentUrl":"https:\/\/feedontario.ca\/wp-content\/uploads\/2025\/07\/AdobeStock_456805554-scaled.jpeg","width":2560,"height":1709,"caption":"Two little girls on a school lunch break eat bananas and apples. Selective focus . High quality photo"},{"@type":"BreadcrumbList","@id":"https:\/\/feedontario.ca\/hunger-in-ontario\/#breadcrumb","itemListElement":[{"@type":"ListItem","position":1,"name":"Home","item":"https:\/\/feedontario.ca\/"},{"@type":"ListItem","position":2,"name":"Hunger In Ontario"}]},{"@type":"WebSite","@id":"https:\/\/feedontario.ca\/#website","url":"https:\/\/feedontario.ca\/","name":"Nourrir l'Ontario","description":"Unir les banques alimentaires, les partenaires industriels et les communaut\u00e9s locales dans notre travail pour \u00e9radiquer la faim et la pauvret\u00e9.","potentialAction":[{"@type":"SearchAction","target":{"@type":"EntryPoint","urlTemplate":"https:\/\/feedontario.ca\/?s={search_term_string}"},"query-input":{"@type":"PropertyValueSpecification","valueRequired":true,"valueName":"search_term_string"}}],"inLanguage":"fr-CA"}]}},"_links":{"self":[{"href":"https:\/\/feedontario.ca\/fr\/wp-json\/wp\/v2\/pages\/47524","targetHints":{"allow":["GET"]}}],"collection":[{"href":"https:\/\/feedontario.ca\/fr\/wp-json\/wp\/v2\/pages"}],"about":[{"href":"https:\/\/feedontario.ca\/fr\/wp-json\/wp\/v2\/types\/page"}],"author":[{"embeddable":true,"href":"https:\/\/feedontario.ca\/fr\/wp-json\/wp\/v2\/users\/6"}],"replies":[{"embeddable":true,"href":"https:\/\/feedontario.ca\/fr\/wp-json\/wp\/v2\/comments?post=47524"}],"version-history":[{"count":0,"href":"https:\/\/feedontario.ca\/fr\/wp-json\/wp\/v2\/pages\/47524\/revisions"}],"wp:featuredmedia":[{"embeddable":true,"href":"https:\/\/feedontario.ca\/fr\/wp-json\/wp\/v2\/media\/47080"}],"wp:attachment":[{"href":"https:\/\/feedontario.ca\/fr\/wp-json\/wp\/v2\/media?parent=47524"}],"curies":[{"name":"wp","href":"https:\/\/api.w.org\/{rel}","templated":true}]}}