{"id":47621,"date":"2025-11-30T20:00:10","date_gmt":"2025-11-30T20:00:10","guid":{"rendered":"https:\/\/feedontario.ca\/?page_id=47621"},"modified":"2026-01-07T19:53:53","modified_gmt":"2026-01-07T19:53:53","slug":"rapport-sur-la-faim-2025","status":"publish","type":"page","link":"https:\/\/feedontario.ca\/fr\/hunger-report-2025\/","title":{"rendered":"Rapport sur la faim en 2025"},"content":{"rendered":"<h3>\n\t\t\tRAPPORT SUR LA FAIM 2025\t<\/h3>\n<h4>\n\t\t\tLa faim fait du tort aux personnes et aux familles, \u00e0 nos communaut\u00e9s et \u00e0 l'Ontario.\t<\/h4>\n\t\t\t<a href=\"https:\/\/feedontario.ca\/wp-content\/uploads\/2025\/11\/FEED_HungerReportSummary25.pdf\" target=\"_blank\" rel=\"noopener\">\n\t\t\t\t\t\tLire le r\u00e9sum\u00e9\n\t\t\t\t\t<\/a>\n\t\t\n        <div class=\"jumpto_wrapper\">\n            <div class=\"jumpto_item mobile_jumpto_button\">SAUTER<\/div>\n            <div class=\"jumpto_items_wrapper\">\n                <div class='jumpto_item'><a href='https:\/\/feedontario.ca\/fr\/rapport-sur-la-faim-2025\/#hurtspeople'>La faim fait du mal aux gens<\/a><\/div><div class='jumpto_item'><a href='https:\/\/feedontario.ca\/fr\/rapport-sur-la-faim-2025\/#foodbankuse'>Utilisation des banques alimentaires en Ontario<\/a><\/div><div class='jumpto_item'><a href='https:\/\/feedontario.ca\/fr\/rapport-sur-la-faim-2025\/#hurtscommunities'>La faim nuit aux communaut\u00e9s<\/a><\/div><div class='jumpto_item'><a href='https:\/\/feedontario.ca\/fr\/rapport-sur-la-faim-2025\/#hurtsontario'>La faim frappe l'Ontario<\/a><\/div><div class='jumpto_item'><a href='https:\/\/feedontario.ca\/fr\/rapport-sur-la-faim-2025\/#takeaction'>Agir<\/a><\/div>            <\/div>\n        <\/div>\n    \n\t\t\t\t<img decoding=\"async\" src=\"https:\/\/feedontario.ca\/wp-content\/plugins\/bb-plugin\/img\/pixel.png\" alt=\"\" itemprop=\"image\" onerror=\"this.style.display='none'\" loading=\"lazy\" \/>\n<h2  id=\"foodbanks\">\n\t\t\tLa faim fait du mal aux gens\t<\/h2>\n\t\t\t\t<img decoding=\"async\" src=\"https:\/\/feedontario.ca\/wp-content\/uploads\/2021\/01\/squiggle_yellow.svg\" alt=\"ligne jaune en pointill\u00e9s\" itemprop=\"image\" height=\"4\" width=\"38\" title=\"gribouillis_jaune\" onerror=\"this.style.display='none'\" loading=\"lazy\" \/>\n\t<p>La crise actuelle de l'accessibilit\u00e9 financi\u00e8re pousse de plus en plus d'Ontariens dans la pauvret\u00e9. Les familles qui autrefois \"s'en sortaient\" ont aujourd'hui \"du mal \u00e0 tenir\", ce qui fait que plus d'Ontariens que jamais n'ont d'autre choix que de se tourner vers une banque alimentaire pour obtenir de l'aide.<\/p>\n<p>Chacun des chiffres qui suivent repr\u00e9sente une personne qui doit faire des choix incroyablement difficiles pour s'en sortir. Des parents qui sautent des repas pour que leurs enfants puissent manger, des personnes \u00e2g\u00e9es qui doivent choisir entre les courses et les m\u00e9dicaments, ou des travailleurs qui font tout ce qu'ils peuvent pour joindre les deux bouts, mais qui n'y parviennent toujours pas.<\/p>\n\t\t\t\t<img decoding=\"async\" src=\"https:\/\/feedontario.ca\/wp-content\/plugins\/bb-plugin\/img\/pixel.png\" alt=\"\" itemprop=\"image\" onerror=\"this.style.display='none'\" loading=\"lazy\" \/>\n\t\t\t<a href=\"https:\/\/feedontario.ca\/fr\/prendre-des-mesures\/donner\/\" target=\"_blank\" rel=\"noopener\">\n\t\t\t\t\t\tFaire un don\n\t\t\t\t\t<\/a>\n<h2  id=\"overview\" data-animation-delay=\"0\" data-animation-duration=\"1\">\n\t\t\tLe probl\u00e8me persistant de l'utilisation des banques alimentaires en Ontario\t<\/h2>\n\t\t1,007,441\n\t\t\t\t<img decoding=\"async\" src=\"https:\/\/feedontario.ca\/wp-content\/uploads\/2021\/01\/squiggle_yellow.svg\" alt=\"ligne jaune en pointill\u00e9s\" itemprop=\"image\" height=\"4\" width=\"38\" title=\"gribouillis_jaune\" onerror=\"this.style.display='none'\" loading=\"lazy\" \/>\n\t<p>personnes ont eu recours \u00e0 une banque alimentaire en Ontario entre le 1er avril 2024 et le 31 mars 2025, soit pr\u00e8s de 10 000 personnes de plus que l'an dernier et une augmentation de 87% depuis 2019-2020.<\/p>\n\t\t1 sur 4\n\t\t\t\t<img decoding=\"async\" src=\"https:\/\/feedontario.ca\/wp-content\/uploads\/2021\/01\/squiggle_yellow.svg\" alt=\"ligne jaune en pointill\u00e9s\" itemprop=\"image\" height=\"4\" width=\"38\" title=\"gribouillis_jaune\" onerror=\"this.style.display='none'\" loading=\"lazy\" \/>\n\tles visiteurs avaient un emploi, une augmentation de 83%<br \/>\npour 2019-2020.\n\t\t8,712,897\n\t\t\t\t<img decoding=\"async\" src=\"https:\/\/feedontario.ca\/wp-content\/uploads\/2021\/01\/squiggle_yellow.svg\" alt=\"ligne jaune en pointill\u00e9s\" itemprop=\"image\" height=\"4\" width=\"38\" title=\"gribouillis_jaune\" onerror=\"this.style.display='none'\" loading=\"lazy\" \/>\n\t<p>ont \u00e9t\u00e9 effectu\u00e9es l'ann\u00e9e derni\u00e8re, soit une augmentation de 13% par rapport \u00e0 l'ann\u00e9e derni\u00e8re et une augmentation de 165% depuis 2019-2020.<\/p>\n\t\t\t<a href=\"javascript:void(0)\" title=\"Cliquez ici\" target=\"_self\"  data-modal=  \"role=\"button\"\" aria-label=\"VOIR LA VID\u00c9O COMPL\u00c8TE\">\n\t\t\t\t\t\t\tVOIR LA VID\u00c9O COMPL\u00c8TE\n\t\t<\/a>\n<h2>\n\t\t\tLa faim fait mal. Vous pouvez aider.\t<\/h2>\n\t\t\t\t<img decoding=\"async\" src=\"https:\/\/feedontario.ca\/wp-content\/plugins\/bb-plugin\/img\/pixel.png\" alt=\"\" itemprop=\"image\" onerror=\"this.style.display='none'\" loading=\"lazy\" \/>\n<h2  id=\"foodbanks\">\n\t\t\tLa faim nuit aux communaut\u00e9s\t<\/h2>\n\t\t\t\t<img decoding=\"async\" src=\"https:\/\/feedontario.ca\/wp-content\/uploads\/2021\/01\/squiggle_yellow.svg\" alt=\"ligne jaune en pointill\u00e9s\" itemprop=\"image\" height=\"4\" width=\"38\" title=\"gribouillis_jaune\" onerror=\"this.style.display='none'\" loading=\"lazy\" \/>\n\t<p>La faim n'est pas seulement une crise pour les personnes et les familles - c'est une crise pour l'Ontario. Les pics de fr\u00e9quentation des banques alimentaires sont souvent le signe que certains des plus grands d\u00e9fis de notre province, comme les sans-abri, un syst\u00e8me de sant\u00e9 surcharg\u00e9 et l'instabilit\u00e9 de nos communaut\u00e9s, pourraient encore s'aggraver.<\/p>\n<p>Bien que les banques alimentaires travaillent dur pour r\u00e9pondre aux besoins croissants de leurs communaut\u00e9s, elles atteignent un point de rupture. Poursuivez votre lecture pour d\u00e9couvrir pourquoi la persistance d'un taux d'utilisation \u00e9lev\u00e9 des banques alimentaires est un sujet de pr\u00e9occupation pour tout le monde.<\/p>\n\t\t\t\t<img decoding=\"async\" src=\"https:\/\/feedontario.ca\/wp-content\/plugins\/bb-plugin\/img\/pixel.png\" alt=\"\" itemprop=\"image\" onerror=\"this.style.display='none'\" loading=\"lazy\" \/>\n\t\t\t<a href=\"https:\/\/feedontario.ca\/wp-content\/uploads\/2025\/11\/FEED_HungerReportSummary25.pdf\" target=\"_blank\" rel=\"noopener\">\n\t\t\t\t\t\tLire le r\u00e9sum\u00e9\n\t\t\t\t\t<\/a>\n<h2>\n\t\t\tLorsque la fr\u00e9quentation des banques alimentaires augmente, le sans-abrisme suit\t<\/h2>\n\t<p><strong>Les pics de fr\u00e9quentation des banques alimentaires pr\u00e9c\u00e8dent souvent les pics de sans-abrisme.<\/strong><\/p>\n<p>Souvent, le sans-abrisme ne survient pas rapidement. Pour de nombreuses personnes et familles, il s'agit d'une perte progressive de choix au fur et \u00e0 mesure que l'\u00e9cart entre les revenus et les d\u00e9penses se creuse. Avant de se tourner vers une banque alimentaire, une personne peut d'abord r\u00e9duire la taille de sa maison, contracter un pr\u00eat ou demander de l'aide \u00e0 ses amis et \u00e0 sa famille. Mais si le co\u00fbt de la vie continue d'augmenter et que l'aide ne suffit pas, les familles risquent l'expulsion, voire le sans-abrisme.<\/p>\n<p>Avec plus d'un million de visiteurs de banques alimentaires en Ontario qui sont leur dernier recours, cela pourrait \u00eatre le signe d'une augmentation du nombre de sans-abri \u00e0 l'horizon.<\/p>\n\t<iframe title=\"Depuis 2016, l&#039;augmentation de la fr\u00e9quentation des banques alimentaires pr\u00e9c\u00e8de celle du nombre de sans-abri\" aria-label=\"Graphique lin\u00e9aire\" id=\"datawrapper-chart-Xm3X5\" src=\"https:\/\/datawrapper.dwcdn.net\/Xm3X5\/4\/\" scrolling=\"no\" frameborder=\"0\" height=\"524\" data-external=\"1\"><\/iframe>\n\t<iframe title=\"Co\u00fbt de la pauvret\u00e9 pour le syst\u00e8me de sant\u00e9 par an\" aria-label=\"Tableau\" id=\"datawrapper-chart-XNp8D\" src=\"https:\/\/datawrapper.dwcdn.net\/XNp8D\/1\/\" scrolling=\"no\" frameborder=\"0\" height=\"476\" data-external=\"1\"><\/iframe>\n<h2>\n\t\t\tL'augmentation de la fr\u00e9quentation des banques alimentaires s'accompagne d'une hausse des co\u00fbts des soins de sant\u00e9\t<\/h2>\n\t<p><strong>La faim nuit \u00e0 notre syst\u00e8me de sant\u00e9.<\/strong><\/p>\n<p>Lorsque les gens n'ont pas les moyens de se procurer les produits de premi\u00e8re n\u00e9cessit\u00e9, ils sont plus susceptibles de tomber malades. Dans le m\u00eame temps, les h\u00f4pitaux de l'Ontario sont surcharg\u00e9s, les patients sont confront\u00e9s \u00e0 des temps d'attente record et les ressources en mati\u00e8re de soins de sant\u00e9 sont mises \u00e0 rude \u00e9preuve. Il est donc plus difficile pour tout le monde d'obtenir les soins dont ils ont besoin.<\/p>\n<p>Plus de personnes que jamais ont du mal \u00e0 se procurer les produits de premi\u00e8re n\u00e9cessit\u00e9 dans la province, ce qui pourrait \u00eatre un signe que le syst\u00e8me de sant\u00e9 pourrait devenir encore plus tendu \u00e0 l'avenir.<\/p>\n<h2>\n\t\t\tLorsque la fr\u00e9quentation des banques alimentaires augmente, les communaut\u00e9s ressentent la pression\t<\/h2>\n\t<p><strong>La pauvret\u00e9 \u00e9rode la confiance que les gens ont dans les syst\u00e8mes et les institutions de soutien.<\/strong><\/p>\n<p>Il peut \u00eatre facile de perdre l'espoir de voir sa situation financi\u00e8re s'am\u00e9liorer lorsque, quels que soient les efforts d\u00e9ploy\u00e9s, on n'a pas les moyens de se procurer les produits de premi\u00e8re n\u00e9cessit\u00e9. Cela peut conduire \u00e0 des endroits o\u00f9 les gens se sentent d\u00e9connect\u00e9s les uns des autres, o\u00f9 le sens des responsabilit\u00e9s partag\u00e9es commence \u00e0 s'effriter et o\u00f9 il devient plus difficile de construire et de maintenir le type de quartiers s\u00fbrs et stables o\u00f9 tout le monde peut s'\u00e9panouir.<\/p>\n<p>Si un plus grand nombre de personnes \u00e9prouvent des difficult\u00e9s \u00e0 s'en sortir, nos communaut\u00e9s pourraient commencer \u00e0 s'affaiblir encore davantage.<\/p>\n\t<iframe title=\"Les gens se rendent plus souvent dans les banques alimentaires au cours d&#039;une ann\u00e9e\" aria-label=\"Graphique lin\u00e9aire\" id=\"datawrapper-chart-WSj69\" src=\"https:\/\/datawrapper.dwcdn.net\/WSj69\/2\/\" scrolling=\"no\" frameborder=\"0\" height=\"563\" data-external=\"1\"><\/iframe>\n\t<p>\"Les banques alimentaires travaillent sans rel\u00e2che pour r\u00e9pondre \u00e0 la demande et, dans certains cas, emp\u00eachent plusieurs des plus grands d\u00e9fis de la province de s'aggraver. Mais le besoin d'aide d\u00e9passe les ressources disponibles, et les banques alimentaires pourraient bient\u00f4t n'avoir d'autre choix que de refuser des gens.\"<\/p>\n\t<p>- Carolyn Stewart, directrice g\u00e9n\u00e9rale de Feed Ontario<\/p>\n<h2  id=\"bythenumbers\">\n\t\t\tLa faim frappe l'Ontario\t<\/h2>\n\t\t\t\t<img decoding=\"async\" src=\"https:\/\/feedontario.ca\/wp-content\/uploads\/2021\/01\/squiggle_yellow.svg\" alt=\"ligne jaune en pointill\u00e9s\" itemprop=\"image\" height=\"4\" width=\"38\" title=\"gribouillis_jaune\" onerror=\"this.style.display='none'\" loading=\"lazy\" \/>\n\t<p>Les banques alimentaires jouent un r\u00f4le essentiel dans les communaut\u00e9s et en Ontario. Sans leurs services, davantage d'enfants, d'adultes et de personnes \u00e2g\u00e9es souffriraient de la faim, davantage de familles perdraient leur logement et davantage de personnes ne pourraient pas acc\u00e9der aux soins de sant\u00e9 dont elles ont besoin.<\/p>\n\t\t\t<a href=\"https:\/\/feedontario.ca\/wp-content\/uploads\/2025\/11\/FEED_HungerReport25_Digital.pdf\" target=\"_blank\" rel=\"noopener\">\n\t\t\t\t\t\tLire le rapport complet\n\t\t\t\t\t<\/a>\n\t<p>Les banques alimentaires emp\u00eachent activement certains des plus grands d\u00e9fis de la province de s'aggraver, notamment le sans-abrisme, la pression sur le syst\u00e8me de sant\u00e9 et l'instabilit\u00e9 dans nos communaut\u00e9s.<\/p>\n<p>Mais malgr\u00e9 leur travail acharn\u00e9 et inlassable, les banques alimentaires ont \u00e9t\u00e9 sollicit\u00e9es jusqu'au point de rupture. Le besoin d'aide d\u00e9passe les ressources dont disposent les banques alimentaires et, si ce besoin continue d'augmenter, les cons\u00e9quences pour la province seront importantes.<\/p>\n<p>Heureusement, il y a de l'espoir. Le gouvernement de l'Ontario est en train d'\u00e9laborer une nouvelle strat\u00e9gie de r\u00e9duction de la pauvret\u00e9 qui pourrait jeter les bases d'une approche plus coordonn\u00e9e, \u00e0 tous les niveaux du gouvernement, pour r\u00e9soudre ces probl\u00e8mes. Cela pourrait se traduire par des solutions permettant de pr\u00e9venir et de mettre fin au sans-abrisme, d'am\u00e9liorer la sant\u00e9 et le bien-\u00eatre des personnes et des familles, et de b\u00e2tir des communaut\u00e9s plus fortes dans tout l'Ontario.<\/p>\n<p>Feed Ontario croit qu'il est possible d'\u00e9liminer la faim. La mise en \u0153uvre des recommandations suivantes aujourd'hui peut contribuer \u00e0 r\u00e9duire le besoin de banques alimentaires en Ontario demain.<\/p>\n\t\t\t\t<img decoding=\"async\" src=\"https:\/\/feedontario.ca\/wp-content\/uploads\/2021\/01\/squiggle_yellow.svg\" alt=\"ligne jaune en pointill\u00e9s\" itemprop=\"image\" height=\"4\" width=\"38\" title=\"gribouillis_jaune\" onerror=\"this.style.display='none'\" loading=\"lazy\" \/>\n\t\t\t\t<!--  -->\n\t\t\t\t\t<a href=\"#\" id=\"fl-accordion--label-0\" tabindex=\"0\" aria-controls=\"fl-accordion--panel-0\">Combler les lacunes du filet de s\u00e9curit\u00e9 sociale de l'Ontario<\/a>\n\t\t\t\t\t\t\t\t\t\t\t<a href=\"#\" id=\"fl-accordion--icon-0\" tabindex=\"-1\"><i>\u00c9largir<\/i><\/a>\n\t\t\t\t\t<ul>\n<li>Aligner les taux d'OT et du POS sur le co\u00fbt de la vie<\/li>\n<li>R\u00e9duire la r\u00e9cup\u00e9ration de l'aide sociale sur les revenus et les prestations li\u00e9s \u00e0 l'emploi<\/li>\n<li>Cr\u00e9er un taux forfaitaire standard qui soit coh\u00e9rent quelle que soit la situation de vie<\/li>\n<li>Aligner la d\u00e9finition du conjoint sur la loi sur le droit de la famille<\/li>\n<li>Mettre en place un syst\u00e8me de d\u00e9claration automatique des revenus pour les b\u00e9n\u00e9ficiaires de l'aide sociale afin qu'ils puissent avoir acc\u00e8s \u00e0 l'argent auquel ils ont droit.<\/li>\n<\/ul>\n\t\t\t\t<!--  -->\n\t\t\t\t\t<a href=\"#\" id=\"fl-accordion--label-1\" tabindex=\"0\" aria-controls=\"fl-accordion--panel-1\">Am\u00e9liorer la qualit\u00e9 des emplois<\/a>\n\t\t\t\t\t\t\t\t\t\t\t<a href=\"#\" id=\"fl-accordion--icon-1\" tabindex=\"-1\"><i>\u00c9largir<\/i><\/a>\n\t\t\t\t\t<ul>\n<li>Classer les gig workers comme des employ\u00e9s afin qu'ils b\u00e9n\u00e9ficient des protections de base en mati\u00e8re de travail.<\/li>\n<li>R\u00e9duire les obstacles \u00e0 la syndicalisation<\/li>\n<li>Prot\u00e9ger les victimes de vol de salaire<\/li>\n<\/ul>\n\t\t\t\t<!--  -->\n\t\t\t\t\t<a href=\"#\" id=\"fl-accordion--label-2\" tabindex=\"0\" aria-controls=\"fl-accordion--panel-2\">Cr\u00e9er davantage de logements abordables et s'attaquer au co\u00fbt de la vie<\/a>\n\t\t\t\t\t\t\t\t\t\t\t<a href=\"#\" id=\"fl-accordion--icon-2\" tabindex=\"-1\"><i>\u00c9largir<\/i><\/a>\n\t\t\t\t\t<ul>\n<li>Construire plus de logements sociaux<\/li>\n<li>Mettre en place un v\u00e9ritable contr\u00f4le des loyers en instituant un contr\u00f4le des vacances<\/li>\n<\/ul>\n<h2  id=\"takeaction\" data-animation-delay=\"0\" data-animation-duration=\"1\">\n\t\t\tLa faim fait mal. Vous pouvez aider.\t<\/h2>\n\t\t\t\t<img decoding=\"async\" src=\"https:\/\/feedontario.ca\/wp-content\/uploads\/2021\/01\/squiggle_yellow.svg\" alt=\"ligne jaune en pointill\u00e9s\" itemprop=\"image\" height=\"4\" width=\"38\" title=\"gribouillis_jaune\" onerror=\"this.style.display='none'\" loading=\"lazy\" \/>\n<h3>\n\t\t\tSoutenir les personnes qui ont acc\u00e8s aux banques alimentaires aujourd'hui\t<\/h3>\n\t<p>Vous pouvez aider \u00e0 faire en sorte que les \u00e9tag\u00e8res des banques alimentaires de l'Ontario restent bien garnies pour les personnes les plus touch\u00e9es par la faim.<\/p>\n<p>Pour chaque $1 donn\u00e9, nous pouvons fournir 2 repas \u00e0 une personne dans le besoin.<\/p>\n\t\t\t<a href=\"https:\/\/feedontario.ca\/fr\/prendre-des-mesures\/donner\/\" target=\"_self\">\n\t\t\t\t\t\tFaire un don\n\t\t\t\t\t<\/a>\n<h3>\n\t\t\tSignez notre p\u00e9tition\t<\/h3>\n\t<p>Lorsque nos voisins n'ont pas les moyens de manger \u00e0 leur faim, ce n'est pas seulement une crise pour leur m\u00e9nage, c'est une crise pour nos communaut\u00e9s et notre province.<\/p>\n<p>Signez notre p\u00e9tition pour dire au gouvernement provincial : il est temps de prendre des mesures concr\u00e8tes pour r\u00e9duire la faim et la pauvret\u00e9 afin que toutes nos communaut\u00e9s puissent prosp\u00e9rer.<\/p>\n\t\t\t<a href=\"https:\/\/win.newmode.net\/feedontario\/hungerfreeontario\" target=\"_self\">\n\t\t\t\t\t\tAjoutez votre voix\n\t\t\t\t\t<\/a>\n<h3>\n\t\t\tPasser un mois \u00e0 la place de quelqu'un d'autre\t<\/h3>\n\t<p>Les visiteurs des banques alimentaires qui luttent pour joindre les deux bouts doivent souvent faire des choix difficiles chaque jour pour s'en sortir.<\/p>\n<p>Essayez Fork in The Road pour voir si vous pouvez tenir jusqu'\u00e0 la fin du mois avec un budget serr\u00e9.<\/p>\n\t\t\t<a href=\"https:\/\/feedontario.ca\/fr\/fork-in-the-road\/\" target=\"_self\">\n\t\t\t\t\t\tRelever le d\u00e9fi\n\t\t\t\t\t<\/a>","protected":false},"excerpt":{"rendered":"<p>RAPPORT SUR LA FAIM 2025 La faim fait du tort aux personnes et aux familles, \u00e0 nos communaut\u00e9s et \u00e0 l'Ontario. Lire le r\u00e9sum\u00e9 La faim fait mal aux gens La crise d'abordabilit\u00e9 qui perdure pousse de plus en plus d'Ontariens dans la pauvret\u00e9. Les familles qui par le pass\u00e9 \" s'en sortaient \u00e0 peine \" sont aujourd'hui \" \u00e0 la peine \", ce qui fait que plus d'Ontariens que jamais n'ont d'autre choix que de se tourner vers...<\/p>","protected":false},"author":25,"featured_media":47746,"parent":0,"menu_order":0,"comment_status":"closed","ping_status":"closed","template":"","meta":{"_acf_changed":false,"inline_featured_image":false,"footnotes":""},"class_list":["post-47621","page","type-page","status-publish","has-post-thumbnail","hentry"],"acf":[],"yoast_head":"<!-- This site is optimized with the Yoast SEO plugin v27.5 - https:\/\/yoast.com\/product\/yoast-seo-wordpress\/ -->\n<title>Hunger Report 2025 - Feed Ontario<\/title>\n<meta name=\"description\" content=\"Spikes in food bank use are a warning that Ontario&#039;s biggest challenges - like homelessness and a strained healthcare system - could get even worse.\" \/>\n<meta name=\"robots\" content=\"index, follow, max-snippet:-1, max-image-preview:large, max-video-preview:-1\" \/>\n<link rel=\"canonical\" href=\"https:\/\/feedontario.ca\/fr\/rapport-sur-la-faim-2025\/\" \/>\n<meta property=\"og:locale\" content=\"fr_CA\" \/>\n<meta property=\"og:type\" content=\"article\" \/>\n<meta property=\"og:title\" content=\"Hunger Report 2025 - Feed Ontario\" \/>\n<meta property=\"og:description\" content=\"Spikes in food bank use are a warning that Ontario&#039;s biggest challenges - like homelessness and a strained healthcare system - could get even worse.\" \/>\n<meta property=\"og:url\" content=\"https:\/\/feedontario.ca\/fr\/rapport-sur-la-faim-2025\/\" \/>\n<meta property=\"og:site_name\" content=\"Feed Ontario\" \/>\n<meta property=\"article:modified_time\" content=\"2026-01-07T19:53:53+00:00\" \/>\n<meta property=\"og:image\" content=\"https:\/\/feedontario.ca\/wp-content\/uploads\/2025\/12\/FEED_HungerHurts_Ontario_LightBlue.jpg\" \/>\n\t<meta property=\"og:image:width\" content=\"1080\" \/>\n\t<meta property=\"og:image:height\" content=\"1080\" \/>\n\t<meta property=\"og:image:type\" content=\"image\/jpeg\" \/>\n<meta name=\"twitter:card\" content=\"summary_large_image\" \/>\n<meta name=\"twitter:label1\" content=\"Est. reading time\" \/>\n\t<meta name=\"twitter:data1\" content=\"9 minutes\" \/>\n<script type=\"application\/ld+json\" class=\"yoast-schema-graph\">{\"@context\":\"https:\\\/\\\/schema.org\",\"@graph\":[{\"@type\":\"WebPage\",\"@id\":\"https:\\\/\\\/feedontario.ca\\\/hunger-report-2025\\\/\",\"url\":\"https:\\\/\\\/feedontario.ca\\\/hunger-report-2025\\\/\",\"name\":\"Hunger Report 2025 - Feed Ontario\",\"isPartOf\":{\"@id\":\"https:\\\/\\\/feedontario.ca\\\/#website\"},\"primaryImageOfPage\":{\"@id\":\"https:\\\/\\\/feedontario.ca\\\/hunger-report-2025\\\/#primaryimage\"},\"image\":{\"@id\":\"https:\\\/\\\/feedontario.ca\\\/hunger-report-2025\\\/#primaryimage\"},\"thumbnailUrl\":\"https:\\\/\\\/feedontario.ca\\\/wp-content\\\/uploads\\\/2025\\\/12\\\/FEED_HungerHurts_Ontario_LightBlue.jpg\",\"datePublished\":\"2025-11-30T20:00:10+00:00\",\"dateModified\":\"2026-01-07T19:53:53+00:00\",\"description\":\"Spikes in food bank use are a warning that Ontario's biggest challenges - like homelessness and a strained healthcare system - could get even worse.\",\"breadcrumb\":{\"@id\":\"https:\\\/\\\/feedontario.ca\\\/hunger-report-2025\\\/#breadcrumb\"},\"inLanguage\":\"fr-CA\",\"potentialAction\":[{\"@type\":\"ReadAction\",\"target\":[\"https:\\\/\\\/feedontario.ca\\\/hunger-report-2025\\\/\"]}]},{\"@type\":\"ImageObject\",\"inLanguage\":\"fr-CA\",\"@id\":\"https:\\\/\\\/feedontario.ca\\\/hunger-report-2025\\\/#primaryimage\",\"url\":\"https:\\\/\\\/feedontario.ca\\\/wp-content\\\/uploads\\\/2025\\\/12\\\/FEED_HungerHurts_Ontario_LightBlue.jpg\",\"contentUrl\":\"https:\\\/\\\/feedontario.ca\\\/wp-content\\\/uploads\\\/2025\\\/12\\\/FEED_HungerHurts_Ontario_LightBlue.jpg\",\"width\":1080,\"height\":1080},{\"@type\":\"BreadcrumbList\",\"@id\":\"https:\\\/\\\/feedontario.ca\\\/hunger-report-2025\\\/#breadcrumb\",\"itemListElement\":[{\"@type\":\"ListItem\",\"position\":1,\"name\":\"Home\",\"item\":\"https:\\\/\\\/feedontario.ca\\\/\"},{\"@type\":\"ListItem\",\"position\":2,\"name\":\"Hunger Report 2025\"}]},{\"@type\":\"WebSite\",\"@id\":\"https:\\\/\\\/feedontario.ca\\\/#website\",\"url\":\"https:\\\/\\\/feedontario.ca\\\/\",\"name\":\"Feed Ontario\",\"description\":\"Uniting food banks, industry partners, and local communities in our work to end hunger and poverty\",\"potentialAction\":[{\"@type\":\"SearchAction\",\"target\":{\"@type\":\"EntryPoint\",\"urlTemplate\":\"https:\\\/\\\/feedontario.ca\\\/?s={search_term_string}\"},\"query-input\":{\"@type\":\"PropertyValueSpecification\",\"valueRequired\":true,\"valueName\":\"search_term_string\"}}],\"inLanguage\":\"fr-CA\"}]}<\/script>\n<!-- \/ Yoast SEO plugin. -->","yoast_head_json":{"title":"Rapport sur la faim en 2025 - Feed Ontario","description":"La hausse de l'utilisation des banques alimentaires est un avertissement que les plus grands d\u00e9fis de l'Ontario - comme le sans-abrisme et un syst\u00e8me de soins de sant\u00e9 tendu - pourraient s'aggraver.","robots":{"index":"index","follow":"follow","max-snippet":"max-snippet:-1","max-image-preview":"max-image-preview:large","max-video-preview":"max-video-preview:-1"},"canonical":"https:\/\/feedontario.ca\/fr\/rapport-sur-la-faim-2025\/","og_locale":"fr_CA","og_type":"article","og_title":"Hunger Report 2025 - Feed Ontario","og_description":"Spikes in food bank use are a warning that Ontario's biggest challenges - like homelessness and a strained healthcare system - could get even worse.","og_url":"https:\/\/feedontario.ca\/fr\/rapport-sur-la-faim-2025\/","og_site_name":"Feed Ontario","article_modified_time":"2026-01-07T19:53:53+00:00","og_image":[{"width":1080,"height":1080,"url":"https:\/\/feedontario.ca\/wp-content\/uploads\/2025\/12\/FEED_HungerHurts_Ontario_LightBlue.jpg","type":"image\/jpeg"}],"twitter_card":"summary_large_image","twitter_misc":{"Est. reading time":"9 minutes"},"schema":{"@context":"https:\/\/schema.org","@graph":[{"@type":"WebPage","@id":"https:\/\/feedontario.ca\/hunger-report-2025\/","url":"https:\/\/feedontario.ca\/hunger-report-2025\/","name":"Rapport sur la faim en 2025 - Feed Ontario","isPartOf":{"@id":"https:\/\/feedontario.ca\/#website"},"primaryImageOfPage":{"@id":"https:\/\/feedontario.ca\/hunger-report-2025\/#primaryimage"},"image":{"@id":"https:\/\/feedontario.ca\/hunger-report-2025\/#primaryimage"},"thumbnailUrl":"https:\/\/feedontario.ca\/wp-content\/uploads\/2025\/12\/FEED_HungerHurts_Ontario_LightBlue.jpg","datePublished":"2025-11-30T20:00:10+00:00","dateModified":"2026-01-07T19:53:53+00:00","description":"La hausse de l'utilisation des banques alimentaires est un avertissement que les plus grands d\u00e9fis de l'Ontario - comme le sans-abrisme et un syst\u00e8me de soins de sant\u00e9 tendu - pourraient s'aggraver.","breadcrumb":{"@id":"https:\/\/feedontario.ca\/hunger-report-2025\/#breadcrumb"},"inLanguage":"fr-CA","potentialAction":[{"@type":"ReadAction","target":["https:\/\/feedontario.ca\/hunger-report-2025\/"]}]},{"@type":"ImageObject","inLanguage":"fr-CA","@id":"https:\/\/feedontario.ca\/hunger-report-2025\/#primaryimage","url":"https:\/\/feedontario.ca\/wp-content\/uploads\/2025\/12\/FEED_HungerHurts_Ontario_LightBlue.jpg","contentUrl":"https:\/\/feedontario.ca\/wp-content\/uploads\/2025\/12\/FEED_HungerHurts_Ontario_LightBlue.jpg","width":1080,"height":1080},{"@type":"BreadcrumbList","@id":"https:\/\/feedontario.ca\/hunger-report-2025\/#breadcrumb","itemListElement":[{"@type":"ListItem","position":1,"name":"Home","item":"https:\/\/feedontario.ca\/"},{"@type":"ListItem","position":2,"name":"Hunger Report 2025"}]},{"@type":"WebSite","@id":"https:\/\/feedontario.ca\/#website","url":"https:\/\/feedontario.ca\/","name":"Nourrir l'Ontario","description":"Unir les banques alimentaires, les partenaires industriels et les communaut\u00e9s locales dans notre travail pour \u00e9radiquer la faim et la pauvret\u00e9.","potentialAction":[{"@type":"SearchAction","target":{"@type":"EntryPoint","urlTemplate":"https:\/\/feedontario.ca\/?s={search_term_string}"},"query-input":{"@type":"PropertyValueSpecification","valueRequired":true,"valueName":"search_term_string"}}],"inLanguage":"fr-CA"}]}},"_links":{"self":[{"href":"https:\/\/feedontario.ca\/fr\/wp-json\/wp\/v2\/pages\/47621","targetHints":{"allow":["GET"]}}],"collection":[{"href":"https:\/\/feedontario.ca\/fr\/wp-json\/wp\/v2\/pages"}],"about":[{"href":"https:\/\/feedontario.ca\/fr\/wp-json\/wp\/v2\/types\/page"}],"author":[{"embeddable":true,"href":"https:\/\/feedontario.ca\/fr\/wp-json\/wp\/v2\/users\/25"}],"replies":[{"embeddable":true,"href":"https:\/\/feedontario.ca\/fr\/wp-json\/wp\/v2\/comments?post=47621"}],"version-history":[{"count":0,"href":"https:\/\/feedontario.ca\/fr\/wp-json\/wp\/v2\/pages\/47621\/revisions"}],"wp:featuredmedia":[{"embeddable":true,"href":"https:\/\/feedontario.ca\/fr\/wp-json\/wp\/v2\/media\/47746"}],"wp:attachment":[{"href":"https:\/\/feedontario.ca\/fr\/wp-json\/wp\/v2\/media?parent=47621"}],"curies":[{"name":"wp","href":"https:\/\/api.w.org\/{rel}","templated":true}]}}