{"id":47892,"date":"2026-03-23T15:49:13","date_gmt":"2026-03-23T15:49:13","guid":{"rendered":"https:\/\/feedontario.ca\/?page_id=47892"},"modified":"2026-03-23T18:15:04","modified_gmt":"2026-03-23T18:15:04","slug":"qui-nourrit-lontario","status":"publish","type":"page","link":"https:\/\/feedontario.ca\/fr\/qui-nourrit-lontario\/","title":{"rendered":"Qui est Feed Ontario - Campagne de marque 2026"},"content":{"rendered":"<h2>\n\t\t\tRenforcer les banques alimentaires. Soutenir les communaut\u00e9s. Travailler \u00e0 l'\u00e9radication de la faim.\t<\/h2>\n\t<p>Feed Ontario est le plus grand collectif de banques alimentaires de la province. Nous veillons \u00e0 ce que les banques alimentaires de l'Ontario puissent r\u00e9pondre aux besoins de leurs communaut\u00e9s en assurant des livraisons r\u00e9guli\u00e8res et \u00e0 grande \u00e9chelle d'aliments sains et en renfor\u00e7ant leurs capacit\u00e9s par le biais de subventions et de formations. Notre travail consiste \u00e0 veiller \u00e0 ce que les personnes confront\u00e9es \u00e0 la faim aient acc\u00e8s \u00e0 la nourriture dont elles ont besoin aujourd'hui, tout en pr\u00e9conisant des changements au niveau provincial pour mettre fin \u00e0 la pauvret\u00e9 \u00e0 l'avenir.<\/p>\n\t\t\t<a href=\"\/fr\/donner\/\"  target=\"_self\">\n\t\t\t\t\t\tDonner aujourd'hui\n\t\t\t\t\t<\/a>\n<h2  data-animation-delay=\"0\" data-animation-duration=\"1\">\n\t\t\tNous renfor\u00e7ons les banques alimentaires\t<\/h2>\n<figure data-animation-delay=\"0\" data-animation-duration=\"1\" itemscope itemtype=\"https:\/\/schema.org\/ImageObject\">\n\t\t\t\t<img decoding=\"async\" src=\"https:\/\/feedontario.ca\/wp-content\/uploads\/2021\/01\/squiggle_yellow.svg\" alt=\"ligne jaune en pointill\u00e9s\" height=\"4\" width=\"38\" title=\"gribouillis_jaune\" onerror=\"this.style.display='none'\" loading=\"lazy\" \/>\n\t<\/figure>\n\t<p>Feed Ontario est \u00e0 la t\u00eate d'un collectif de plus de 1 200 banques alimentaires et organismes de lutte contre la faim en Ontario. Chaque ann\u00e9e, nous livrons plus de 16 millions de livres de nourriture aux banques alimentaires de la province, ce qui permet de garder les \u00e9tag\u00e8res bien garnies pour plus d'un million de personnes dans le besoin.<\/p>\n<figure itemscope itemtype=\"https:\/\/schema.org\/ImageObject\">\n\t\t\t\t<img decoding=\"async\" src=\"https:\/\/feedontario.ca\/wp-content\/uploads\/2026\/03\/FEED_JacketLogoVeggies-scaled.jpg\" alt=\"FEED_JacketLogoVeggies\" height=\"2560\" width=\"2560\" title=\"FEED_JacketLogoVeggies\" onerror=\"this.style.display='none'\" loading=\"lazy\" \/>\n\t<\/figure>\n<h3>\n\t\t\tAlimentation saine\t<\/h3>\n\t<p>Nous fournissons des aliments frais, congel\u00e9s et de longue conservation aux banques alimentaires afin qu'elles puissent \u00eatre pr\u00e9sentes pour leurs communaut\u00e9s. D\u00e9couvrez comment nous distribuons des aliments par l'interm\u00e9diaire de notre r\u00e9seau et comment nous rendons accessibles des aliments nutritifs dans tout l'Ontario.<\/p>\n\t\t\t<a href=\"https:\/\/feedontario.ca\/fr\/feedon\/\"  target=\"_blank\" rel=\"noopener\">\n\t\t\t\t\t\t\tEN SAVOIR PLUS\n\t\t\t\t\t<\/a>\n<figure itemscope itemtype=\"https:\/\/schema.org\/ImageObject\">\n\t\t\t\t<img decoding=\"async\" src=\"https:\/\/feedontario.ca\/wp-content\/uploads\/2026\/03\/FEED_AmandaPEggBoxes.jpg\" alt=\"FEED_AmandaPEggBoxes\" height=\"2160\" width=\"2160\" title=\"FEED_AmandaPEggBoxes\" onerror=\"this.style.display='none'\" loading=\"lazy\" \/>\n\t<\/figure>\n<h3>\n\t\t\tPartenariats strat\u00e9giques\t<\/h3>\n\t<p>Nos partenariats strat\u00e9giques dans le secteur agricole nous permettent de fournir aux banques alimentaires des millions de kilos de prot\u00e9ines essentielles comme le b\u0153uf, le poulet, le porc et la dinde, ainsi que des produits de base comme le lait et les \u0153ufs.<\/p>\n\t\t\t<a href=\"https:\/\/feedontario.ca\/fr\/histoire\/agriculture-ontarienne-securite-alimentaire\/\"  target=\"_blank\" rel=\"noopener\">\n\t\t\t\t\t\t\tLIRE NOTRE ARTICLE DE BLOG\n\t\t\t\t\t<\/a>\n<figure itemscope itemtype=\"https:\/\/schema.org\/ImageObject\">\n\t\t\t\t<img decoding=\"async\" src=\"https:\/\/feedontario.ca\/wp-content\/uploads\/2026\/03\/FEED_GargiStockShelves-scaled.jpg\" alt=\"FEED_GargiStock\u00c9tag\u00e8res\" height=\"2560\" width=\"2560\" title=\"FEED_GargiStock\u00c9tag\u00e8res\" onerror=\"this.style.display='none'\" loading=\"lazy\" \/>\n\t<\/figure>\n<h3>\n\t\t\tSoutenir notre travail\t<\/h3>\n\t<p>Vous pouvez contribuer \u00e0 faire en sorte que les banques alimentaires restent approvisionn\u00e9es pour les personnes qui en ont le plus besoin aujourd'hui en soutenant notre travail. Pour chaque $1 donn\u00e9, nous pouvons fournir 2 repas \u00e0 une personne souffrant de la faim.<\/p>\n\t\t\t<a href=\"https:\/\/feedontario.ca\/fr\/prendre-des-mesures\/donner\/\"  target=\"_blank\" rel=\"noopener\">\n\t\t\t\t\t\t\tFAIRE UN DON AUJOURD'HUI\n\t\t\t\t\t<\/a>\n<h2  data-animation-delay=\"0\" data-animation-duration=\"1\">\n\t\t\tNous soutenons les communaut\u00e9s\t<\/h2>\n<figure data-animation-delay=\"0\" data-animation-duration=\"1\" itemscope itemtype=\"https:\/\/schema.org\/ImageObject\">\n\t\t\t\t<img decoding=\"async\" src=\"https:\/\/feedontario.ca\/wp-content\/uploads\/2021\/01\/squiggle_yellow.svg\" alt=\"ligne jaune en pointill\u00e9s\" height=\"4\" width=\"38\" title=\"gribouillis_jaune\" onerror=\"this.style.display='none'\" loading=\"lazy\" \/>\n\t<\/figure>\n\t<p>Feed Ontario renforce la capacit\u00e9 des banques alimentaires de notre r\u00e9seau afin qu'elles puissent r\u00e9pondre aux besoins uniques de leurs communaut\u00e9s. Pour ce faire, nous donnons \u00e0 notre r\u00e9seau les moyens de respecter continuellement les normes les plus \u00e9lev\u00e9es en mati\u00e8re de soins aux clients, de salubrit\u00e9 des aliments et d'autres pratiques exemplaires du secteur, tout en finan\u00e7ant des infrastructures essentielles et des projets novateurs.<\/p>\n<figure itemscope itemtype=\"https:\/\/schema.org\/ImageObject\">\n\t\t\t\t<img decoding=\"async\" src=\"https:\/\/feedontario.ca\/wp-content\/uploads\/2026\/03\/FEED_GargiTapeBox.jpg\" alt=\"FEED_GargiTapeBox\" height=\"2160\" width=\"2160\" title=\"FEED_GargiTapeBox\" onerror=\"this.style.display='none'\" loading=\"lazy\" \/>\n\t<\/figure>\n<h3>\n\t\t\t\u00c9quiper les banques alimentaires\t<\/h3>\n\t<p>Nous veillons \u00e0 ce que les banques alimentaires disposent des outils dont elles ont besoin pour \u00eatre au service de leurs communaut\u00e9s. En finan\u00e7ant des projets innovants et en proposant des formations, nous aidons notre r\u00e9seau \u00e0 fournir des denr\u00e9es alimentaires et un soutien important aux personnes dans le besoin.<\/p>\n\t\t\t<a href=\"https:\/\/feedontario.ca\/fr\/possibilite-dalimentation-2\/\"  target=\"_blank\" rel=\"noopener\">\n\t\t\t\t\t\t\tEN SAVOIR PLUS\n\t\t\t\t\t<\/a>\n<figure itemscope itemtype=\"https:\/\/schema.org\/ImageObject\">\n\t\t\t\t<img decoding=\"async\" src=\"https:\/\/feedontario.ca\/wp-content\/uploads\/2026\/03\/FEED_ShanadeAmandaChop-scaled.jpg\" alt=\"FEED_ShanadeAmandaChop\" height=\"2560\" width=\"2560\" title=\"FEED_ShanadeAmandaChop\" onerror=\"this.style.display='none'\" loading=\"lazy\" \/>\n\t<\/figure>\n<h3>\n\t\t\tLes banques alimentaires sont essentielles\t<\/h3>\n\t<p>Nos membres soutiennent des personnes dans toutes les r\u00e9gions de la province et jouent un r\u00f4le important dans leurs communaut\u00e9s. Renseignez-vous sur les besoins dans votre r\u00e9gion et sur l'aide apport\u00e9e par les banques alimentaires \u00e0 l'aide de notre outil La faim dans ma circonscription.<\/p>\n\t\t\t<a href=\"https:\/\/feedontario.ca\/fr\/la-faim-dans-ma-circonscription\/\"  target=\"_blank\" rel=\"noopener\">\n\t\t\t\t\t\t\tLA FAIM DANS VOTRE COMMUNAUT\u00c9\n\t\t\t\t\t<\/a>\n<figure itemscope itemtype=\"https:\/\/schema.org\/ImageObject\">\n\t\t\t\t<img decoding=\"async\" src=\"https:\/\/feedontario.ca\/wp-content\/uploads\/2026\/03\/FEED_StephanieErin-scaled.jpg\" alt=\"FEED_StephanieErin\" height=\"2560\" width=\"2560\" title=\"FEED_StephanieErin\" onerror=\"this.style.display='none'\" loading=\"lazy\" \/>\n\t<\/figure>\n<h3>\n\t\t\tS'inscrire \u00e0 The Feed\t<\/h3>\n\t<p>Gr\u00e2ce \u00e0 la collaboration et \u00e0 des approches novatrices, nous aidons notre r\u00e9seau \u00e0 fournir des denr\u00e9es alimentaires \u00e0 ceux qui souffrent de la faim aujourd'hui, tout en \u0153uvrant pour mettre fin \u00e0 la faim et \u00e0 la pauvret\u00e9 \u00e0 l'avenir. Inscrivez-vous \u00e0 notre lettre d'information pour en savoir plus.<\/p>\n\t\t\t<a href=\"https:\/\/feedontario.ca\/fr\/linscription-au-flux\/\"  target=\"_self\">\n\t\t\t\t\t\t\tOBTENIR LES DERNI\u00c8RES INFORMATIONS\n\t\t\t\t\t<\/a>\n<h2  data-animation-delay=\"0\" data-animation-duration=\"1\">\n\t\t\tNous travaillons \u00e0 l'\u00e9radication de la faim\t<\/h2>\n<figure data-animation-delay=\"0\" data-animation-duration=\"1\" itemscope itemtype=\"https:\/\/schema.org\/ImageObject\">\n\t\t\t\t<img decoding=\"async\" src=\"https:\/\/feedontario.ca\/wp-content\/uploads\/2021\/01\/squiggle_yellow.svg\" alt=\"ligne jaune en pointill\u00e9s\" height=\"4\" width=\"38\" title=\"gribouillis_jaune\" onerror=\"this.style.display='none'\" loading=\"lazy\" \/>\n\t<\/figure>\n\t<p>Feed Ontario s'efforce de mettre fin \u00e0 la faim et \u00e0 la pauvret\u00e9 dans la province. En tant que leader de confiance, nous utilisons nos donn\u00e9es en temps r\u00e9el sur l'utilisation des banques alimentaires pour informer nos recommandations sur l'\u00e9laboration des politiques au niveau provincial.<\/p>\n<figure itemscope itemtype=\"https:\/\/schema.org\/ImageObject\">\n\t\t\t\t<img decoding=\"async\" src=\"https:\/\/feedontario.ca\/wp-content\/uploads\/2026\/03\/FEED_AdelaideLapelEggs.jpg\" alt=\"FEED_AdelaideLapelEggs\" height=\"2160\" width=\"2160\" title=\"FEED_AdelaideLapelEggs\" onerror=\"this.style.display='none'\" loading=\"lazy\" \/>\n\t<\/figure>\n<h3>\n\t\t\tUn changement significatif\t<\/h3>\n\t<p>Nous savons que les banques alimentaires ne sont pas une solution \u00e0 long terme pour lutter contre la faim. C'est pourquoi nous fournissons des informations sur les tendances en mati\u00e8re d'utilisation des banques alimentaires et \u00e9laborons des recommandations politiques fond\u00e9es sur des donn\u00e9es probantes, afin de s'attaquer aux causes profondes de la pauvret\u00e9.<\/p>\n\t\t\t<a href=\"https:\/\/feedontario.ca\/fr\/changement-dalimentation\/\"  target=\"_blank\" rel=\"noopener\">\n\t\t\t\t\t\t\tEN SAVOIR PLUS\n\t\t\t\t\t<\/a>\n<figure itemscope itemtype=\"https:\/\/schema.org\/ImageObject\">\n\t\t\t\t<img decoding=\"async\" src=\"https:\/\/feedontario.ca\/wp-content\/uploads\/2026\/03\/FEED_AmandaStackBoxes.jpg\" alt=\"FEED_AmandaStackBoxes\" height=\"1080\" width=\"1080\" title=\"FEED_AmandaStackBoxes\" onerror=\"this.style.display='none'\" loading=\"lazy\" \/>\n\t<\/figure>\n<h3>\n\t\t\tPasser \u00e0 l'action\t<\/h3>\n\t<p>Dans le cadre de notre travail pour un avenir sans faim, nous rencontrons des d\u00e9put\u00e9s de tous les partis pour discuter des pressions urgentes auxquelles les banques alimentaires de la province sont confront\u00e9es. Pour en savoir plus sur notre derni\u00e8re journ\u00e9e d'action \u00e0 Queen's Park, consultez notre article de blog.<\/p>\n\t\t\t<a href=\"https:\/\/feedontario.ca\/fr\/histoire\/feed-ontario-rencontre-le-premier-ministre-et-le-mpps-lors-de-la-journee-daction\/\"  target=\"_blank\" rel=\"noopener\">\n\t\t\t\t\t\t\tLIRE L'ARTICLE COMPLET\n\t\t\t\t\t<\/a>\n<figure itemscope itemtype=\"https:\/\/schema.org\/ImageObject\">\n\t\t\t\t<img decoding=\"async\" src=\"https:\/\/feedontario.ca\/wp-content\/uploads\/2026\/03\/FEED_AmandaPClipboard-scaled.jpg\" alt=\"FEED_AmandaPClipboard\" height=\"2560\" width=\"2560\" title=\"FEED_AmandaPClipboard\" onerror=\"this.style.display='none'\" loading=\"lazy\" \/>\n\t<\/figure>\n<h3>\n\t\t\tSignez notre p\u00e9tition\t<\/h3>\n\t<p>La faim nuit \u00e0 nos communaut\u00e9s, mais vous pouvez nous aider \u00e0 faire la diff\u00e9rence. Signez notre p\u00e9tition pour dire \u00e0 la province : un Ontario fort d\u00e9pend de communaut\u00e9s fortes et stables, o\u00f9 chacun a ce dont il a besoin pour s'\u00e9panouir.<\/p>\n\t\t\t<a href=\"https:\/\/win.newmode.net\/feedontario\/hungerfreeontario\"  target=\"_blank\" rel=\"noopener\">\n\t\t\t\t\t\t\tPR\u00caTEZ VOTRE VOIX\n\t\t\t\t\t<\/a>\n<h2>\n\t\t\tFaire la diff\u00e9rence\t<\/h2>\n\t<p>Vous pouvez nous aider \u00e0 renforcer les banques alimentaires, \u00e0 soutenir les communaut\u00e9s et \u00e0 \u0153uvrer \u00e0 l'\u00e9radication de la faim. Au cours de l'ann\u00e9e derni\u00e8re, nos donateurs ont soutenu notre travail en distribuant plus de 16 millions de livres de nourriture, en finan\u00e7ant 20 projets de renforcement des capacit\u00e9s et en organisant plus de 30 r\u00e9unions avec les d\u00e9put\u00e9s provinciaux.<\/p>\n<p>Consultez notre rapport d'impact pour en savoir plus sur le r\u00f4le important que jouent nos donateurs et nos partenaires.<\/p>\n<p>&nbsp;<\/p>\n\t\t\t<a href=\"https:\/\/feedontario.ca\/fr\/a-propos-de-nous\/impact-financier\/\"  target=\"_blank\" rel=\"noopener\">\n\t\t\t\t\t\tVOIR L'IMPACT\n\t\t\t\t\t<\/a>\n<figure itemscope itemtype=\"https:\/\/schema.org\/ImageObject\">\n\t\t\t\t<img decoding=\"async\" src=\"https:\/\/feedontario.ca\/wp-content\/uploads\/2026\/03\/FEED_AdelaideShanadeSort-scaled.jpg\" alt=\"FEED_AdelaideShanadeSort\" height=\"1845\" width=\"2560\" title=\"FEED_AdelaideShanadeSort\" onerror=\"this.style.display='none'\" loading=\"lazy\" \/>\n\t<\/figure>","protected":false},"excerpt":{"rendered":"<p>Renforcer les banques alimentaires. Soutenir les communaut\u00e9s. Travailler \u00e0 l'\u00e9limination de la faim. Feed Ontario est le plus grand collectif de banques alimentaires de la province. Nous veillons \u00e0 ce que les banques alimentaires de l'Ontario puissent r\u00e9pondre aux besoins de leurs communaut\u00e9s en assurant des livraisons r\u00e9guli\u00e8res et \u00e0 grande \u00e9chelle d'aliments sains et en renfor\u00e7ant leurs capacit\u00e9s gr\u00e2ce \u00e0 des subventions et \u00e0 de la formation. Notre travail consiste \u00e0...<\/p>","protected":false},"author":25,"featured_media":0,"parent":0,"menu_order":0,"comment_status":"closed","ping_status":"closed","template":"","meta":{"_acf_changed":false,"inline_featured_image":false,"footnotes":""},"class_list":["post-47892","page","type-page","status-publish","hentry"],"acf":[],"yoast_head":"<!-- This site is optimized with the Yoast SEO plugin v27.4 - https:\/\/yoast.com\/product\/yoast-seo-wordpress\/ -->\n<title>Who is Feed Ontario<\/title>\n<meta name=\"robots\" content=\"index, follow, max-snippet:-1, max-image-preview:large, max-video-preview:-1\" \/>\n<link rel=\"canonical\" href=\"https:\/\/feedontario.ca\/fr\/qui-nourrit-lontario\/\" \/>\n<meta property=\"og:locale\" content=\"fr_CA\" \/>\n<meta property=\"og:type\" content=\"article\" \/>\n<meta property=\"og:title\" content=\"Who is Feed Ontario?\" \/>\n<meta property=\"og:description\" content=\"Strengthening food banks. Supporting communities. Working to end hunger. Feed Ontario is the province&#8217;s largest collective of food banks. We make sure food banks across Ontario can meet the needs of their communities by providing consistent, large-scale deliveries of healthy food and by building their capacity through grant funding and training. Our work is to&hellip;\" \/>\n<meta property=\"og:url\" content=\"https:\/\/feedontario.ca\/fr\/qui-nourrit-lontario\/\" \/>\n<meta property=\"og:site_name\" content=\"Feed Ontario\" \/>\n<meta property=\"article:modified_time\" content=\"2026-03-23T18:15:04+00:00\" \/>\n<meta property=\"og:image\" content=\"https:\/\/feedontario.ca\/wp-content\/uploads\/2021\/01\/squiggle_yellow.svg\" \/>\n<meta name=\"twitter:card\" content=\"summary_large_image\" \/>\n<meta name=\"twitter:label1\" content=\"Est. reading time\" \/>\n\t<meta name=\"twitter:data1\" content=\"6 minutes\" \/>\n<script type=\"application\/ld+json\" class=\"yoast-schema-graph\">{\"@context\":\"https:\\\/\\\/schema.org\",\"@graph\":[{\"@type\":\"WebPage\",\"@id\":\"https:\\\/\\\/feedontario.ca\\\/who-is-feed-ontario\\\/\",\"url\":\"https:\\\/\\\/feedontario.ca\\\/who-is-feed-ontario\\\/\",\"name\":\"Who is Feed Ontario\",\"isPartOf\":{\"@id\":\"https:\\\/\\\/feedontario.ca\\\/#website\"},\"primaryImageOfPage\":{\"@id\":\"https:\\\/\\\/feedontario.ca\\\/who-is-feed-ontario\\\/#primaryimage\"},\"image\":{\"@id\":\"https:\\\/\\\/feedontario.ca\\\/who-is-feed-ontario\\\/#primaryimage\"},\"thumbnailUrl\":\"https:\\\/\\\/feedontario.ca\\\/wp-content\\\/uploads\\\/2021\\\/01\\\/squiggle_yellow.svg\",\"datePublished\":\"2026-03-23T15:49:13+00:00\",\"dateModified\":\"2026-03-23T18:15:04+00:00\",\"breadcrumb\":{\"@id\":\"https:\\\/\\\/feedontario.ca\\\/who-is-feed-ontario\\\/#breadcrumb\"},\"inLanguage\":\"fr-CA\",\"potentialAction\":[{\"@type\":\"ReadAction\",\"target\":[\"https:\\\/\\\/feedontario.ca\\\/who-is-feed-ontario\\\/\"]}]},{\"@type\":\"ImageObject\",\"inLanguage\":\"fr-CA\",\"@id\":\"https:\\\/\\\/feedontario.ca\\\/who-is-feed-ontario\\\/#primaryimage\",\"url\":\"https:\\\/\\\/feedontario.ca\\\/wp-content\\\/uploads\\\/2021\\\/01\\\/squiggle_yellow.svg\",\"contentUrl\":\"https:\\\/\\\/feedontario.ca\\\/wp-content\\\/uploads\\\/2021\\\/01\\\/squiggle_yellow.svg\"},{\"@type\":\"BreadcrumbList\",\"@id\":\"https:\\\/\\\/feedontario.ca\\\/who-is-feed-ontario\\\/#breadcrumb\",\"itemListElement\":[{\"@type\":\"ListItem\",\"position\":1,\"name\":\"Home\",\"item\":\"https:\\\/\\\/feedontario.ca\\\/\"},{\"@type\":\"ListItem\",\"position\":2,\"name\":\"Who is Feed Ontario &#8211; Brand Campaign 2026\"}]},{\"@type\":\"WebSite\",\"@id\":\"https:\\\/\\\/feedontario.ca\\\/#website\",\"url\":\"https:\\\/\\\/feedontario.ca\\\/\",\"name\":\"Feed Ontario\",\"description\":\"Uniting food banks, industry partners, and local communities in our work to end hunger and poverty\",\"potentialAction\":[{\"@type\":\"SearchAction\",\"target\":{\"@type\":\"EntryPoint\",\"urlTemplate\":\"https:\\\/\\\/feedontario.ca\\\/?s={search_term_string}\"},\"query-input\":{\"@type\":\"PropertyValueSpecification\",\"valueRequired\":true,\"valueName\":\"search_term_string\"}}],\"inLanguage\":\"fr-CA\"}]}<\/script>\n<!-- \/ Yoast SEO plugin. -->","yoast_head_json":{"title":"Qui est Feed Ontario ?","robots":{"index":"index","follow":"follow","max-snippet":"max-snippet:-1","max-image-preview":"max-image-preview:large","max-video-preview":"max-video-preview:-1"},"canonical":"https:\/\/feedontario.ca\/fr\/qui-nourrit-lontario\/","og_locale":"fr_CA","og_type":"article","og_title":"Who is Feed Ontario?","og_description":"Strengthening food banks. Supporting communities. Working to end hunger. Feed Ontario is the province&#8217;s largest collective of food banks. We make sure food banks across Ontario can meet the needs of their communities by providing consistent, large-scale deliveries of healthy food and by building their capacity through grant funding and training. Our work is to&hellip;","og_url":"https:\/\/feedontario.ca\/fr\/qui-nourrit-lontario\/","og_site_name":"Feed Ontario","article_modified_time":"2026-03-23T18:15:04+00:00","og_image":[{"url":"https:\/\/feedontario.ca\/wp-content\/uploads\/2021\/01\/squiggle_yellow.svg","type":"","width":"","height":""}],"twitter_card":"summary_large_image","twitter_misc":{"Est. reading time":"6 minutes"},"schema":{"@context":"https:\/\/schema.org","@graph":[{"@type":"WebPage","@id":"https:\/\/feedontario.ca\/who-is-feed-ontario\/","url":"https:\/\/feedontario.ca\/who-is-feed-ontario\/","name":"Qui est Feed Ontario ?","isPartOf":{"@id":"https:\/\/feedontario.ca\/#website"},"primaryImageOfPage":{"@id":"https:\/\/feedontario.ca\/who-is-feed-ontario\/#primaryimage"},"image":{"@id":"https:\/\/feedontario.ca\/who-is-feed-ontario\/#primaryimage"},"thumbnailUrl":"https:\/\/feedontario.ca\/wp-content\/uploads\/2021\/01\/squiggle_yellow.svg","datePublished":"2026-03-23T15:49:13+00:00","dateModified":"2026-03-23T18:15:04+00:00","breadcrumb":{"@id":"https:\/\/feedontario.ca\/who-is-feed-ontario\/#breadcrumb"},"inLanguage":"fr-CA","potentialAction":[{"@type":"ReadAction","target":["https:\/\/feedontario.ca\/who-is-feed-ontario\/"]}]},{"@type":"ImageObject","inLanguage":"fr-CA","@id":"https:\/\/feedontario.ca\/who-is-feed-ontario\/#primaryimage","url":"https:\/\/feedontario.ca\/wp-content\/uploads\/2021\/01\/squiggle_yellow.svg","contentUrl":"https:\/\/feedontario.ca\/wp-content\/uploads\/2021\/01\/squiggle_yellow.svg"},{"@type":"BreadcrumbList","@id":"https:\/\/feedontario.ca\/who-is-feed-ontario\/#breadcrumb","itemListElement":[{"@type":"ListItem","position":1,"name":"Home","item":"https:\/\/feedontario.ca\/"},{"@type":"ListItem","position":2,"name":"Who is Feed Ontario &#8211; Brand Campaign 2026"}]},{"@type":"WebSite","@id":"https:\/\/feedontario.ca\/#website","url":"https:\/\/feedontario.ca\/","name":"Nourrir l'Ontario","description":"Unir les banques alimentaires, les partenaires industriels et les communaut\u00e9s locales dans notre travail pour \u00e9radiquer la faim et la pauvret\u00e9.","potentialAction":[{"@type":"SearchAction","target":{"@type":"EntryPoint","urlTemplate":"https:\/\/feedontario.ca\/?s={search_term_string}"},"query-input":{"@type":"PropertyValueSpecification","valueRequired":true,"valueName":"search_term_string"}}],"inLanguage":"fr-CA"}]}},"_links":{"self":[{"href":"https:\/\/feedontario.ca\/fr\/wp-json\/wp\/v2\/pages\/47892","targetHints":{"allow":["GET"]}}],"collection":[{"href":"https:\/\/feedontario.ca\/fr\/wp-json\/wp\/v2\/pages"}],"about":[{"href":"https:\/\/feedontario.ca\/fr\/wp-json\/wp\/v2\/types\/page"}],"author":[{"embeddable":true,"href":"https:\/\/feedontario.ca\/fr\/wp-json\/wp\/v2\/users\/25"}],"replies":[{"embeddable":true,"href":"https:\/\/feedontario.ca\/fr\/wp-json\/wp\/v2\/comments?post=47892"}],"version-history":[{"count":0,"href":"https:\/\/feedontario.ca\/fr\/wp-json\/wp\/v2\/pages\/47892\/revisions"}],"wp:attachment":[{"href":"https:\/\/feedontario.ca\/fr\/wp-json\/wp\/v2\/media?parent=47892"}],"curies":[{"name":"wp","href":"https:\/\/api.w.org\/{rel}","templated":true}]}}